{"id":409,"date":"2020-05-17T09:57:33","date_gmt":"2020-05-17T07:57:33","guid":{"rendered":"http:\/\/www.schattendesign.at\/wordpress\/?page_id=409"},"modified":"2022-04-16T10:44:31","modified_gmt":"2022-04-16T08:44:31","slug":"agb","status":"publish","type":"page","link":"http:\/\/www.schattendesign.at\/?page_id=409","title":{"rendered":"Allgemeine Gesch\u00e4ftsbedingungen"},"content":{"rendered":"<ol>\n<li style=\"text-align: justify;\"><strong>G\u00fcltigkeit: <\/strong><\/li>\n<\/ol>\n<p style=\"text-align: justify;\">Diese Gesch\u00e4ftsbedingungen gelten f\u00fcr Verbraucher im Sinne des Konsumentenschutzgesetzes. Davon abweichende Bestimmungen im Angebot oder beim Auftrag haben Vorrang. Die Lieferungen, Leistungen und Angebote unseres Unternehmens erfolgen ausschlie\u00dflich aufgrund dieser Gesch\u00e4ftsbedingungen; entgegenstehende oder von unseren Gesch\u00e4ftsbedingungen abweichende Bedingungen des Kunden erkennen wir nicht an, es sei denn, wir h\u00e4tten ausdr\u00fccklich ihrer Geltung zugestimmt.<\/p>\n<ol style=\"text-align: justify;\" start=\"2\">\n<li><strong>Angebot: <\/strong><\/li>\n<\/ol>\n<p class=\"x_MsoNormal\">Unsere Angebotspreise gelten bis 2 Monate ab Angebotsdatum und wurden unter der Voraussetzung erstellt, dass das gesamte Angebotsvolumen auf einmal bestellt wird und zur Ausf\u00fchrung gelangt. Ist entgegen der 2 monatigen Frist eine andere Frist auf dem Angebot angegeben, gilt die auf dem Angebot angegebene G\u00fcltigkeitsdauer. Des Weiteren ist die Firma Schattendesign berechtigt, die Auftragsannahme bzw. den Beginn eines Rechtsgesch\u00e4ftes von der m\u00f6glichen Naturma\u00dfabnahme beim Kunden abh\u00e4ngig zu machen.<\/p>\n<p class=\"x_MsoNormal\">Die Firma Schattendesign GmbH beh\u00e4lt sich das Recht vor, ohne Angabe von Gr\u00fcnden auch innerhalb der Angebotsfrist von 2 Monaten von dem Angebot zur\u00fcckzutreten.<\/p>\n<ol style=\"text-align: justify;\" start=\"3\">\n<li><strong>Lieferkonditionen \/ Versand: <\/strong><\/li>\n<\/ol>\n<p style=\"text-align: justify;\">Grunds\u00e4tzlich gilt die Ware \u201eab Werk\u201c verkauft. Bei Produkten, welche von uns montiert werden, erfolgt die Lieferung selbstverst\u00e4ndlich frei Haus.<\/p>\n<ol style=\"text-align: justify;\" start=\"4\">\n<li><strong>R\u00fccktritt von der Bestellung: <\/strong><\/li>\n<\/ol>\n<p style=\"text-align: justify;\">Dem Auftraggeber steht nach dem Zustandekommen des Vertrages und der Ausfolgung der bezughabenden Urkunde ein R\u00fccktrittsrecht innerhalb von 2 Tagen zu. Der R\u00fccktritt bedarf zu seiner Rechtswirksamkeit der Schriftform. Bei Auftr\u00e4gen, die in unseren Gesch\u00e4ftsr\u00e4umen oder bei einer Ausstellungsmesse abgeschlossen wurden, gilt das R\u00fccktrittsrecht nicht. Tritt der Auftraggeber erst nach Ablauf der R\u00fccktrittsfrist vom Vertrag zur\u00fcck, so hat er folgenden pauschalierten Schadenersatz, auf Basis der Brutto-Auftragssumme, binnen 14 Tagen porto- und spesenfrei, zu leisten:<\/p>\n<p style=\"text-align: justify;\">&#8211; vor Fertigung der bestellten Produkte werden 30% in Rechnung gestellt<\/p>\n<p style=\"text-align: justify;\">&#8211; f\u00fcr Produkte, welche bereits gefertigt worden sind, m\u00fcssen wir 80% vom Brutto-Wert des Produktes verrechnen, da es sich um eine Ma\u00dfanfertigung handelt.<\/p>\n<ol style=\"text-align: justify;\" start=\"5\">\n<li><strong>Lieferfristen: <\/strong><\/li>\n<\/ol>\n<p style=\"text-align: justify;\">Ein von uns genannter Liefertermin gilt nur dann als Fixtermin, wenn er ausdr\u00fccklich und schriftlich als solcher bezeichnet wird. Die vereinbarte Lieferzeit beginnt erst ab Naturma\u00df- bzw. Garantiema\u00dfabnahme, Farbfixierung und vollst\u00e4ndiger technischer Auftragsklarheit zu laufen. Sind wir mit der Lieferung in Verzug, so muss der Kunde schriftlich eine angemessene Nachfrist von mindestens 4 Wochen setzen.<\/p>\n<ol style=\"text-align: justify;\" start=\"6\">\n<li><strong>Ausf\u00fchrung \/ Farbt\u00f6ne:<\/strong><\/li>\n<\/ol>\n<p style=\"text-align: justify;\">Farbabweichungen, kleine Oberfl\u00e4chensch\u00e4den und sonstige Abweichungen von einem fehlerlosen Zustand \u2014 soweit sie geringf\u00fcgig und sachlich gerechtfertigt sind \u2014 gelten nicht als Mangel. Grunds\u00e4tzlich sind diesbez\u00fcglich der aktuelle Stand der Technik und die daf\u00fcr geltenden Normen und Richtlinien anzuwenden. Dies gilt insbesondere f\u00fcr technische Textilien und f\u00fcr pulverbeschichtete Oberfl\u00e4chen.<\/p>\n<ol style=\"text-align: justify;\" start=\"7\">\n<li><strong>R\u00fccknahme von Waren: <\/strong><\/li>\n<\/ol>\n<p style=\"text-align: justify;\">Alle unsere Erzeugnisse und Teile, die auf Ma\u00df gefertigt wurden, k\u00f6nnen weder umgetauscht noch zur\u00fcckgenommen werden.<\/p>\n<ol style=\"text-align: justify;\" start=\"8\">\n<li><strong>Montage \/ Service: <\/strong><\/li>\n<\/ol>\n<p style=\"text-align: justify;\">S\u00e4mtliche elektrische Anschl\u00fcsse und Verkabelungen sind vom Kunden bauseits nach unseren Pl\u00e4nen ausf\u00fchren zu lassen. Davon abweichende Vereinbarungen bed\u00fcrfen einer schriftlichen Form und m\u00fcssen von den Vertragspartnern unterzeichnet werden.<\/p>\n<p style=\"text-align: justify;\">Sollte bei einem Neuauftrag vereinbarungsgem\u00e4\u00df ein Ger\u00fcst und\/ oder eine Hebeb\u00fchne (auch Steiger genannt) vom Kunden bereitzustellen zu sein, so sind auch zur Behebung von M\u00e4ngeln, sowohl im Rahmen der Gew\u00e4hrleistung wie auch im Rahmen des Schadenersatzes, allf\u00e4llige Ger\u00fcst- oder Steigerkosten vom Kunden zu tragen. Sollte der Kunde trotz Verst\u00e4ndigung und\/ oder Terminvereinbarung nicht anwesend sein, sind wir berechtigt, neben der anfallenden Zeit auch den jeweils geltenden Pauschalsatz f\u00fcr die Wegzeit zu verrechnen.<\/p>\n<ol style=\"text-align: justify;\" start=\"9\">\n<li><strong>Gew\u00e4hrleistung \/ Beanstandungen: <\/strong><\/li>\n<\/ol>\n<p style=\"text-align: justify;\">Die Gew\u00e4hrleistungsfrist endet gem\u00e4\u00df den gesetzlichen Bestimmungen 24 Monate nach Lieferung. Der K\u00e4ufer hat unverz\u00fcglich nach Erhalt &#8211; Montage zu pr\u00fcfen, ob die Beschaffenheit und Menge der Ware den vertraglichen Vereinbarungen entspricht. Versteckte M\u00e4ngel sind sofort nach der Entdeckung, sp\u00e4testens aber 14 Tage nach Erhalt der Ware anzuzeigen. Alle \u00fcber die Behebung des Mangels hinausgehenden Anspr\u00fcche auf Schadenersatz, Zeitverg\u00fctung usw. sind ausgeschlossen und werden nicht anerkannt, au\u00dfer der Schaden wurde von uns vors\u00e4tzlich oder grob fahrl\u00e4ssig verursacht.<\/p>\n<ol style=\"text-align: justify;\" start=\"10\">\n<li><strong>Produkthaftung: <\/strong><\/li>\n<\/ol>\n<p style=\"text-align: justify;\">Wir haften nicht f\u00fcr Sachsch\u00e4den und Sachfolgesch\u00e4den, die unsere Kunden aufgrund eines fehlerhaften Produktes erleiden. Die Haftung f\u00fcr leicht fahrl\u00e4ssig verursachte Sachsch\u00e4den wird ausgeschlossen.<\/p>\n<ol style=\"text-align: justify;\" start=\"11\">\n<li><strong>Eigentumsvorbehalt: <\/strong><\/li>\n<\/ol>\n<p style=\"text-align: justify;\">Alle gelieferten und\/ oder von uns montierten Waren bleiben bis zur vollst\u00e4ndigen Bezahlung im Eigentum der Firma Schattendesign e. U. Bei Zahlungsverzug sind wir berechtigt, die im Eigentumsvorbehalt stehenden Waren zur\u00fcckzunehmen. Dies gilt auch dann, wenn die Waren von uns oder von einem Dritten montiert wurden. Der Kunde erteilt hiermit ausdr\u00fccklich sein Einverst\u00e4ndnis zur Demontage.<\/p>\n<ol style=\"text-align: justify;\" start=\"12\">\n<li><strong>Zahlung: <\/strong><\/li>\n<\/ol>\n<p style=\"text-align: justify;\">Da unsere Produkte Ma\u00dfanfertigungen sind, ist bei Auftragserteilung von unseren Kunden eine Anzahlung von 30 % der Auftragssumme an die Firma Schattendesign e. U. zu bezahlen. Der Rest ist zahlbar ab Rechnungserhalt, ohne Abzug, au\u00dfer es wird ein au\u00dferordentlicher Abzug vereinbart und auf der Rechnung angef\u00fchrt.<\/p>\n<ol style=\"text-align: justify;\" start=\"13\">\n<li><strong>Zahlungsverzug, Kostenersatz: <\/strong><\/li>\n<\/ol>\n<p style=\"text-align: justify;\">Bei Zahlungsverzug sind ab dem F\u00e4lligkeitstag 1 % Verzugszinsen pro angefangenem Monat zu bezahlen. Der K\u00e4ufer verpflichtet sich au\u00dferdem Mahnspesen sowie au\u00dfergerichtliche und vorprozessuale Inkassospesen, z.B. eines Rechtsanwaltes oder eines Inkassob\u00fcros, vollst\u00e4ndig zu ersetzen.<\/p>\n","protected":false},"excerpt":{"rendered":"<p>G\u00fcltigkeit: Diese Gesch\u00e4ftsbedingungen gelten f\u00fcr Verbraucher im Sinne des Konsumentenschutzgesetzes. Davon abweichende Bestimmungen im Angebot oder beim Auftrag haben Vorrang. Die Lieferungen, Leistungen und Angebote unseres Unternehmens erfolgen ausschlie\u00dflich aufgrund dieser Gesch\u00e4ftsbedingungen; entgegenstehende oder von unseren Gesch\u00e4ftsbedingungen abweichende Bedingungen des Kunden erkennen wir nicht an, es sei denn, wir h\u00e4tten ausdr\u00fccklich ihrer Geltung zugestimmt. Angebot: &hellip; <\/p>\n<p class=\"link-more\"><a href=\"http:\/\/www.schattendesign.at\/?page_id=409\" class=\"more-link\"><span class=\"screen-reader-text\">\u201eAllgemeine Gesch\u00e4ftsbedingungen\u201c<\/span> weiterlesen<\/a><\/p>\n","protected":false},"author":1,"featured_media":0,"parent":0,"menu_order":0,"comment_status":"closed","ping_status":"closed","template":"","meta":{"ngg_post_thumbnail":0,"footnotes":""},"_links":{"self":[{"href":"http:\/\/www.schattendesign.at\/index.php?rest_route=\/wp\/v2\/pages\/409"}],"collection":[{"href":"http:\/\/www.schattendesign.at\/index.php?rest_route=\/wp\/v2\/pages"}],"about":[{"href":"http:\/\/www.schattendesign.at\/index.php?rest_route=\/wp\/v2\/types\/page"}],"author":[{"embeddable":true,"href":"http:\/\/www.schattendesign.at\/index.php?rest_route=\/wp\/v2\/users\/1"}],"replies":[{"embeddable":true,"href":"http:\/\/www.schattendesign.at\/index.php?rest_route=%2Fwp%2Fv2%2Fcomments&post=409"}],"version-history":[{"count":7,"href":"http:\/\/www.schattendesign.at\/index.php?rest_route=\/wp\/v2\/pages\/409\/revisions"}],"predecessor-version":[{"id":820,"href":"http:\/\/www.schattendesign.at\/index.php?rest_route=\/wp\/v2\/pages\/409\/revisions\/820"}],"wp:attachment":[{"href":"http:\/\/www.schattendesign.at\/index.php?rest_route=%2Fwp%2Fv2%2Fmedia&parent=409"}],"curies":[{"name":"wp","href":"https:\/\/api.w.org\/{rel}","templated":true}]}}