{"id":32,"date":"2020-02-26T19:05:12","date_gmt":"2020-02-26T18:05:12","guid":{"rendered":"http:\/\/www.schattendesign.at\/wordpress\/?page_id=32"},"modified":"2020-06-22T19:23:13","modified_gmt":"2020-06-22T17:23:13","slug":"leistungen","status":"publish","type":"page","link":"http:\/\/www.schattendesign.at\/?page_id=32","title":{"rendered":"Leistungen"},"content":{"rendered":"<p style=\"text-align: justify;\">Wir bem\u00fchen uns stets Sie bei all Ihren sonnenschutz- und insektenschutztechnischen Anliegen optimal zu unterst\u00fctzen und zu betreuen. Folgende Leistungen k\u00f6nnen wir Ihnen diesbez\u00fcglich anbieten:<\/p>\n<ul>\n<li style=\"text-align: justify;\">Baustellen- und Objektbesichtigung<\/li>\n<li style=\"text-align: justify;\">qualifizierte fachliche Beratung (vor Ort und telefonisch)<\/li>\n<li style=\"text-align: justify;\">unverbindliche Angebotslegung<\/li>\n<li style=\"text-align: justify;\">Verkauf und normgerechte Montage<\/li>\n<li style=\"text-align: justify;\">Reparatur und Wartungsarbeiten<\/li>\n<\/ul>\n<p><strong>Wir erstellen f\u00fcr Sie auf Wunsch<\/strong><\/p>\n<ul>\n<li>Schattensimulationen<\/li>\n<\/ul>\n<p style=\"text-align: justify;\">Wir erstellen f\u00fcr Sie genau auf Ihr Objekt oder auf Ihre W\u00fcnsche abgestimmt Schattensimulationen, damit Ihr Schatten auch dort zu finden ist, wo Sie ihn sich mit Ihrer Sonnenschutzeinrichtung w\u00fcnschen.<\/p>\n<!-- default-view.php -->\n<div\n\tclass=\"ngg-galleryoverview default-view \n\t\t\"\n\tid=\"ngg-gallery-5d65bbfaf8fe43966b3ab5e500144b8d-1\">\n\n\t\t<!-- Thumbnails -->\n\t\t\t\t<div id=\"ngg-image-0\" class=\"ngg-gallery-thumbnail-box \n\t\t\t\t\t\t\t\tngg-1-columns\t\t\t\" \n\t\t\t>\n\t\t\t\t\t\t<div class=\"ngg-gallery-thumbnail\">\n\t\t\t<a href=\"http:\/\/www.schattendesign.at\/wp-content\/gallery\/leistungen_schattensimulation\/Schattensimulation.PNG\"\n\t\t\t\ttitle=\"Schattensimulation\"\n\t\t\t\tdata-src=\"http:\/\/www.schattendesign.at\/wp-content\/gallery\/leistungen_schattensimulation\/Schattensimulation.PNG\"\n\t\t\t\tdata-thumbnail=\"http:\/\/www.schattendesign.at\/wp-content\/gallery\/leistungen_schattensimulation\/thumbs\/thumbs_Schattensimulation.PNG\"\n\t\t\t\tdata-image-id=\"65\"\n\t\t\t\tdata-title=\"Schattensimulation\"\n\t\t\t\tdata-description=\"Schattensimulation\"\n\t\t\t\tdata-image-slug=\"schattensimulation\"\n\t\t\t\tclass=\"ngg-simplelightbox\" rel=\"5d65bbfaf8fe43966b3ab5e500144b8d\">\n\t\t\t\t<img\n\t\t\t\t\ttitle=\"Schattensimulation\"\n\t\t\t\t\talt=\"Schattensimulation\"\n\t\t\t\t\tsrc=\"http:\/\/www.schattendesign.at\/wp-content\/gallery\/leistungen_schattensimulation\/thumbs\/thumbs_Schattensimulation.PNG\"\n\t\t\t\t\twidth=\"240\"\n\t\t\t\t\theight=\"160\"\n\t\t\t\t\tstyle=\"max-width:100%;\"\n\t\t\t\t\/>\n\t\t\t<\/a>\n\t\t<\/div>\n\t\t\t\t\t\t\t<\/div> \n\t\t\t\n\t\n\t<br style=\"clear: both\" \/>\n\n\t\n\t\t<!-- Pagination -->\n\t\t<div class='ngg-clear'><\/div>\t<\/div>\n\n<ul>\n<li>realit\u00e4tsnahe Produktsimulationen<\/li>\n<\/ul>\n<p style=\"text-align: justify;\">Wir erstellen f\u00fcr Sie Simulationen, in denen Sie Ihr gew\u00e4hltes Produkt in Ihre Fassade oder auf Ihre Terrasse integriert betrachten k\u00f6nnen.<\/p>\n<!-- default-view.php -->\n<div\n\tclass=\"ngg-galleryoverview default-view \n\t\t\"\n\tid=\"ngg-gallery-bb798588bb3e0b3b078c00f1ca891704-1\">\n\n\t\t<!-- Thumbnails -->\n\t\t\t\t<div id=\"ngg-image-0\" class=\"ngg-gallery-thumbnail-box \n\t\t\t\t\t\t\t\t\t\t\t\" \n\t\t\t>\n\t\t\t\t\t\t<div class=\"ngg-gallery-thumbnail\">\n\t\t\t<a href=\"http:\/\/www.schattendesign.at\/wp-content\/gallery\/leistungen_produktsimulation\/Produktsimulation.PNG\"\n\t\t\t\ttitle=\"Produktsimulation\"\n\t\t\t\tdata-src=\"http:\/\/www.schattendesign.at\/wp-content\/gallery\/leistungen_produktsimulation\/Produktsimulation.PNG\"\n\t\t\t\tdata-thumbnail=\"http:\/\/www.schattendesign.at\/wp-content\/gallery\/leistungen_produktsimulation\/thumbs\/thumbs_Produktsimulation.PNG\"\n\t\t\t\tdata-image-id=\"66\"\n\t\t\t\tdata-title=\"Produktsimulation\"\n\t\t\t\tdata-description=\"Produktsimulation\"\n\t\t\t\tdata-image-slug=\"produktsimulation\"\n\t\t\t\tclass=\"ngg-simplelightbox\" rel=\"bb798588bb3e0b3b078c00f1ca891704\">\n\t\t\t\t<img\n\t\t\t\t\ttitle=\"Produktsimulation\"\n\t\t\t\t\talt=\"Produktsimulation\"\n\t\t\t\t\tsrc=\"http:\/\/www.schattendesign.at\/wp-content\/gallery\/leistungen_produktsimulation\/thumbs\/thumbs_Produktsimulation.PNG\"\n\t\t\t\t\twidth=\"240\"\n\t\t\t\t\theight=\"160\"\n\t\t\t\t\tstyle=\"max-width:100%;\"\n\t\t\t\t\/>\n\t\t\t<\/a>\n\t\t<\/div>\n\t\t\t\t\t\t\t<\/div> \n\t\t\t\n\t\n\t<br style=\"clear: both\" \/>\n\n\t\n\t\t<!-- Pagination -->\n\t\t<div class='ngg-clear'><\/div>\t<\/div>\n\n<ul>\n<li>Bauwerksanalysen<\/li>\n<\/ul>\n<p style=\"text-align: justify;\">Wir erstellen f\u00fcr Sie Analysen mit einer W\u00e4rmebildkamera, mit deren Hilfe Sie W\u00e4rmebr\u00fccken identifizieren und mit geeigneten Sonnenschutzeinrichtungen beheben k\u00f6nnen.<\/p>\n<!-- default-view.php -->\n<div\n\tclass=\"ngg-galleryoverview default-view \n\t\t\"\n\tid=\"ngg-gallery-77e3b42eb53ccfae18a4959456cbf36c-1\">\n\n\t\t<!-- Thumbnails -->\n\t\t\t\t<div id=\"ngg-image-0\" class=\"ngg-gallery-thumbnail-box \n\t\t\t\t\t\t\t\t\t\t\t\" \n\t\t\t>\n\t\t\t\t\t\t<div class=\"ngg-gallery-thumbnail\">\n\t\t\t<a href=\"http:\/\/www.schattendesign.at\/wp-content\/gallery\/leistungen_bauwerksanalysen\/WB_Holzbalken-ge%C3%B6ffnet.jpg\"\n\t\t\t\ttitle=\"W\u00e4rmebild_Holzbalken ge\u00f6ffnet\"\n\t\t\t\tdata-src=\"http:\/\/www.schattendesign.at\/wp-content\/gallery\/leistungen_bauwerksanalysen\/WB_Holzbalken-ge%C3%B6ffnet.jpg\"\n\t\t\t\tdata-thumbnail=\"http:\/\/www.schattendesign.at\/wp-content\/gallery\/leistungen_bauwerksanalysen\/thumbs\/thumbs_WB_Holzbalken-ge%C3%B6ffnet.jpg\"\n\t\t\t\tdata-image-id=\"67\"\n\t\t\t\tdata-title=\"W\u00e4rmebild_Holzbalken ge\u00f6ffnet\"\n\t\t\t\tdata-description=\"W\u00e4rmebild_Holzbalken ge\u00f6ffnet\"\n\t\t\t\tdata-image-slug=\"wb_holzbalken-ge%c3%b6ffnet\"\n\t\t\t\tclass=\"ngg-simplelightbox\" rel=\"77e3b42eb53ccfae18a4959456cbf36c\">\n\t\t\t\t<img\n\t\t\t\t\ttitle=\"W\u00e4rmebild_Holzbalken ge\u00f6ffnet\"\n\t\t\t\t\talt=\"W\u00e4rmebild_Holzbalken ge\u00f6ffnet\"\n\t\t\t\t\tsrc=\"http:\/\/www.schattendesign.at\/wp-content\/gallery\/leistungen_bauwerksanalysen\/thumbs\/thumbs_WB_Holzbalken-ge%C3%B6ffnet.jpg\"\n\t\t\t\t\twidth=\"240\"\n\t\t\t\t\theight=\"160\"\n\t\t\t\t\tstyle=\"max-width:100%;\"\n\t\t\t\t\/>\n\t\t\t<\/a>\n\t\t<\/div>\n\t\t\t\t\t\t\t<\/div> \n\t\t\t\n\t\t\t\t<div id=\"ngg-image-1\" class=\"ngg-gallery-thumbnail-box \n\t\t\t\t\t\t\t\t\t\t\t\" \n\t\t\t>\n\t\t\t\t\t\t<div class=\"ngg-gallery-thumbnail\">\n\t\t\t<a href=\"http:\/\/www.schattendesign.at\/wp-content\/gallery\/leistungen_bauwerksanalysen\/WB_Holzbalken-geschlossen.jpg\"\n\t\t\t\ttitle=\"W\u00e4rmebild_Holzbalken geschlossen\"\n\t\t\t\tdata-src=\"http:\/\/www.schattendesign.at\/wp-content\/gallery\/leistungen_bauwerksanalysen\/WB_Holzbalken-geschlossen.jpg\"\n\t\t\t\tdata-thumbnail=\"http:\/\/www.schattendesign.at\/wp-content\/gallery\/leistungen_bauwerksanalysen\/thumbs\/thumbs_WB_Holzbalken-geschlossen.jpg\"\n\t\t\t\tdata-image-id=\"68\"\n\t\t\t\tdata-title=\"W\u00e4rmebild_Holzbalken geschlossen\"\n\t\t\t\tdata-description=\"W\u00e4rmebild_Holzbalken geschlossen\"\n\t\t\t\tdata-image-slug=\"wb_holzbalken-geschlossen\"\n\t\t\t\tclass=\"ngg-simplelightbox\" rel=\"77e3b42eb53ccfae18a4959456cbf36c\">\n\t\t\t\t<img\n\t\t\t\t\ttitle=\"W\u00e4rmebild_Holzbalken geschlossen\"\n\t\t\t\t\talt=\"W\u00e4rmebild_Holzbalken geschlossen\"\n\t\t\t\t\tsrc=\"http:\/\/www.schattendesign.at\/wp-content\/gallery\/leistungen_bauwerksanalysen\/thumbs\/thumbs_WB_Holzbalken-geschlossen.jpg\"\n\t\t\t\t\twidth=\"240\"\n\t\t\t\t\theight=\"160\"\n\t\t\t\t\tstyle=\"max-width:100%;\"\n\t\t\t\t\/>\n\t\t\t<\/a>\n\t\t<\/div>\n\t\t\t\t\t\t\t<\/div> \n\t\t\t\n\t\t\t\t<div id=\"ngg-image-2\" class=\"ngg-gallery-thumbnail-box \n\t\t\t\t\t\t\t\t\t\t\t\" \n\t\t\t>\n\t\t\t\t\t\t<div class=\"ngg-gallery-thumbnail\">\n\t\t\t<a href=\"http:\/\/www.schattendesign.at\/wp-content\/gallery\/leistungen_bauwerksanalysen\/WB_Rollladen-geschlossen.jpg\"\n\t\t\t\ttitle=\"W\u00e4rmebild_Rollladen geschlossen\"\n\t\t\t\tdata-src=\"http:\/\/www.schattendesign.at\/wp-content\/gallery\/leistungen_bauwerksanalysen\/WB_Rollladen-geschlossen.jpg\"\n\t\t\t\tdata-thumbnail=\"http:\/\/www.schattendesign.at\/wp-content\/gallery\/leistungen_bauwerksanalysen\/thumbs\/thumbs_WB_Rollladen-geschlossen.jpg\"\n\t\t\t\tdata-image-id=\"69\"\n\t\t\t\tdata-title=\"W\u00e4rmebild_Rollladen geschlossen\"\n\t\t\t\tdata-description=\"W\u00e4rmebild_Rollladen geschlossen\"\n\t\t\t\tdata-image-slug=\"wb_rollladen-geschlossen\"\n\t\t\t\tclass=\"ngg-simplelightbox\" rel=\"77e3b42eb53ccfae18a4959456cbf36c\">\n\t\t\t\t<img\n\t\t\t\t\ttitle=\"W\u00e4rmebild_Rollladen geschlossen\"\n\t\t\t\t\talt=\"W\u00e4rmebild_Rollladen geschlossen\"\n\t\t\t\t\tsrc=\"http:\/\/www.schattendesign.at\/wp-content\/gallery\/leistungen_bauwerksanalysen\/thumbs\/thumbs_WB_Rollladen-geschlossen.jpg\"\n\t\t\t\t\twidth=\"240\"\n\t\t\t\t\theight=\"160\"\n\t\t\t\t\tstyle=\"max-width:100%;\"\n\t\t\t\t\/>\n\t\t\t<\/a>\n\t\t<\/div>\n\t\t\t\t\t\t\t<\/div> \n\t\t\t\n\t\n\t<br style=\"clear: both\" \/>\n\n\t\n\t\t<!-- Pagination -->\n\t\t<div class='ngg-clear'><\/div>\t<\/div>\n\n<p><strong>Wir beraten Sie gerne zus\u00e4tzlich \u00fcber<\/strong><\/p>\n<ul>\n<li style=\"text-align: justify;\">sonnenschutz- und bauphysikalische Werte (Fc-Wert, gtot-Wert, etc.)<\/li>\n<li style=\"text-align: justify;\">lichttechnische Daten (UPF, Absorptionsgrad, Reflexionsgrad, Transmissionsgrad, etc.)<\/li>\n<li style=\"text-align: justify;\">Sonnenschutz in Zusammenhang mit pr\u00e4ventivem Brandschutz<\/li>\n<li style=\"text-align: justify;\">innenliegenden Sonnenschutz in Zusammenhang mit akustischen Anforderungen<\/li>\n<li style=\"text-align: justify;\">innenliegenden Sonnenschutz f\u00fcr den medizinischen Bereich<\/li>\n<li style=\"text-align: justify;\">nachhaltigen Sonnenschutz (nachhaltig produziert mit nachhaltigen Materialien)<\/li>\n<\/ul>\n<p><strong>Noch einige Tipps f\u00fcr Sie:<\/strong><\/p>\n<ul>\n<li style=\"text-align: justify;\">Richtig eingesetzter Sonnenschutz sch\u00fctzt Ihre Gesundheit und die Gesundheit Ihrer Lieben.<\/li>\n<li style=\"text-align: justify;\">Intelligent eingesetzter Sonnenschutz ist aktiver Klimaschutz, da im Sommer K\u00fchllasten und im Winter der Heizw\u00e4rmebedarf und folglich der CO<span style=\"font-size: 10px;\">2<\/span>-Aussto\u00df reduziert wird.<\/li>\n<li style=\"text-align: justify;\">Innen- und au\u00dfenliegende Sonnenschutzelemente gestalten Ihren Wohnraum und Ihre Fassade und schaffen wahres Wohlf\u00fchlen.<\/li>\n<li style=\"text-align: justify;\">Sonnenschutz mit all seinen Begleitfunktionen (Blendschutz, Sichtschutz, Schallschutz, Wetterschutz, Lichtleittechnik, Outdoor Living) hat richtig eingesetzt einen besonderen Mehrwert.<\/li>\n<\/ul>\n<p>&nbsp;<\/p>\n","protected":false},"excerpt":{"rendered":"<p>Wir bem\u00fchen uns stets Sie bei all Ihren sonnenschutz- und insektenschutztechnischen Anliegen optimal zu unterst\u00fctzen und zu betreuen. Folgende Leistungen k\u00f6nnen wir Ihnen diesbez\u00fcglich anbieten: Baustellen- und Objektbesichtigung qualifizierte fachliche Beratung (vor Ort und telefonisch) unverbindliche Angebotslegung Verkauf und normgerechte Montage Reparatur und Wartungsarbeiten Wir erstellen f\u00fcr Sie auf Wunsch Schattensimulationen Wir erstellen f\u00fcr Sie &hellip; <\/p>\n<p class=\"link-more\"><a href=\"http:\/\/www.schattendesign.at\/?page_id=32\" class=\"more-link\"><span class=\"screen-reader-text\">\u201eLeistungen\u201c<\/span> weiterlesen<\/a><\/p>\n","protected":false},"author":1,"featured_media":0,"parent":0,"menu_order":0,"comment_status":"closed","ping_status":"closed","template":"","meta":{"ngg_post_thumbnail":0,"footnotes":""},"_links":{"self":[{"href":"http:\/\/www.schattendesign.at\/index.php?rest_route=\/wp\/v2\/pages\/32"}],"collection":[{"href":"http:\/\/www.schattendesign.at\/index.php?rest_route=\/wp\/v2\/pages"}],"about":[{"href":"http:\/\/www.schattendesign.at\/index.php?rest_route=\/wp\/v2\/types\/page"}],"author":[{"embeddable":true,"href":"http:\/\/www.schattendesign.at\/index.php?rest_route=\/wp\/v2\/users\/1"}],"replies":[{"embeddable":true,"href":"http:\/\/www.schattendesign.at\/index.php?rest_route=%2Fwp%2Fv2%2Fcomments&post=32"}],"version-history":[{"count":14,"href":"http:\/\/www.schattendesign.at\/index.php?rest_route=\/wp\/v2\/pages\/32\/revisions"}],"predecessor-version":[{"id":665,"href":"http:\/\/www.schattendesign.at\/index.php?rest_route=\/wp\/v2\/pages\/32\/revisions\/665"}],"wp:attachment":[{"href":"http:\/\/www.schattendesign.at\/index.php?rest_route=%2Fwp%2Fv2%2Fmedia&parent=32"}],"curies":[{"name":"wp","href":"https:\/\/api.w.org\/{rel}","templated":true}]}}