{"id":225,"date":"2020-05-04T20:06:19","date_gmt":"2020-05-04T18:06:19","guid":{"rendered":"http:\/\/www.schattendesign.at\/wordpress\/?page_id=225"},"modified":"2022-04-16T10:43:12","modified_gmt":"2022-04-16T08:43:12","slug":"impressum","status":"publish","type":"page","link":"http:\/\/www.schattendesign.at\/?page_id=225","title":{"rendered":"Impressum"},"content":{"rendered":"<p style=\"text-align: justify;\">INFORMATIONSPFLICHT LT. \u00a75 E-COMMERCE GESETZ<br \/>\nOFFENLEGUNG GEM\u00c4SS \u00a7\u00a7 24 UND 25 MEDIENGESETZ UND ANGABEN NACH \u00a7 5 EC<\/p>\n<p style=\"text-align: justify;\">Rechtliche Hinweise | Inhaber<\/p>\n<p style=\"text-align: justify;\">Fa. Schattendesign GmbH<br \/>\nForster Stra\u00dfe 33<br \/>\nA-8142 Wundschuh&nbsp;<\/p>\n<p style=\"text-align: justify;\">Tel: +43 677 637 166 80<br \/>\nE-Mail:&nbsp;office@schattendesign.at<br \/>\nWebsite:&nbsp;www.schattendesign.at<\/p>\n<p style=\"text-align: justify;\">Alleiniger gesellschaftender Gesch\u00e4ftsf\u00fchrer: DI Norman Stauffenegg, BSc<\/p>\n<p style=\"text-align: justify;\">Unternehmensgegenstand: Handel mit Sonnen- und Insektenschutzsystemen<\/p>\n<p style=\"text-align: justify;\">Kammer\/ Berufsverband \u2013 Zugeh\u00f6rigkeit: Wirtschaftskammer Steiermark<\/p>\n<p style=\"text-align: justify;\">Bildnachweis: Warema Renkhoff SE, LEHA GmbH, Schlotterer Sonnenschutz Systeme GmbH, WOUNDWO Sonnenlichtdesign GmbH &amp; Co KG, Shadedesign GmbH, SHS Sonnenschutz GmbH<\/p>\n<p style=\"text-align: justify;\">Firmenbuchnummer: FN 576077 y<br \/>\nFirmenbuchgericht: Landesgericht f\u00fcr ZRS Graz<br \/>\nUID-Nummer: ATU 77902423<\/p>\n<p style=\"text-align: justify;\"><strong>Genderneutrale\/Geschlechtsneutrale Schreibweise<\/strong><\/p>\n<p style=\"text-align: justify;\">Aus Gr\u00fcnden der besseren Lesbarkeit wird auf unserer Website, auch Webseite, Internetsite oder Homepage genannt, auf die gleichzeitige Verwendung m\u00e4nnlicher und weiblicher Sprachformen verzichtet. S\u00e4mtliche Bezeichnungen gelten gleichwohl f\u00fcr beiderlei Geschlecht.<\/p>\n<p style=\"text-align: justify;\"><strong>RECHTLICHE HINWEISE ZUR WEBSITE<\/strong><\/p>\n<p style=\"text-align: justify;\"><strong>Haftungsausschluss<\/strong><br \/>\nDer Inhaber \u00fcbernimmt keinerlei Gew\u00e4hr f\u00fcr die Aktualit\u00e4t, Korrektheit oder Vollst\u00e4ndigkeit der zur Verf\u00fcgung gestellten Informationen. Es besteht keinerlei Haftungsanspruch gegen\u00fcber den Autoren der Homepage.<\/p>\n<p style=\"text-align: justify;\"><strong>Rechtswirksamkeit dieses Haftungsausschlusses<\/strong><br \/>\nDieser Haftungsausschluss ist als Teil des Internetangebotes zu betrachten, von dem aus auf diese Seite verwiesen wurde. Sofern Teile oder einzelne Formulierungen dieses Textes der geltenden Rechtslage nicht, nicht mehr oder nicht vollst\u00e4ndig entsprechen sollten, bleiben die \u00fcbrigen Teile des Dokumentes in ihrem Inhalt und ihrer G\u00fcltigkeit davon unber\u00fchrt.<\/p>\n<p style=\"text-align: justify;\"><strong>Verantwortlichkeit<\/strong><br \/>\nObwohl alle externen Verweise (dies umfasst alle Links, die nicht innerhalb der Domain verweisen), aus gutem Grund gesetzt wurden, dienen sie nur dem Hinweis auf weiterf\u00fchrende Informationen. Der Inhaber \u00fcbernimmt keinerlei Verantwortung f\u00fcr den Inhalt der verlinkten Seiten.<\/p>\n<p style=\"text-align: justify;\"><strong>Haftung f\u00fcr Inhalte<\/strong><\/p>\n<p style=\"text-align: justify;\">Die Inhalte unserer Seiten wurden mit gr\u00f6\u00dfter Sorgfalt erstellt. F\u00fcr die Richtigkeit, Vollst\u00e4ndigkeit und Aktualit\u00e4t der Inhalte k\u00f6nnen wir jedoch keine Gew\u00e4hr \u00fcbernehmen. Die Informationen auf dieser Seite sind allgemeiner und informativer Art. Als Diensteanbieter sind wir gem\u00e4\u00df \u00a7 6 Abs.1 MDStV und \u00a7 8 Abs.1 TDG f\u00fcr eigene Inhalte auf diesen Seiten nach den allgemeinen Gesetzen verantwortlich. Diensteanbieter sind jedoch nicht verpflichtet, die von ihnen \u00fcbermittelten oder gespeicherten fremden Informationen zu \u00fcberwachen oder nach Umst\u00e4nden zu forschen, die auf eine rechtswidrige T\u00e4tigkeit hinweisen. Verpflichtungen zur Entfernung oder Sperrung der Nutzung von Informationen nach den allgemeinen Gesetzen bleiben hiervon unber\u00fchrt. Eine diesbez\u00fcgliche Haftung ist jedoch erst ab dem Zeitpunkt der Kenntnis einer konkreten Rechtsverletzung m\u00f6glich. Bei bekannt werden von entsprechenden Rechtsverletzungen werden wir diese Inhalte umgehend entfernen.<\/p>\n<p style=\"text-align: justify;\"><strong>Haftung f\u00fcr Links<\/strong><\/p>\n<p style=\"text-align: justify;\">Unser Angebot enth\u00e4lt Links zu externen Webseiten Dritter, auf deren Inhalte wir keinen Einfluss haben. Deshalb k\u00f6nnen wir f\u00fcr diese fremden Inhalte auch keine Gew\u00e4hr \u00fcbernehmen. F\u00fcr die Inhalte der verlinkten Seiten ist stets der jeweilige Anbieter oder Betreiber der Seiten verantwortlich. Die verlinkten Seiten wurden zum Zeitpunkt der Verlinkung auf m\u00f6gliche Rechtsverst\u00f6\u00dfe \u00fcberpr\u00fcft. Rechtswidrige Inhalte waren zum Zeitpunkt der Verlinkung nicht erkennbar. Eine permanente inhaltliche Kontrolle der verlinkten Seiten ist jedoch ohne konkrete Anhaltspunkte einer Rechtsverletzung nicht zumutbar. Bei Bekanntwerden von Rechtsverletzungen werden wir derartige Links umgehend entfernen.<\/p>\n<p style=\"text-align: justify;\"><strong>\u00d6sterreichisches Urheberrecht<\/strong><\/p>\n<p style=\"text-align: justify;\">Die durch die Seitenbetreiber erstellten Inhalte und Werke auf diesen Seiten unterliegen dem \u00f6sterreichischen Urheberrecht. Die Vervielf\u00e4ltigung, Bearbeitung, Verbreitung und jede Art der Verwertung au\u00dferhalb der Grenzen des Urheberrechtes bed\u00fcrfen der schriftlichen Zustimmung des jeweiligen Autors bzw. Erstellers. Downloads und Kopien dieser Seite sind nur f\u00fcr den privaten, nicht kommerziellen Gebrauch gestattet. Soweit die Inhalte auf dieser Seite nicht vom Betreiber erstellt wurden, werden die Urheberrechte Dritter beachtet. Insbesondere werden Inhalte Dritter als solche gekennzeichnet. Sollten Sie trotzdem auf eine Urheberrechtsverletzung aufmerksam werden, bitten wir um einen entsprechenden Hinweis. Bei Bekanntwerden von Rechtsverletzungen werden wir derartige Inhalte umgehend entfernen.<\/p>\n<p style=\"text-align: justify;\"><strong>UNSERE KONTAKTDATEN D\u00dcRFEN NICHT F\u00dcR WERBUNG VERWENDET WERDEN!<\/strong><\/p>\n<p style=\"text-align: justify;\">Der Nutzung von im Rahmen der Impressumspflicht ver\u00f6ffentlichten Kontaktdaten durch Dritte zur \u00dcbersendung von nicht ausdr\u00fccklich angeforderter Werbung und Informationsmaterialien wird hiermit ausdr\u00fccklich widersprochen. Die Betreiber der Seiten behalten sich ausdr\u00fccklich rechtliche Schritte im Falle der unverlangten Zusendung von Werbeinformationen, etwa durch Spam-Mails, vor.<\/p>\n<p style=\"text-align: justify;\"><em>Stand: April 2022<br \/>\n<\/em><\/p>\n","protected":false},"excerpt":{"rendered":"<p>INFORMATIONSPFLICHT LT. \u00a75 E-COMMERCE GESETZ OFFENLEGUNG GEM\u00c4SS \u00a7\u00a7 24 UND 25 MEDIENGESETZ UND ANGABEN NACH \u00a7 5 EC Rechtliche Hinweise | Inhaber Fa. Schattendesign GmbH Forster Stra\u00dfe 33 A-8142 Wundschuh&nbsp; Tel: +43 677 637 166 80 E-Mail:&nbsp;office@schattendesign.at Website:&nbsp;www.schattendesign.at Alleiniger gesellschaftender Gesch\u00e4ftsf\u00fchrer: DI Norman Stauffenegg, BSc Unternehmensgegenstand: Handel mit Sonnen- und Insektenschutzsystemen Kammer\/ Berufsverband \u2013 Zugeh\u00f6rigkeit: &hellip; <\/p>\n<p class=\"link-more\"><a href=\"http:\/\/www.schattendesign.at\/?page_id=225\" class=\"more-link\"><span class=\"screen-reader-text\">\u201eImpressum\u201c<\/span> weiterlesen<\/a><\/p>\n","protected":false},"author":1,"featured_media":0,"parent":0,"menu_order":0,"comment_status":"closed","ping_status":"closed","template":"","meta":{"ngg_post_thumbnail":0,"footnotes":""},"_links":{"self":[{"href":"http:\/\/www.schattendesign.at\/index.php?rest_route=\/wp\/v2\/pages\/225"}],"collection":[{"href":"http:\/\/www.schattendesign.at\/index.php?rest_route=\/wp\/v2\/pages"}],"about":[{"href":"http:\/\/www.schattendesign.at\/index.php?rest_route=\/wp\/v2\/types\/page"}],"author":[{"embeddable":true,"href":"http:\/\/www.schattendesign.at\/index.php?rest_route=\/wp\/v2\/users\/1"}],"replies":[{"embeddable":true,"href":"http:\/\/www.schattendesign.at\/index.php?rest_route=%2Fwp%2Fv2%2Fcomments&post=225"}],"version-history":[{"count":10,"href":"http:\/\/www.schattendesign.at\/index.php?rest_route=\/wp\/v2\/pages\/225\/revisions"}],"predecessor-version":[{"id":819,"href":"http:\/\/www.schattendesign.at\/index.php?rest_route=\/wp\/v2\/pages\/225\/revisions\/819"}],"wp:attachment":[{"href":"http:\/\/www.schattendesign.at\/index.php?rest_route=%2Fwp%2Fv2%2Fmedia&parent=225"}],"curies":[{"name":"wp","href":"https:\/\/api.w.org\/{rel}","templated":true}]}}