{"id":222,"date":"2020-05-04T20:03:43","date_gmt":"2020-05-04T18:03:43","guid":{"rendered":"http:\/\/www.schattendesign.at\/wordpress\/?page_id=222"},"modified":"2020-06-03T20:16:13","modified_gmt":"2020-06-03T18:16:13","slug":"datenschutz-und-cookie-richtlinie","status":"publish","type":"page","link":"http:\/\/www.schattendesign.at\/?page_id=222","title":{"rendered":"Datenschutz"},"content":{"rendered":"<p style=\"text-align: justify;\">Geltungsbereich<\/p>\n<p style=\"text-align: justify;\">Diese Datenschutzerkl\u00e4rung kl\u00e4rt Sie \u00fcber die Art, den Umfang und den Zweck der Verarbeitung von personenbezogenen Daten innerhalb unserer Website und der damit verbundenen Funktionen und Inhalte sowie externen Onlinepr\u00e4senzen, wie z.B. unserer Social-Media-Profile auf.<\/p>\n<p style=\"text-align: justify;\">Die Website-Betreiber nehmen den Schutz Ihrer pers\u00f6nlichen Daten sehr ernst. Ihre Daten werden vertraulich und entsprechend der gesetzlichen Datenschutzvorschriften sowie dieser Datenschutzerkl\u00e4rung behandelt.<\/p>\n<p style=\"text-align: justify;\">Die Nutzung unserer Webseite ist in der Regel ohne Angabe sensibler personenbezogener Daten m\u00f6glich. Soweit auf unseren Seiten personenbezogene Daten (beispielsweise Name, Anschrift oder E-Mail-Adressen) erhoben werden, erfolgt dies, soweit m\u00f6glich, stets auf freiwilliger Basis und DSGVO konform. Diese Daten werden ohne Ihre ausdr\u00fcckliche Zustimmung nicht an Dritte weitergegeben.<\/p>\n<p style=\"text-align: justify;\">Wir weisen darauf hin, dass die Daten\u00fcbertragung im Internet (z.B. bei der Kommunikation per E-Mail) Sicherheitsl\u00fccken aufweisen kann. Ein l\u00fcckenloser Schutz der Daten vor dem Zugriff durch Dritte ist nicht m\u00f6glich.<\/p>\n<p style=\"text-align: justify;\">Zugriffsdaten &#8211; SERVER-LOG-FILES<\/p>\n<p style=\"text-align: justify;\">Der Websitebetreiber bzw. Provider (Hoster) dieser Seite erhebt und speichert automatisch Informationen in so genannten Server-Log Files, die Ihr Browser automatisch an uns \u00fcbermittelt. Dies sind:<\/p>\n<ul style=\"text-align: justify;\">\n<li><em>Browsertyp, Sprache und Browserversion<\/em><\/li>\n<li><em>verwendetes Betriebssystem<\/em><\/li>\n<li><em>Referrer URL (von welcher Website)<\/em><\/li>\n<li><em>Hostname des zugreifenden Rechners<\/em><\/li>\n<li><em>Uhrzeit der Serveranfrage, Ursprungsland, IP-Daten<\/em><\/li>\n<\/ul>\n<p style=\"text-align: justify;\">Diese Daten sind nicht bestimmten Personen zuordenbar. Eine Zusammenf\u00fchrung dieser Daten mit anderen Datenquellen wird nicht vorgenommen.<\/p>\n<p style=\"text-align: justify;\">WIR VERWENDEN COOKIES<\/p>\n<p style=\"text-align: justify;\">Diese Website verwendet Cookies. Dabei handelt es sich um kleine Textdateien, welche auf Ihrem Endger\u00e4t gespeichert werden. Ihr Browser greift auf diese Dateien zu. Durch den Einsatz von Cookies erh\u00f6ht sich die Benutzerfreundlichkeit und Sicherheit dieser Website.<br \/>\nDie erhobenen Daten dienen lediglich statistischen Auswertungen und zur Verbesserung der Website. Der Websitebetreiber beh\u00e4lt sich allerdings vor, die Server-Logfiles nachtr\u00e4glich zu \u00fcberpr\u00fcfen, sollten konkrete Anhaltspunkte auf eine rechtswidrige Nutzung hinweisen.<\/p>\n<p style=\"text-align: justify;\">G\u00e4ngige Browser bieten die Einstellungsoption, Cookies nicht zuzulassen. Hinweis: Es ist nicht gew\u00e4hrleistet, dass Sie auf alle Funktionen dieser Website ohne Einschr\u00e4nkungen zugreifen k\u00f6nnen, wenn Sie entsprechende Einstellungen vornehmen.<\/p>\n<p style=\"text-align: justify;\">Umgang mit personenbezogenen Daten<\/p>\n<p style=\"text-align: justify;\">Der Websitebetreiber erhebt, nutzt und gibt Ihre personenbezogenen Daten nur dann weiter, wenn dies im gesetzlichen Rahmen erlaubt ist oder Sie in die Datenerhebung einwilligen.<\/p>\n<p style=\"text-align: justify;\">Als personenbezogene Daten gelten s\u00e4mtliche Informationen, welche dazu dienen, Ihre Person zu bestimmen und welche zu Ihnen zur\u00fcckverfolgt werden k\u00f6nnen \u2013 also beispielsweise Ihr Name, Ihre E-Mail-Adresse und Telefonnummer.<\/p>\n<p style=\"text-align: justify;\">Folgende personenbezogene Daten werden auf unserer Website erfasst:<\/p>\n<ul style=\"text-align: justify;\">\n<li>Kontaktdaten, also Daten, mit deren Hilfe wir Sie kontaktieren k\u00f6nnen.<\/li>\n<li>Online-Daten,&nbsp;also Daten, die durch die technischen Cookies entstehen.<\/li>\n<\/ul>\n<p style=\"text-align: justify;\">Die Homepage speichert automatisch: IP-Adresse (wird f\u00fcr Google anonymisiert), Cookies, Browser-Typ, Ger\u00e4tetyp und ID, landing-page, besuchte Seiten, Verlauf, Besuchsdauer, Aktivit\u00e4ten.<\/p>\n<p style=\"text-align: justify;\">Umgang mit Kontaktdaten &#8211; KONTAKTFORMULAR<\/p>\n<p style=\"text-align: justify;\">Nehmen Sie mit dem Websitebetreiber durch die angebotenen Kontaktm\u00f6glichkeiten Verbindung auf, werden Ihre Angaben aus dem Anfrageformular inklusive der von Ihnen dort angegebenen Kontaktdaten zwecks Bearbeitung der Anfrage und f\u00fcr den Fall von Anschlussfragen bei uns gespeichert. Ohne Ihre Einwilligung werden diese Daten nicht an Dritte weitergegeben.<\/p>\n<p style=\"text-align: justify;\">Abonnements &#8211; NEWSLETTERDATEN (Derzeit noch nicht relevant)<\/p>\n<p style=\"text-align: justify;\">Sie haben die M\u00f6glichkeit den auf der Webseite angebotenen Newsletter zu abonnieren. Sie erhalten dazu ein E-Mail zur Best\u00e4tigung Ihrer E-Mail-Adresse und erkl\u00e4ren sich dadurch mit der regelm\u00e4\u00dfigen Zusendung von Newslettern einverstanden. Neben der Emailadresse werden keine weiteren Daten erhoben. Die gespeicherten Daten werden nicht an Dritte weitergereicht und Sie k\u00f6nnen das Abonnement \u201eNewsletter\u201c jederzeit abbestellen.<\/p>\n<p style=\"text-align: justify;\">NUTZUNG VON GOOGLE ANALYTICS<\/p>\n<p style=\"text-align: justify;\">Diese Website benutzt Google Analytics, einen Webanalysedienst der Google Inc. (\u201eGoogle\u201c). Google Analytics verwendet sog. \u201eCookies\u201c, Textdateien, die auf Ihrem Computer gespeichert werden und die eine Analyse der Benutzung der Website durch Sie erm\u00f6glichen. Die durch den Cookie erzeugten Informationen \u00fcber Ihre Benutzung dieser Website werden in der Regel an einen Server von Google in den USA \u00fcbertragen und dort gespeichert. Im Falle der Aktivierung der IP-Anonymisierung auf dieser Webseite wird Ihre IP-Adresse von Google jedoch innerhalb von Mitgliedstaaten der Europ\u00e4ischen Union oder in anderen Vertragsstaaten des Abkommens \u00fcber den Europ\u00e4ischen Wirtschaftsraum zuvor gek\u00fcrzt.<\/p>\n<p style=\"text-align: justify;\">Nur in Ausnahmef\u00e4llen wird die volle IP-Adresse an einen Server von Google in den USA \u00fcbertragen und dort gek\u00fcrzt. Im Auftrag des Betreibers dieser Website wird Google diese Informationen benutzen, um Ihre Nutzung der Website auszuwerten, um Reports \u00fcber die Websiteaktivit\u00e4ten zusammenzustellen und um weitere mit der Websitenutzung und der Internetnutzung verbundene Dienstleistungen gegen\u00fcber dem Websitebetreiber zu erbringen. Die im Rahmen von Google Analytics von Ihrem Browser \u00fcbermittelte IP-Adresse wird nicht mit anderen Daten von Google zusammengef\u00fchrt. Mehr Informationen zum Umgang mit Nutzerdaten bei Google Analytics finden Sie in der Datenschutzerkl\u00e4rung von Google:&nbsp;<a href=\"https:\/\/support.google.com\/analytics\/answer\/6004245?hl=de\">https:\/\/support.google.com\/analytics\/answer\/6004245?hl=de<\/a><\/p>\n<p style=\"text-align: justify;\">WIDERSPRUCH GOOGLE ANALYTICS = OPT-OUT<\/p>\n<p style=\"text-align: justify;\">Sie k\u00f6nnen die Speicherung der Cookies durch eine entsprechende Einstellung Ihrer Browser-Software verhindern; wir weisen Sie jedoch darauf hin, dass Sie in diesem Fall gegebenenfalls nicht s\u00e4mtliche Funktionen dieser Website vollumf\u00e4nglich nutzen k\u00f6nnen. Sie k\u00f6nnen dar\u00fcber hinaus die Erfassung der durch den Cookie erzeugten und auf Ihre Nutzung der Website bezogenen Daten an Google sowie die Verarbeitung dieser Daten durch Google verhindern. Es wird ein Opt-Out-Cookie gesetzt, der die Erfassung Ihrer Daten bei zuk\u00fcnftigen Besuchen dieser Website verhindert.<\/p>\n<p style=\"text-align: justify;\">GOOGLE MAPS<\/p>\n<p style=\"text-align: justify;\">Wir binden online Landkarten des Dienstes \u201cGoogle Maps\u201d des Anbieters Google LLC, 1600 Amphitheatre Parkway, Mountain View, CA 94043, USA, ein. Datenschutzerkl\u00e4rung:&nbsp;<a href=\"https:\/\/www.google.com\/policies\/privacy\/\">https:\/\/www.google.com\/policies\/privacy\/<\/a><\/p>\n<p style=\"text-align: justify;\">Opt-Out:&nbsp;<a href=\"https:\/\/adssettings.google.com\/authenticated\">https:\/\/adssettings.google.com\/authenticated<\/a>.<\/p>\n<p style=\"text-align: justify;\">NUTZUNG VON FACEBOOK-LIKE-BUTTON (Derzeit noch nicht relevant)<\/p>\n<p style=\"text-align: justify;\">Unsere Website enth\u00e4lt Schaltfl\u00e4chen, mit denen in sozialen Netzwerken wie Facebook und Twitter f\u00fcr Internetseiten geworben (\u201egef\u00e4llt mir?), oder mit denen diese geteilt (\u201egetwittert?) werden k\u00f6nnen. Diese Schaltfl\u00e4chen funktionieren anhand von kurzen Codes, die von Facebook beziehungsweise Twitter selbst stammen. Mithilfe dieser Codes werden die Cookies \u00fcbertragen. Wir haben darauf keinen Einfluss. Wir bitten Sie die Datenschutzerkl\u00e4rung von Facebook beziehungsweise Twitter sorgf\u00e4ltig durchzulesen, um sich mit dem Umgang Ihrer personenbezogenen Daten zu informieren, die diese Seiten mithilfe von Cookies verarbeiten. Achten Sie bitte darauf, dass sich die Datenschutzerkl\u00e4rungen regelm\u00e4\u00dfig \u00e4ndern k\u00f6nnen.<\/p>\n<p style=\"text-align: justify;\">Die zusammengetragenen Informationen werden so weit wie m\u00f6glich anonymisiert. Diese Informationen werden von Twitter, Facebook, Google + und LinkedIn auf Server in den Vereinigten Staaten \u00fcbertragen und dort gespeichert. LinkedIn, Twitter, Facebook und Google + geben an, sich an die Safe-Harbor-Datenschutzvereinbarungen zu halten und sind Mitglied des Safe-Harbor-Programms des amerikanischen Handelsministeriums. Das bedeutet, dass ein angemessenes Sicherheitsniveau f\u00fcr die Verarbeitung eventueller personenbezogener Daten gegeben ist.<\/p>\n<p style=\"text-align: justify;\">Wenn Sie nicht w\u00fcnschen, dass Facebook den Besuch unserer Seiten Ihrem Facebook-Nutzerkonto zuordnen kann, loggen Sie sich bitte aus Ihrem Facebook-Benutzerkonto aus.<\/p>\n<p style=\"text-align: justify;\">VERTRAULICHKEIT<\/p>\n<p style=\"text-align: justify;\">Die Inhaber dieser Website, der Webmaster und eingewiesene Personen wurden \u00fcber die einschl\u00e4gigen datenschutzrechtlichen Bestimmungen informiert, auf das Datengeheimnis verpflichtet und haben auch eine Datenverarbeitungs-Vereinbarung unterzeichnet. Nur sie haben Zugang zu den personenbezogenen Daten.<\/p>\n<p style=\"text-align: justify;\">DATENAUFBEWAHRUNG INTERN<\/p>\n<p style=\"text-align: justify;\">Aufgrund geltender \u00f6sterreichischer Gesetze sind wir einer&nbsp;gesetzlichen Aufbewahrungs-pflicht&nbsp;unterworfen. Wir sind daher verpflichtet selbst im Falle eines ge\u00e4u\u00dferten L\u00f6schungswunsches bis zum Ablauf der&nbsp;steuerlichen Aufbewahrungsfrist&nbsp;(7 Jahre) gewisse Daten zu speichern. Dies betrifft im Speziellen Daten, die im Zuge eines Rechtsgesch\u00e4fts ben\u00f6tigt werden (Kauf, Vertragsvereinbarung, etc.).<\/p>\n<p style=\"text-align: justify;\">DATENAUFBEWAHRUNG AM SERVER (HOSTER)<\/p>\n<p style=\"text-align: justify;\">Angabe bzw. Beschreibung der L\u00f6schungs- bzw. Aufbewahrungsfristen:&nbsp;<\/p>\n<p style=\"text-align: justify;\">Die Daten am Webserver von World4You werden 7 Tage gespeichert, danach automatisch gel\u00f6scht.&nbsp;Unser Hostinganbieter erhebt auf Grundlage unserer berechtigten Interessen im Sinne des Art. 6 Abs. 1 lit. f. DSGVO Daten \u00fcber jeden Zugriff auf den Server, auf dem sich dieser Dienst befindet (sogenannte Serverlogfiles). Zu den Zugriffsdaten geh\u00f6ren Name der abgerufenen Webseite, Datei, Datum und Uhrzeit des Abrufs, \u00fcbertragene Datenmenge, Meldung \u00fcber erfolgreichen Abruf, Browsertyp nebst Version, das Betriebssystem des Nutzers, Referrer URL (die zuvor besuchte Seite), IP-Adresse und der anfragende Provider.<\/p>\n<p style=\"text-align: justify;\">In den verwendeten Sicherheits-Apps der Homepage werden die Logfile-Informationen bis zum ge\u00e4u\u00dferten L\u00f6sch-Wunsches aufbewahrt, um die Wiedererkennung des Nutzers zu erm\u00f6glichen und um Zugriffe via Fake-Accounts erkennen zu k\u00f6nnen und unberechtigte, gef\u00e4hrliche Zugriffe verhindern zu k\u00f6nnen (z.B. zur Aufkl\u00e4rung von Missbrauchs- oder Betrugshandlungen). Daten, deren weitere Aufbewahrung zu Beweiszwecken erforderlich ist, sind bis zur endg\u00fcltigen Kl\u00e4rung des jeweiligen Vorfalls von der L\u00f6schung ausgenommen.<\/p>\n<p style=\"text-align: justify;\">IHRE RECHTE&nbsp;<\/p>\n<p style=\"text-align: justify;\">Ihnen stehen nach der DSGVO die Rechte auf Auskunft (Art. 15), Berichtigung (Art. 16), L\u00f6schung (Art. 17), Einschr\u00e4nkung (Art. 18), Daten\u00fcbertragbarkeit (Art. 20), Widerruf und Widerspruch (Art. 21) zu. Wenn Sie glauben, dass die Verarbeitung Ihrer Daten gegen das Datenschutzrecht verst\u00f6\u00dft oder Ihre datenschutzrechtlichen Anspr\u00fcche sonst in einer Weise verletzt worden sind, z\u00f6gern Sie bitte nicht, uns Ihre Bedenken mitzuteilen. Zus\u00e4tzlich haben Sie die M\u00f6glichkeit sich bei der zust\u00e4ndigen Aufsichtsbeh\u00f6rde beschweren.&nbsp;In \u00d6sterreich ist dies die Datenschutzbeh\u00f6rde.<\/p>\n<p style=\"text-align: justify;\">RECHT AUF AUSKUNFT, L\u00d6SCHUNG, SPERRUNG<\/p>\n<p style=\"text-align: justify;\">Sie haben jederzeit das Recht auf unentgeltliche Auskunft \u00fcber Ihre gespeicherten personenbezogenen Daten, deren Herkunft und Empf\u00e4nger und den Zweck der Datenverarbeitung sowie ein Recht auf Berichtigung, Sperrung oder L\u00f6schung der Daten entsprechend Art. 15 DSGVO.<\/p>\n<p style=\"text-align: justify;\">Sie haben entsprechend. Art. 16 DSGVO das Recht, die Vervollst\u00e4ndigung der Sie betreffenden Daten oder die Berichtigung der Sie betreffenden unrichtigen Daten zu verlangen. Hierzu sowie zu weiteren Fragen zum Thema personenbezogene Daten k\u00f6nnen Sie sich jederzeit unter der im Impressum angegebenen Adresse wenden. Sie haben ferner gem. Art. 77 DSGVO das Recht, eine Beschwerde bei der zust\u00e4ndigen Aufsichtsbeh\u00f6rde einzureichen.<\/p>\n<p style=\"text-align: justify;\">RECHT AUF AUSKUNFT, L\u00d6SCHUNG, SPERRUNG<\/p>\n<p style=\"text-align: justify;\">F\u00fcr Ihre Anfrage stehen wir Ihnen unter den E-Mail-Adressen dieser Website oder \u00fcber das Kontaktformular dieser Website sehr gerne zur Verf\u00fcgung. Sie erhalten als Nutzer selbstverst\u00e4ndlich kostenlose Auskunft dar\u00fcber, welche personenbezogenen Daten \u00fcber Sie gespeichert wurden.<\/p>\n<p style=\"text-align: justify;\"><em>Stand: Juli 2020<\/em><\/p>\n","protected":false},"excerpt":{"rendered":"<p>Geltungsbereich Diese Datenschutzerkl\u00e4rung kl\u00e4rt Sie \u00fcber die Art, den Umfang und den Zweck der Verarbeitung von personenbezogenen Daten innerhalb unserer Website und der damit verbundenen Funktionen und Inhalte sowie externen Onlinepr\u00e4senzen, wie z.B. unserer Social-Media-Profile auf. Die Website-Betreiber nehmen den Schutz Ihrer pers\u00f6nlichen Daten sehr ernst. Ihre Daten werden vertraulich und entsprechend der gesetzlichen Datenschutzvorschriften &hellip; <\/p>\n<p class=\"link-more\"><a href=\"http:\/\/www.schattendesign.at\/?page_id=222\" class=\"more-link\"><span class=\"screen-reader-text\">\u201eDatenschutz\u201c<\/span> weiterlesen<\/a><\/p>\n","protected":false},"author":1,"featured_media":0,"parent":0,"menu_order":0,"comment_status":"closed","ping_status":"closed","template":"","meta":{"ngg_post_thumbnail":0,"footnotes":""},"_links":{"self":[{"href":"http:\/\/www.schattendesign.at\/index.php?rest_route=\/wp\/v2\/pages\/222"}],"collection":[{"href":"http:\/\/www.schattendesign.at\/index.php?rest_route=\/wp\/v2\/pages"}],"about":[{"href":"http:\/\/www.schattendesign.at\/index.php?rest_route=\/wp\/v2\/types\/page"}],"author":[{"embeddable":true,"href":"http:\/\/www.schattendesign.at\/index.php?rest_route=\/wp\/v2\/users\/1"}],"replies":[{"embeddable":true,"href":"http:\/\/www.schattendesign.at\/index.php?rest_route=%2Fwp%2Fv2%2Fcomments&post=222"}],"version-history":[{"count":5,"href":"http:\/\/www.schattendesign.at\/index.php?rest_route=\/wp\/v2\/pages\/222\/revisions"}],"predecessor-version":[{"id":646,"href":"http:\/\/www.schattendesign.at\/index.php?rest_route=\/wp\/v2\/pages\/222\/revisions\/646"}],"wp:attachment":[{"href":"http:\/\/www.schattendesign.at\/index.php?rest_route=%2Fwp%2Fv2%2Fmedia&parent=222"}],"curies":[{"name":"wp","href":"https:\/\/api.w.org\/{rel}","templated":true}]}}