{"id":207,"date":"2020-05-04T19:58:04","date_gmt":"2020-05-04T17:58:04","guid":{"rendered":"http:\/\/www.schattendesign.at\/wordpress\/?page_id=207"},"modified":"2020-06-23T08:55:38","modified_gmt":"2020-06-23T06:55:38","slug":"wintergartenmarkise","status":"publish","type":"page","link":"http:\/\/www.schattendesign.at\/?page_id=207","title":{"rendered":"Wintergartenmarkise"},"content":{"rendered":"<p style=\"text-align: justify;\">Mit einer Wintergartenmarkise schaffen Sie sich zus\u00e4tzlich zu Ihrem Wohlf\u00fchlraum auch das richtige Wohlf\u00fchlklima in Ihrem Wintergarten. Flexible Montagearten helfen bei der Umsetzung und gew\u00e4hrleisten eine sichere Konstruktion.<\/p>\n<p>Hinter dem Sattler-Logo auf der <a href=\"http:\/\/www.schattendesign.at\/\">Startseite<\/a> verbirgt sich der Design Selector zur Markisentuchauswahl.<\/p>\n<!-- default-view.php -->\n<div\n\tclass=\"ngg-galleryoverview default-view \n\t\t\"\n\tid=\"ngg-gallery-b1912b0a9b6c85b5d6e9fd95602fefa4-1\">\n\n\t\t<!-- Thumbnails -->\n\t\t\t\t<div id=\"ngg-image-0\" class=\"ngg-gallery-thumbnail-box \n\t\t\t\t\t\t\t\t\t\t\t\" \n\t\t\t>\n\t\t\t\t\t\t<div class=\"ngg-gallery-thumbnail\">\n\t\t\t<a href=\"http:\/\/www.schattendesign.at\/wp-content\/gallery\/wintergartenmarkise\/Unterglasmarkise_mit-integriertem-Volantrollo-gegen-die-tiefstehende-westseitige-Sonne_Warema.jpg\"\n\t\t\t\ttitle=\"Unterglasmarkise_mit integriertem Volantrollo gegen die tiefstehende westseitige Sonne_Warema\"\n\t\t\t\tdata-src=\"http:\/\/www.schattendesign.at\/wp-content\/gallery\/wintergartenmarkise\/Unterglasmarkise_mit-integriertem-Volantrollo-gegen-die-tiefstehende-westseitige-Sonne_Warema.jpg\"\n\t\t\t\tdata-thumbnail=\"http:\/\/www.schattendesign.at\/wp-content\/gallery\/wintergartenmarkise\/thumbs\/thumbs_Unterglasmarkise_mit-integriertem-Volantrollo-gegen-die-tiefstehende-westseitige-Sonne_Warema.jpg\"\n\t\t\t\tdata-image-id=\"153\"\n\t\t\t\tdata-title=\"Unterglasmarkise_mit integriertem Volantrollo gegen die tiefstehende westseitige Sonne_Warema\"\n\t\t\t\tdata-description=\"Unterglasmarkise_mit integriertem Volantrollo gegen die tiefstehende westseitige Sonne_Warema\"\n\t\t\t\tdata-image-slug=\"unterglasmarkise_mit-integriertem-volantrollo-gegen-die-tiefstehende-westseitige-sonne_warema\"\n\t\t\t\tclass=\"ngg-simplelightbox\" rel=\"b1912b0a9b6c85b5d6e9fd95602fefa4\">\n\t\t\t\t<img\n\t\t\t\t\ttitle=\"Unterglasmarkise_mit integriertem Volantrollo gegen die tiefstehende westseitige Sonne_Warema\"\n\t\t\t\t\talt=\"Unterglasmarkise_mit integriertem Volantrollo gegen die tiefstehende westseitige Sonne_Warema\"\n\t\t\t\t\tsrc=\"http:\/\/www.schattendesign.at\/wp-content\/gallery\/wintergartenmarkise\/thumbs\/thumbs_Unterglasmarkise_mit-integriertem-Volantrollo-gegen-die-tiefstehende-westseitige-Sonne_Warema.jpg\"\n\t\t\t\t\twidth=\"240\"\n\t\t\t\t\theight=\"160\"\n\t\t\t\t\tstyle=\"max-width:100%;\"\n\t\t\t\t\/>\n\t\t\t<\/a>\n\t\t<\/div>\n\t\t\t\t\t\t\t<\/div> \n\t\t\t\n\t\t\t\t<div id=\"ngg-image-1\" class=\"ngg-gallery-thumbnail-box \n\t\t\t\t\t\t\t\t\t\t\t\" \n\t\t\t>\n\t\t\t\t\t\t<div class=\"ngg-gallery-thumbnail\">\n\t\t\t<a href=\"http:\/\/www.schattendesign.at\/wp-content\/gallery\/wintergartenmarkise\/Unterglasmarkise_unter-dem-Glas-gesch%C3%BCtzt-vor-Verschmutzung-und-bis-zu-einer-Breite-von-6m-baubar_Warema.jpg\"\n\t\t\t\ttitle=\"Unterglasmarkise_unter dem Glas gesch\u00fctzt vor Verschmutzung und bis zu einer Breite von 6m baubar_Warema\"\n\t\t\t\tdata-src=\"http:\/\/www.schattendesign.at\/wp-content\/gallery\/wintergartenmarkise\/Unterglasmarkise_unter-dem-Glas-gesch%C3%BCtzt-vor-Verschmutzung-und-bis-zu-einer-Breite-von-6m-baubar_Warema.jpg\"\n\t\t\t\tdata-thumbnail=\"http:\/\/www.schattendesign.at\/wp-content\/gallery\/wintergartenmarkise\/thumbs\/thumbs_Unterglasmarkise_unter-dem-Glas-gesch%C3%BCtzt-vor-Verschmutzung-und-bis-zu-einer-Breite-von-6m-baubar_Warema.jpg\"\n\t\t\t\tdata-image-id=\"154\"\n\t\t\t\tdata-title=\"Unterglasmarkise_unter dem Glas gesch\u00fctzt vor Verschmutzung und bis zu einer Breite von 6m baubar_Warema\"\n\t\t\t\tdata-description=\"Unterglasmarkise_unter dem Glas gesch\u00fctzt vor Verschmutzung und bis zu einer Breite von 6m baubar_Warema\"\n\t\t\t\tdata-image-slug=\"unterglasmarkise_unter-dem-glas-gesch%c3%bctzt-vor-verschmutzung-und-bis-zu-einer-breite-von-6m-baubar_warema\"\n\t\t\t\tclass=\"ngg-simplelightbox\" rel=\"b1912b0a9b6c85b5d6e9fd95602fefa4\">\n\t\t\t\t<img\n\t\t\t\t\ttitle=\"Unterglasmarkise_unter dem Glas gesch\u00fctzt vor Verschmutzung und bis zu einer Breite von 6m baubar_Warema\"\n\t\t\t\t\talt=\"Unterglasmarkise_unter dem Glas gesch\u00fctzt vor Verschmutzung und bis zu einer Breite von 6m baubar_Warema\"\n\t\t\t\t\tsrc=\"http:\/\/www.schattendesign.at\/wp-content\/gallery\/wintergartenmarkise\/thumbs\/thumbs_Unterglasmarkise_unter-dem-Glas-gesch%C3%BCtzt-vor-Verschmutzung-und-bis-zu-einer-Breite-von-6m-baubar_Warema.jpg\"\n\t\t\t\t\twidth=\"240\"\n\t\t\t\t\theight=\"160\"\n\t\t\t\t\tstyle=\"max-width:100%;\"\n\t\t\t\t\/>\n\t\t\t<\/a>\n\t\t<\/div>\n\t\t\t\t\t\t\t<\/div> \n\t\t\t\n\t\t\t\t<div id=\"ngg-image-2\" class=\"ngg-gallery-thumbnail-box \n\t\t\t\t\t\t\t\t\t\t\t\" \n\t\t\t>\n\t\t\t\t\t\t<div class=\"ngg-gallery-thumbnail\">\n\t\t\t<a href=\"http:\/\/www.schattendesign.at\/wp-content\/gallery\/wintergartenmarkise\/Unterglasmarkise_wird-unter-dem-Glasdach-montiert_Warema.jpg\"\n\t\t\t\ttitle=\"Unterglasmarkise_wird unter dem Glasdach montiert_Warema\"\n\t\t\t\tdata-src=\"http:\/\/www.schattendesign.at\/wp-content\/gallery\/wintergartenmarkise\/Unterglasmarkise_wird-unter-dem-Glasdach-montiert_Warema.jpg\"\n\t\t\t\tdata-thumbnail=\"http:\/\/www.schattendesign.at\/wp-content\/gallery\/wintergartenmarkise\/thumbs\/thumbs_Unterglasmarkise_wird-unter-dem-Glasdach-montiert_Warema.jpg\"\n\t\t\t\tdata-image-id=\"155\"\n\t\t\t\tdata-title=\"Unterglasmarkise_wird unter dem Glasdach montiert_Warema\"\n\t\t\t\tdata-description=\"Unterglasmarkise_wird unter dem Glasdach montiert_Warema\"\n\t\t\t\tdata-image-slug=\"unterglasmarkise_wird-unter-dem-glasdach-montiert_warema\"\n\t\t\t\tclass=\"ngg-simplelightbox\" rel=\"b1912b0a9b6c85b5d6e9fd95602fefa4\">\n\t\t\t\t<img\n\t\t\t\t\ttitle=\"Unterglasmarkise_wird unter dem Glasdach montiert_Warema\"\n\t\t\t\t\talt=\"Unterglasmarkise_wird unter dem Glasdach montiert_Warema\"\n\t\t\t\t\tsrc=\"http:\/\/www.schattendesign.at\/wp-content\/gallery\/wintergartenmarkise\/thumbs\/thumbs_Unterglasmarkise_wird-unter-dem-Glasdach-montiert_Warema.jpg\"\n\t\t\t\t\twidth=\"240\"\n\t\t\t\t\theight=\"160\"\n\t\t\t\t\tstyle=\"max-width:100%;\"\n\t\t\t\t\/>\n\t\t\t<\/a>\n\t\t<\/div>\n\t\t\t\t\t\t\t<\/div> \n\t\t\t\n\t\t\t\t<div id=\"ngg-image-3\" class=\"ngg-gallery-thumbnail-box \n\t\t\t\t\t\t\t\t\t\t\t\" \n\t\t\t>\n\t\t\t\t\t\t<div class=\"ngg-gallery-thumbnail\">\n\t\t\t<a href=\"http:\/\/www.schattendesign.at\/wp-content\/gallery\/wintergartenmarkise\/Wintergartenmarkise_Ansicht-vom-Inneren-des-Wintergartens-bei-ausgefahrener-Wintergartenbeschattung_Warema.jpg\"\n\t\t\t\ttitle=\"Wintergartenmarkise_Ansicht vom Inneren des Wintergartens bei ausgefahrener Wintergartenbeschattung_Warema\"\n\t\t\t\tdata-src=\"http:\/\/www.schattendesign.at\/wp-content\/gallery\/wintergartenmarkise\/Wintergartenmarkise_Ansicht-vom-Inneren-des-Wintergartens-bei-ausgefahrener-Wintergartenbeschattung_Warema.jpg\"\n\t\t\t\tdata-thumbnail=\"http:\/\/www.schattendesign.at\/wp-content\/gallery\/wintergartenmarkise\/thumbs\/thumbs_Wintergartenmarkise_Ansicht-vom-Inneren-des-Wintergartens-bei-ausgefahrener-Wintergartenbeschattung_Warema.jpg\"\n\t\t\t\tdata-image-id=\"156\"\n\t\t\t\tdata-title=\"Wintergartenmarkise_Ansicht vom Inneren des Wintergartens bei ausgefahrener Wintergartenbeschattung_Warema\"\n\t\t\t\tdata-description=\"Wintergartenmarkise_Ansicht vom Inneren des Wintergartens bei ausgefahrener Wintergartenbeschattung_Warema\"\n\t\t\t\tdata-image-slug=\"wintergartenmarkise_ansicht-vom-inneren-des-wintergartens-bei-ausgefahrener-wintergartenbeschattung_warema\"\n\t\t\t\tclass=\"ngg-simplelightbox\" rel=\"b1912b0a9b6c85b5d6e9fd95602fefa4\">\n\t\t\t\t<img\n\t\t\t\t\ttitle=\"Wintergartenmarkise_Ansicht vom Inneren des Wintergartens bei ausgefahrener Wintergartenbeschattung_Warema\"\n\t\t\t\t\talt=\"Wintergartenmarkise_Ansicht vom Inneren des Wintergartens bei ausgefahrener Wintergartenbeschattung_Warema\"\n\t\t\t\t\tsrc=\"http:\/\/www.schattendesign.at\/wp-content\/gallery\/wintergartenmarkise\/thumbs\/thumbs_Wintergartenmarkise_Ansicht-vom-Inneren-des-Wintergartens-bei-ausgefahrener-Wintergartenbeschattung_Warema.jpg\"\n\t\t\t\t\twidth=\"240\"\n\t\t\t\t\theight=\"160\"\n\t\t\t\t\tstyle=\"max-width:100%;\"\n\t\t\t\t\/>\n\t\t\t<\/a>\n\t\t<\/div>\n\t\t\t\t\t\t\t<\/div> \n\t\t\t\n\t\t\t\t<div id=\"ngg-image-4\" class=\"ngg-gallery-thumbnail-box \n\t\t\t\t\t\t\t\t\t\t\t\" \n\t\t\t>\n\t\t\t\t\t\t<div class=\"ngg-gallery-thumbnail\">\n\t\t\t<a href=\"http:\/\/www.schattendesign.at\/wp-content\/gallery\/wintergartenmarkise\/Wintergartenmarkise_Ansicht-von-innen-bei-ausgefahrener-Wintergartenbeschattung_Warema.jpg\"\n\t\t\t\ttitle=\"Wintergartenmarkise_Ansicht von innen bei ausgefahrener Wintergartenbeschattung_Warema\"\n\t\t\t\tdata-src=\"http:\/\/www.schattendesign.at\/wp-content\/gallery\/wintergartenmarkise\/Wintergartenmarkise_Ansicht-von-innen-bei-ausgefahrener-Wintergartenbeschattung_Warema.jpg\"\n\t\t\t\tdata-thumbnail=\"http:\/\/www.schattendesign.at\/wp-content\/gallery\/wintergartenmarkise\/thumbs\/thumbs_Wintergartenmarkise_Ansicht-von-innen-bei-ausgefahrener-Wintergartenbeschattung_Warema.jpg\"\n\t\t\t\tdata-image-id=\"157\"\n\t\t\t\tdata-title=\"Wintergartenmarkise_Ansicht von innen bei ausgefahrener Wintergartenbeschattung_Warema\"\n\t\t\t\tdata-description=\"Wintergartenmarkise_Ansicht von innen bei ausgefahrener Wintergartenbeschattung_Warema\"\n\t\t\t\tdata-image-slug=\"wintergartenmarkise_ansicht-von-innen-bei-ausgefahrener-wintergartenbeschattung_warema\"\n\t\t\t\tclass=\"ngg-simplelightbox\" rel=\"b1912b0a9b6c85b5d6e9fd95602fefa4\">\n\t\t\t\t<img\n\t\t\t\t\ttitle=\"Wintergartenmarkise_Ansicht von innen bei ausgefahrener Wintergartenbeschattung_Warema\"\n\t\t\t\t\talt=\"Wintergartenmarkise_Ansicht von innen bei ausgefahrener Wintergartenbeschattung_Warema\"\n\t\t\t\t\tsrc=\"http:\/\/www.schattendesign.at\/wp-content\/gallery\/wintergartenmarkise\/thumbs\/thumbs_Wintergartenmarkise_Ansicht-von-innen-bei-ausgefahrener-Wintergartenbeschattung_Warema.jpg\"\n\t\t\t\t\twidth=\"240\"\n\t\t\t\t\theight=\"160\"\n\t\t\t\t\tstyle=\"max-width:100%;\"\n\t\t\t\t\/>\n\t\t\t<\/a>\n\t\t<\/div>\n\t\t\t\t\t\t\t<\/div> \n\t\t\t\n\t\t\t\t<div id=\"ngg-image-5\" class=\"ngg-gallery-thumbnail-box \n\t\t\t\t\t\t\t\t\t\t\t\" \n\t\t\t>\n\t\t\t\t\t\t<div class=\"ngg-gallery-thumbnail\">\n\t\t\t<a href=\"http:\/\/www.schattendesign.at\/wp-content\/gallery\/wintergartenmarkise\/Wintergartenmarkise_asymmetrische-Winterg%C3%A4rten-schr%C3%A4nken-bez%C3%BCglich-Beschattung-nur-unwesentlich-ein_Warema.jpg\"\n\t\t\t\ttitle=\"Wintergartenmarkise_asymmetrische Winterg\u00e4rten schr\u00e4nken bez\u00fcglich Beschattung nur unwesentlich ein_Warema\"\n\t\t\t\tdata-src=\"http:\/\/www.schattendesign.at\/wp-content\/gallery\/wintergartenmarkise\/Wintergartenmarkise_asymmetrische-Winterg%C3%A4rten-schr%C3%A4nken-bez%C3%BCglich-Beschattung-nur-unwesentlich-ein_Warema.jpg\"\n\t\t\t\tdata-thumbnail=\"http:\/\/www.schattendesign.at\/wp-content\/gallery\/wintergartenmarkise\/thumbs\/thumbs_Wintergartenmarkise_asymmetrische-Winterg%C3%A4rten-schr%C3%A4nken-bez%C3%BCglich-Beschattung-nur-unwesentlich-ein_Warema.jpg\"\n\t\t\t\tdata-image-id=\"158\"\n\t\t\t\tdata-title=\"Wintergartenmarkise_asymmetrische Winterg\u00e4rten schr\u00e4nken bez\u00fcglich Beschattung nur unwesentlich ein_Warema\"\n\t\t\t\tdata-description=\"Wintergartenmarkise_asymmetrische Winterg\u00e4rten schr\u00e4nken bez\u00fcglich Beschattung nur unwesentlich ein_Warema\"\n\t\t\t\tdata-image-slug=\"wintergartenmarkise_asymmetrische-winterg%c3%a4rten-schr%c3%a4nken-bez%c3%bcglich-beschattung-nur-unwesentlich-ein_warema\"\n\t\t\t\tclass=\"ngg-simplelightbox\" rel=\"b1912b0a9b6c85b5d6e9fd95602fefa4\">\n\t\t\t\t<img\n\t\t\t\t\ttitle=\"Wintergartenmarkise_asymmetrische Winterg\u00e4rten schr\u00e4nken bez\u00fcglich Beschattung nur unwesentlich ein_Warema\"\n\t\t\t\t\talt=\"Wintergartenmarkise_asymmetrische Winterg\u00e4rten schr\u00e4nken bez\u00fcglich Beschattung nur unwesentlich ein_Warema\"\n\t\t\t\t\tsrc=\"http:\/\/www.schattendesign.at\/wp-content\/gallery\/wintergartenmarkise\/thumbs\/thumbs_Wintergartenmarkise_asymmetrische-Winterg%C3%A4rten-schr%C3%A4nken-bez%C3%BCglich-Beschattung-nur-unwesentlich-ein_Warema.jpg\"\n\t\t\t\t\twidth=\"240\"\n\t\t\t\t\theight=\"160\"\n\t\t\t\t\tstyle=\"max-width:100%;\"\n\t\t\t\t\/>\n\t\t\t<\/a>\n\t\t<\/div>\n\t\t\t\t\t\t\t<\/div> \n\t\t\t\n\t\t\t\t<div id=\"ngg-image-6\" class=\"ngg-gallery-thumbnail-box \n\t\t\t\t\t\t\t\t\t\t\t\" \n\t\t\t>\n\t\t\t\t\t\t<div class=\"ngg-gallery-thumbnail\">\n\t\t\t<a href=\"http:\/\/www.schattendesign.at\/wp-content\/gallery\/wintergartenmarkise\/Wintergartenmarkise_der-verh%C3%A4ltnism%C3%A4%C3%9Fig-kleine-Kasten-beinhaltet-Antrieb-Tuchwelle-und-Markisentuch_Warema.jpg\"\n\t\t\t\ttitle=\"Wintergartenmarkise_der verh\u00e4ltnism\u00e4\u00dfig kleine Kasten beinhaltet Antrieb, Tuchwelle und Markisentuch_Warema\"\n\t\t\t\tdata-src=\"http:\/\/www.schattendesign.at\/wp-content\/gallery\/wintergartenmarkise\/Wintergartenmarkise_der-verh%C3%A4ltnism%C3%A4%C3%9Fig-kleine-Kasten-beinhaltet-Antrieb-Tuchwelle-und-Markisentuch_Warema.jpg\"\n\t\t\t\tdata-thumbnail=\"http:\/\/www.schattendesign.at\/wp-content\/gallery\/wintergartenmarkise\/thumbs\/thumbs_Wintergartenmarkise_der-verh%C3%A4ltnism%C3%A4%C3%9Fig-kleine-Kasten-beinhaltet-Antrieb-Tuchwelle-und-Markisentuch_Warema.jpg\"\n\t\t\t\tdata-image-id=\"159\"\n\t\t\t\tdata-title=\"Wintergartenmarkise_der verh\u00e4ltnism\u00e4\u00dfig kleine Kasten beinhaltet Antrieb, Tuchwelle und Markisentuch_Warema\"\n\t\t\t\tdata-description=\"Wintergartenmarkise_der verh\u00e4ltnism\u00e4\u00dfig kleine Kasten beinhaltet Antrieb, Tuchwelle und Markisentuch_Warema\"\n\t\t\t\tdata-image-slug=\"wintergartenmarkise_der-verh%c3%a4ltnism%c3%a4%c3%9fig-kleine-kasten-beinhaltet-antrieb-tuchwelle-und-markisentuch_warema\"\n\t\t\t\tclass=\"ngg-simplelightbox\" rel=\"b1912b0a9b6c85b5d6e9fd95602fefa4\">\n\t\t\t\t<img\n\t\t\t\t\ttitle=\"Wintergartenmarkise_der verh\u00e4ltnism\u00e4\u00dfig kleine Kasten beinhaltet Antrieb, Tuchwelle und Markisentuch_Warema\"\n\t\t\t\t\talt=\"Wintergartenmarkise_der verh\u00e4ltnism\u00e4\u00dfig kleine Kasten beinhaltet Antrieb, Tuchwelle und Markisentuch_Warema\"\n\t\t\t\t\tsrc=\"http:\/\/www.schattendesign.at\/wp-content\/gallery\/wintergartenmarkise\/thumbs\/thumbs_Wintergartenmarkise_der-verh%C3%A4ltnism%C3%A4%C3%9Fig-kleine-Kasten-beinhaltet-Antrieb-Tuchwelle-und-Markisentuch_Warema.jpg\"\n\t\t\t\t\twidth=\"240\"\n\t\t\t\t\theight=\"160\"\n\t\t\t\t\tstyle=\"max-width:100%;\"\n\t\t\t\t\/>\n\t\t\t<\/a>\n\t\t<\/div>\n\t\t\t\t\t\t\t<\/div> \n\t\t\t\n\t\t\t\t<div id=\"ngg-image-7\" class=\"ngg-gallery-thumbnail-box \n\t\t\t\t\t\t\t\t\t\t\t\" \n\t\t\t>\n\t\t\t\t\t\t<div class=\"ngg-gallery-thumbnail\">\n\t\t\t<a href=\"http:\/\/www.schattendesign.at\/wp-content\/gallery\/wintergartenmarkise\/Wintergartenmarkise_eine-ideale-Aufglasdachbeschattung-die-vor-%C3%9Cberhitzung-auf-der-Terrasse-sch%C3%BCtzt_WOUNDWO.jpg\"\n\t\t\t\ttitle=\"Wintergartenmarkise_eine ideale Aufglasdachbeschattung, die vor \u00dcberhitzung auf der Terrasse sch\u00fctzt_WOUNDWO\"\n\t\t\t\tdata-src=\"http:\/\/www.schattendesign.at\/wp-content\/gallery\/wintergartenmarkise\/Wintergartenmarkise_eine-ideale-Aufglasdachbeschattung-die-vor-%C3%9Cberhitzung-auf-der-Terrasse-sch%C3%BCtzt_WOUNDWO.jpg\"\n\t\t\t\tdata-thumbnail=\"http:\/\/www.schattendesign.at\/wp-content\/gallery\/wintergartenmarkise\/thumbs\/thumbs_Wintergartenmarkise_eine-ideale-Aufglasdachbeschattung-die-vor-%C3%9Cberhitzung-auf-der-Terrasse-sch%C3%BCtzt_WOUNDWO.jpg\"\n\t\t\t\tdata-image-id=\"160\"\n\t\t\t\tdata-title=\"Wintergartenmarkise_eine ideale Aufglasdachbeschattung, die vor \u00dcberhitzung auf der Terrasse sch\u00fctzt_WOUNDWO\"\n\t\t\t\tdata-description=\"Wintergartenmarkise_eine ideale Aufglasdachbeschattung, die vor \u00dcberhitzung auf der Terrasse sch\u00fctzt_WOUNDWO\"\n\t\t\t\tdata-image-slug=\"wintergartenmarkise_eine-ideale-aufglasdachbeschattung-die-vor-%c3%bcberhitzung-auf-der-terrasse-sch%c3%bctzt_woundwo\"\n\t\t\t\tclass=\"ngg-simplelightbox\" rel=\"b1912b0a9b6c85b5d6e9fd95602fefa4\">\n\t\t\t\t<img\n\t\t\t\t\ttitle=\"Wintergartenmarkise_eine ideale Aufglasdachbeschattung, die vor \u00dcberhitzung auf der Terrasse sch\u00fctzt_WOUNDWO\"\n\t\t\t\t\talt=\"Wintergartenmarkise_eine ideale Aufglasdachbeschattung, die vor \u00dcberhitzung auf der Terrasse sch\u00fctzt_WOUNDWO\"\n\t\t\t\t\tsrc=\"http:\/\/www.schattendesign.at\/wp-content\/gallery\/wintergartenmarkise\/thumbs\/thumbs_Wintergartenmarkise_eine-ideale-Aufglasdachbeschattung-die-vor-%C3%9Cberhitzung-auf-der-Terrasse-sch%C3%BCtzt_WOUNDWO.jpg\"\n\t\t\t\t\twidth=\"240\"\n\t\t\t\t\theight=\"160\"\n\t\t\t\t\tstyle=\"max-width:100%;\"\n\t\t\t\t\/>\n\t\t\t<\/a>\n\t\t<\/div>\n\t\t\t\t\t\t\t<\/div> \n\t\t\t\n\t\t\t\t<div id=\"ngg-image-8\" class=\"ngg-gallery-thumbnail-box \n\t\t\t\t\t\t\t\t\t\t\t\" \n\t\t\t>\n\t\t\t\t\t\t<div class=\"ngg-gallery-thumbnail\">\n\t\t\t<a href=\"http:\/\/www.schattendesign.at\/wp-content\/gallery\/wintergartenmarkise\/Wintergartenmarkise_intelligente-Steuerung-f%C3%BCr-mehr-Komfort_Warema.jpg\"\n\t\t\t\ttitle=\"Wintergartenmarkise_intelligente Steuerung f\u00fcr mehr Komfort_Warema\"\n\t\t\t\tdata-src=\"http:\/\/www.schattendesign.at\/wp-content\/gallery\/wintergartenmarkise\/Wintergartenmarkise_intelligente-Steuerung-f%C3%BCr-mehr-Komfort_Warema.jpg\"\n\t\t\t\tdata-thumbnail=\"http:\/\/www.schattendesign.at\/wp-content\/gallery\/wintergartenmarkise\/thumbs\/thumbs_Wintergartenmarkise_intelligente-Steuerung-f%C3%BCr-mehr-Komfort_Warema.jpg\"\n\t\t\t\tdata-image-id=\"161\"\n\t\t\t\tdata-title=\"Wintergartenmarkise_intelligente Steuerung f\u00fcr mehr Komfort_Warema\"\n\t\t\t\tdata-description=\"Wintergartenmarkise_intelligente Steuerung f\u00fcr mehr Komfort_Warema\"\n\t\t\t\tdata-image-slug=\"wintergartenmarkise_intelligente-steuerung-f%c3%bcr-mehr-komfort_warema\"\n\t\t\t\tclass=\"ngg-simplelightbox\" rel=\"b1912b0a9b6c85b5d6e9fd95602fefa4\">\n\t\t\t\t<img\n\t\t\t\t\ttitle=\"Wintergartenmarkise_intelligente Steuerung f\u00fcr mehr Komfort_Warema\"\n\t\t\t\t\talt=\"Wintergartenmarkise_intelligente Steuerung f\u00fcr mehr Komfort_Warema\"\n\t\t\t\t\tsrc=\"http:\/\/www.schattendesign.at\/wp-content\/gallery\/wintergartenmarkise\/thumbs\/thumbs_Wintergartenmarkise_intelligente-Steuerung-f%C3%BCr-mehr-Komfort_Warema.jpg\"\n\t\t\t\t\twidth=\"240\"\n\t\t\t\t\theight=\"160\"\n\t\t\t\t\tstyle=\"max-width:100%;\"\n\t\t\t\t\/>\n\t\t\t<\/a>\n\t\t<\/div>\n\t\t\t\t\t\t\t<\/div> \n\t\t\t\n\t\t\t\t<div id=\"ngg-image-9\" class=\"ngg-gallery-thumbnail-box \n\t\t\t\t\t\t\t\t\t\t\t\" \n\t\t\t>\n\t\t\t\t\t\t<div class=\"ngg-gallery-thumbnail\">\n\t\t\t<a href=\"http:\/\/www.schattendesign.at\/wp-content\/gallery\/wintergartenmarkise\/Wintergartenmarkise_kein-Lichtspalt-zwischen-F%C3%BChrungsschiene-und-Markisentuch_Warema.jpg\"\n\t\t\t\ttitle=\"Wintergartenmarkise_kein Lichtspalt zwischen F\u00fchrungsschiene und Markisentuch_Warema\"\n\t\t\t\tdata-src=\"http:\/\/www.schattendesign.at\/wp-content\/gallery\/wintergartenmarkise\/Wintergartenmarkise_kein-Lichtspalt-zwischen-F%C3%BChrungsschiene-und-Markisentuch_Warema.jpg\"\n\t\t\t\tdata-thumbnail=\"http:\/\/www.schattendesign.at\/wp-content\/gallery\/wintergartenmarkise\/thumbs\/thumbs_Wintergartenmarkise_kein-Lichtspalt-zwischen-F%C3%BChrungsschiene-und-Markisentuch_Warema.jpg\"\n\t\t\t\tdata-image-id=\"162\"\n\t\t\t\tdata-title=\"Wintergartenmarkise_kein Lichtspalt zwischen F\u00fchrungsschiene und Markisentuch_Warema\"\n\t\t\t\tdata-description=\"Wintergartenmarkise_kein Lichtspalt zwischen F\u00fchrungsschiene und Markisentuch_Warema\"\n\t\t\t\tdata-image-slug=\"wintergartenmarkise_kein-lichtspalt-zwischen-f%c3%bchrungsschiene-und-markisentuch_warema\"\n\t\t\t\tclass=\"ngg-simplelightbox\" rel=\"b1912b0a9b6c85b5d6e9fd95602fefa4\">\n\t\t\t\t<img\n\t\t\t\t\ttitle=\"Wintergartenmarkise_kein Lichtspalt zwischen F\u00fchrungsschiene und Markisentuch_Warema\"\n\t\t\t\t\talt=\"Wintergartenmarkise_kein Lichtspalt zwischen F\u00fchrungsschiene und Markisentuch_Warema\"\n\t\t\t\t\tsrc=\"http:\/\/www.schattendesign.at\/wp-content\/gallery\/wintergartenmarkise\/thumbs\/thumbs_Wintergartenmarkise_kein-Lichtspalt-zwischen-F%C3%BChrungsschiene-und-Markisentuch_Warema.jpg\"\n\t\t\t\t\twidth=\"240\"\n\t\t\t\t\theight=\"160\"\n\t\t\t\t\tstyle=\"max-width:100%;\"\n\t\t\t\t\/>\n\t\t\t<\/a>\n\t\t<\/div>\n\t\t\t\t\t\t\t<\/div> \n\t\t\t\n\t\n\t<br style=\"clear: both\" \/>\n\n\t\n\t\t<!-- Pagination -->\n\t\t<div class='ngg-clear'><\/div>\t<\/div>\n\n","protected":false},"excerpt":{"rendered":"<p>Mit einer Wintergartenmarkise schaffen Sie sich zus\u00e4tzlich zu Ihrem Wohlf\u00fchlraum auch das richtige Wohlf\u00fchlklima in Ihrem Wintergarten. Flexible Montagearten helfen bei der Umsetzung und gew\u00e4hrleisten eine sichere Konstruktion. Hinter dem Sattler-Logo auf der Startseite verbirgt sich der Design Selector zur Markisentuchauswahl.<\/p>\n","protected":false},"author":1,"featured_media":0,"parent":0,"menu_order":0,"comment_status":"closed","ping_status":"closed","template":"","meta":{"ngg_post_thumbnail":0,"footnotes":""},"_links":{"self":[{"href":"http:\/\/www.schattendesign.at\/index.php?rest_route=\/wp\/v2\/pages\/207"}],"collection":[{"href":"http:\/\/www.schattendesign.at\/index.php?rest_route=\/wp\/v2\/pages"}],"about":[{"href":"http:\/\/www.schattendesign.at\/index.php?rest_route=\/wp\/v2\/types\/page"}],"author":[{"embeddable":true,"href":"http:\/\/www.schattendesign.at\/index.php?rest_route=\/wp\/v2\/users\/1"}],"replies":[{"embeddable":true,"href":"http:\/\/www.schattendesign.at\/index.php?rest_route=%2Fwp%2Fv2%2Fcomments&post=207"}],"version-history":[{"count":6,"href":"http:\/\/www.schattendesign.at\/index.php?rest_route=\/wp\/v2\/pages\/207\/revisions"}],"predecessor-version":[{"id":682,"href":"http:\/\/www.schattendesign.at\/index.php?rest_route=\/wp\/v2\/pages\/207\/revisions\/682"}],"wp:attachment":[{"href":"http:\/\/www.schattendesign.at\/index.php?rest_route=%2Fwp%2Fv2%2Fmedia&parent=207"}],"curies":[{"name":"wp","href":"https:\/\/api.w.org\/{rel}","templated":true}]}}