{"id":204,"date":"2020-05-04T19:57:39","date_gmt":"2020-05-04T17:57:39","guid":{"rendered":"http:\/\/www.schattendesign.at\/wordpress\/?page_id=204"},"modified":"2020-06-03T19:18:35","modified_gmt":"2020-06-03T17:18:35","slug":"204-2","status":"publish","type":"page","link":"http:\/\/www.schattendesign.at\/?page_id=204","title":{"rendered":"Senkrechtmarkise"},"content":{"rendered":"<p style=\"text-align: justify;\">Senkrechtmarkisen bieten Ihnen einen soliden textilen Sonnenschutz bei gleichzeitiger Transparenz nach drau\u00dfen. So sch\u00fctzen Sie sich um Ihre Liebsten und genie\u00dfen trotzdem die Aussicht in Ihre Umgebung.<\/p>\n<!-- default-view.php -->\n<div\n\tclass=\"ngg-galleryoverview default-view \n\t\t\"\n\tid=\"ngg-gallery-d18d1c11d3b65ccefe450fdb72813dca-1\">\n\n\t\t<!-- Thumbnails -->\n\t\t\t\t<div id=\"ngg-image-0\" class=\"ngg-gallery-thumbnail-box \n\t\t\t\t\t\t\t\t\t\t\t\" \n\t\t\t>\n\t\t\t\t\t\t<div class=\"ngg-gallery-thumbnail\">\n\t\t\t<a href=\"http:\/\/www.schattendesign.at\/wp-content\/gallery\/senkrechtmarkise\/Senkrechtmarkise_durch-die-Wahl-des-richtigen-Stoffes-wird-die-Durchsicht-nach-drau%C3%9Fen-gew%C3%A4hrleistet_Warema.jpg\"\n\t\t\t\ttitle=\"Senkrechtmarkise_durch die Wahl des richtigen Stoffes wird die Durchsicht nach drau\u00dfen gew\u00e4hrleistet_Warema\"\n\t\t\t\tdata-src=\"http:\/\/www.schattendesign.at\/wp-content\/gallery\/senkrechtmarkise\/Senkrechtmarkise_durch-die-Wahl-des-richtigen-Stoffes-wird-die-Durchsicht-nach-drau%C3%9Fen-gew%C3%A4hrleistet_Warema.jpg\"\n\t\t\t\tdata-thumbnail=\"http:\/\/www.schattendesign.at\/wp-content\/gallery\/senkrechtmarkise\/thumbs\/thumbs_Senkrechtmarkise_durch-die-Wahl-des-richtigen-Stoffes-wird-die-Durchsicht-nach-drau%C3%9Fen-gew%C3%A4hrleistet_Warema.jpg\"\n\t\t\t\tdata-image-id=\"143\"\n\t\t\t\tdata-title=\"Senkrechtmarkise_durch die Wahl des richtigen Stoffes wird die Durchsicht nach drau\u00dfen gew\u00e4hrleistet_Warema\"\n\t\t\t\tdata-description=\"Senkrechtmarkise_durch die Wahl des richtigen Stoffes wird die Durchsicht nach drau\u00dfen gew\u00e4hrleistet_Warema\"\n\t\t\t\tdata-image-slug=\"senkrechtmarkise_durch-die-wahl-des-richtigen-stoffes-wird-die-durchsicht-nach-drau%c3%9fen-gew%c3%a4hrleistet_warema\"\n\t\t\t\tclass=\"ngg-simplelightbox\" rel=\"d18d1c11d3b65ccefe450fdb72813dca\">\n\t\t\t\t<img\n\t\t\t\t\ttitle=\"Senkrechtmarkise_durch die Wahl des richtigen Stoffes wird die Durchsicht nach drau\u00dfen gew\u00e4hrleistet_Warema\"\n\t\t\t\t\talt=\"Senkrechtmarkise_durch die Wahl des richtigen Stoffes wird die Durchsicht nach drau\u00dfen gew\u00e4hrleistet_Warema\"\n\t\t\t\t\tsrc=\"http:\/\/www.schattendesign.at\/wp-content\/gallery\/senkrechtmarkise\/thumbs\/thumbs_Senkrechtmarkise_durch-die-Wahl-des-richtigen-Stoffes-wird-die-Durchsicht-nach-drau%C3%9Fen-gew%C3%A4hrleistet_Warema.jpg\"\n\t\t\t\t\twidth=\"240\"\n\t\t\t\t\theight=\"160\"\n\t\t\t\t\tstyle=\"max-width:100%;\"\n\t\t\t\t\/>\n\t\t\t<\/a>\n\t\t<\/div>\n\t\t\t\t\t\t\t<\/div> \n\t\t\t\n\t\t\t\t<div id=\"ngg-image-1\" class=\"ngg-gallery-thumbnail-box \n\t\t\t\t\t\t\t\t\t\t\t\" \n\t\t\t>\n\t\t\t\t\t\t<div class=\"ngg-gallery-thumbnail\">\n\t\t\t<a href=\"http:\/\/www.schattendesign.at\/wp-content\/gallery\/senkrechtmarkise\/Senkrechtmarkise_eine-der-Begleitfunktionen-von-klug-eingesetzten-Sonnenschutzprodukten-ist-der-Sichtschutz_Warema.jpg\"\n\t\t\t\ttitle=\"Senkrechtmarkise_eine der Begleitfunktionen von klug eingesetzten Sonnenschutzprodukten ist der Sichtschutz_Warema\"\n\t\t\t\tdata-src=\"http:\/\/www.schattendesign.at\/wp-content\/gallery\/senkrechtmarkise\/Senkrechtmarkise_eine-der-Begleitfunktionen-von-klug-eingesetzten-Sonnenschutzprodukten-ist-der-Sichtschutz_Warema.jpg\"\n\t\t\t\tdata-thumbnail=\"http:\/\/www.schattendesign.at\/wp-content\/gallery\/senkrechtmarkise\/thumbs\/thumbs_Senkrechtmarkise_eine-der-Begleitfunktionen-von-klug-eingesetzten-Sonnenschutzprodukten-ist-der-Sichtschutz_Warema.jpg\"\n\t\t\t\tdata-image-id=\"144\"\n\t\t\t\tdata-title=\"Senkrechtmarkise_eine der Begleitfunktionen von klug eingesetzten Sonnenschutzprodukten ist der Sichtschutz_Warema\"\n\t\t\t\tdata-description=\"Senkrechtmarkise_eine der Begleitfunktionen von klug eingesetzten Sonnenschutzprodukten ist der Sichtschutz_Warema\"\n\t\t\t\tdata-image-slug=\"senkrechtmarkise_eine-der-begleitfunktionen-von-klug-eingesetzten-sonnenschutzprodukten-ist-der-sichtschutz_warema\"\n\t\t\t\tclass=\"ngg-simplelightbox\" rel=\"d18d1c11d3b65ccefe450fdb72813dca\">\n\t\t\t\t<img\n\t\t\t\t\ttitle=\"Senkrechtmarkise_eine der Begleitfunktionen von klug eingesetzten Sonnenschutzprodukten ist der Sichtschutz_Warema\"\n\t\t\t\t\talt=\"Senkrechtmarkise_eine der Begleitfunktionen von klug eingesetzten Sonnenschutzprodukten ist der Sichtschutz_Warema\"\n\t\t\t\t\tsrc=\"http:\/\/www.schattendesign.at\/wp-content\/gallery\/senkrechtmarkise\/thumbs\/thumbs_Senkrechtmarkise_eine-der-Begleitfunktionen-von-klug-eingesetzten-Sonnenschutzprodukten-ist-der-Sichtschutz_Warema.jpg\"\n\t\t\t\t\twidth=\"240\"\n\t\t\t\t\theight=\"160\"\n\t\t\t\t\tstyle=\"max-width:100%;\"\n\t\t\t\t\/>\n\t\t\t<\/a>\n\t\t<\/div>\n\t\t\t\t\t\t\t<\/div> \n\t\t\t\n\t\t\t\t<div id=\"ngg-image-2\" class=\"ngg-gallery-thumbnail-box \n\t\t\t\t\t\t\t\t\t\t\t\" \n\t\t\t>\n\t\t\t\t\t\t<div class=\"ngg-gallery-thumbnail\">\n\t\t\t<a href=\"http:\/\/www.schattendesign.at\/wp-content\/gallery\/senkrechtmarkise\/Senkrechtmarkise_eine-spezielle-Art-der-Senkrechtmarkise-ist-die-Markisolette_WOUNDWO.jpg\"\n\t\t\t\ttitle=\"Senkrechtmarkise_eine spezielle Art der Senkrechtmarkise ist die Markisolette_WOUNDWO\"\n\t\t\t\tdata-src=\"http:\/\/www.schattendesign.at\/wp-content\/gallery\/senkrechtmarkise\/Senkrechtmarkise_eine-spezielle-Art-der-Senkrechtmarkise-ist-die-Markisolette_WOUNDWO.jpg\"\n\t\t\t\tdata-thumbnail=\"http:\/\/www.schattendesign.at\/wp-content\/gallery\/senkrechtmarkise\/thumbs\/thumbs_Senkrechtmarkise_eine-spezielle-Art-der-Senkrechtmarkise-ist-die-Markisolette_WOUNDWO.jpg\"\n\t\t\t\tdata-image-id=\"145\"\n\t\t\t\tdata-title=\"Senkrechtmarkise_eine spezielle Art der Senkrechtmarkise ist die Markisolette_WOUNDWO\"\n\t\t\t\tdata-description=\"Senkrechtmarkise_eine spezielle Art der Senkrechtmarkise ist die Markisolette_WOUNDWO\"\n\t\t\t\tdata-image-slug=\"senkrechtmarkise_eine-spezielle-art-der-senkrechtmarkise-ist-die-markisolette_woundwo\"\n\t\t\t\tclass=\"ngg-simplelightbox\" rel=\"d18d1c11d3b65ccefe450fdb72813dca\">\n\t\t\t\t<img\n\t\t\t\t\ttitle=\"Senkrechtmarkise_eine spezielle Art der Senkrechtmarkise ist die Markisolette_WOUNDWO\"\n\t\t\t\t\talt=\"Senkrechtmarkise_eine spezielle Art der Senkrechtmarkise ist die Markisolette_WOUNDWO\"\n\t\t\t\t\tsrc=\"http:\/\/www.schattendesign.at\/wp-content\/gallery\/senkrechtmarkise\/thumbs\/thumbs_Senkrechtmarkise_eine-spezielle-Art-der-Senkrechtmarkise-ist-die-Markisolette_WOUNDWO.jpg\"\n\t\t\t\t\twidth=\"240\"\n\t\t\t\t\theight=\"160\"\n\t\t\t\t\tstyle=\"max-width:100%;\"\n\t\t\t\t\/>\n\t\t\t<\/a>\n\t\t<\/div>\n\t\t\t\t\t\t\t<\/div> \n\t\t\t\n\t\t\t\t<div id=\"ngg-image-3\" class=\"ngg-gallery-thumbnail-box \n\t\t\t\t\t\t\t\t\t\t\t\" \n\t\t\t>\n\t\t\t\t\t\t<div class=\"ngg-gallery-thumbnail\">\n\t\t\t<a href=\"http:\/\/www.schattendesign.at\/wp-content\/gallery\/senkrechtmarkise\/Senkrechtmarkise_Fallarmmarkisen-sorgen-f%C3%BCr-ein-besonderes-mediterranes-Flair_Warema.jpg\"\n\t\t\t\ttitle=\"Senkrechtmarkise_Fallarmmarkisen sorgen f\u00fcr ein besonderes mediterranes Flair_Warema\"\n\t\t\t\tdata-src=\"http:\/\/www.schattendesign.at\/wp-content\/gallery\/senkrechtmarkise\/Senkrechtmarkise_Fallarmmarkisen-sorgen-f%C3%BCr-ein-besonderes-mediterranes-Flair_Warema.jpg\"\n\t\t\t\tdata-thumbnail=\"http:\/\/www.schattendesign.at\/wp-content\/gallery\/senkrechtmarkise\/thumbs\/thumbs_Senkrechtmarkise_Fallarmmarkisen-sorgen-f%C3%BCr-ein-besonderes-mediterranes-Flair_Warema.jpg\"\n\t\t\t\tdata-image-id=\"146\"\n\t\t\t\tdata-title=\"Senkrechtmarkise_Fallarmmarkisen sorgen f\u00fcr ein besonderes mediterranes Flair_Warema\"\n\t\t\t\tdata-description=\"Senkrechtmarkise_Fallarmmarkisen sorgen f\u00fcr ein besonderes mediterranes Flair_Warema\"\n\t\t\t\tdata-image-slug=\"senkrechtmarkise_fallarmmarkisen-sorgen-f%c3%bcr-ein-besonderes-mediterranes-flair_warema\"\n\t\t\t\tclass=\"ngg-simplelightbox\" rel=\"d18d1c11d3b65ccefe450fdb72813dca\">\n\t\t\t\t<img\n\t\t\t\t\ttitle=\"Senkrechtmarkise_Fallarmmarkisen sorgen f\u00fcr ein besonderes mediterranes Flair_Warema\"\n\t\t\t\t\talt=\"Senkrechtmarkise_Fallarmmarkisen sorgen f\u00fcr ein besonderes mediterranes Flair_Warema\"\n\t\t\t\t\tsrc=\"http:\/\/www.schattendesign.at\/wp-content\/gallery\/senkrechtmarkise\/thumbs\/thumbs_Senkrechtmarkise_Fallarmmarkisen-sorgen-f%C3%BCr-ein-besonderes-mediterranes-Flair_Warema.jpg\"\n\t\t\t\t\twidth=\"240\"\n\t\t\t\t\theight=\"160\"\n\t\t\t\t\tstyle=\"max-width:100%;\"\n\t\t\t\t\/>\n\t\t\t<\/a>\n\t\t<\/div>\n\t\t\t\t\t\t\t<\/div> \n\t\t\t\n\t\t\t\t<div id=\"ngg-image-4\" class=\"ngg-gallery-thumbnail-box \n\t\t\t\t\t\t\t\t\t\t\t\" \n\t\t\t>\n\t\t\t\t\t\t<div class=\"ngg-gallery-thumbnail\">\n\t\t\t<a href=\"http:\/\/www.schattendesign.at\/wp-content\/gallery\/senkrechtmarkise\/Senkrechtmarkise_in-die-Fassade-integriert-als-Unterputzl%C3%B6sung-ist-der-Kasten-nicht-sichtbar_WOUNDWO.jpg\"\n\t\t\t\ttitle=\"Senkrechtmarkise_in die Fassade integriert als Unterputzl\u00f6sung ist der Kasten nicht sichtbar_WOUNDWO\"\n\t\t\t\tdata-src=\"http:\/\/www.schattendesign.at\/wp-content\/gallery\/senkrechtmarkise\/Senkrechtmarkise_in-die-Fassade-integriert-als-Unterputzl%C3%B6sung-ist-der-Kasten-nicht-sichtbar_WOUNDWO.jpg\"\n\t\t\t\tdata-thumbnail=\"http:\/\/www.schattendesign.at\/wp-content\/gallery\/senkrechtmarkise\/thumbs\/thumbs_Senkrechtmarkise_in-die-Fassade-integriert-als-Unterputzl%C3%B6sung-ist-der-Kasten-nicht-sichtbar_WOUNDWO.jpg\"\n\t\t\t\tdata-image-id=\"147\"\n\t\t\t\tdata-title=\"Senkrechtmarkise_in die Fassade integriert als Unterputzl\u00f6sung ist der Kasten nicht sichtbar_WOUNDWOe-integriert-als-Unterputzl\u00f6sung-ist-der-Kasten-nicht-sichtbar_WOUNDWO\"\n\t\t\t\tdata-description=\"Senkrechtmarkise_in die Fassade integriert als Unterputzl\u00f6sung ist der Kasten nicht sichtbar_WOUNDWO\"\n\t\t\t\tdata-image-slug=\"senkrechtmarkise_in-die-fassade-integriert-als-unterputzl%c3%b6sung-ist-der-kasten-nicht-sichtbar_woundwo\"\n\t\t\t\tclass=\"ngg-simplelightbox\" rel=\"d18d1c11d3b65ccefe450fdb72813dca\">\n\t\t\t\t<img\n\t\t\t\t\ttitle=\"Senkrechtmarkise_in die Fassade integriert als Unterputzl\u00f6sung ist der Kasten nicht sichtbar_WOUNDWOe-integriert-als-Unterputzl\u00f6sung-ist-der-Kasten-nicht-sichtbar_WOUNDWO\"\n\t\t\t\t\talt=\"Senkrechtmarkise_in die Fassade integriert als Unterputzl\u00f6sung ist der Kasten nicht sichtbar_WOUNDWOe-integriert-als-Unterputzl\u00f6sung-ist-der-Kasten-nicht-sichtbar_WOUNDWO\"\n\t\t\t\t\tsrc=\"http:\/\/www.schattendesign.at\/wp-content\/gallery\/senkrechtmarkise\/thumbs\/thumbs_Senkrechtmarkise_in-die-Fassade-integriert-als-Unterputzl%C3%B6sung-ist-der-Kasten-nicht-sichtbar_WOUNDWO.jpg\"\n\t\t\t\t\twidth=\"240\"\n\t\t\t\t\theight=\"160\"\n\t\t\t\t\tstyle=\"max-width:100%;\"\n\t\t\t\t\/>\n\t\t\t<\/a>\n\t\t<\/div>\n\t\t\t\t\t\t\t<\/div> \n\t\t\t\n\t\t\t\t<div id=\"ngg-image-5\" class=\"ngg-gallery-thumbnail-box \n\t\t\t\t\t\t\t\t\t\t\t\" \n\t\t\t>\n\t\t\t\t\t\t<div class=\"ngg-gallery-thumbnail\">\n\t\t\t<a href=\"http:\/\/www.schattendesign.at\/wp-content\/gallery\/senkrechtmarkise\/Senkrechtmarkise_integriert-in-eine-Pergolamarkise-f%C3%BCr-wahres-Outdoor-Living_Warema.jpg\"\n\t\t\t\ttitle=\"Senkrechtmarkise_integriert in eine Pergolamarkise f\u00fcr wahres Outdoor Living_Warema\"\n\t\t\t\tdata-src=\"http:\/\/www.schattendesign.at\/wp-content\/gallery\/senkrechtmarkise\/Senkrechtmarkise_integriert-in-eine-Pergolamarkise-f%C3%BCr-wahres-Outdoor-Living_Warema.jpg\"\n\t\t\t\tdata-thumbnail=\"http:\/\/www.schattendesign.at\/wp-content\/gallery\/senkrechtmarkise\/thumbs\/thumbs_Senkrechtmarkise_integriert-in-eine-Pergolamarkise-f%C3%BCr-wahres-Outdoor-Living_Warema.jpg\"\n\t\t\t\tdata-image-id=\"148\"\n\t\t\t\tdata-title=\"Senkrechtmarkise_integriert in eine Pergolamarkise f\u00fcr wahres Outdoor Living_Warema\"\n\t\t\t\tdata-description=\"Senkrechtmarkise_integriert in eine Pergolamarkise f\u00fcr wahres Outdoor Living_Warema\"\n\t\t\t\tdata-image-slug=\"senkrechtmarkise_integriert-in-eine-pergolamarkise-f%c3%bcr-wahres-outdoor-living_warema\"\n\t\t\t\tclass=\"ngg-simplelightbox\" rel=\"d18d1c11d3b65ccefe450fdb72813dca\">\n\t\t\t\t<img\n\t\t\t\t\ttitle=\"Senkrechtmarkise_integriert in eine Pergolamarkise f\u00fcr wahres Outdoor Living_Warema\"\n\t\t\t\t\talt=\"Senkrechtmarkise_integriert in eine Pergolamarkise f\u00fcr wahres Outdoor Living_Warema\"\n\t\t\t\t\tsrc=\"http:\/\/www.schattendesign.at\/wp-content\/gallery\/senkrechtmarkise\/thumbs\/thumbs_Senkrechtmarkise_integriert-in-eine-Pergolamarkise-f%C3%BCr-wahres-Outdoor-Living_Warema.jpg\"\n\t\t\t\t\twidth=\"240\"\n\t\t\t\t\theight=\"160\"\n\t\t\t\t\tstyle=\"max-width:100%;\"\n\t\t\t\t\/>\n\t\t\t<\/a>\n\t\t<\/div>\n\t\t\t\t\t\t\t<\/div> \n\t\t\t\n\t\t\t\t<div id=\"ngg-image-6\" class=\"ngg-gallery-thumbnail-box \n\t\t\t\t\t\t\t\t\t\t\t\" \n\t\t\t>\n\t\t\t\t\t\t<div class=\"ngg-gallery-thumbnail\">\n\t\t\t<a href=\"http:\/\/www.schattendesign.at\/wp-content\/gallery\/senkrechtmarkise\/Senkrechtmarkise_mit-der-richtigen-Textil-und-Produktwahl-zur-Gro%C3%9Ffl%C3%A4chenbeschattung_Warema.jpg\"\n\t\t\t\ttitle=\"Senkrechtmarkise_mit der richtigen Textil- und Produktwahl zur Gro\u00dffl\u00e4chenbeschattung_Warema\"\n\t\t\t\tdata-src=\"http:\/\/www.schattendesign.at\/wp-content\/gallery\/senkrechtmarkise\/Senkrechtmarkise_mit-der-richtigen-Textil-und-Produktwahl-zur-Gro%C3%9Ffl%C3%A4chenbeschattung_Warema.jpg\"\n\t\t\t\tdata-thumbnail=\"http:\/\/www.schattendesign.at\/wp-content\/gallery\/senkrechtmarkise\/thumbs\/thumbs_Senkrechtmarkise_mit-der-richtigen-Textil-und-Produktwahl-zur-Gro%C3%9Ffl%C3%A4chenbeschattung_Warema.jpg\"\n\t\t\t\tdata-image-id=\"149\"\n\t\t\t\tdata-title=\"Senkrechtmarkise_mit der richtigen Textil- und Produktwahl zur Gro\u00dffl\u00e4chenbeschattung_Warema\"\n\t\t\t\tdata-description=\"Senkrechtmarkise_mit der richtigen Textil- und Produktwahl zur Gro\u00dffl\u00e4chenbeschattung_Warema\"\n\t\t\t\tdata-image-slug=\"senkrechtmarkise_mit-der-richtigen-textil-und-produktwahl-zur-gro%c3%9ffl%c3%a4chenbeschattung_warema\"\n\t\t\t\tclass=\"ngg-simplelightbox\" rel=\"d18d1c11d3b65ccefe450fdb72813dca\">\n\t\t\t\t<img\n\t\t\t\t\ttitle=\"Senkrechtmarkise_mit der richtigen Textil- und Produktwahl zur Gro\u00dffl\u00e4chenbeschattung_Warema\"\n\t\t\t\t\talt=\"Senkrechtmarkise_mit der richtigen Textil- und Produktwahl zur Gro\u00dffl\u00e4chenbeschattung_Warema\"\n\t\t\t\t\tsrc=\"http:\/\/www.schattendesign.at\/wp-content\/gallery\/senkrechtmarkise\/thumbs\/thumbs_Senkrechtmarkise_mit-der-richtigen-Textil-und-Produktwahl-zur-Gro%C3%9Ffl%C3%A4chenbeschattung_Warema.jpg\"\n\t\t\t\t\twidth=\"240\"\n\t\t\t\t\theight=\"160\"\n\t\t\t\t\tstyle=\"max-width:100%;\"\n\t\t\t\t\/>\n\t\t\t<\/a>\n\t\t<\/div>\n\t\t\t\t\t\t\t<\/div> \n\t\t\t\n\t\t\t\t<div id=\"ngg-image-7\" class=\"ngg-gallery-thumbnail-box \n\t\t\t\t\t\t\t\t\t\t\t\" \n\t\t\t>\n\t\t\t\t\t\t<div class=\"ngg-gallery-thumbnail\">\n\t\t\t<a href=\"http:\/\/www.schattendesign.at\/wp-content\/gallery\/senkrechtmarkise\/Senkrechtmarkise_mit-ZIP-F%C3%BChrung-als-Sonnen-Sicht-und-Wetterschutz-dank-hoher-Windstabilit%C3%A4t_Warema.jpg\"\n\t\t\t\ttitle=\"Senkrechtmarkise_mit ZIP-F\u00fchrung als Sonnen-, Sicht- und Wetterschutz dank hoher Windstabilit\u00e4t_Warema\"\n\t\t\t\tdata-src=\"http:\/\/www.schattendesign.at\/wp-content\/gallery\/senkrechtmarkise\/Senkrechtmarkise_mit-ZIP-F%C3%BChrung-als-Sonnen-Sicht-und-Wetterschutz-dank-hoher-Windstabilit%C3%A4t_Warema.jpg\"\n\t\t\t\tdata-thumbnail=\"http:\/\/www.schattendesign.at\/wp-content\/gallery\/senkrechtmarkise\/thumbs\/thumbs_Senkrechtmarkise_mit-ZIP-F%C3%BChrung-als-Sonnen-Sicht-und-Wetterschutz-dank-hoher-Windstabilit%C3%A4t_Warema.jpg\"\n\t\t\t\tdata-image-id=\"150\"\n\t\t\t\tdata-title=\"Senkrechtmarkise_mit ZIP-F\u00fchrung als Sonnen-, Sicht- und Wetterschutz dank hoher Windstabilit\u00e4t_Warema\"\n\t\t\t\tdata-description=\"Senkrechtmarkise_mit ZIP-F\u00fchrung als Sonnen-, Sicht- und Wetterschutz dank hoher Windstabilit\u00e4t_Warema\"\n\t\t\t\tdata-image-slug=\"senkrechtmarkise_mit-zip-f%c3%bchrung-als-sonnen-sicht-und-wetterschutz-dank-hoher-windstabilit%c3%a4t_warema\"\n\t\t\t\tclass=\"ngg-simplelightbox\" rel=\"d18d1c11d3b65ccefe450fdb72813dca\">\n\t\t\t\t<img\n\t\t\t\t\ttitle=\"Senkrechtmarkise_mit ZIP-F\u00fchrung als Sonnen-, Sicht- und Wetterschutz dank hoher Windstabilit\u00e4t_Warema\"\n\t\t\t\t\talt=\"Senkrechtmarkise_mit ZIP-F\u00fchrung als Sonnen-, Sicht- und Wetterschutz dank hoher Windstabilit\u00e4t_Warema\"\n\t\t\t\t\tsrc=\"http:\/\/www.schattendesign.at\/wp-content\/gallery\/senkrechtmarkise\/thumbs\/thumbs_Senkrechtmarkise_mit-ZIP-F%C3%BChrung-als-Sonnen-Sicht-und-Wetterschutz-dank-hoher-Windstabilit%C3%A4t_Warema.jpg\"\n\t\t\t\t\twidth=\"240\"\n\t\t\t\t\theight=\"160\"\n\t\t\t\t\tstyle=\"max-width:100%;\"\n\t\t\t\t\/>\n\t\t\t<\/a>\n\t\t<\/div>\n\t\t\t\t\t\t\t<\/div> \n\t\t\t\n\t\t\t\t<div id=\"ngg-image-8\" class=\"ngg-gallery-thumbnail-box \n\t\t\t\t\t\t\t\t\t\t\t\" \n\t\t\t>\n\t\t\t\t\t\t<div class=\"ngg-gallery-thumbnail\">\n\t\t\t<a href=\"http:\/\/www.schattendesign.at\/wp-content\/gallery\/senkrechtmarkise\/Senkrechtmarkise_seitliche-ZIP-F%C3%BChrung-aufgen%C3%A4hter-Reisverschluss-sorgt-f%C3%BCr-besondere-Windstabilit%C3%A4t_Warema.jpg\"\n\t\t\t\ttitle=\"Senkrechtmarkise_seitliche ZIP-F\u00fchrung (= aufgen\u00e4hter Reisverschluss) sorgt f\u00fcr besondere Windstabilit\u00e4t_Warema\"\n\t\t\t\tdata-src=\"http:\/\/www.schattendesign.at\/wp-content\/gallery\/senkrechtmarkise\/Senkrechtmarkise_seitliche-ZIP-F%C3%BChrung-aufgen%C3%A4hter-Reisverschluss-sorgt-f%C3%BCr-besondere-Windstabilit%C3%A4t_Warema.jpg\"\n\t\t\t\tdata-thumbnail=\"http:\/\/www.schattendesign.at\/wp-content\/gallery\/senkrechtmarkise\/thumbs\/thumbs_Senkrechtmarkise_seitliche-ZIP-F%C3%BChrung-aufgen%C3%A4hter-Reisverschluss-sorgt-f%C3%BCr-besondere-Windstabilit%C3%A4t_Warema.jpg\"\n\t\t\t\tdata-image-id=\"151\"\n\t\t\t\tdata-title=\"Senkrechtmarkise_seitliche ZIP-F\u00fchrung (= aufgen\u00e4hter Reisverschluss) sorgt f\u00fcr besondere Windstabilit\u00e4t_Warema\"\n\t\t\t\tdata-description=\"Senkrechtmarkise_seitliche ZIP-F\u00fchrung (= aufgen\u00e4hter Reisverschluss) sorgt f\u00fcr besondere Windstabilit\u00e4t_Warema\"\n\t\t\t\tdata-image-slug=\"senkrechtmarkise_seitliche-zip-f%c3%bchrung-aufgen%c3%a4hter-reisverschluss-sorgt-f%c3%bcr-besondere-windstabilit%c3%a4t_warema\"\n\t\t\t\tclass=\"ngg-simplelightbox\" rel=\"d18d1c11d3b65ccefe450fdb72813dca\">\n\t\t\t\t<img\n\t\t\t\t\ttitle=\"Senkrechtmarkise_seitliche ZIP-F\u00fchrung (= aufgen\u00e4hter Reisverschluss) sorgt f\u00fcr besondere Windstabilit\u00e4t_Warema\"\n\t\t\t\t\talt=\"Senkrechtmarkise_seitliche ZIP-F\u00fchrung (= aufgen\u00e4hter Reisverschluss) sorgt f\u00fcr besondere Windstabilit\u00e4t_Warema\"\n\t\t\t\t\tsrc=\"http:\/\/www.schattendesign.at\/wp-content\/gallery\/senkrechtmarkise\/thumbs\/thumbs_Senkrechtmarkise_seitliche-ZIP-F%C3%BChrung-aufgen%C3%A4hter-Reisverschluss-sorgt-f%C3%BCr-besondere-Windstabilit%C3%A4t_Warema.jpg\"\n\t\t\t\t\twidth=\"240\"\n\t\t\t\t\theight=\"160\"\n\t\t\t\t\tstyle=\"max-width:100%;\"\n\t\t\t\t\/>\n\t\t\t<\/a>\n\t\t<\/div>\n\t\t\t\t\t\t\t<\/div> \n\t\t\t\n\t\t\t\t<div id=\"ngg-image-9\" class=\"ngg-gallery-thumbnail-box \n\t\t\t\t\t\t\t\t\t\t\t\" \n\t\t\t>\n\t\t\t\t\t\t<div class=\"ngg-gallery-thumbnail\">\n\t\t\t<a href=\"http:\/\/www.schattendesign.at\/wp-content\/gallery\/senkrechtmarkise\/Senkrechtmarkise_verschiedene-Stoffdesigns-erm%C3%B6glichen-mehr-oder-weniger-Transparenz_WOUNDWO.jpg\"\n\t\t\t\ttitle=\"Senkrechtmarkise_verschiedene Stoffdesigns erm\u00f6glichen mehr oder weniger Transparenz_WOUNDWO\"\n\t\t\t\tdata-src=\"http:\/\/www.schattendesign.at\/wp-content\/gallery\/senkrechtmarkise\/Senkrechtmarkise_verschiedene-Stoffdesigns-erm%C3%B6glichen-mehr-oder-weniger-Transparenz_WOUNDWO.jpg\"\n\t\t\t\tdata-thumbnail=\"http:\/\/www.schattendesign.at\/wp-content\/gallery\/senkrechtmarkise\/thumbs\/thumbs_Senkrechtmarkise_verschiedene-Stoffdesigns-erm%C3%B6glichen-mehr-oder-weniger-Transparenz_WOUNDWO.jpg\"\n\t\t\t\tdata-image-id=\"152\"\n\t\t\t\tdata-title=\"Senkrechtmarkise_verschiedene Stoffdesigns erm\u00f6glichen mehr oder weniger Transparenz_WOUNDWO\"\n\t\t\t\tdata-description=\"Senkrechtmarkise_verschiedene Stoffdesigns erm\u00f6glichen mehr oder weniger Transparenz_WOUNDWO\"\n\t\t\t\tdata-image-slug=\"senkrechtmarkise_verschiedene-stoffdesigns-erm%c3%b6glichen-mehr-oder-weniger-transparenz_woundwo\"\n\t\t\t\tclass=\"ngg-simplelightbox\" rel=\"d18d1c11d3b65ccefe450fdb72813dca\">\n\t\t\t\t<img\n\t\t\t\t\ttitle=\"Senkrechtmarkise_verschiedene Stoffdesigns erm\u00f6glichen mehr oder weniger Transparenz_WOUNDWO\"\n\t\t\t\t\talt=\"Senkrechtmarkise_verschiedene Stoffdesigns erm\u00f6glichen mehr oder weniger Transparenz_WOUNDWO\"\n\t\t\t\t\tsrc=\"http:\/\/www.schattendesign.at\/wp-content\/gallery\/senkrechtmarkise\/thumbs\/thumbs_Senkrechtmarkise_verschiedene-Stoffdesigns-erm%C3%B6glichen-mehr-oder-weniger-Transparenz_WOUNDWO.jpg\"\n\t\t\t\t\twidth=\"240\"\n\t\t\t\t\theight=\"160\"\n\t\t\t\t\tstyle=\"max-width:100%;\"\n\t\t\t\t\/>\n\t\t\t<\/a>\n\t\t<\/div>\n\t\t\t\t\t\t\t<\/div> \n\t\t\t\n\t\n\t<br style=\"clear: both\" \/>\n\n\t\n\t\t<!-- Pagination -->\n\t\t<div class='ngg-clear'><\/div>\t<\/div>\n\n","protected":false},"excerpt":{"rendered":"<p>Senkrechtmarkisen bieten Ihnen einen soliden textilen Sonnenschutz bei gleichzeitiger Transparenz nach drau\u00dfen. So sch\u00fctzen Sie sich um Ihre Liebsten und genie\u00dfen trotzdem die Aussicht in Ihre Umgebung.<\/p>\n","protected":false},"author":1,"featured_media":0,"parent":0,"menu_order":0,"comment_status":"closed","ping_status":"closed","template":"","meta":{"ngg_post_thumbnail":0,"footnotes":""},"_links":{"self":[{"href":"http:\/\/www.schattendesign.at\/index.php?rest_route=\/wp\/v2\/pages\/204"}],"collection":[{"href":"http:\/\/www.schattendesign.at\/index.php?rest_route=\/wp\/v2\/pages"}],"about":[{"href":"http:\/\/www.schattendesign.at\/index.php?rest_route=\/wp\/v2\/types\/page"}],"author":[{"embeddable":true,"href":"http:\/\/www.schattendesign.at\/index.php?rest_route=\/wp\/v2\/users\/1"}],"replies":[{"embeddable":true,"href":"http:\/\/www.schattendesign.at\/index.php?rest_route=%2Fwp%2Fv2%2Fcomments&post=204"}],"version-history":[{"count":4,"href":"http:\/\/www.schattendesign.at\/index.php?rest_route=\/wp\/v2\/pages\/204\/revisions"}],"predecessor-version":[{"id":630,"href":"http:\/\/www.schattendesign.at\/index.php?rest_route=\/wp\/v2\/pages\/204\/revisions\/630"}],"wp:attachment":[{"href":"http:\/\/www.schattendesign.at\/index.php?rest_route=%2Fwp%2Fv2%2Fmedia&parent=204"}],"curies":[{"name":"wp","href":"https:\/\/api.w.org\/{rel}","templated":true}]}}