{"id":202,"date":"2020-05-04T19:57:34","date_gmt":"2020-05-04T17:57:34","guid":{"rendered":"http:\/\/www.schattendesign.at\/wordpress\/?page_id=202"},"modified":"2020-06-03T19:18:16","modified_gmt":"2020-06-03T17:18:16","slug":"seitenwandmarkise","status":"publish","type":"page","link":"http:\/\/www.schattendesign.at\/?page_id=202","title":{"rendered":"Seitenwandmarkise"},"content":{"rendered":"<p style=\"text-align: justify;\">Seitenwandmarkisen sind der ideale seitliche Sonnen- und Sichtschutz in G\u00e4rten, auf Balkonen und Terrassen.<\/p>\n<!-- default-view.php -->\n<div\n\tclass=\"ngg-galleryoverview default-view \n\t\t\"\n\tid=\"ngg-gallery-87f0e853557c285afa6b2682642967ce-1\">\n\n\t\t<!-- Thumbnails -->\n\t\t\t\t<div id=\"ngg-image-0\" class=\"ngg-gallery-thumbnail-box \n\t\t\t\t\t\t\t\t\t\t\t\" \n\t\t\t>\n\t\t\t\t\t\t<div class=\"ngg-gallery-thumbnail\">\n\t\t\t<a href=\"http:\/\/www.schattendesign.at\/wp-content\/gallery\/seitenwandmarkise\/Seitenwandmarkise_der-Schutz-Ihrer-Privatsph%C3%A4re-steht-an-erster-Stelle_WOUNDWO.jpg\"\n\t\t\t\ttitle=\"Seitenwandmarkise_der Schutz Ihrer Privatsph\u00e4re steht an erster Stelle_WOUNDWO\"\n\t\t\t\tdata-src=\"http:\/\/www.schattendesign.at\/wp-content\/gallery\/seitenwandmarkise\/Seitenwandmarkise_der-Schutz-Ihrer-Privatsph%C3%A4re-steht-an-erster-Stelle_WOUNDWO.jpg\"\n\t\t\t\tdata-thumbnail=\"http:\/\/www.schattendesign.at\/wp-content\/gallery\/seitenwandmarkise\/thumbs\/thumbs_Seitenwandmarkise_der-Schutz-Ihrer-Privatsph%C3%A4re-steht-an-erster-Stelle_WOUNDWO.jpg\"\n\t\t\t\tdata-image-id=\"140\"\n\t\t\t\tdata-title=\"Seitenwandmarkise_der Schutz Ihrer Privatsph\u00e4re steht an erster Stelle_WOUNDWO\"\n\t\t\t\tdata-description=\"Seitenwandmarkise_der Schutz Ihrer Privatsph\u00e4re steht an erster Stelle_WOUNDWO\"\n\t\t\t\tdata-image-slug=\"seitenwandmarkise_der-schutz-ihrer-privatsph%c3%a4re-steht-an-erster-stelle_woundwo\"\n\t\t\t\tclass=\"ngg-simplelightbox\" rel=\"87f0e853557c285afa6b2682642967ce\">\n\t\t\t\t<img\n\t\t\t\t\ttitle=\"Seitenwandmarkise_der Schutz Ihrer Privatsph\u00e4re steht an erster Stelle_WOUNDWO\"\n\t\t\t\t\talt=\"Seitenwandmarkise_der Schutz Ihrer Privatsph\u00e4re steht an erster Stelle_WOUNDWO\"\n\t\t\t\t\tsrc=\"http:\/\/www.schattendesign.at\/wp-content\/gallery\/seitenwandmarkise\/thumbs\/thumbs_Seitenwandmarkise_der-Schutz-Ihrer-Privatsph%C3%A4re-steht-an-erster-Stelle_WOUNDWO.jpg\"\n\t\t\t\t\twidth=\"240\"\n\t\t\t\t\theight=\"160\"\n\t\t\t\t\tstyle=\"max-width:100%;\"\n\t\t\t\t\/>\n\t\t\t<\/a>\n\t\t<\/div>\n\t\t\t\t\t\t\t<\/div> \n\t\t\t\n\t\t\t\t<div id=\"ngg-image-1\" class=\"ngg-gallery-thumbnail-box \n\t\t\t\t\t\t\t\t\t\t\t\" \n\t\t\t>\n\t\t\t\t\t\t<div class=\"ngg-gallery-thumbnail\">\n\t\t\t<a href=\"http:\/\/www.schattendesign.at\/wp-content\/gallery\/seitenwandmarkise\/Seitenwandmarkise_ein-idealer-Sonnen-und-Sichtschutz-auf-Ihrer-Terrasse_Warema.jpg\"\n\t\t\t\ttitle=\"Seitenwandmarkise_ein idealer Sonnen- und Sichtschutz auf Ihrer Terrasse_Warema\"\n\t\t\t\tdata-src=\"http:\/\/www.schattendesign.at\/wp-content\/gallery\/seitenwandmarkise\/Seitenwandmarkise_ein-idealer-Sonnen-und-Sichtschutz-auf-Ihrer-Terrasse_Warema.jpg\"\n\t\t\t\tdata-thumbnail=\"http:\/\/www.schattendesign.at\/wp-content\/gallery\/seitenwandmarkise\/thumbs\/thumbs_Seitenwandmarkise_ein-idealer-Sonnen-und-Sichtschutz-auf-Ihrer-Terrasse_Warema.jpg\"\n\t\t\t\tdata-image-id=\"141\"\n\t\t\t\tdata-title=\"Seitenwandmarkise_ein idealer Sonnen- und Sichtschutz auf Ihrer Terrasse_Warema\"\n\t\t\t\tdata-description=\"Seitenwandmarkise_ein idealer Sonnen- und Sichtschutz auf Ihrer Terrasse_Warema\"\n\t\t\t\tdata-image-slug=\"seitenwandmarkise_ein-idealer-sonnen-und-sichtschutz-auf-ihrer-terrasse_warema\"\n\t\t\t\tclass=\"ngg-simplelightbox\" rel=\"87f0e853557c285afa6b2682642967ce\">\n\t\t\t\t<img\n\t\t\t\t\ttitle=\"Seitenwandmarkise_ein idealer Sonnen- und Sichtschutz auf Ihrer Terrasse_Warema\"\n\t\t\t\t\talt=\"Seitenwandmarkise_ein idealer Sonnen- und Sichtschutz auf Ihrer Terrasse_Warema\"\n\t\t\t\t\tsrc=\"http:\/\/www.schattendesign.at\/wp-content\/gallery\/seitenwandmarkise\/thumbs\/thumbs_Seitenwandmarkise_ein-idealer-Sonnen-und-Sichtschutz-auf-Ihrer-Terrasse_Warema.jpg\"\n\t\t\t\t\twidth=\"240\"\n\t\t\t\t\theight=\"160\"\n\t\t\t\t\tstyle=\"max-width:100%;\"\n\t\t\t\t\/>\n\t\t\t<\/a>\n\t\t<\/div>\n\t\t\t\t\t\t\t<\/div> \n\t\t\t\n\t\t\t\t<div id=\"ngg-image-2\" class=\"ngg-gallery-thumbnail-box \n\t\t\t\t\t\t\t\t\t\t\t\" \n\t\t\t>\n\t\t\t\t\t\t<div class=\"ngg-gallery-thumbnail\">\n\t\t\t<a href=\"http:\/\/www.schattendesign.at\/wp-content\/gallery\/seitenwandmarkise\/Seitenwandmarkise_verschiedene-Montagem%C3%B6glichkeiten-wie-etwa-die-Br%C3%BCstungsmontage-sind-m%C3%B6glich_WOUNDWO.jpg\"\n\t\t\t\ttitle=\"Seitenwandmarkise_verschiedene Montagem\u00f6glichkeiten wie etwa die Br\u00fcstungsmontage sind m\u00f6glich_WOUNDWO\"\n\t\t\t\tdata-src=\"http:\/\/www.schattendesign.at\/wp-content\/gallery\/seitenwandmarkise\/Seitenwandmarkise_verschiedene-Montagem%C3%B6glichkeiten-wie-etwa-die-Br%C3%BCstungsmontage-sind-m%C3%B6glich_WOUNDWO.jpg\"\n\t\t\t\tdata-thumbnail=\"http:\/\/www.schattendesign.at\/wp-content\/gallery\/seitenwandmarkise\/thumbs\/thumbs_Seitenwandmarkise_verschiedene-Montagem%C3%B6glichkeiten-wie-etwa-die-Br%C3%BCstungsmontage-sind-m%C3%B6glich_WOUNDWO.jpg\"\n\t\t\t\tdata-image-id=\"142\"\n\t\t\t\tdata-title=\"Seitenwandmarkise_verschiedene Montagem\u00f6glichkeiten wie etwa die Br\u00fcstungsmontage sind m\u00f6glich_WOUNDWO\"\n\t\t\t\tdata-description=\"Seitenwandmarkise_verschiedene Montagem\u00f6glichkeiten wie etwa die Br\u00fcstungsmontage sind m\u00f6glich_WOUNDWO\"\n\t\t\t\tdata-image-slug=\"seitenwandmarkise_verschiedene-montagem%c3%b6glichkeiten-wie-etwa-die-br%c3%bcstungsmontage-sind-m%c3%b6glich_woundwo\"\n\t\t\t\tclass=\"ngg-simplelightbox\" rel=\"87f0e853557c285afa6b2682642967ce\">\n\t\t\t\t<img\n\t\t\t\t\ttitle=\"Seitenwandmarkise_verschiedene Montagem\u00f6glichkeiten wie etwa die Br\u00fcstungsmontage sind m\u00f6glich_WOUNDWO\"\n\t\t\t\t\talt=\"Seitenwandmarkise_verschiedene Montagem\u00f6glichkeiten wie etwa die Br\u00fcstungsmontage sind m\u00f6glich_WOUNDWO\"\n\t\t\t\t\tsrc=\"http:\/\/www.schattendesign.at\/wp-content\/gallery\/seitenwandmarkise\/thumbs\/thumbs_Seitenwandmarkise_verschiedene-Montagem%C3%B6glichkeiten-wie-etwa-die-Br%C3%BCstungsmontage-sind-m%C3%B6glich_WOUNDWO.jpg\"\n\t\t\t\t\twidth=\"240\"\n\t\t\t\t\theight=\"160\"\n\t\t\t\t\tstyle=\"max-width:100%;\"\n\t\t\t\t\/>\n\t\t\t<\/a>\n\t\t<\/div>\n\t\t\t\t\t\t\t<\/div> \n\t\t\t\n\t\t\t\t<div id=\"ngg-image-3\" class=\"ngg-gallery-thumbnail-box \n\t\t\t\t\t\t\t\t\t\t\t\" \n\t\t\t>\n\t\t\t\t\t\t<div class=\"ngg-gallery-thumbnail\">\n\t\t\t<a href=\"http:\/\/www.schattendesign.at\/wp-content\/gallery\/seitenwandmarkise\/Windwand_mehrere-Funktionen-wie-Wind-und-Sichtschutz-in-einem-Produkt-vereint_Bremetall.jpg\"\n\t\t\t\ttitle=\"Windwand_mehrere Funktionen wie Wind- und Sichtschutz in einem Produkt vereint_Bremetall\"\n\t\t\t\tdata-src=\"http:\/\/www.schattendesign.at\/wp-content\/gallery\/seitenwandmarkise\/Windwand_mehrere-Funktionen-wie-Wind-und-Sichtschutz-in-einem-Produkt-vereint_Bremetall.jpg\"\n\t\t\t\tdata-thumbnail=\"http:\/\/www.schattendesign.at\/wp-content\/gallery\/seitenwandmarkise\/thumbs\/thumbs_Windwand_mehrere-Funktionen-wie-Wind-und-Sichtschutz-in-einem-Produkt-vereint_Bremetall.jpg\"\n\t\t\t\tdata-image-id=\"269\"\n\t\t\t\tdata-title=\"Windwand_mehrere Funktionen wie Wind- und Sichtschutz in einem Produkt vereint_Bremetall\"\n\t\t\t\tdata-description=\"Windwand_mehrere Funktionen wie Wind- und Sichtschutz in einem Produkt vereint_Bremetall\"\n\t\t\t\tdata-image-slug=\"windwand_mehrere-funktionen-wie-wind-und-sichtschutz-in-einem-produkt-vereint_bremetall\"\n\t\t\t\tclass=\"ngg-simplelightbox\" rel=\"87f0e853557c285afa6b2682642967ce\">\n\t\t\t\t<img\n\t\t\t\t\ttitle=\"Windwand_mehrere Funktionen wie Wind- und Sichtschutz in einem Produkt vereint_Bremetall\"\n\t\t\t\t\talt=\"Windwand_mehrere Funktionen wie Wind- und Sichtschutz in einem Produkt vereint_Bremetall\"\n\t\t\t\t\tsrc=\"http:\/\/www.schattendesign.at\/wp-content\/gallery\/seitenwandmarkise\/thumbs\/thumbs_Windwand_mehrere-Funktionen-wie-Wind-und-Sichtschutz-in-einem-Produkt-vereint_Bremetall.jpg\"\n\t\t\t\t\twidth=\"240\"\n\t\t\t\t\theight=\"160\"\n\t\t\t\t\tstyle=\"max-width:100%;\"\n\t\t\t\t\/>\n\t\t\t<\/a>\n\t\t<\/div>\n\t\t\t\t\t\t\t<\/div> \n\t\t\t\n\t\n\t<br style=\"clear: both\" \/>\n\n\t\n\t\t<!-- Pagination -->\n\t\t<div class='ngg-clear'><\/div>\t<\/div>\n\n","protected":false},"excerpt":{"rendered":"<p>Seitenwandmarkisen sind der ideale seitliche Sonnen- und Sichtschutz in G\u00e4rten, auf Balkonen und Terrassen.<\/p>\n","protected":false},"author":1,"featured_media":0,"parent":0,"menu_order":0,"comment_status":"closed","ping_status":"closed","template":"","meta":{"ngg_post_thumbnail":0,"footnotes":""},"_links":{"self":[{"href":"http:\/\/www.schattendesign.at\/index.php?rest_route=\/wp\/v2\/pages\/202"}],"collection":[{"href":"http:\/\/www.schattendesign.at\/index.php?rest_route=\/wp\/v2\/pages"}],"about":[{"href":"http:\/\/www.schattendesign.at\/index.php?rest_route=\/wp\/v2\/types\/page"}],"author":[{"embeddable":true,"href":"http:\/\/www.schattendesign.at\/index.php?rest_route=\/wp\/v2\/users\/1"}],"replies":[{"embeddable":true,"href":"http:\/\/www.schattendesign.at\/index.php?rest_route=%2Fwp%2Fv2%2Fcomments&post=202"}],"version-history":[{"count":3,"href":"http:\/\/www.schattendesign.at\/index.php?rest_route=\/wp\/v2\/pages\/202\/revisions"}],"predecessor-version":[{"id":629,"href":"http:\/\/www.schattendesign.at\/index.php?rest_route=\/wp\/v2\/pages\/202\/revisions\/629"}],"wp:attachment":[{"href":"http:\/\/www.schattendesign.at\/index.php?rest_route=%2Fwp%2Fv2%2Fmedia&parent=202"}],"curies":[{"name":"wp","href":"https:\/\/api.w.org\/{rel}","templated":true}]}}