{"id":198,"date":"2020-05-04T19:57:10","date_gmt":"2020-05-04T17:57:10","guid":{"rendered":"http:\/\/www.schattendesign.at\/wordpress\/?page_id=198"},"modified":"2020-06-03T19:08:02","modified_gmt":"2020-06-03T17:08:02","slug":"lamellendach","status":"publish","type":"page","link":"http:\/\/www.schattendesign.at\/?page_id=198","title":{"rendered":"Lamellendach"},"content":{"rendered":"<p style=\"text-align: justify;\">Lamellend\u00e4cher sind eine gro\u00dfartige M\u00f6glichkeit Freifl\u00e4chen oder Terrassen formsch\u00f6n zu beschatten und bieten unz\u00e4hlige Gestaltungsm\u00f6glichkeiten.<\/p>\n<!-- default-view.php -->\n<div\n\tclass=\"ngg-galleryoverview default-view \n\t\t\"\n\tid=\"ngg-gallery-2d394213adf8c887f4bc896f4aaa905a-1\">\n\n\t\t<!-- Thumbnails -->\n\t\t\t\t<div id=\"ngg-image-0\" class=\"ngg-gallery-thumbnail-box \n\t\t\t\t\t\t\t\t\t\t\t\" \n\t\t\t>\n\t\t\t\t\t\t<div class=\"ngg-gallery-thumbnail\">\n\t\t\t<a href=\"http:\/\/www.schattendesign.at\/wp-content\/gallery\/lamellendach\/Lamellendach_-die-Lamellen-bilden-je-nach-Produktausf%C3%BChrung-nach-dem-%C3%96ffnungsvorgang-ein-einseitiges-Paket_Warema.jpg\"\n\t\t\t\ttitle=\"Lamellendach_ die Lamellen bilden je nach Produktausf\u00fchrung nach dem \u00d6ffnungsvorgang ein einseitiges Paket_Warema\"\n\t\t\t\tdata-src=\"http:\/\/www.schattendesign.at\/wp-content\/gallery\/lamellendach\/Lamellendach_-die-Lamellen-bilden-je-nach-Produktausf%C3%BChrung-nach-dem-%C3%96ffnungsvorgang-ein-einseitiges-Paket_Warema.jpg\"\n\t\t\t\tdata-thumbnail=\"http:\/\/www.schattendesign.at\/wp-content\/gallery\/lamellendach\/thumbs\/thumbs_Lamellendach_-die-Lamellen-bilden-je-nach-Produktausf%C3%BChrung-nach-dem-%C3%96ffnungsvorgang-ein-einseitiges-Paket_Warema.jpg\"\n\t\t\t\tdata-image-id=\"115\"\n\t\t\t\tdata-title=\"Lamellendach_ die Lamellen bilden je nach Produktausf\u00fchrung nach dem \u00d6ffnungsvorgang ein einseitiges Paket_Warema\"\n\t\t\t\tdata-description=\"Lamellendach_ die Lamellen bilden je nach Produktausf\u00fchrung nach dem \u00d6ffnungsvorgang ein einseitiges Paket_Warema\"\n\t\t\t\tdata-image-slug=\"lamellendach_-die-lamellen-bilden-je-nach-produktausf%c3%bchrung-nach-dem-%c3%b6ffnungsvorgang-ein-einseitiges-paket_warema\"\n\t\t\t\tclass=\"ngg-simplelightbox\" rel=\"2d394213adf8c887f4bc896f4aaa905a\">\n\t\t\t\t<img\n\t\t\t\t\ttitle=\"Lamellendach_ die Lamellen bilden je nach Produktausf\u00fchrung nach dem \u00d6ffnungsvorgang ein einseitiges Paket_Warema\"\n\t\t\t\t\talt=\"Lamellendach_ die Lamellen bilden je nach Produktausf\u00fchrung nach dem \u00d6ffnungsvorgang ein einseitiges Paket_Warema\"\n\t\t\t\t\tsrc=\"http:\/\/www.schattendesign.at\/wp-content\/gallery\/lamellendach\/thumbs\/thumbs_Lamellendach_-die-Lamellen-bilden-je-nach-Produktausf%C3%BChrung-nach-dem-%C3%96ffnungsvorgang-ein-einseitiges-Paket_Warema.jpg\"\n\t\t\t\t\twidth=\"240\"\n\t\t\t\t\theight=\"160\"\n\t\t\t\t\tstyle=\"max-width:100%;\"\n\t\t\t\t\/>\n\t\t\t<\/a>\n\t\t<\/div>\n\t\t\t\t\t\t\t<\/div> \n\t\t\t\n\t\t\t\t<div id=\"ngg-image-1\" class=\"ngg-gallery-thumbnail-box \n\t\t\t\t\t\t\t\t\t\t\t\" \n\t\t\t>\n\t\t\t\t\t\t<div class=\"ngg-gallery-thumbnail\">\n\t\t\t<a href=\"http:\/\/www.schattendesign.at\/wp-content\/gallery\/lamellendach\/Lamellendach_auch-abends-steht-einem-Come-Together-dank-integrierter-LED-Beleuchtung-nichts-im-Wege_Warema.jpg\"\n\t\t\t\ttitle=\"Lamellendach_auch abends steht einem Come-Together dank integrierter LED-Beleuchtung nichts im Wege_Warema\"\n\t\t\t\tdata-src=\"http:\/\/www.schattendesign.at\/wp-content\/gallery\/lamellendach\/Lamellendach_auch-abends-steht-einem-Come-Together-dank-integrierter-LED-Beleuchtung-nichts-im-Wege_Warema.jpg\"\n\t\t\t\tdata-thumbnail=\"http:\/\/www.schattendesign.at\/wp-content\/gallery\/lamellendach\/thumbs\/thumbs_Lamellendach_auch-abends-steht-einem-Come-Together-dank-integrierter-LED-Beleuchtung-nichts-im-Wege_Warema.jpg\"\n\t\t\t\tdata-image-id=\"116\"\n\t\t\t\tdata-title=\"Lamellendach_auch abends steht einem Come-Together dank integrierter LED-Beleuchtung nichts im Wege_Warema\"\n\t\t\t\tdata-description=\"Lamellendach_auch abends steht einem Come-Together dank integrierter LED-Beleuchtung nichts im Wege_Warema\"\n\t\t\t\tdata-image-slug=\"lamellendach_auch-abends-steht-einem-come-together-dank-integrierter-led-beleuchtung-nichts-im-wege_warema\"\n\t\t\t\tclass=\"ngg-simplelightbox\" rel=\"2d394213adf8c887f4bc896f4aaa905a\">\n\t\t\t\t<img\n\t\t\t\t\ttitle=\"Lamellendach_auch abends steht einem Come-Together dank integrierter LED-Beleuchtung nichts im Wege_Warema\"\n\t\t\t\t\talt=\"Lamellendach_auch abends steht einem Come-Together dank integrierter LED-Beleuchtung nichts im Wege_Warema\"\n\t\t\t\t\tsrc=\"http:\/\/www.schattendesign.at\/wp-content\/gallery\/lamellendach\/thumbs\/thumbs_Lamellendach_auch-abends-steht-einem-Come-Together-dank-integrierter-LED-Beleuchtung-nichts-im-Wege_Warema.jpg\"\n\t\t\t\t\twidth=\"240\"\n\t\t\t\t\theight=\"160\"\n\t\t\t\t\tstyle=\"max-width:100%;\"\n\t\t\t\t\/>\n\t\t\t<\/a>\n\t\t<\/div>\n\t\t\t\t\t\t\t<\/div> \n\t\t\t\n\t\t\t\t<div id=\"ngg-image-2\" class=\"ngg-gallery-thumbnail-box \n\t\t\t\t\t\t\t\t\t\t\t\" \n\t\t\t>\n\t\t\t\t\t\t<div class=\"ngg-gallery-thumbnail\">\n\t\t\t<a href=\"http:\/\/www.schattendesign.at\/wp-content\/gallery\/lamellendach\/Lamellendach_bei-perfektem-Wind-und-Sichtschutz-die-Sonne-genie%C3%9Fen_Warema.jpg\"\n\t\t\t\ttitle=\"Lamellendach_bei perfektem Wind- und Sichtschutz die Sonne genie\u00dfen_Warema\"\n\t\t\t\tdata-src=\"http:\/\/www.schattendesign.at\/wp-content\/gallery\/lamellendach\/Lamellendach_bei-perfektem-Wind-und-Sichtschutz-die-Sonne-genie%C3%9Fen_Warema.jpg\"\n\t\t\t\tdata-thumbnail=\"http:\/\/www.schattendesign.at\/wp-content\/gallery\/lamellendach\/thumbs\/thumbs_Lamellendach_bei-perfektem-Wind-und-Sichtschutz-die-Sonne-genie%C3%9Fen_Warema.jpg\"\n\t\t\t\tdata-image-id=\"117\"\n\t\t\t\tdata-title=\"Lamellendach_bei perfektem Wind- und Sichtschutz die Sonne genie\u00dfen_Warema\"\n\t\t\t\tdata-description=\"Lamellendach_bei perfektem Wind- und Sichtschutz die Sonne genie\u00dfen_Warema\"\n\t\t\t\tdata-image-slug=\"lamellendach_bei-perfektem-wind-und-sichtschutz-die-sonne-genie%c3%9fen_warema\"\n\t\t\t\tclass=\"ngg-simplelightbox\" rel=\"2d394213adf8c887f4bc896f4aaa905a\">\n\t\t\t\t<img\n\t\t\t\t\ttitle=\"Lamellendach_bei perfektem Wind- und Sichtschutz die Sonne genie\u00dfen_Warema\"\n\t\t\t\t\talt=\"Lamellendach_bei perfektem Wind- und Sichtschutz die Sonne genie\u00dfen_Warema\"\n\t\t\t\t\tsrc=\"http:\/\/www.schattendesign.at\/wp-content\/gallery\/lamellendach\/thumbs\/thumbs_Lamellendach_bei-perfektem-Wind-und-Sichtschutz-die-Sonne-genie%C3%9Fen_Warema.jpg\"\n\t\t\t\t\twidth=\"240\"\n\t\t\t\t\theight=\"160\"\n\t\t\t\t\tstyle=\"max-width:100%;\"\n\t\t\t\t\/>\n\t\t\t<\/a>\n\t\t<\/div>\n\t\t\t\t\t\t\t<\/div> \n\t\t\t\n\t\t\t\t<div id=\"ngg-image-3\" class=\"ngg-gallery-thumbnail-box \n\t\t\t\t\t\t\t\t\t\t\t\" \n\t\t\t>\n\t\t\t\t\t\t<div class=\"ngg-gallery-thumbnail\">\n\t\t\t<a href=\"http:\/\/www.schattendesign.at\/wp-content\/gallery\/lamellendach\/Lamellendach_das-Lamellendach-h%C3%A4lt-was-es-verspricht_Warema.jpg\"\n\t\t\t\ttitle=\"Lamellendach_das Lamellendach h\u00e4lt was es verspricht_Warema\"\n\t\t\t\tdata-src=\"http:\/\/www.schattendesign.at\/wp-content\/gallery\/lamellendach\/Lamellendach_das-Lamellendach-h%C3%A4lt-was-es-verspricht_Warema.jpg\"\n\t\t\t\tdata-thumbnail=\"http:\/\/www.schattendesign.at\/wp-content\/gallery\/lamellendach\/thumbs\/thumbs_Lamellendach_das-Lamellendach-h%C3%A4lt-was-es-verspricht_Warema.jpg\"\n\t\t\t\tdata-image-id=\"118\"\n\t\t\t\tdata-title=\"Lamellendach_das Lamellendach h\u00e4lt was es verspricht_Warema\"\n\t\t\t\tdata-description=\"Lamellendach_das Lamellendach h\u00e4lt was es verspricht_Warema\"\n\t\t\t\tdata-image-slug=\"lamellendach_das-lamellendach-h%c3%a4lt-was-es-verspricht_warema\"\n\t\t\t\tclass=\"ngg-simplelightbox\" rel=\"2d394213adf8c887f4bc896f4aaa905a\">\n\t\t\t\t<img\n\t\t\t\t\ttitle=\"Lamellendach_das Lamellendach h\u00e4lt was es verspricht_Warema\"\n\t\t\t\t\talt=\"Lamellendach_das Lamellendach h\u00e4lt was es verspricht_Warema\"\n\t\t\t\t\tsrc=\"http:\/\/www.schattendesign.at\/wp-content\/gallery\/lamellendach\/thumbs\/thumbs_Lamellendach_das-Lamellendach-h%C3%A4lt-was-es-verspricht_Warema.jpg\"\n\t\t\t\t\twidth=\"240\"\n\t\t\t\t\theight=\"160\"\n\t\t\t\t\tstyle=\"max-width:100%;\"\n\t\t\t\t\/>\n\t\t\t<\/a>\n\t\t<\/div>\n\t\t\t\t\t\t\t<\/div> \n\t\t\t\n\t\t\t\t<div id=\"ngg-image-4\" class=\"ngg-gallery-thumbnail-box \n\t\t\t\t\t\t\t\t\t\t\t\" \n\t\t\t>\n\t\t\t\t\t\t<div class=\"ngg-gallery-thumbnail\">\n\t\t\t<a href=\"http:\/\/www.schattendesign.at\/wp-content\/gallery\/lamellendach\/Lamellendach_eine-freistehende-Wohlf%C3%BChloase-mit-westseitig-absenkbarer-Senkrechtmarkise_Warema.jpg\"\n\t\t\t\ttitle=\"Lamellendach_eine freistehende Wohlf\u00fchloase mit westseitig absenkbarer Senkrechtmarkise_Warema\"\n\t\t\t\tdata-src=\"http:\/\/www.schattendesign.at\/wp-content\/gallery\/lamellendach\/Lamellendach_eine-freistehende-Wohlf%C3%BChloase-mit-westseitig-absenkbarer-Senkrechtmarkise_Warema.jpg\"\n\t\t\t\tdata-thumbnail=\"http:\/\/www.schattendesign.at\/wp-content\/gallery\/lamellendach\/thumbs\/thumbs_Lamellendach_eine-freistehende-Wohlf%C3%BChloase-mit-westseitig-absenkbarer-Senkrechtmarkise_Warema.jpg\"\n\t\t\t\tdata-image-id=\"119\"\n\t\t\t\tdata-title=\"Lamellendach_eine freistehende Wohlf\u00fchloase mit westseitig absenkbarer Senkrechtmarkise_Warema\"\n\t\t\t\tdata-description=\"Lamellendach_eine freistehende Wohlf\u00fchloase mit westseitig absenkbarer Senkrechtmarkise_Warema\"\n\t\t\t\tdata-image-slug=\"lamellendach_eine-freistehende-wohlf%c3%bchloase-mit-westseitig-absenkbarer-senkrechtmarkise_warema\"\n\t\t\t\tclass=\"ngg-simplelightbox\" rel=\"2d394213adf8c887f4bc896f4aaa905a\">\n\t\t\t\t<img\n\t\t\t\t\ttitle=\"Lamellendach_eine freistehende Wohlf\u00fchloase mit westseitig absenkbarer Senkrechtmarkise_Warema\"\n\t\t\t\t\talt=\"Lamellendach_eine freistehende Wohlf\u00fchloase mit westseitig absenkbarer Senkrechtmarkise_Warema\"\n\t\t\t\t\tsrc=\"http:\/\/www.schattendesign.at\/wp-content\/gallery\/lamellendach\/thumbs\/thumbs_Lamellendach_eine-freistehende-Wohlf%C3%BChloase-mit-westseitig-absenkbarer-Senkrechtmarkise_Warema.jpg\"\n\t\t\t\t\twidth=\"240\"\n\t\t\t\t\theight=\"160\"\n\t\t\t\t\tstyle=\"max-width:100%;\"\n\t\t\t\t\/>\n\t\t\t<\/a>\n\t\t<\/div>\n\t\t\t\t\t\t\t<\/div> \n\t\t\t\n\t\t\t\t<div id=\"ngg-image-5\" class=\"ngg-gallery-thumbnail-box \n\t\t\t\t\t\t\t\t\t\t\t\" \n\t\t\t>\n\t\t\t\t\t\t<div class=\"ngg-gallery-thumbnail\">\n\t\t\t<a href=\"http:\/\/www.schattendesign.at\/wp-content\/gallery\/lamellendach\/Lamellendach_integrierte-LED-Strips-und-Senkrechtmarkisen-f%C3%BCr-noch-mehr-Privatsph%C3%A4re_Warema.jpg\"\n\t\t\t\ttitle=\"Lamellendach_integrierte LED-Strips und Senkrechtmarkisen f\u00fcr noch mehr Privatsph\u00e4re_Warema\"\n\t\t\t\tdata-src=\"http:\/\/www.schattendesign.at\/wp-content\/gallery\/lamellendach\/Lamellendach_integrierte-LED-Strips-und-Senkrechtmarkisen-f%C3%BCr-noch-mehr-Privatsph%C3%A4re_Warema.jpg\"\n\t\t\t\tdata-thumbnail=\"http:\/\/www.schattendesign.at\/wp-content\/gallery\/lamellendach\/thumbs\/thumbs_Lamellendach_integrierte-LED-Strips-und-Senkrechtmarkisen-f%C3%BCr-noch-mehr-Privatsph%C3%A4re_Warema.jpg\"\n\t\t\t\tdata-image-id=\"120\"\n\t\t\t\tdata-title=\"Lamellendach_integrierte LED-Strips und Senkrechtmarkisen f\u00fcr noch mehr Privatsph\u00e4re_Warema\"\n\t\t\t\tdata-description=\"Lamellendach_integrierte LED-Strips und Senkrechtmarkisen f\u00fcr noch mehr Privatsph\u00e4re_Warema\"\n\t\t\t\tdata-image-slug=\"lamellendach_integrierte-led-strips-und-senkrechtmarkisen-f%c3%bcr-noch-mehr-privatsph%c3%a4re_warema\"\n\t\t\t\tclass=\"ngg-simplelightbox\" rel=\"2d394213adf8c887f4bc896f4aaa905a\">\n\t\t\t\t<img\n\t\t\t\t\ttitle=\"Lamellendach_integrierte LED-Strips und Senkrechtmarkisen f\u00fcr noch mehr Privatsph\u00e4re_Warema\"\n\t\t\t\t\talt=\"Lamellendach_integrierte LED-Strips und Senkrechtmarkisen f\u00fcr noch mehr Privatsph\u00e4re_Warema\"\n\t\t\t\t\tsrc=\"http:\/\/www.schattendesign.at\/wp-content\/gallery\/lamellendach\/thumbs\/thumbs_Lamellendach_integrierte-LED-Strips-und-Senkrechtmarkisen-f%C3%BCr-noch-mehr-Privatsph%C3%A4re_Warema.jpg\"\n\t\t\t\t\twidth=\"240\"\n\t\t\t\t\theight=\"160\"\n\t\t\t\t\tstyle=\"max-width:100%;\"\n\t\t\t\t\/>\n\t\t\t<\/a>\n\t\t<\/div>\n\t\t\t\t\t\t\t<\/div> \n\t\t\t\n\t\t\t\t<div id=\"ngg-image-6\" class=\"ngg-gallery-thumbnail-box \n\t\t\t\t\t\t\t\t\t\t\t\" \n\t\t\t>\n\t\t\t\t\t\t<div class=\"ngg-gallery-thumbnail\">\n\t\t\t<a href=\"http:\/\/www.schattendesign.at\/wp-content\/gallery\/lamellendach\/Lamellendach_je-nach-Produktausf%C3%BChrung-nur-wendbare-oder-wend-und-verfahrbare-Lamellen_Warema.jpg\"\n\t\t\t\ttitle=\"Lamellendach_je nach Produktausf\u00fchrung nur wendbare oder wend- und verfahrbare Lamellen_Warema\"\n\t\t\t\tdata-src=\"http:\/\/www.schattendesign.at\/wp-content\/gallery\/lamellendach\/Lamellendach_je-nach-Produktausf%C3%BChrung-nur-wendbare-oder-wend-und-verfahrbare-Lamellen_Warema.jpg\"\n\t\t\t\tdata-thumbnail=\"http:\/\/www.schattendesign.at\/wp-content\/gallery\/lamellendach\/thumbs\/thumbs_Lamellendach_je-nach-Produktausf%C3%BChrung-nur-wendbare-oder-wend-und-verfahrbare-Lamellen_Warema.jpg\"\n\t\t\t\tdata-image-id=\"121\"\n\t\t\t\tdata-title=\"Lamellendach_je nach Produktausf\u00fchrung nur wendbare oder wend- und verfahrbare Lamellen_Warema\"\n\t\t\t\tdata-description=\"Lamellendach_je nach Produktausf\u00fchrung nur wendbare oder wend- und verfahrbare Lamellen_Warema\"\n\t\t\t\tdata-image-slug=\"lamellendach_je-nach-produktausf%c3%bchrung-nur-wendbare-oder-wend-und-verfahrbare-lamellen_warema\"\n\t\t\t\tclass=\"ngg-simplelightbox\" rel=\"2d394213adf8c887f4bc896f4aaa905a\">\n\t\t\t\t<img\n\t\t\t\t\ttitle=\"Lamellendach_je nach Produktausf\u00fchrung nur wendbare oder wend- und verfahrbare Lamellen_Warema\"\n\t\t\t\t\talt=\"Lamellendach_je nach Produktausf\u00fchrung nur wendbare oder wend- und verfahrbare Lamellen_Warema\"\n\t\t\t\t\tsrc=\"http:\/\/www.schattendesign.at\/wp-content\/gallery\/lamellendach\/thumbs\/thumbs_Lamellendach_je-nach-Produktausf%C3%BChrung-nur-wendbare-oder-wend-und-verfahrbare-Lamellen_Warema.jpg\"\n\t\t\t\t\twidth=\"240\"\n\t\t\t\t\theight=\"160\"\n\t\t\t\t\tstyle=\"max-width:100%;\"\n\t\t\t\t\/>\n\t\t\t<\/a>\n\t\t<\/div>\n\t\t\t\t\t\t\t<\/div> \n\t\t\t\n\t\t\t\t<div id=\"ngg-image-7\" class=\"ngg-gallery-thumbnail-box \n\t\t\t\t\t\t\t\t\t\t\t\" \n\t\t\t>\n\t\t\t\t\t\t<div class=\"ngg-gallery-thumbnail\">\n\t\t\t<a href=\"http:\/\/www.schattendesign.at\/wp-content\/gallery\/lamellendach\/Lamellendach_Outdoor-Living-wie-es-sch%C3%B6ner-nicht-sein-k%C3%B6nnte_Warema.jpg\"\n\t\t\t\ttitle=\"Lamellendach_Outdoor Living wie es sch\u00f6ner nicht sein k\u00f6nnte_Warema\"\n\t\t\t\tdata-src=\"http:\/\/www.schattendesign.at\/wp-content\/gallery\/lamellendach\/Lamellendach_Outdoor-Living-wie-es-sch%C3%B6ner-nicht-sein-k%C3%B6nnte_Warema.jpg\"\n\t\t\t\tdata-thumbnail=\"http:\/\/www.schattendesign.at\/wp-content\/gallery\/lamellendach\/thumbs\/thumbs_Lamellendach_Outdoor-Living-wie-es-sch%C3%B6ner-nicht-sein-k%C3%B6nnte_Warema.jpg\"\n\t\t\t\tdata-image-id=\"122\"\n\t\t\t\tdata-title=\"Lamellendach_Outdoor Living wie es sch\u00f6ner nicht sein k\u00f6nnte_Warema\"\n\t\t\t\tdata-description=\"Lamellendach_Outdoor Living wie es sch\u00f6ner nicht sein k\u00f6nnte_Warema\"\n\t\t\t\tdata-image-slug=\"lamellendach_outdoor-living-wie-es-sch%c3%b6ner-nicht-sein-k%c3%b6nnte_warema\"\n\t\t\t\tclass=\"ngg-simplelightbox\" rel=\"2d394213adf8c887f4bc896f4aaa905a\">\n\t\t\t\t<img\n\t\t\t\t\ttitle=\"Lamellendach_Outdoor Living wie es sch\u00f6ner nicht sein k\u00f6nnte_Warema\"\n\t\t\t\t\talt=\"Lamellendach_Outdoor Living wie es sch\u00f6ner nicht sein k\u00f6nnte_Warema\"\n\t\t\t\t\tsrc=\"http:\/\/www.schattendesign.at\/wp-content\/gallery\/lamellendach\/thumbs\/thumbs_Lamellendach_Outdoor-Living-wie-es-sch%C3%B6ner-nicht-sein-k%C3%B6nnte_Warema.jpg\"\n\t\t\t\t\twidth=\"240\"\n\t\t\t\t\theight=\"160\"\n\t\t\t\t\tstyle=\"max-width:100%;\"\n\t\t\t\t\/>\n\t\t\t<\/a>\n\t\t<\/div>\n\t\t\t\t\t\t\t<\/div> \n\t\t\t\n\t\t\t\t<div id=\"ngg-image-8\" class=\"ngg-gallery-thumbnail-box \n\t\t\t\t\t\t\t\t\t\t\t\" \n\t\t\t>\n\t\t\t\t\t\t<div class=\"ngg-gallery-thumbnail\">\n\t\t\t<a href=\"http:\/\/www.schattendesign.at\/wp-content\/gallery\/lamellendach\/Lamellendach_widrige-Umwelteinfl%C3%BCsse-k%C3%B6nnen-der-stabilen-Konstruktion-nichts-anhaben_Warema.jpg\"\n\t\t\t\ttitle=\"Lamellendach_widrige Umwelteinfl\u00fcsse k\u00f6nnen der stabilen Konstruktion nichts anhaben_Warema\"\n\t\t\t\tdata-src=\"http:\/\/www.schattendesign.at\/wp-content\/gallery\/lamellendach\/Lamellendach_widrige-Umwelteinfl%C3%BCsse-k%C3%B6nnen-der-stabilen-Konstruktion-nichts-anhaben_Warema.jpg\"\n\t\t\t\tdata-thumbnail=\"http:\/\/www.schattendesign.at\/wp-content\/gallery\/lamellendach\/thumbs\/thumbs_Lamellendach_widrige-Umwelteinfl%C3%BCsse-k%C3%B6nnen-der-stabilen-Konstruktion-nichts-anhaben_Warema.jpg\"\n\t\t\t\tdata-image-id=\"123\"\n\t\t\t\tdata-title=\"Lamellendach_widrige Umwelteinfl\u00fcsse k\u00f6nnen der stabilen Konstruktion nichts anhaben_Warema\"\n\t\t\t\tdata-description=\"Lamellendach_widrige Umwelteinfl\u00fcsse k\u00f6nnen der stabilen Konstruktion nichts anhaben_Warema\"\n\t\t\t\tdata-image-slug=\"lamellendach_widrige-umwelteinfl%c3%bcsse-k%c3%b6nnen-der-stabilen-konstruktion-nichts-anhaben_warema\"\n\t\t\t\tclass=\"ngg-simplelightbox\" rel=\"2d394213adf8c887f4bc896f4aaa905a\">\n\t\t\t\t<img\n\t\t\t\t\ttitle=\"Lamellendach_widrige Umwelteinfl\u00fcsse k\u00f6nnen der stabilen Konstruktion nichts anhaben_Warema\"\n\t\t\t\t\talt=\"Lamellendach_widrige Umwelteinfl\u00fcsse k\u00f6nnen der stabilen Konstruktion nichts anhaben_Warema\"\n\t\t\t\t\tsrc=\"http:\/\/www.schattendesign.at\/wp-content\/gallery\/lamellendach\/thumbs\/thumbs_Lamellendach_widrige-Umwelteinfl%C3%BCsse-k%C3%B6nnen-der-stabilen-Konstruktion-nichts-anhaben_Warema.jpg\"\n\t\t\t\t\twidth=\"240\"\n\t\t\t\t\theight=\"160\"\n\t\t\t\t\tstyle=\"max-width:100%;\"\n\t\t\t\t\/>\n\t\t\t<\/a>\n\t\t<\/div>\n\t\t\t\t\t\t\t<\/div> \n\t\t\t\n\t\n\t<br style=\"clear: both\" \/>\n\n\t\n\t\t<!-- Pagination -->\n\t\t<div class='ngg-clear'><\/div>\t<\/div>\n\n","protected":false},"excerpt":{"rendered":"<p>Lamellend\u00e4cher sind eine gro\u00dfartige M\u00f6glichkeit Freifl\u00e4chen oder Terrassen formsch\u00f6n zu beschatten und bieten unz\u00e4hlige Gestaltungsm\u00f6glichkeiten.<\/p>\n","protected":false},"author":1,"featured_media":0,"parent":0,"menu_order":0,"comment_status":"closed","ping_status":"closed","template":"","meta":{"ngg_post_thumbnail":0,"footnotes":""},"_links":{"self":[{"href":"http:\/\/www.schattendesign.at\/index.php?rest_route=\/wp\/v2\/pages\/198"}],"collection":[{"href":"http:\/\/www.schattendesign.at\/index.php?rest_route=\/wp\/v2\/pages"}],"about":[{"href":"http:\/\/www.schattendesign.at\/index.php?rest_route=\/wp\/v2\/types\/page"}],"author":[{"embeddable":true,"href":"http:\/\/www.schattendesign.at\/index.php?rest_route=\/wp\/v2\/users\/1"}],"replies":[{"embeddable":true,"href":"http:\/\/www.schattendesign.at\/index.php?rest_route=%2Fwp%2Fv2%2Fcomments&post=198"}],"version-history":[{"count":3,"href":"http:\/\/www.schattendesign.at\/index.php?rest_route=\/wp\/v2\/pages\/198\/revisions"}],"predecessor-version":[{"id":620,"href":"http:\/\/www.schattendesign.at\/index.php?rest_route=\/wp\/v2\/pages\/198\/revisions\/620"}],"wp:attachment":[{"href":"http:\/\/www.schattendesign.at\/index.php?rest_route=%2Fwp%2Fv2%2Fmedia&parent=198"}],"curies":[{"name":"wp","href":"https:\/\/api.w.org\/{rel}","templated":true}]}}