{"id":196,"date":"2020-05-04T19:56:59","date_gmt":"2020-05-04T17:56:59","guid":{"rendered":"http:\/\/www.schattendesign.at\/wordpress\/?page_id=196"},"modified":"2023-11-03T11:58:05","modified_gmt":"2023-11-03T10:58:05","slug":"sonnenschirm","status":"publish","type":"page","link":"http:\/\/www.schattendesign.at\/?page_id=196","title":{"rendered":"Sonnenschirm"},"content":{"rendered":"<p style=\"text-align: justify;\">Exklusive Sonnenschirme der Firma Glatz sorgen f\u00fcr den Privatbereich, die Gastronomie oder \u00f6ffentliche Einrichtungen genau dort f\u00fcr Schatten, wo Sie ihn ben\u00f6tigen.<\/p>\n<!-- default-view.php -->\n<div\n\tclass=\"ngg-galleryoverview default-view \n\t\t\"\n\tid=\"ngg-gallery-2fba46314ea9bac51ee8a83bb1665518-1\">\n\n\t\t<!-- Thumbnails -->\n\t\t\t\t<div id=\"ngg-image-0\" class=\"ngg-gallery-thumbnail-box \n\t\t\t\t\t\t\t\t\t\t\t\" \n\t\t\t>\n\t\t\t\t\t\t<div class=\"ngg-gallery-thumbnail\">\n\t\t\t<a href=\"http:\/\/www.schattendesign.at\/wp-content\/gallery\/sonnenschirm\/Nr.1.jpg\"\n\t\t\t\ttitle=\"Sonnenschirm_dank einer ausgekl\u00fcgelten Technik sind eingeschr\u00e4nkte Platzverh\u00e4ltnisse kein Hindernis_Glatz\"\n\t\t\t\tdata-src=\"http:\/\/www.schattendesign.at\/wp-content\/gallery\/sonnenschirm\/Nr.1.jpg\"\n\t\t\t\tdata-thumbnail=\"http:\/\/www.schattendesign.at\/wp-content\/gallery\/sonnenschirm\/thumbs\/thumbs_Nr.1.jpg\"\n\t\t\t\tdata-image-id=\"274\"\n\t\t\t\tdata-title=\"Sonnenschirm_dank einer ausgekl\u00fcgelten Technik sind eingeschr\u00e4nkte Platzverh\u00e4ltnisse kein Hindernis_Glatz\"\n\t\t\t\tdata-description=\"Sonnenschirm_dank einer ausgekl\u00fcgelten Technik sind eingeschr\u00e4nkte Platzverh\u00e4ltnisse kein Hindernis_Glatz\"\n\t\t\t\tdata-image-slug=\"nr-1\"\n\t\t\t\tclass=\"ngg-simplelightbox\" rel=\"2fba46314ea9bac51ee8a83bb1665518\">\n\t\t\t\t<img\n\t\t\t\t\ttitle=\"Sonnenschirm_dank einer ausgekl\u00fcgelten Technik sind eingeschr\u00e4nkte Platzverh\u00e4ltnisse kein Hindernis_Glatz\"\n\t\t\t\t\talt=\"Sonnenschirm_dank einer ausgekl\u00fcgelten Technik sind eingeschr\u00e4nkte Platzverh\u00e4ltnisse kein Hindernis_Glatz\"\n\t\t\t\t\tsrc=\"http:\/\/www.schattendesign.at\/wp-content\/gallery\/sonnenschirm\/thumbs\/thumbs_Nr.1.jpg\"\n\t\t\t\t\twidth=\"240\"\n\t\t\t\t\theight=\"160\"\n\t\t\t\t\tstyle=\"max-width:100%;\"\n\t\t\t\t\/>\n\t\t\t<\/a>\n\t\t<\/div>\n\t\t\t\t\t\t\t<\/div> \n\t\t\t\n\t\t\t\t<div id=\"ngg-image-1\" class=\"ngg-gallery-thumbnail-box \n\t\t\t\t\t\t\t\t\t\t\t\" \n\t\t\t>\n\t\t\t\t\t\t<div class=\"ngg-gallery-thumbnail\">\n\t\t\t<a href=\"http:\/\/www.schattendesign.at\/wp-content\/gallery\/sonnenschirm\/Nr.2.jpg\"\n\t\t\t\ttitle=\"Sonnenschirm_die Gastronomie w\u00e4re ohne den bew\u00e4hrten Sonnenschirm kaum vorstellbar_Glatz\"\n\t\t\t\tdata-src=\"http:\/\/www.schattendesign.at\/wp-content\/gallery\/sonnenschirm\/Nr.2.jpg\"\n\t\t\t\tdata-thumbnail=\"http:\/\/www.schattendesign.at\/wp-content\/gallery\/sonnenschirm\/thumbs\/thumbs_Nr.2.jpg\"\n\t\t\t\tdata-image-id=\"275\"\n\t\t\t\tdata-title=\"Sonnenschirm_die Gastronomie w\u00e4re ohne den bew\u00e4hrten Sonnenschirm kaum vorstellbar_Glatz\"\n\t\t\t\tdata-description=\"Sonnenschirm_die Gastronomie w\u00e4re ohne den bew\u00e4hrten Sonnenschirm kaum vorstellbar_Glatz\"\n\t\t\t\tdata-image-slug=\"nr-2\"\n\t\t\t\tclass=\"ngg-simplelightbox\" rel=\"2fba46314ea9bac51ee8a83bb1665518\">\n\t\t\t\t<img\n\t\t\t\t\ttitle=\"Sonnenschirm_die Gastronomie w\u00e4re ohne den bew\u00e4hrten Sonnenschirm kaum vorstellbar_Glatz\"\n\t\t\t\t\talt=\"Sonnenschirm_die Gastronomie w\u00e4re ohne den bew\u00e4hrten Sonnenschirm kaum vorstellbar_Glatz\"\n\t\t\t\t\tsrc=\"http:\/\/www.schattendesign.at\/wp-content\/gallery\/sonnenschirm\/thumbs\/thumbs_Nr.2.jpg\"\n\t\t\t\t\twidth=\"240\"\n\t\t\t\t\theight=\"160\"\n\t\t\t\t\tstyle=\"max-width:100%;\"\n\t\t\t\t\/>\n\t\t\t<\/a>\n\t\t<\/div>\n\t\t\t\t\t\t\t<\/div> \n\t\t\t\n\t\t\t\t<div id=\"ngg-image-2\" class=\"ngg-gallery-thumbnail-box \n\t\t\t\t\t\t\t\t\t\t\t\" \n\t\t\t>\n\t\t\t\t\t\t<div class=\"ngg-gallery-thumbnail\">\n\t\t\t<a href=\"http:\/\/www.schattendesign.at\/wp-content\/gallery\/sonnenschirm\/Nr.3.jpg\"\n\t\t\t\ttitle=\"Sonnenschirm_Farben und Formen sind kaum Grenzen gesetzt_Glatz\"\n\t\t\t\tdata-src=\"http:\/\/www.schattendesign.at\/wp-content\/gallery\/sonnenschirm\/Nr.3.jpg\"\n\t\t\t\tdata-thumbnail=\"http:\/\/www.schattendesign.at\/wp-content\/gallery\/sonnenschirm\/thumbs\/thumbs_Nr.3.jpg\"\n\t\t\t\tdata-image-id=\"276\"\n\t\t\t\tdata-title=\"Sonnenschirm_Farben und Formen sind kaum Grenzen gesetzt_Glatz\"\n\t\t\t\tdata-description=\"Sonnenschirm_Farben und Formen sind kaum Grenzen gesetzt_Glatz\"\n\t\t\t\tdata-image-slug=\"nr-3\"\n\t\t\t\tclass=\"ngg-simplelightbox\" rel=\"2fba46314ea9bac51ee8a83bb1665518\">\n\t\t\t\t<img\n\t\t\t\t\ttitle=\"Sonnenschirm_Farben und Formen sind kaum Grenzen gesetzt_Glatz\"\n\t\t\t\t\talt=\"Sonnenschirm_Farben und Formen sind kaum Grenzen gesetzt_Glatz\"\n\t\t\t\t\tsrc=\"http:\/\/www.schattendesign.at\/wp-content\/gallery\/sonnenschirm\/thumbs\/thumbs_Nr.3.jpg\"\n\t\t\t\t\twidth=\"240\"\n\t\t\t\t\theight=\"160\"\n\t\t\t\t\tstyle=\"max-width:100%;\"\n\t\t\t\t\/>\n\t\t\t<\/a>\n\t\t<\/div>\n\t\t\t\t\t\t\t<\/div> \n\t\t\t\n\t\t\t\t<div id=\"ngg-image-3\" class=\"ngg-gallery-thumbnail-box \n\t\t\t\t\t\t\t\t\t\t\t\" \n\t\t\t>\n\t\t\t\t\t\t<div class=\"ngg-gallery-thumbnail\">\n\t\t\t<a href=\"http:\/\/www.schattendesign.at\/wp-content\/gallery\/sonnenschirm\/Nr.4.jpg\"\n\t\t\t\ttitle=\"Sonnenschirm_f\u00fcr Dachterrassen aufgrund meist eingerschr\u00e4nkter Platzverh\u00e4ltnisse optimal geeignet_Glatz\"\n\t\t\t\tdata-src=\"http:\/\/www.schattendesign.at\/wp-content\/gallery\/sonnenschirm\/Nr.4.jpg\"\n\t\t\t\tdata-thumbnail=\"http:\/\/www.schattendesign.at\/wp-content\/gallery\/sonnenschirm\/thumbs\/thumbs_Nr.4.jpg\"\n\t\t\t\tdata-image-id=\"277\"\n\t\t\t\tdata-title=\"Sonnenschirm_f\u00fcr Dachterrassen aufgrund meist eingerschr\u00e4nkter Platzverh\u00e4ltnisse optimal geeignet_Glatz\"\n\t\t\t\tdata-description=\"Sonnenschirm_f\u00fcr Dachterrassen aufgrund meist eingerschr\u00e4nkter Platzverh\u00e4ltnisse optimal geeignet_Glatz\"\n\t\t\t\tdata-image-slug=\"nr-4\"\n\t\t\t\tclass=\"ngg-simplelightbox\" rel=\"2fba46314ea9bac51ee8a83bb1665518\">\n\t\t\t\t<img\n\t\t\t\t\ttitle=\"Sonnenschirm_f\u00fcr Dachterrassen aufgrund meist eingerschr\u00e4nkter Platzverh\u00e4ltnisse optimal geeignet_Glatz\"\n\t\t\t\t\talt=\"Sonnenschirm_f\u00fcr Dachterrassen aufgrund meist eingerschr\u00e4nkter Platzverh\u00e4ltnisse optimal geeignet_Glatz\"\n\t\t\t\t\tsrc=\"http:\/\/www.schattendesign.at\/wp-content\/gallery\/sonnenschirm\/thumbs\/thumbs_Nr.4.jpg\"\n\t\t\t\t\twidth=\"240\"\n\t\t\t\t\theight=\"160\"\n\t\t\t\t\tstyle=\"max-width:100%;\"\n\t\t\t\t\/>\n\t\t\t<\/a>\n\t\t<\/div>\n\t\t\t\t\t\t\t<\/div> \n\t\t\t\n\t\t\t\t<div id=\"ngg-image-4\" class=\"ngg-gallery-thumbnail-box \n\t\t\t\t\t\t\t\t\t\t\t\" \n\t\t\t>\n\t\t\t\t\t\t<div class=\"ngg-gallery-thumbnail\">\n\t\t\t<a href=\"http:\/\/www.schattendesign.at\/wp-content\/gallery\/sonnenschirm\/Nr.5.jpg\"\n\t\t\t\ttitle=\"Sonnenschirm_f\u00fcr Feriendomizile die ideale Beschattungsvariante f\u00fcr Freifl\u00e4chen_Glatz\"\n\t\t\t\tdata-src=\"http:\/\/www.schattendesign.at\/wp-content\/gallery\/sonnenschirm\/Nr.5.jpg\"\n\t\t\t\tdata-thumbnail=\"http:\/\/www.schattendesign.at\/wp-content\/gallery\/sonnenschirm\/thumbs\/thumbs_Nr.5.jpg\"\n\t\t\t\tdata-image-id=\"278\"\n\t\t\t\tdata-title=\"Sonnenschirm_f\u00fcr Feriendomizile die ideale Beschattungsvariante f\u00fcr Freifl\u00e4chen_Glatz\"\n\t\t\t\tdata-description=\"Sonnenschirm_f\u00fcr Feriendomizile die ideale Beschattungsvariante f\u00fcr Freifl\u00e4chen_Glatz\"\n\t\t\t\tdata-image-slug=\"nr-5\"\n\t\t\t\tclass=\"ngg-simplelightbox\" rel=\"2fba46314ea9bac51ee8a83bb1665518\">\n\t\t\t\t<img\n\t\t\t\t\ttitle=\"Sonnenschirm_f\u00fcr Feriendomizile die ideale Beschattungsvariante f\u00fcr Freifl\u00e4chen_Glatz\"\n\t\t\t\t\talt=\"Sonnenschirm_f\u00fcr Feriendomizile die ideale Beschattungsvariante f\u00fcr Freifl\u00e4chen_Glatz\"\n\t\t\t\t\tsrc=\"http:\/\/www.schattendesign.at\/wp-content\/gallery\/sonnenschirm\/thumbs\/thumbs_Nr.5.jpg\"\n\t\t\t\t\twidth=\"240\"\n\t\t\t\t\theight=\"160\"\n\t\t\t\t\tstyle=\"max-width:100%;\"\n\t\t\t\t\/>\n\t\t\t<\/a>\n\t\t<\/div>\n\t\t\t\t\t\t\t<\/div> \n\t\t\t\n\t\t\t\t<div id=\"ngg-image-5\" class=\"ngg-gallery-thumbnail-box \n\t\t\t\t\t\t\t\t\t\t\t\" \n\t\t\t>\n\t\t\t\t\t\t<div class=\"ngg-gallery-thumbnail\">\n\t\t\t<a href=\"http:\/\/www.schattendesign.at\/wp-content\/gallery\/sonnenschirm\/Nr.6.jpg\"\n\t\t\t\ttitle=\"Sonnenschirm_inklusive Granitsockel zur Beschwerung_Glatz\"\n\t\t\t\tdata-src=\"http:\/\/www.schattendesign.at\/wp-content\/gallery\/sonnenschirm\/Nr.6.jpg\"\n\t\t\t\tdata-thumbnail=\"http:\/\/www.schattendesign.at\/wp-content\/gallery\/sonnenschirm\/thumbs\/thumbs_Nr.6.jpg\"\n\t\t\t\tdata-image-id=\"279\"\n\t\t\t\tdata-title=\"Sonnenschirm_inklusive Granitsockel zur Beschwerung_Glatz\"\n\t\t\t\tdata-description=\"Sonnenschirm_inklusive Granitsockel zur Beschwerung_Glatz\"\n\t\t\t\tdata-image-slug=\"nr-6\"\n\t\t\t\tclass=\"ngg-simplelightbox\" rel=\"2fba46314ea9bac51ee8a83bb1665518\">\n\t\t\t\t<img\n\t\t\t\t\ttitle=\"Sonnenschirm_inklusive Granitsockel zur Beschwerung_Glatz\"\n\t\t\t\t\talt=\"Sonnenschirm_inklusive Granitsockel zur Beschwerung_Glatz\"\n\t\t\t\t\tsrc=\"http:\/\/www.schattendesign.at\/wp-content\/gallery\/sonnenschirm\/thumbs\/thumbs_Nr.6.jpg\"\n\t\t\t\t\twidth=\"240\"\n\t\t\t\t\theight=\"160\"\n\t\t\t\t\tstyle=\"max-width:100%;\"\n\t\t\t\t\/>\n\t\t\t<\/a>\n\t\t<\/div>\n\t\t\t\t\t\t\t<\/div> \n\t\t\t\n\t\t\t\t<div id=\"ngg-image-6\" class=\"ngg-gallery-thumbnail-box \n\t\t\t\t\t\t\t\t\t\t\t\" \n\t\t\t>\n\t\t\t\t\t\t<div class=\"ngg-gallery-thumbnail\">\n\t\t\t<a href=\"http:\/\/www.schattendesign.at\/wp-content\/gallery\/sonnenschirm\/Nr.7.jpg\"\n\t\t\t\ttitle=\"Sonnenschirm_klassisches und modernes Design_Glatz\"\n\t\t\t\tdata-src=\"http:\/\/www.schattendesign.at\/wp-content\/gallery\/sonnenschirm\/Nr.7.jpg\"\n\t\t\t\tdata-thumbnail=\"http:\/\/www.schattendesign.at\/wp-content\/gallery\/sonnenschirm\/thumbs\/thumbs_Nr.7.jpg\"\n\t\t\t\tdata-image-id=\"280\"\n\t\t\t\tdata-title=\"Sonnenschirm_klassisches und modernes Design_Glatz\"\n\t\t\t\tdata-description=\"Sonnenschirm_klassisches und modernes Design_Glatz\"\n\t\t\t\tdata-image-slug=\"nr-7\"\n\t\t\t\tclass=\"ngg-simplelightbox\" rel=\"2fba46314ea9bac51ee8a83bb1665518\">\n\t\t\t\t<img\n\t\t\t\t\ttitle=\"Sonnenschirm_klassisches und modernes Design_Glatz\"\n\t\t\t\t\talt=\"Sonnenschirm_klassisches und modernes Design_Glatz\"\n\t\t\t\t\tsrc=\"http:\/\/www.schattendesign.at\/wp-content\/gallery\/sonnenschirm\/thumbs\/thumbs_Nr.7.jpg\"\n\t\t\t\t\twidth=\"240\"\n\t\t\t\t\theight=\"160\"\n\t\t\t\t\tstyle=\"max-width:100%;\"\n\t\t\t\t\/>\n\t\t\t<\/a>\n\t\t<\/div>\n\t\t\t\t\t\t\t<\/div> \n\t\t\t\n\t\t\t\t<div id=\"ngg-image-7\" class=\"ngg-gallery-thumbnail-box \n\t\t\t\t\t\t\t\t\t\t\t\" \n\t\t\t>\n\t\t\t\t\t\t<div class=\"ngg-gallery-thumbnail\">\n\t\t\t<a href=\"http:\/\/www.schattendesign.at\/wp-content\/gallery\/sonnenschirm\/Nr.8.jpg\"\n\t\t\t\ttitle=\"Sonnenschirm_unverzichtbar f\u00fcr Freifl\u00e4chen in der Gastronomie_Glatz\"\n\t\t\t\tdata-src=\"http:\/\/www.schattendesign.at\/wp-content\/gallery\/sonnenschirm\/Nr.8.jpg\"\n\t\t\t\tdata-thumbnail=\"http:\/\/www.schattendesign.at\/wp-content\/gallery\/sonnenschirm\/thumbs\/thumbs_Nr.8.jpg\"\n\t\t\t\tdata-image-id=\"281\"\n\t\t\t\tdata-title=\"Sonnenschirm_unverzichtbar f\u00fcr Freifl\u00e4chen in der Gastronomie_Glatz\"\n\t\t\t\tdata-description=\"Sonnenschirm_unverzichtbar f\u00fcr Freifl\u00e4chen in der Gastronomie_Glatz\"\n\t\t\t\tdata-image-slug=\"nr-8\"\n\t\t\t\tclass=\"ngg-simplelightbox\" rel=\"2fba46314ea9bac51ee8a83bb1665518\">\n\t\t\t\t<img\n\t\t\t\t\ttitle=\"Sonnenschirm_unverzichtbar f\u00fcr Freifl\u00e4chen in der Gastronomie_Glatz\"\n\t\t\t\t\talt=\"Sonnenschirm_unverzichtbar f\u00fcr Freifl\u00e4chen in der Gastronomie_Glatz\"\n\t\t\t\t\tsrc=\"http:\/\/www.schattendesign.at\/wp-content\/gallery\/sonnenschirm\/thumbs\/thumbs_Nr.8.jpg\"\n\t\t\t\t\twidth=\"240\"\n\t\t\t\t\theight=\"160\"\n\t\t\t\t\tstyle=\"max-width:100%;\"\n\t\t\t\t\/>\n\t\t\t<\/a>\n\t\t<\/div>\n\t\t\t\t\t\t\t<\/div> \n\t\t\t\n\t\n\t<br style=\"clear: both\" \/>\n\n\t\n\t\t<!-- Pagination -->\n\t\t<div class='ngg-clear'><\/div>\t<\/div>\n\n","protected":false},"excerpt":{"rendered":"<p>Exklusive Sonnenschirme der Firma Glatz sorgen f\u00fcr den Privatbereich, die Gastronomie oder \u00f6ffentliche Einrichtungen genau dort f\u00fcr Schatten, wo Sie ihn ben\u00f6tigen.<\/p>\n","protected":false},"author":1,"featured_media":0,"parent":0,"menu_order":0,"comment_status":"closed","ping_status":"closed","template":"","meta":{"ngg_post_thumbnail":0,"footnotes":""},"_links":{"self":[{"href":"http:\/\/www.schattendesign.at\/index.php?rest_route=\/wp\/v2\/pages\/196"}],"collection":[{"href":"http:\/\/www.schattendesign.at\/index.php?rest_route=\/wp\/v2\/pages"}],"about":[{"href":"http:\/\/www.schattendesign.at\/index.php?rest_route=\/wp\/v2\/types\/page"}],"author":[{"embeddable":true,"href":"http:\/\/www.schattendesign.at\/index.php?rest_route=\/wp\/v2\/users\/1"}],"replies":[{"embeddable":true,"href":"http:\/\/www.schattendesign.at\/index.php?rest_route=%2Fwp%2Fv2%2Fcomments&post=196"}],"version-history":[{"count":4,"href":"http:\/\/www.schattendesign.at\/index.php?rest_route=\/wp\/v2\/pages\/196\/revisions"}],"predecessor-version":[{"id":849,"href":"http:\/\/www.schattendesign.at\/index.php?rest_route=\/wp\/v2\/pages\/196\/revisions\/849"}],"wp:attachment":[{"href":"http:\/\/www.schattendesign.at\/index.php?rest_route=%2Fwp%2Fv2%2Fmedia&parent=196"}],"curies":[{"name":"wp","href":"https:\/\/api.w.org\/{rel}","templated":true}]}}