{"id":194,"date":"2020-05-04T19:56:47","date_gmt":"2020-05-04T17:56:47","guid":{"rendered":"http:\/\/www.schattendesign.at\/wordpress\/?page_id=194"},"modified":"2020-06-03T19:17:08","modified_gmt":"2020-06-03T17:17:08","slug":"rollladen","status":"publish","type":"page","link":"http:\/\/www.schattendesign.at\/?page_id=194","title":{"rendered":"Rollladen"},"content":{"rendered":"<p style=\"text-align: justify;\">Rolll\u00e4den sind wahre Allesk\u00f6nner. Sie verdunkeln und bieten somit Schutz vor Tageslicht in Schlafr\u00e4umen, mindern den W\u00e4rmeverlust im Winter, sch\u00fctzen effizient vor Witterungseinfl\u00fcssen und reduzieren bei richtigem Einsatz den L\u00e4rmpegel.<\/p>\n<!-- default-view.php -->\n<div\n\tclass=\"ngg-galleryoverview default-view \n\t\t\"\n\tid=\"ngg-gallery-fe2ad65e2cc74596efd70325c0d1b89c-1\">\n\n\t\t<!-- Thumbnails -->\n\t\t\t\t<div id=\"ngg-image-0\" class=\"ngg-gallery-thumbnail-box \n\t\t\t\t\t\t\t\t\t\t\t\" \n\t\t\t>\n\t\t\t\t\t\t<div class=\"ngg-gallery-thumbnail\">\n\t\t\t<a href=\"http:\/\/www.schattendesign.at\/wp-content\/gallery\/rollladen\/Rolladen_die-perfekte-farbliche-Abstimmung-zwischen-Fenster-Sonnenschutz-und-Fensterbank_Schlotterer.jpg\"\n\t\t\t\ttitle=\"Rollladen_die perfekte farbliche Abstimmung zwischen Fenster, Sonnenschutz und Fensterbank_Schlotterer\"\n\t\t\t\tdata-src=\"http:\/\/www.schattendesign.at\/wp-content\/gallery\/rollladen\/Rolladen_die-perfekte-farbliche-Abstimmung-zwischen-Fenster-Sonnenschutz-und-Fensterbank_Schlotterer.jpg\"\n\t\t\t\tdata-thumbnail=\"http:\/\/www.schattendesign.at\/wp-content\/gallery\/rollladen\/thumbs\/thumbs_Rolladen_die-perfekte-farbliche-Abstimmung-zwischen-Fenster-Sonnenschutz-und-Fensterbank_Schlotterer.jpg\"\n\t\t\t\tdata-image-id=\"98\"\n\t\t\t\tdata-title=\"Rollladen_die perfekte farbliche Abstimmung zwischen Fenster, Sonnenschutz und Fensterbank_Schlotterer\"\n\t\t\t\tdata-description=\"Rollladen_die perfekte farbliche Abstimmung zwischen Fenster, Sonnenschutz und Fensterbank_Schlotterer\"\n\t\t\t\tdata-image-slug=\"rolladen_die-perfekte-farbliche-abstimmung-zwischen-fenster-sonnenschutz-und-fensterbank_schlotterer\"\n\t\t\t\tclass=\"ngg-simplelightbox\" rel=\"fe2ad65e2cc74596efd70325c0d1b89c\">\n\t\t\t\t<img\n\t\t\t\t\ttitle=\"Rollladen_die perfekte farbliche Abstimmung zwischen Fenster, Sonnenschutz und Fensterbank_Schlotterer\"\n\t\t\t\t\talt=\"Rollladen_die perfekte farbliche Abstimmung zwischen Fenster, Sonnenschutz und Fensterbank_Schlotterer\"\n\t\t\t\t\tsrc=\"http:\/\/www.schattendesign.at\/wp-content\/gallery\/rollladen\/thumbs\/thumbs_Rolladen_die-perfekte-farbliche-Abstimmung-zwischen-Fenster-Sonnenschutz-und-Fensterbank_Schlotterer.jpg\"\n\t\t\t\t\twidth=\"240\"\n\t\t\t\t\theight=\"160\"\n\t\t\t\t\tstyle=\"max-width:100%;\"\n\t\t\t\t\/>\n\t\t\t<\/a>\n\t\t<\/div>\n\t\t\t\t\t\t\t<\/div> \n\t\t\t\n\t\t\t\t<div id=\"ngg-image-1\" class=\"ngg-gallery-thumbnail-box \n\t\t\t\t\t\t\t\t\t\t\t\" \n\t\t\t>\n\t\t\t\t\t\t<div class=\"ngg-gallery-thumbnail\">\n\t\t\t<a href=\"http:\/\/www.schattendesign.at\/wp-content\/gallery\/rollladen\/Rolladen_ungest%C3%B6rte-Stunden-im-Schlafzimmer-durch-Verdunkelung-und-Schallschutz_Schlotterer.jpg\"\n\t\t\t\ttitle=\"Rollladen_ungest\u00f6rte Stunden im Schlafzimmer durch Verdunkelung und Schallschutz_Schlotterer\"\n\t\t\t\tdata-src=\"http:\/\/www.schattendesign.at\/wp-content\/gallery\/rollladen\/Rolladen_ungest%C3%B6rte-Stunden-im-Schlafzimmer-durch-Verdunkelung-und-Schallschutz_Schlotterer.jpg\"\n\t\t\t\tdata-thumbnail=\"http:\/\/www.schattendesign.at\/wp-content\/gallery\/rollladen\/thumbs\/thumbs_Rolladen_ungest%C3%B6rte-Stunden-im-Schlafzimmer-durch-Verdunkelung-und-Schallschutz_Schlotterer.jpg\"\n\t\t\t\tdata-image-id=\"99\"\n\t\t\t\tdata-title=\"Rollladen_ungest\u00f6rte Stunden im Schlafzimmer durch Verdunkelung und Schallschutz_Schlotterer\"\n\t\t\t\tdata-description=\"Rollladen_ungest\u00f6rte Stunden im Schlafzimmer durch Verdunkelung und Schallschutz_Schlotterer\"\n\t\t\t\tdata-image-slug=\"rolladen_ungest%c3%b6rte-stunden-im-schlafzimmer-durch-verdunkelung-und-schallschutz_schlotterer\"\n\t\t\t\tclass=\"ngg-simplelightbox\" rel=\"fe2ad65e2cc74596efd70325c0d1b89c\">\n\t\t\t\t<img\n\t\t\t\t\ttitle=\"Rollladen_ungest\u00f6rte Stunden im Schlafzimmer durch Verdunkelung und Schallschutz_Schlotterer\"\n\t\t\t\t\talt=\"Rollladen_ungest\u00f6rte Stunden im Schlafzimmer durch Verdunkelung und Schallschutz_Schlotterer\"\n\t\t\t\t\tsrc=\"http:\/\/www.schattendesign.at\/wp-content\/gallery\/rollladen\/thumbs\/thumbs_Rolladen_ungest%C3%B6rte-Stunden-im-Schlafzimmer-durch-Verdunkelung-und-Schallschutz_Schlotterer.jpg\"\n\t\t\t\t\twidth=\"240\"\n\t\t\t\t\theight=\"160\"\n\t\t\t\t\tstyle=\"max-width:100%;\"\n\t\t\t\t\/>\n\t\t\t<\/a>\n\t\t<\/div>\n\t\t\t\t\t\t\t<\/div> \n\t\t\t\n\t\t\t\t<div id=\"ngg-image-2\" class=\"ngg-gallery-thumbnail-box \n\t\t\t\t\t\t\t\t\t\t\t\" \n\t\t\t>\n\t\t\t\t\t\t<div class=\"ngg-gallery-thumbnail\">\n\t\t\t<a href=\"http:\/\/www.schattendesign.at\/wp-content\/gallery\/rollladen\/Rollladen_Eckl%C3%B6sungen-mit-Blenden-in-Gehrungsschnitt-sind-problemlos-m%C3%B6glich_Warema.jpg\"\n\t\t\t\ttitle=\"Rollladen_Eckl\u00f6sungen mit Blenden in Gehrungsschnitt sind problemlos m\u00f6glich_Warema\"\n\t\t\t\tdata-src=\"http:\/\/www.schattendesign.at\/wp-content\/gallery\/rollladen\/Rollladen_Eckl%C3%B6sungen-mit-Blenden-in-Gehrungsschnitt-sind-problemlos-m%C3%B6glich_Warema.jpg\"\n\t\t\t\tdata-thumbnail=\"http:\/\/www.schattendesign.at\/wp-content\/gallery\/rollladen\/thumbs\/thumbs_Rollladen_Eckl%C3%B6sungen-mit-Blenden-in-Gehrungsschnitt-sind-problemlos-m%C3%B6glich_Warema.jpg\"\n\t\t\t\tdata-image-id=\"100\"\n\t\t\t\tdata-title=\"Rollladen_Eckl\u00f6sungen mit Blenden in Gehrungsschnitt sind problemlos m\u00f6glich_Warema\"\n\t\t\t\tdata-description=\"Rollladen_Eckl\u00f6sungen mit Blenden in Gehrungsschnitt sind problemlos m\u00f6glich_Warema\"\n\t\t\t\tdata-image-slug=\"rollladen_eckl%c3%b6sungen-mit-blenden-in-gehrungsschnitt-sind-problemlos-m%c3%b6glich_warema\"\n\t\t\t\tclass=\"ngg-simplelightbox\" rel=\"fe2ad65e2cc74596efd70325c0d1b89c\">\n\t\t\t\t<img\n\t\t\t\t\ttitle=\"Rollladen_Eckl\u00f6sungen mit Blenden in Gehrungsschnitt sind problemlos m\u00f6glich_Warema\"\n\t\t\t\t\talt=\"Rollladen_Eckl\u00f6sungen mit Blenden in Gehrungsschnitt sind problemlos m\u00f6glich_Warema\"\n\t\t\t\t\tsrc=\"http:\/\/www.schattendesign.at\/wp-content\/gallery\/rollladen\/thumbs\/thumbs_Rollladen_Eckl%C3%B6sungen-mit-Blenden-in-Gehrungsschnitt-sind-problemlos-m%C3%B6glich_Warema.jpg\"\n\t\t\t\t\twidth=\"240\"\n\t\t\t\t\theight=\"160\"\n\t\t\t\t\tstyle=\"max-width:100%;\"\n\t\t\t\t\/>\n\t\t\t<\/a>\n\t\t<\/div>\n\t\t\t\t\t\t\t<\/div> \n\t\t\t\n\t\t\t\t<div id=\"ngg-image-3\" class=\"ngg-gallery-thumbnail-box \n\t\t\t\t\t\t\t\t\t\t\t\" \n\t\t\t>\n\t\t\t\t\t\t<div class=\"ngg-gallery-thumbnail\">\n\t\t\t<a href=\"http:\/\/www.schattendesign.at\/wp-content\/gallery\/rollladen\/Rollladen_inklusive-integrierter-Glas-Absturzsicherung-VisioNeo_Warema.jpg\"\n\t\t\t\ttitle=\"Rollladen_inklusive integrierter Glas-Absturzsicherung VisioNeo_Warema\"\n\t\t\t\tdata-src=\"http:\/\/www.schattendesign.at\/wp-content\/gallery\/rollladen\/Rollladen_inklusive-integrierter-Glas-Absturzsicherung-VisioNeo_Warema.jpg\"\n\t\t\t\tdata-thumbnail=\"http:\/\/www.schattendesign.at\/wp-content\/gallery\/rollladen\/thumbs\/thumbs_Rollladen_inklusive-integrierter-Glas-Absturzsicherung-VisioNeo_Warema.jpg\"\n\t\t\t\tdata-image-id=\"101\"\n\t\t\t\tdata-title=\"Rollladen_inklusive integrierter Glas-Absturzsicherung VisioNeo_Warema\"\n\t\t\t\tdata-description=\"Rollladen_inklusive integrierter Glas-Absturzsicherung VisioNeo_Warema\"\n\t\t\t\tdata-image-slug=\"rollladen_inklusive-integrierter-glas-absturzsicherung-visioneo_warema\"\n\t\t\t\tclass=\"ngg-simplelightbox\" rel=\"fe2ad65e2cc74596efd70325c0d1b89c\">\n\t\t\t\t<img\n\t\t\t\t\ttitle=\"Rollladen_inklusive integrierter Glas-Absturzsicherung VisioNeo_Warema\"\n\t\t\t\t\talt=\"Rollladen_inklusive integrierter Glas-Absturzsicherung VisioNeo_Warema\"\n\t\t\t\t\tsrc=\"http:\/\/www.schattendesign.at\/wp-content\/gallery\/rollladen\/thumbs\/thumbs_Rollladen_inklusive-integrierter-Glas-Absturzsicherung-VisioNeo_Warema.jpg\"\n\t\t\t\t\twidth=\"240\"\n\t\t\t\t\theight=\"160\"\n\t\t\t\t\tstyle=\"max-width:100%;\"\n\t\t\t\t\/>\n\t\t\t<\/a>\n\t\t<\/div>\n\t\t\t\t\t\t\t<\/div> \n\t\t\t\n\t\t\t\t<div id=\"ngg-image-4\" class=\"ngg-gallery-thumbnail-box \n\t\t\t\t\t\t\t\t\t\t\t\" \n\t\t\t>\n\t\t\t\t\t\t<div class=\"ngg-gallery-thumbnail\">\n\t\t\t<a href=\"http:\/\/www.schattendesign.at\/wp-content\/gallery\/rollladen\/Rollladen_kombiniert-mit-integriertem-Insektenschutz-Schieberahmen_Schlotterer.jpg\"\n\t\t\t\ttitle=\"Rollladen_kombiniert mit integriertem Insektenschutz-Schieberahmen_Schlotterer\"\n\t\t\t\tdata-src=\"http:\/\/www.schattendesign.at\/wp-content\/gallery\/rollladen\/Rollladen_kombiniert-mit-integriertem-Insektenschutz-Schieberahmen_Schlotterer.jpg\"\n\t\t\t\tdata-thumbnail=\"http:\/\/www.schattendesign.at\/wp-content\/gallery\/rollladen\/thumbs\/thumbs_Rollladen_kombiniert-mit-integriertem-Insektenschutz-Schieberahmen_Schlotterer.jpg\"\n\t\t\t\tdata-image-id=\"102\"\n\t\t\t\tdata-title=\"Rollladen_kombiniert mit integriertem Insektenschutz-Schieberahmen_Schlotterer\"\n\t\t\t\tdata-description=\"Rollladen_kombiniert mit integriertem Insektenschutz-Schieberahmen_Schlotterer\"\n\t\t\t\tdata-image-slug=\"rollladen_kombiniert-mit-integriertem-insektenschutz-schieberahmen_schlotterer\"\n\t\t\t\tclass=\"ngg-simplelightbox\" rel=\"fe2ad65e2cc74596efd70325c0d1b89c\">\n\t\t\t\t<img\n\t\t\t\t\ttitle=\"Rollladen_kombiniert mit integriertem Insektenschutz-Schieberahmen_Schlotterer\"\n\t\t\t\t\talt=\"Rollladen_kombiniert mit integriertem Insektenschutz-Schieberahmen_Schlotterer\"\n\t\t\t\t\tsrc=\"http:\/\/www.schattendesign.at\/wp-content\/gallery\/rollladen\/thumbs\/thumbs_Rollladen_kombiniert-mit-integriertem-Insektenschutz-Schieberahmen_Schlotterer.jpg\"\n\t\t\t\t\twidth=\"240\"\n\t\t\t\t\theight=\"160\"\n\t\t\t\t\tstyle=\"max-width:100%;\"\n\t\t\t\t\/>\n\t\t\t<\/a>\n\t\t<\/div>\n\t\t\t\t\t\t\t<\/div> \n\t\t\t\n\t\t\t\t<div id=\"ngg-image-5\" class=\"ngg-gallery-thumbnail-box \n\t\t\t\t\t\t\t\t\t\t\t\" \n\t\t\t>\n\t\t\t\t\t\t<div class=\"ngg-gallery-thumbnail\">\n\t\t\t<a href=\"http:\/\/www.schattendesign.at\/wp-content\/gallery\/rollladen\/Rollladen_sowohl-gerade-als-auch-Schr%C3%A4gfenster-k%C3%B6nnen-mit-Rolll%C3%A4den-versehen-werden_Warema.jpg\"\n\t\t\t\ttitle=\"Rollladen_sowohl gerade als auch Schr\u00e4gfenster k\u00f6nnen mit Rolll\u00e4den versehen werden_Warema\"\n\t\t\t\tdata-src=\"http:\/\/www.schattendesign.at\/wp-content\/gallery\/rollladen\/Rollladen_sowohl-gerade-als-auch-Schr%C3%A4gfenster-k%C3%B6nnen-mit-Rolll%C3%A4den-versehen-werden_Warema.jpg\"\n\t\t\t\tdata-thumbnail=\"http:\/\/www.schattendesign.at\/wp-content\/gallery\/rollladen\/thumbs\/thumbs_Rollladen_sowohl-gerade-als-auch-Schr%C3%A4gfenster-k%C3%B6nnen-mit-Rolll%C3%A4den-versehen-werden_Warema.jpg\"\n\t\t\t\tdata-image-id=\"103\"\n\t\t\t\tdata-title=\"Rollladen_sowohl gerade als auch Schr\u00e4gfenster k\u00f6nnen mit Rolll\u00e4den versehen werden_Warema\"\n\t\t\t\tdata-description=\"Rollladen_sowohl gerade als auch Schr\u00e4gfenster k\u00f6nnen mit Rolll\u00e4den versehen werden_Warema\"\n\t\t\t\tdata-image-slug=\"rollladen_sowohl-gerade-als-auch-schr%c3%a4gfenster-k%c3%b6nnen-mit-rolll%c3%a4den-versehen-werden_warema\"\n\t\t\t\tclass=\"ngg-simplelightbox\" rel=\"fe2ad65e2cc74596efd70325c0d1b89c\">\n\t\t\t\t<img\n\t\t\t\t\ttitle=\"Rollladen_sowohl gerade als auch Schr\u00e4gfenster k\u00f6nnen mit Rolll\u00e4den versehen werden_Warema\"\n\t\t\t\t\talt=\"Rollladen_sowohl gerade als auch Schr\u00e4gfenster k\u00f6nnen mit Rolll\u00e4den versehen werden_Warema\"\n\t\t\t\t\tsrc=\"http:\/\/www.schattendesign.at\/wp-content\/gallery\/rollladen\/thumbs\/thumbs_Rollladen_sowohl-gerade-als-auch-Schr%C3%A4gfenster-k%C3%B6nnen-mit-Rolll%C3%A4den-versehen-werden_Warema.jpg\"\n\t\t\t\t\twidth=\"240\"\n\t\t\t\t\theight=\"160\"\n\t\t\t\t\tstyle=\"max-width:100%;\"\n\t\t\t\t\/>\n\t\t\t<\/a>\n\t\t<\/div>\n\t\t\t\t\t\t\t<\/div> \n\t\t\t\n\t\t\t\t<div id=\"ngg-image-6\" class=\"ngg-gallery-thumbnail-box \n\t\t\t\t\t\t\t\t\t\t\t\" \n\t\t\t>\n\t\t\t\t\t\t<div class=\"ngg-gallery-thumbnail\">\n\t\t\t<a href=\"http:\/\/www.schattendesign.at\/wp-content\/gallery\/rollladen\/Rollladen_Unterputzl%C3%B6sung-in-Kombination-mit-rollbarem-Insektenschutz_Warema.jpg\"\n\t\t\t\ttitle=\"Rollladen_Unterputzl\u00f6sung in Kombination mit rollbarem Insektenschutz_Warema\"\n\t\t\t\tdata-src=\"http:\/\/www.schattendesign.at\/wp-content\/gallery\/rollladen\/Rollladen_Unterputzl%C3%B6sung-in-Kombination-mit-rollbarem-Insektenschutz_Warema.jpg\"\n\t\t\t\tdata-thumbnail=\"http:\/\/www.schattendesign.at\/wp-content\/gallery\/rollladen\/thumbs\/thumbs_Rollladen_Unterputzl%C3%B6sung-in-Kombination-mit-rollbarem-Insektenschutz_Warema.jpg\"\n\t\t\t\tdata-image-id=\"104\"\n\t\t\t\tdata-title=\"Rollladen_Unterputzl\u00f6sung in Kombination mit rollbarem Insektenschutz_Warema\"\n\t\t\t\tdata-description=\"Rollladen_Unterputzl\u00f6sung in Kombination mit rollbarem Insektenschutz_Warema\"\n\t\t\t\tdata-image-slug=\"rollladen_unterputzl%c3%b6sung-in-kombination-mit-rollbarem-insektenschutz_warema\"\n\t\t\t\tclass=\"ngg-simplelightbox\" rel=\"fe2ad65e2cc74596efd70325c0d1b89c\">\n\t\t\t\t<img\n\t\t\t\t\ttitle=\"Rollladen_Unterputzl\u00f6sung in Kombination mit rollbarem Insektenschutz_Warema\"\n\t\t\t\t\talt=\"Rollladen_Unterputzl\u00f6sung in Kombination mit rollbarem Insektenschutz_Warema\"\n\t\t\t\t\tsrc=\"http:\/\/www.schattendesign.at\/wp-content\/gallery\/rollladen\/thumbs\/thumbs_Rollladen_Unterputzl%C3%B6sung-in-Kombination-mit-rollbarem-Insektenschutz_Warema.jpg\"\n\t\t\t\t\twidth=\"240\"\n\t\t\t\t\theight=\"160\"\n\t\t\t\t\tstyle=\"max-width:100%;\"\n\t\t\t\t\/>\n\t\t\t<\/a>\n\t\t<\/div>\n\t\t\t\t\t\t\t<\/div> \n\t\t\t\n\t\t\t\t<div id=\"ngg-image-7\" class=\"ngg-gallery-thumbnail-box \n\t\t\t\t\t\t\t\t\t\t\t\" \n\t\t\t>\n\t\t\t\t\t\t<div class=\"ngg-gallery-thumbnail\">\n\t\t\t<a href=\"http:\/\/www.schattendesign.at\/wp-content\/gallery\/rollladen\/Rollladen_Verdunkelungsanlagen-f%C3%BCr-spezielle-R%C3%A4ume-in-Haus-oder-Wohung_Warema.jpg\"\n\t\t\t\ttitle=\"Rollladen_Verdunkelungsanlagen f\u00fcr spezielle R\u00e4ume in Haus oder Wohung_Warema\"\n\t\t\t\tdata-src=\"http:\/\/www.schattendesign.at\/wp-content\/gallery\/rollladen\/Rollladen_Verdunkelungsanlagen-f%C3%BCr-spezielle-R%C3%A4ume-in-Haus-oder-Wohung_Warema.jpg\"\n\t\t\t\tdata-thumbnail=\"http:\/\/www.schattendesign.at\/wp-content\/gallery\/rollladen\/thumbs\/thumbs_Rollladen_Verdunkelungsanlagen-f%C3%BCr-spezielle-R%C3%A4ume-in-Haus-oder-Wohung_Warema.jpg\"\n\t\t\t\tdata-image-id=\"105\"\n\t\t\t\tdata-title=\"Rollladen_Verdunkelungsanlagen f\u00fcr spezielle R\u00e4ume in Haus oder Wohung_Warema\"\n\t\t\t\tdata-description=\"Rollladen_Verdunkelungsanlagen f\u00fcr spezielle R\u00e4ume in Haus oder Wohung_Warema\"\n\t\t\t\tdata-image-slug=\"rollladen_verdunkelungsanlagen-f%c3%bcr-spezielle-r%c3%a4ume-in-haus-oder-wohung_warema\"\n\t\t\t\tclass=\"ngg-simplelightbox\" rel=\"fe2ad65e2cc74596efd70325c0d1b89c\">\n\t\t\t\t<img\n\t\t\t\t\ttitle=\"Rollladen_Verdunkelungsanlagen f\u00fcr spezielle R\u00e4ume in Haus oder Wohung_Warema\"\n\t\t\t\t\talt=\"Rollladen_Verdunkelungsanlagen f\u00fcr spezielle R\u00e4ume in Haus oder Wohung_Warema\"\n\t\t\t\t\tsrc=\"http:\/\/www.schattendesign.at\/wp-content\/gallery\/rollladen\/thumbs\/thumbs_Rollladen_Verdunkelungsanlagen-f%C3%BCr-spezielle-R%C3%A4ume-in-Haus-oder-Wohung_Warema.jpg\"\n\t\t\t\t\twidth=\"240\"\n\t\t\t\t\theight=\"160\"\n\t\t\t\t\tstyle=\"max-width:100%;\"\n\t\t\t\t\/>\n\t\t\t<\/a>\n\t\t<\/div>\n\t\t\t\t\t\t\t<\/div> \n\t\t\t\n\t\t\t\t<div id=\"ngg-image-8\" class=\"ngg-gallery-thumbnail-box \n\t\t\t\t\t\t\t\t\t\t\t\" \n\t\t\t>\n\t\t\t\t\t\t<div class=\"ngg-gallery-thumbnail\">\n\t\t\t<a href=\"http:\/\/www.schattendesign.at\/wp-content\/gallery\/rollladen\/Rollladen_Vertikalschnitt-durch-ein-Vorbaurollladenelement_Schlotterer.jpg\"\n\t\t\t\ttitle=\"Rollladen_Vertikalschnitt durch ein Vorbaurollladenelement_Schlotterer\"\n\t\t\t\tdata-src=\"http:\/\/www.schattendesign.at\/wp-content\/gallery\/rollladen\/Rollladen_Vertikalschnitt-durch-ein-Vorbaurollladenelement_Schlotterer.jpg\"\n\t\t\t\tdata-thumbnail=\"http:\/\/www.schattendesign.at\/wp-content\/gallery\/rollladen\/thumbs\/thumbs_Rollladen_Vertikalschnitt-durch-ein-Vorbaurollladenelement_Schlotterer.jpg\"\n\t\t\t\tdata-image-id=\"106\"\n\t\t\t\tdata-title=\"Rollladen_Vertikalschnitt durch ein Vorbaurollladenelement_Schlotterer\"\n\t\t\t\tdata-description=\"Rollladen_Vertikalschnitt durch ein Vorbaurollladenelement_Schlotterer\"\n\t\t\t\tdata-image-slug=\"rollladen_vertikalschnitt-durch-ein-vorbaurollladenelement_schlotterer\"\n\t\t\t\tclass=\"ngg-simplelightbox\" rel=\"fe2ad65e2cc74596efd70325c0d1b89c\">\n\t\t\t\t<img\n\t\t\t\t\ttitle=\"Rollladen_Vertikalschnitt durch ein Vorbaurollladenelement_Schlotterer\"\n\t\t\t\t\talt=\"Rollladen_Vertikalschnitt durch ein Vorbaurollladenelement_Schlotterer\"\n\t\t\t\t\tsrc=\"http:\/\/www.schattendesign.at\/wp-content\/gallery\/rollladen\/thumbs\/thumbs_Rollladen_Vertikalschnitt-durch-ein-Vorbaurollladenelement_Schlotterer.jpg\"\n\t\t\t\t\twidth=\"240\"\n\t\t\t\t\theight=\"160\"\n\t\t\t\t\tstyle=\"max-width:100%;\"\n\t\t\t\t\/>\n\t\t\t<\/a>\n\t\t<\/div>\n\t\t\t\t\t\t\t<\/div> \n\t\t\t\n\t\n\t<br style=\"clear: both\" \/>\n\n\t\n\t\t<!-- Pagination -->\n\t\t<div class='ngg-clear'><\/div>\t<\/div>\n\n","protected":false},"excerpt":{"rendered":"<p>Rolll\u00e4den sind wahre Allesk\u00f6nner. Sie verdunkeln und bieten somit Schutz vor Tageslicht in Schlafr\u00e4umen, mindern den W\u00e4rmeverlust im Winter, sch\u00fctzen effizient vor Witterungseinfl\u00fcssen und reduzieren bei richtigem Einsatz den L\u00e4rmpegel.<\/p>\n","protected":false},"author":1,"featured_media":0,"parent":0,"menu_order":0,"comment_status":"closed","ping_status":"closed","template":"","meta":{"ngg_post_thumbnail":0,"footnotes":""},"_links":{"self":[{"href":"http:\/\/www.schattendesign.at\/index.php?rest_route=\/wp\/v2\/pages\/194"}],"collection":[{"href":"http:\/\/www.schattendesign.at\/index.php?rest_route=\/wp\/v2\/pages"}],"about":[{"href":"http:\/\/www.schattendesign.at\/index.php?rest_route=\/wp\/v2\/types\/page"}],"author":[{"embeddable":true,"href":"http:\/\/www.schattendesign.at\/index.php?rest_route=\/wp\/v2\/users\/1"}],"replies":[{"embeddable":true,"href":"http:\/\/www.schattendesign.at\/index.php?rest_route=%2Fwp%2Fv2%2Fcomments&post=194"}],"version-history":[{"count":3,"href":"http:\/\/www.schattendesign.at\/index.php?rest_route=\/wp\/v2\/pages\/194\/revisions"}],"predecessor-version":[{"id":627,"href":"http:\/\/www.schattendesign.at\/index.php?rest_route=\/wp\/v2\/pages\/194\/revisions\/627"}],"wp:attachment":[{"href":"http:\/\/www.schattendesign.at\/index.php?rest_route=%2Fwp%2Fv2%2Fmedia&parent=194"}],"curies":[{"name":"wp","href":"https:\/\/api.w.org\/{rel}","templated":true}]}}