{"id":192,"date":"2020-05-04T19:56:37","date_gmt":"2020-05-04T17:56:37","guid":{"rendered":"http:\/\/www.schattendesign.at\/wordpress\/?page_id=192"},"modified":"2020-06-03T19:16:49","modified_gmt":"2020-06-03T17:16:49","slug":"raffstore-aussenjalousien","status":"publish","type":"page","link":"http:\/\/www.schattendesign.at\/?page_id=192","title":{"rendered":"Raffstore\/ Au\u00dfenjalousien"},"content":{"rendered":"<p style=\"text-align: justify;\">Den perfekten Sonnen-, Hitze- und Wetterschutz bieten Ihnen Raffstore und Au\u00dfenjalousien. Eine stufenlose Ver\u00e4nderung der Lamellenstellung erm\u00f6glicht Ihnen die bestm\u00f6gliche Regulierung und Lichtlenkung.<\/p>\n<!-- default-view.php -->\n<div\n\tclass=\"ngg-galleryoverview default-view \n\t\t\"\n\tid=\"ngg-gallery-56de71ddf906dcd30a1c1147036385b8-1\">\n\n\t\t<!-- Thumbnails -->\n\t\t\t\t<div id=\"ngg-image-0\" class=\"ngg-gallery-thumbnail-box \n\t\t\t\t\t\t\t\t\t\t\t\" \n\t\t\t>\n\t\t\t\t\t\t<div class=\"ngg-gallery-thumbnail\">\n\t\t\t<a href=\"http:\/\/www.schattendesign.at\/wp-content\/gallery\/raffstore-aussenjalousien\/Holzraffstore_gebaut-mit-thermisch-behandelten-Holzlamellen-f%C3%BCr-eine-extrem-lange-Lebensdauer_Skripus.JPG\"\n\t\t\t\ttitle=\"Holzraffstore_gebaut mit thermisch behandelten Holzlamellen f\u00fcr eine extrem lange Lebensdauer_Skripus\"\n\t\t\t\tdata-src=\"http:\/\/www.schattendesign.at\/wp-content\/gallery\/raffstore-aussenjalousien\/Holzraffstore_gebaut-mit-thermisch-behandelten-Holzlamellen-f%C3%BCr-eine-extrem-lange-Lebensdauer_Skripus.JPG\"\n\t\t\t\tdata-thumbnail=\"http:\/\/www.schattendesign.at\/wp-content\/gallery\/raffstore-aussenjalousien\/thumbs\/thumbs_Holzraffstore_gebaut-mit-thermisch-behandelten-Holzlamellen-f%C3%BCr-eine-extrem-lange-Lebensdauer_Skripus.JPG\"\n\t\t\t\tdata-image-id=\"90\"\n\t\t\t\tdata-title=\"Holzraffstore_gebaut mit thermisch behandelten Holzlamellen f\u00fcr eine extrem lange Lebensdauer_Skripus\"\n\t\t\t\tdata-description=\"Holzraffstore_gebaut mit thermisch behandelten Holzlamellen f\u00fcr eine extrem lange Lebensdauer_Skripus\"\n\t\t\t\tdata-image-slug=\"holzraffstore_gebaut-mit-thermisch-behandelten-holzlamellen-f%c3%bcr-eine-extrem-lange-lebensdauer_skripus\"\n\t\t\t\tclass=\"ngg-simplelightbox\" rel=\"56de71ddf906dcd30a1c1147036385b8\">\n\t\t\t\t<img\n\t\t\t\t\ttitle=\"Holzraffstore_gebaut mit thermisch behandelten Holzlamellen f\u00fcr eine extrem lange Lebensdauer_Skripus\"\n\t\t\t\t\talt=\"Holzraffstore_gebaut mit thermisch behandelten Holzlamellen f\u00fcr eine extrem lange Lebensdauer_Skripus\"\n\t\t\t\t\tsrc=\"http:\/\/www.schattendesign.at\/wp-content\/gallery\/raffstore-aussenjalousien\/thumbs\/thumbs_Holzraffstore_gebaut-mit-thermisch-behandelten-Holzlamellen-f%C3%BCr-eine-extrem-lange-Lebensdauer_Skripus.JPG\"\n\t\t\t\t\twidth=\"240\"\n\t\t\t\t\theight=\"160\"\n\t\t\t\t\tstyle=\"max-width:100%;\"\n\t\t\t\t\/>\n\t\t\t<\/a>\n\t\t<\/div>\n\t\t\t\t\t\t\t<\/div> \n\t\t\t\n\t\t\t\t<div id=\"ngg-image-1\" class=\"ngg-gallery-thumbnail-box \n\t\t\t\t\t\t\t\t\t\t\t\" \n\t\t\t>\n\t\t\t\t\t\t<div class=\"ngg-gallery-thumbnail\">\n\t\t\t<a href=\"http:\/\/www.schattendesign.at\/wp-content\/gallery\/raffstore-aussenjalousien\/Holzraffstore_Holzoptik-und-schwarze-Textilien-schaffen-einen-edlen-Kontrast_Skripus.JPG\"\n\t\t\t\ttitle=\"Holzraffstore_Holzoptik und schwarze Textilien schaffen einen edlen Kontrast_Skripus\"\n\t\t\t\tdata-src=\"http:\/\/www.schattendesign.at\/wp-content\/gallery\/raffstore-aussenjalousien\/Holzraffstore_Holzoptik-und-schwarze-Textilien-schaffen-einen-edlen-Kontrast_Skripus.JPG\"\n\t\t\t\tdata-thumbnail=\"http:\/\/www.schattendesign.at\/wp-content\/gallery\/raffstore-aussenjalousien\/thumbs\/thumbs_Holzraffstore_Holzoptik-und-schwarze-Textilien-schaffen-einen-edlen-Kontrast_Skripus.JPG\"\n\t\t\t\tdata-image-id=\"91\"\n\t\t\t\tdata-title=\"Holzraffstore_Holzoptik und schwarze Textilien schaffen einen edlen Kontrast_Skripus\"\n\t\t\t\tdata-description=\"Holzraffstore_Holzoptik und schwarze Textilien schaffen einen edlen Kontrast_Skripus\"\n\t\t\t\tdata-image-slug=\"holzraffstore_holzoptik-und-schwarze-textilien-schaffen-einen-edlen-kontrast_skripus\"\n\t\t\t\tclass=\"ngg-simplelightbox\" rel=\"56de71ddf906dcd30a1c1147036385b8\">\n\t\t\t\t<img\n\t\t\t\t\ttitle=\"Holzraffstore_Holzoptik und schwarze Textilien schaffen einen edlen Kontrast_Skripus\"\n\t\t\t\t\talt=\"Holzraffstore_Holzoptik und schwarze Textilien schaffen einen edlen Kontrast_Skripus\"\n\t\t\t\t\tsrc=\"http:\/\/www.schattendesign.at\/wp-content\/gallery\/raffstore-aussenjalousien\/thumbs\/thumbs_Holzraffstore_Holzoptik-und-schwarze-Textilien-schaffen-einen-edlen-Kontrast_Skripus.JPG\"\n\t\t\t\t\twidth=\"240\"\n\t\t\t\t\theight=\"160\"\n\t\t\t\t\tstyle=\"max-width:100%;\"\n\t\t\t\t\/>\n\t\t\t<\/a>\n\t\t<\/div>\n\t\t\t\t\t\t\t<\/div> \n\t\t\t\n\t\t\t\t<div id=\"ngg-image-2\" class=\"ngg-gallery-thumbnail-box \n\t\t\t\t\t\t\t\t\t\t\t\" \n\t\t\t>\n\t\t\t\t\t\t<div class=\"ngg-gallery-thumbnail\">\n\t\t\t<a href=\"http:\/\/www.schattendesign.at\/wp-content\/gallery\/raffstore-aussenjalousien\/Raffstore_Beschattung-und-trotzdem-Lichtlenkung-in-den-Innenraum_Warema.jpg\"\n\t\t\t\ttitle=\"Raffstore_Beschattung und trotzdem Lichtlenkung in den Innenraum_Warema\"\n\t\t\t\tdata-src=\"http:\/\/www.schattendesign.at\/wp-content\/gallery\/raffstore-aussenjalousien\/Raffstore_Beschattung-und-trotzdem-Lichtlenkung-in-den-Innenraum_Warema.jpg\"\n\t\t\t\tdata-thumbnail=\"http:\/\/www.schattendesign.at\/wp-content\/gallery\/raffstore-aussenjalousien\/thumbs\/thumbs_Raffstore_Beschattung-und-trotzdem-Lichtlenkung-in-den-Innenraum_Warema.jpg\"\n\t\t\t\tdata-image-id=\"92\"\n\t\t\t\tdata-title=\"Raffstore_Beschattung und trotzdem Lichtlenkung in den Innenraum_Warema\"\n\t\t\t\tdata-description=\"Raffstore_Beschattung und trotzdem Lichtlenkung in den Innenraum_Warema\"\n\t\t\t\tdata-image-slug=\"raffstore_beschattung-und-trotzdem-lichtlenkung-in-den-innenraum_warema\"\n\t\t\t\tclass=\"ngg-simplelightbox\" rel=\"56de71ddf906dcd30a1c1147036385b8\">\n\t\t\t\t<img\n\t\t\t\t\ttitle=\"Raffstore_Beschattung und trotzdem Lichtlenkung in den Innenraum_Warema\"\n\t\t\t\t\talt=\"Raffstore_Beschattung und trotzdem Lichtlenkung in den Innenraum_Warema\"\n\t\t\t\t\tsrc=\"http:\/\/www.schattendesign.at\/wp-content\/gallery\/raffstore-aussenjalousien\/thumbs\/thumbs_Raffstore_Beschattung-und-trotzdem-Lichtlenkung-in-den-Innenraum_Warema.jpg\"\n\t\t\t\t\twidth=\"240\"\n\t\t\t\t\theight=\"160\"\n\t\t\t\t\tstyle=\"max-width:100%;\"\n\t\t\t\t\/>\n\t\t\t<\/a>\n\t\t<\/div>\n\t\t\t\t\t\t\t<\/div> \n\t\t\t\n\t\t\t\t<div id=\"ngg-image-3\" class=\"ngg-gallery-thumbnail-box \n\t\t\t\t\t\t\t\t\t\t\t\" \n\t\t\t>\n\t\t\t\t\t\t<div class=\"ngg-gallery-thumbnail\">\n\t\t\t<a href=\"http:\/\/www.schattendesign.at\/wp-content\/gallery\/raffstore-aussenjalousien\/Raffstore_die-Tageslichtlenkung-ist-nur-eine-der-gro%C3%9Fen-St%C3%A4rken-von-Raffstoreelementen_Schlotterer.jpg\"\n\t\t\t\ttitle=\"Raffstore_die Tageslichtlenkung ist nur eine der gro\u00dfen St\u00e4rken von Raffstoreelementen_Schlotterer\"\n\t\t\t\tdata-src=\"http:\/\/www.schattendesign.at\/wp-content\/gallery\/raffstore-aussenjalousien\/Raffstore_die-Tageslichtlenkung-ist-nur-eine-der-gro%C3%9Fen-St%C3%A4rken-von-Raffstoreelementen_Schlotterer.jpg\"\n\t\t\t\tdata-thumbnail=\"http:\/\/www.schattendesign.at\/wp-content\/gallery\/raffstore-aussenjalousien\/thumbs\/thumbs_Raffstore_die-Tageslichtlenkung-ist-nur-eine-der-gro%C3%9Fen-St%C3%A4rken-von-Raffstoreelementen_Schlotterer.jpg\"\n\t\t\t\tdata-image-id=\"93\"\n\t\t\t\tdata-title=\"Raffstore_die Tageslichtlenkung ist nur eine der gro\u00dfen St\u00e4rken von Raffstoreelementen_Schlotterer\"\n\t\t\t\tdata-description=\"Raffstore_die Tageslichtlenkung ist nur eine der gro\u00dfen St\u00e4rken von Raffstoreelementen_Schlotterer\"\n\t\t\t\tdata-image-slug=\"raffstore_die-tageslichtlenkung-ist-nur-eine-der-gro%c3%9fen-st%c3%a4rken-von-raffstoreelementen_schlotterer\"\n\t\t\t\tclass=\"ngg-simplelightbox\" rel=\"56de71ddf906dcd30a1c1147036385b8\">\n\t\t\t\t<img\n\t\t\t\t\ttitle=\"Raffstore_die Tageslichtlenkung ist nur eine der gro\u00dfen St\u00e4rken von Raffstoreelementen_Schlotterer\"\n\t\t\t\t\talt=\"Raffstore_die Tageslichtlenkung ist nur eine der gro\u00dfen St\u00e4rken von Raffstoreelementen_Schlotterer\"\n\t\t\t\t\tsrc=\"http:\/\/www.schattendesign.at\/wp-content\/gallery\/raffstore-aussenjalousien\/thumbs\/thumbs_Raffstore_die-Tageslichtlenkung-ist-nur-eine-der-gro%C3%9Fen-St%C3%A4rken-von-Raffstoreelementen_Schlotterer.jpg\"\n\t\t\t\t\twidth=\"240\"\n\t\t\t\t\theight=\"160\"\n\t\t\t\t\tstyle=\"max-width:100%;\"\n\t\t\t\t\/>\n\t\t\t<\/a>\n\t\t<\/div>\n\t\t\t\t\t\t\t<\/div> \n\t\t\t\n\t\t\t\t<div id=\"ngg-image-4\" class=\"ngg-gallery-thumbnail-box \n\t\t\t\t\t\t\t\t\t\t\t\" \n\t\t\t>\n\t\t\t\t\t\t<div class=\"ngg-gallery-thumbnail\">\n\t\t\t<a href=\"http:\/\/www.schattendesign.at\/wp-content\/gallery\/raffstore-aussenjalousien\/Raffstore_ge%C3%B6ffnete-Lamellen-erm%C3%B6glichen-einen-hohen-Eintrag-an-nat%C3%BCrlichem-Tageslicht_Warema.jpg\"\n\t\t\t\ttitle=\"Raffstore_ge\u00f6ffnete Lamellen erm\u00f6glichen einen hohen Eintrag an nat\u00fcrlichem Tageslicht_Warema\"\n\t\t\t\tdata-src=\"http:\/\/www.schattendesign.at\/wp-content\/gallery\/raffstore-aussenjalousien\/Raffstore_ge%C3%B6ffnete-Lamellen-erm%C3%B6glichen-einen-hohen-Eintrag-an-nat%C3%BCrlichem-Tageslicht_Warema.jpg\"\n\t\t\t\tdata-thumbnail=\"http:\/\/www.schattendesign.at\/wp-content\/gallery\/raffstore-aussenjalousien\/thumbs\/thumbs_Raffstore_ge%C3%B6ffnete-Lamellen-erm%C3%B6glichen-einen-hohen-Eintrag-an-nat%C3%BCrlichem-Tageslicht_Warema.jpg\"\n\t\t\t\tdata-image-id=\"94\"\n\t\t\t\tdata-title=\"Raffstore_ge\u00f6ffnete Lamellen erm\u00f6glichen einen hohen Eintrag an nat\u00fcrlichem Tageslicht_Warema\"\n\t\t\t\tdata-description=\"Raffstore_ge\u00f6ffnete Lamellen erm\u00f6glichen einen hohen Eintrag an nat\u00fcrlichem Tageslicht_Warema\"\n\t\t\t\tdata-image-slug=\"raffstore_ge%c3%b6ffnete-lamellen-erm%c3%b6glichen-einen-hohen-eintrag-an-nat%c3%bcrlichem-tageslicht_warema\"\n\t\t\t\tclass=\"ngg-simplelightbox\" rel=\"56de71ddf906dcd30a1c1147036385b8\">\n\t\t\t\t<img\n\t\t\t\t\ttitle=\"Raffstore_ge\u00f6ffnete Lamellen erm\u00f6glichen einen hohen Eintrag an nat\u00fcrlichem Tageslicht_Warema\"\n\t\t\t\t\talt=\"Raffstore_ge\u00f6ffnete Lamellen erm\u00f6glichen einen hohen Eintrag an nat\u00fcrlichem Tageslicht_Warema\"\n\t\t\t\t\tsrc=\"http:\/\/www.schattendesign.at\/wp-content\/gallery\/raffstore-aussenjalousien\/thumbs\/thumbs_Raffstore_ge%C3%B6ffnete-Lamellen-erm%C3%B6glichen-einen-hohen-Eintrag-an-nat%C3%BCrlichem-Tageslicht_Warema.jpg\"\n\t\t\t\t\twidth=\"240\"\n\t\t\t\t\theight=\"160\"\n\t\t\t\t\tstyle=\"max-width:100%;\"\n\t\t\t\t\/>\n\t\t\t<\/a>\n\t\t<\/div>\n\t\t\t\t\t\t\t<\/div> \n\t\t\t\n\t\t\t\t<div id=\"ngg-image-5\" class=\"ngg-gallery-thumbnail-box \n\t\t\t\t\t\t\t\t\t\t\t\" \n\t\t\t>\n\t\t\t\t\t\t<div class=\"ngg-gallery-thumbnail\">\n\t\t\t<a href=\"http:\/\/www.schattendesign.at\/wp-content\/gallery\/raffstore-aussenjalousien\/Raffstore_Ihr-Sonnenschutz-perfekt-in-die-Fassade-integriert-dank-normgerechter-Montage_Warema.jpg\"\n\t\t\t\ttitle=\"Raffstore_Ihr Sonnenschutz perfekt in die Fassade integriert dank normgerechter Montage_Warema\"\n\t\t\t\tdata-src=\"http:\/\/www.schattendesign.at\/wp-content\/gallery\/raffstore-aussenjalousien\/Raffstore_Ihr-Sonnenschutz-perfekt-in-die-Fassade-integriert-dank-normgerechter-Montage_Warema.jpg\"\n\t\t\t\tdata-thumbnail=\"http:\/\/www.schattendesign.at\/wp-content\/gallery\/raffstore-aussenjalousien\/thumbs\/thumbs_Raffstore_Ihr-Sonnenschutz-perfekt-in-die-Fassade-integriert-dank-normgerechter-Montage_Warema.jpg\"\n\t\t\t\tdata-image-id=\"95\"\n\t\t\t\tdata-title=\"Raffstore_Ihr Sonnenschutz perfekt in die Fassade integriert dank normgerechter Montage_Warema\"\n\t\t\t\tdata-description=\"Raffstore_Ihr Sonnenschutz perfekt in die Fassade integriert dank normgerechter Montage_Warema\"\n\t\t\t\tdata-image-slug=\"raffstore_ihr-sonnenschutz-perfekt-in-die-fassade-integriert-dank-normgerechter-montage_warema\"\n\t\t\t\tclass=\"ngg-simplelightbox\" rel=\"56de71ddf906dcd30a1c1147036385b8\">\n\t\t\t\t<img\n\t\t\t\t\ttitle=\"Raffstore_Ihr Sonnenschutz perfekt in die Fassade integriert dank normgerechter Montage_Warema\"\n\t\t\t\t\talt=\"Raffstore_Ihr Sonnenschutz perfekt in die Fassade integriert dank normgerechter Montage_Warema\"\n\t\t\t\t\tsrc=\"http:\/\/www.schattendesign.at\/wp-content\/gallery\/raffstore-aussenjalousien\/thumbs\/thumbs_Raffstore_Ihr-Sonnenschutz-perfekt-in-die-Fassade-integriert-dank-normgerechter-Montage_Warema.jpg\"\n\t\t\t\t\twidth=\"240\"\n\t\t\t\t\theight=\"160\"\n\t\t\t\t\tstyle=\"max-width:100%;\"\n\t\t\t\t\/>\n\t\t\t<\/a>\n\t\t<\/div>\n\t\t\t\t\t\t\t<\/div> \n\t\t\t\n\t\t\t\t<div id=\"ngg-image-6\" class=\"ngg-gallery-thumbnail-box \n\t\t\t\t\t\t\t\t\t\t\t\" \n\t\t\t>\n\t\t\t\t\t\t<div class=\"ngg-gallery-thumbnail\">\n\t\t\t<a href=\"http:\/\/www.schattendesign.at\/wp-content\/gallery\/raffstore-aussenjalousien\/Raffstore_Schattendesign-par-Excellence-in-Ihren-Innenr%C3%A4umen_Warema.jpg\"\n\t\t\t\ttitle=\"Raffstore_Schattendesign par Excellence in Ihren Innenr\u00e4umen_Warema\"\n\t\t\t\tdata-src=\"http:\/\/www.schattendesign.at\/wp-content\/gallery\/raffstore-aussenjalousien\/Raffstore_Schattendesign-par-Excellence-in-Ihren-Innenr%C3%A4umen_Warema.jpg\"\n\t\t\t\tdata-thumbnail=\"http:\/\/www.schattendesign.at\/wp-content\/gallery\/raffstore-aussenjalousien\/thumbs\/thumbs_Raffstore_Schattendesign-par-Excellence-in-Ihren-Innenr%C3%A4umen_Warema.jpg\"\n\t\t\t\tdata-image-id=\"96\"\n\t\t\t\tdata-title=\"Raffstore_Schattendesign par Excellence in Ihren Innenr\u00e4umen_Warema\"\n\t\t\t\tdata-description=\"Raffstore_Schattendesign par Excellence in Ihren Innenr\u00e4umen_Warema\"\n\t\t\t\tdata-image-slug=\"raffstore_schattendesign-par-excellence-in-ihren-innenr%c3%a4umen_warema\"\n\t\t\t\tclass=\"ngg-simplelightbox\" rel=\"56de71ddf906dcd30a1c1147036385b8\">\n\t\t\t\t<img\n\t\t\t\t\ttitle=\"Raffstore_Schattendesign par Excellence in Ihren Innenr\u00e4umen_Warema\"\n\t\t\t\t\talt=\"Raffstore_Schattendesign par Excellence in Ihren Innenr\u00e4umen_Warema\"\n\t\t\t\t\tsrc=\"http:\/\/www.schattendesign.at\/wp-content\/gallery\/raffstore-aussenjalousien\/thumbs\/thumbs_Raffstore_Schattendesign-par-Excellence-in-Ihren-Innenr%C3%A4umen_Warema.jpg\"\n\t\t\t\t\twidth=\"240\"\n\t\t\t\t\theight=\"160\"\n\t\t\t\t\tstyle=\"max-width:100%;\"\n\t\t\t\t\/>\n\t\t\t<\/a>\n\t\t<\/div>\n\t\t\t\t\t\t\t<\/div> \n\t\t\t\n\t\t\t\t<div id=\"ngg-image-7\" class=\"ngg-gallery-thumbnail-box \n\t\t\t\t\t\t\t\t\t\t\t\" \n\t\t\t>\n\t\t\t\t\t\t<div class=\"ngg-gallery-thumbnail\">\n\t\t\t<a href=\"http:\/\/www.schattendesign.at\/wp-content\/gallery\/raffstore-aussenjalousien\/Rafstore_Beschattung-mit-gleichzeitig-integriertem-Insekten-und_oder-Pollenschutz_Schlotterer.jpg\"\n\t\t\t\ttitle=\"Raffstore_Beschattung mit gleichzeitig integriertem Insekten- und_oder Pollenschutz_Schlotterer\"\n\t\t\t\tdata-src=\"http:\/\/www.schattendesign.at\/wp-content\/gallery\/raffstore-aussenjalousien\/Rafstore_Beschattung-mit-gleichzeitig-integriertem-Insekten-und_oder-Pollenschutz_Schlotterer.jpg\"\n\t\t\t\tdata-thumbnail=\"http:\/\/www.schattendesign.at\/wp-content\/gallery\/raffstore-aussenjalousien\/thumbs\/thumbs_Rafstore_Beschattung-mit-gleichzeitig-integriertem-Insekten-und_oder-Pollenschutz_Schlotterer.jpg\"\n\t\t\t\tdata-image-id=\"97\"\n\t\t\t\tdata-title=\"Raffstore_Beschattung mit gleichzeitig integriertem Insekten- und_oder Pollenschutz_Schlotterer\"\n\t\t\t\tdata-description=\"Raffstore_Beschattung mit gleichzeitig integriertem Insekten- und_oder Pollenschutz_Schlotterer\"\n\t\t\t\tdata-image-slug=\"rafstore_beschattung-mit-gleichzeitig-integriertem-insekten-und_oder-pollenschutz_schlotterer\"\n\t\t\t\tclass=\"ngg-simplelightbox\" rel=\"56de71ddf906dcd30a1c1147036385b8\">\n\t\t\t\t<img\n\t\t\t\t\ttitle=\"Raffstore_Beschattung mit gleichzeitig integriertem Insekten- und_oder Pollenschutz_Schlotterer\"\n\t\t\t\t\talt=\"Raffstore_Beschattung mit gleichzeitig integriertem Insekten- und_oder Pollenschutz_Schlotterer\"\n\t\t\t\t\tsrc=\"http:\/\/www.schattendesign.at\/wp-content\/gallery\/raffstore-aussenjalousien\/thumbs\/thumbs_Rafstore_Beschattung-mit-gleichzeitig-integriertem-Insekten-und_oder-Pollenschutz_Schlotterer.jpg\"\n\t\t\t\t\twidth=\"240\"\n\t\t\t\t\theight=\"160\"\n\t\t\t\t\tstyle=\"max-width:100%;\"\n\t\t\t\t\/>\n\t\t\t<\/a>\n\t\t<\/div>\n\t\t\t\t\t\t\t<\/div> \n\t\t\t\n\t\n\t<br style=\"clear: both\" \/>\n\n\t\n\t\t<!-- Pagination -->\n\t\t<div class='ngg-clear'><\/div>\t<\/div>\n\n","protected":false},"excerpt":{"rendered":"<p>Den perfekten Sonnen-, Hitze- und Wetterschutz bieten Ihnen Raffstore und Au\u00dfenjalousien. Eine stufenlose Ver\u00e4nderung der Lamellenstellung erm\u00f6glicht Ihnen die bestm\u00f6gliche Regulierung und Lichtlenkung.<\/p>\n","protected":false},"author":1,"featured_media":0,"parent":0,"menu_order":0,"comment_status":"closed","ping_status":"closed","template":"","meta":{"ngg_post_thumbnail":0,"footnotes":""},"_links":{"self":[{"href":"http:\/\/www.schattendesign.at\/index.php?rest_route=\/wp\/v2\/pages\/192"}],"collection":[{"href":"http:\/\/www.schattendesign.at\/index.php?rest_route=\/wp\/v2\/pages"}],"about":[{"href":"http:\/\/www.schattendesign.at\/index.php?rest_route=\/wp\/v2\/types\/page"}],"author":[{"embeddable":true,"href":"http:\/\/www.schattendesign.at\/index.php?rest_route=\/wp\/v2\/users\/1"}],"replies":[{"embeddable":true,"href":"http:\/\/www.schattendesign.at\/index.php?rest_route=%2Fwp%2Fv2%2Fcomments&post=192"}],"version-history":[{"count":3,"href":"http:\/\/www.schattendesign.at\/index.php?rest_route=\/wp\/v2\/pages\/192\/revisions"}],"predecessor-version":[{"id":626,"href":"http:\/\/www.schattendesign.at\/index.php?rest_route=\/wp\/v2\/pages\/192\/revisions\/626"}],"wp:attachment":[{"href":"http:\/\/www.schattendesign.at\/index.php?rest_route=%2Fwp%2Fv2%2Fmedia&parent=192"}],"curies":[{"name":"wp","href":"https:\/\/api.w.org\/{rel}","templated":true}]}}