{"id":179,"date":"2020-05-04T19:53:57","date_gmt":"2020-05-04T17:53:57","guid":{"rendered":"http:\/\/www.schattendesign.at\/wordpress\/?page_id=179"},"modified":"2020-06-03T19:20:02","modified_gmt":"2020-06-03T17:20:02","slug":"vorhang-und-vorhanggarnitur","status":"publish","type":"page","link":"http:\/\/www.schattendesign.at\/?page_id=179","title":{"rendered":"Vorhang und Vorhanggarnitur"},"content":{"rendered":"<p style=\"text-align: justify;\">Wellenvorh\u00e4nge und Vorhangstangen sind Klassiker, die immer Saison haben. Sie passen sich jeder Raumgr\u00f6\u00dfe und Raumsituation an und setzen den Vorhang perfekt in Szene.<\/p>\n<!-- default-view.php -->\n<div\n\tclass=\"ngg-galleryoverview default-view \n\t\t\"\n\tid=\"ngg-gallery-e0dbdd30234761f59152a2e3c012b3f3-1\">\n\n\t\t<!-- Thumbnails -->\n\t\t\t\t<div id=\"ngg-image-0\" class=\"ngg-gallery-thumbnail-box \n\t\t\t\t\t\t\t\t\t\t\t\" \n\t\t\t>\n\t\t\t\t\t\t<div class=\"ngg-gallery-thumbnail\">\n\t\t\t<a href=\"http:\/\/www.schattendesign.at\/wp-content\/gallery\/vorhang-und-vorhanggarnitur\/Vorhang_die-Kombination-von-Stoff-Vorhangschiene-und-wohnlicher-Situation-ist-meist-entscheidend_LEHA.jpg\"\n\t\t\t\ttitle=\"Vorhang_die Kombination von Stoff, Vorhangschiene und wohnlicher Situation ist meist entscheidend_LEHA\"\n\t\t\t\tdata-src=\"http:\/\/www.schattendesign.at\/wp-content\/gallery\/vorhang-und-vorhanggarnitur\/Vorhang_die-Kombination-von-Stoff-Vorhangschiene-und-wohnlicher-Situation-ist-meist-entscheidend_LEHA.jpg\"\n\t\t\t\tdata-thumbnail=\"http:\/\/www.schattendesign.at\/wp-content\/gallery\/vorhang-und-vorhanggarnitur\/thumbs\/thumbs_Vorhang_die-Kombination-von-Stoff-Vorhangschiene-und-wohnlicher-Situation-ist-meist-entscheidend_LEHA.jpg\"\n\t\t\t\tdata-image-id=\"163\"\n\t\t\t\tdata-title=\"Vorhang_die Kombination von Stoff, Vorhangschiene und wohnlicher Situation ist meist entscheidend_LEHA\"\n\t\t\t\tdata-description=\"Vorhang_die Kombination von Stoff, Vorhangschiene und wohnlicher Situation ist meist entscheidend_LEHA\"\n\t\t\t\tdata-image-slug=\"vorhang_die-kombination-von-stoff-vorhangschiene-und-wohnlicher-situation-ist-meist-entscheidend_leha\"\n\t\t\t\tclass=\"ngg-simplelightbox\" rel=\"e0dbdd30234761f59152a2e3c012b3f3\">\n\t\t\t\t<img\n\t\t\t\t\ttitle=\"Vorhang_die Kombination von Stoff, Vorhangschiene und wohnlicher Situation ist meist entscheidend_LEHA\"\n\t\t\t\t\talt=\"Vorhang_die Kombination von Stoff, Vorhangschiene und wohnlicher Situation ist meist entscheidend_LEHA\"\n\t\t\t\t\tsrc=\"http:\/\/www.schattendesign.at\/wp-content\/gallery\/vorhang-und-vorhanggarnitur\/thumbs\/thumbs_Vorhang_die-Kombination-von-Stoff-Vorhangschiene-und-wohnlicher-Situation-ist-meist-entscheidend_LEHA.jpg\"\n\t\t\t\t\twidth=\"240\"\n\t\t\t\t\theight=\"160\"\n\t\t\t\t\tstyle=\"max-width:100%;\"\n\t\t\t\t\/>\n\t\t\t<\/a>\n\t\t<\/div>\n\t\t\t\t\t\t\t<\/div> \n\t\t\t\n\t\t\t\t<div id=\"ngg-image-1\" class=\"ngg-gallery-thumbnail-box \n\t\t\t\t\t\t\t\t\t\t\t\" \n\t\t\t>\n\t\t\t\t\t\t<div class=\"ngg-gallery-thumbnail\">\n\t\t\t<a href=\"http:\/\/www.schattendesign.at\/wp-content\/gallery\/vorhang-und-vorhanggarnitur\/Vorhang_f%C3%BCr-jeden-Kundenwusch-das-richtige-Vorhangschienen-Design_LEHA.jpg\"\n\t\t\t\ttitle=\"Vorhang_f\u00fcr jeden Kundenwusch das richtige Vorhangschienen-Design_LEHA\"\n\t\t\t\tdata-src=\"http:\/\/www.schattendesign.at\/wp-content\/gallery\/vorhang-und-vorhanggarnitur\/Vorhang_f%C3%BCr-jeden-Kundenwusch-das-richtige-Vorhangschienen-Design_LEHA.jpg\"\n\t\t\t\tdata-thumbnail=\"http:\/\/www.schattendesign.at\/wp-content\/gallery\/vorhang-und-vorhanggarnitur\/thumbs\/thumbs_Vorhang_f%C3%BCr-jeden-Kundenwusch-das-richtige-Vorhangschienen-Design_LEHA.jpg\"\n\t\t\t\tdata-image-id=\"164\"\n\t\t\t\tdata-title=\"Vorhang_f\u00fcr jeden Kundenwusch das richtige Vorhangschienen-Design_LEHA\"\n\t\t\t\tdata-description=\"Vorhang_f\u00fcr jeden Kundenwusch das richtige Vorhangschienen-Design_LEHA\"\n\t\t\t\tdata-image-slug=\"vorhang_f%c3%bcr-jeden-kundenwusch-das-richtige-vorhangschienen-design_leha\"\n\t\t\t\tclass=\"ngg-simplelightbox\" rel=\"e0dbdd30234761f59152a2e3c012b3f3\">\n\t\t\t\t<img\n\t\t\t\t\ttitle=\"Vorhang_f\u00fcr jeden Kundenwusch das richtige Vorhangschienen-Design_LEHA\"\n\t\t\t\t\talt=\"Vorhang_f\u00fcr jeden Kundenwusch das richtige Vorhangschienen-Design_LEHA\"\n\t\t\t\t\tsrc=\"http:\/\/www.schattendesign.at\/wp-content\/gallery\/vorhang-und-vorhanggarnitur\/thumbs\/thumbs_Vorhang_f%C3%BCr-jeden-Kundenwusch-das-richtige-Vorhangschienen-Design_LEHA.jpg\"\n\t\t\t\t\twidth=\"240\"\n\t\t\t\t\theight=\"160\"\n\t\t\t\t\tstyle=\"max-width:100%;\"\n\t\t\t\t\/>\n\t\t\t<\/a>\n\t\t<\/div>\n\t\t\t\t\t\t\t<\/div> \n\t\t\t\n\t\t\t\t<div id=\"ngg-image-2\" class=\"ngg-gallery-thumbnail-box \n\t\t\t\t\t\t\t\t\t\t\t\" \n\t\t\t>\n\t\t\t\t\t\t<div class=\"ngg-gallery-thumbnail\">\n\t\t\t<a href=\"http:\/\/www.schattendesign.at\/wp-content\/gallery\/vorhang-und-vorhanggarnitur\/Vorhang_geb%C3%BCrstete-Edelstahloptik-mit-klassischem-Store-Vorhangdesign_LEHA.jpg\"\n\t\t\t\ttitle=\"Vorhang_geb\u00fcrstete Edelstahloptik mit klassischem Dekor-Vorhangdesign_LEHA\"\n\t\t\t\tdata-src=\"http:\/\/www.schattendesign.at\/wp-content\/gallery\/vorhang-und-vorhanggarnitur\/Vorhang_geb%C3%BCrstete-Edelstahloptik-mit-klassischem-Store-Vorhangdesign_LEHA.jpg\"\n\t\t\t\tdata-thumbnail=\"http:\/\/www.schattendesign.at\/wp-content\/gallery\/vorhang-und-vorhanggarnitur\/thumbs\/thumbs_Vorhang_geb%C3%BCrstete-Edelstahloptik-mit-klassischem-Store-Vorhangdesign_LEHA.jpg\"\n\t\t\t\tdata-image-id=\"165\"\n\t\t\t\tdata-title=\"Vorhang_geb\u00fcrstete Edelstahloptik mit klassischem Dekor-Vorhangdesign_LEHA\"\n\t\t\t\tdata-description=\"Vorhang_geb\u00fcrstete Edelstahloptik mit klassischem Dekor-Vorhangdesign_LEHA\"\n\t\t\t\tdata-image-slug=\"vorhang_geb%c3%bcrstete-edelstahloptik-mit-klassischem-store-vorhangdesign_leha\"\n\t\t\t\tclass=\"ngg-simplelightbox\" rel=\"e0dbdd30234761f59152a2e3c012b3f3\">\n\t\t\t\t<img\n\t\t\t\t\ttitle=\"Vorhang_geb\u00fcrstete Edelstahloptik mit klassischem Dekor-Vorhangdesign_LEHA\"\n\t\t\t\t\talt=\"Vorhang_geb\u00fcrstete Edelstahloptik mit klassischem Dekor-Vorhangdesign_LEHA\"\n\t\t\t\t\tsrc=\"http:\/\/www.schattendesign.at\/wp-content\/gallery\/vorhang-und-vorhanggarnitur\/thumbs\/thumbs_Vorhang_geb%C3%BCrstete-Edelstahloptik-mit-klassischem-Store-Vorhangdesign_LEHA.jpg\"\n\t\t\t\t\twidth=\"240\"\n\t\t\t\t\theight=\"160\"\n\t\t\t\t\tstyle=\"max-width:100%;\"\n\t\t\t\t\/>\n\t\t\t<\/a>\n\t\t<\/div>\n\t\t\t\t\t\t\t<\/div> \n\t\t\t\n\t\t\t\t<div id=\"ngg-image-3\" class=\"ngg-gallery-thumbnail-box \n\t\t\t\t\t\t\t\t\t\t\t\" \n\t\t\t>\n\t\t\t\t\t\t<div class=\"ngg-gallery-thumbnail\">\n\t\t\t<a href=\"http:\/\/www.schattendesign.at\/wp-content\/gallery\/vorhang-und-vorhanggarnitur\/Vorhang_moderne-Rundstange-in-Wandmontage-mit-bunt-gestreiftem-Dekor-Vorhang_LEHA.jpg\"\n\t\t\t\ttitle=\"Vorhang_moderne Rundstange in Wandmontage mit bunt gestreiftem Dekor-Vorhang_LEHA\"\n\t\t\t\tdata-src=\"http:\/\/www.schattendesign.at\/wp-content\/gallery\/vorhang-und-vorhanggarnitur\/Vorhang_moderne-Rundstange-in-Wandmontage-mit-bunt-gestreiftem-Dekor-Vorhang_LEHA.jpg\"\n\t\t\t\tdata-thumbnail=\"http:\/\/www.schattendesign.at\/wp-content\/gallery\/vorhang-und-vorhanggarnitur\/thumbs\/thumbs_Vorhang_moderne-Rundstange-in-Wandmontage-mit-bunt-gestreiftem-Dekor-Vorhang_LEHA.jpg\"\n\t\t\t\tdata-image-id=\"166\"\n\t\t\t\tdata-title=\"Vorhang_moderne Rundstange in Wandmontage mit bunt gestreiftem Dekor-Vorhang_LEHA\"\n\t\t\t\tdata-description=\"Vorhang_moderne Rundstange in Wandmontage mit bunt gestreiftem Dekor-Vorhang_LEHA\"\n\t\t\t\tdata-image-slug=\"vorhang_moderne-rundstange-in-wandmontage-mit-bunt-gestreiftem-dekor-vorhang_leha\"\n\t\t\t\tclass=\"ngg-simplelightbox\" rel=\"e0dbdd30234761f59152a2e3c012b3f3\">\n\t\t\t\t<img\n\t\t\t\t\ttitle=\"Vorhang_moderne Rundstange in Wandmontage mit bunt gestreiftem Dekor-Vorhang_LEHA\"\n\t\t\t\t\talt=\"Vorhang_moderne Rundstange in Wandmontage mit bunt gestreiftem Dekor-Vorhang_LEHA\"\n\t\t\t\t\tsrc=\"http:\/\/www.schattendesign.at\/wp-content\/gallery\/vorhang-und-vorhanggarnitur\/thumbs\/thumbs_Vorhang_moderne-Rundstange-in-Wandmontage-mit-bunt-gestreiftem-Dekor-Vorhang_LEHA.jpg\"\n\t\t\t\t\twidth=\"240\"\n\t\t\t\t\theight=\"160\"\n\t\t\t\t\tstyle=\"max-width:100%;\"\n\t\t\t\t\/>\n\t\t\t<\/a>\n\t\t<\/div>\n\t\t\t\t\t\t\t<\/div> \n\t\t\t\n\t\t\t\t<div id=\"ngg-image-4\" class=\"ngg-gallery-thumbnail-box \n\t\t\t\t\t\t\t\t\t\t\t\" \n\t\t\t>\n\t\t\t\t\t\t<div class=\"ngg-gallery-thumbnail\">\n\t\t\t<a href=\"http:\/\/www.schattendesign.at\/wp-content\/gallery\/vorhang-und-vorhanggarnitur\/Vorhang_Rundstange-mit-Wellenvorhang-in-perfekter-Harmonie_LEHA.jpg\"\n\t\t\t\ttitle=\"Vorhang_Rundstange mit Wellenvorhang in perfekter Harmonie_LEHA\"\n\t\t\t\tdata-src=\"http:\/\/www.schattendesign.at\/wp-content\/gallery\/vorhang-und-vorhanggarnitur\/Vorhang_Rundstange-mit-Wellenvorhang-in-perfekter-Harmonie_LEHA.jpg\"\n\t\t\t\tdata-thumbnail=\"http:\/\/www.schattendesign.at\/wp-content\/gallery\/vorhang-und-vorhanggarnitur\/thumbs\/thumbs_Vorhang_Rundstange-mit-Wellenvorhang-in-perfekter-Harmonie_LEHA.jpg\"\n\t\t\t\tdata-image-id=\"167\"\n\t\t\t\tdata-title=\"Vorhang_Rundstange mit Wellenvorhang in perfekter Harmonie_LEHA\"\n\t\t\t\tdata-description=\"Vorhang_Rundstange mit Wellenvorhang in perfekter Harmonie_LEHA\"\n\t\t\t\tdata-image-slug=\"vorhang_rundstange-mit-wellenvorhang-in-perfekter-harmonie_leha\"\n\t\t\t\tclass=\"ngg-simplelightbox\" rel=\"e0dbdd30234761f59152a2e3c012b3f3\">\n\t\t\t\t<img\n\t\t\t\t\ttitle=\"Vorhang_Rundstange mit Wellenvorhang in perfekter Harmonie_LEHA\"\n\t\t\t\t\talt=\"Vorhang_Rundstange mit Wellenvorhang in perfekter Harmonie_LEHA\"\n\t\t\t\t\tsrc=\"http:\/\/www.schattendesign.at\/wp-content\/gallery\/vorhang-und-vorhanggarnitur\/thumbs\/thumbs_Vorhang_Rundstange-mit-Wellenvorhang-in-perfekter-Harmonie_LEHA.jpg\"\n\t\t\t\t\twidth=\"240\"\n\t\t\t\t\theight=\"160\"\n\t\t\t\t\tstyle=\"max-width:100%;\"\n\t\t\t\t\/>\n\t\t\t<\/a>\n\t\t<\/div>\n\t\t\t\t\t\t\t<\/div> \n\t\t\t\n\t\t\t\t<div id=\"ngg-image-5\" class=\"ngg-gallery-thumbnail-box \n\t\t\t\t\t\t\t\t\t\t\t\" \n\t\t\t>\n\t\t\t\t\t\t<div class=\"ngg-gallery-thumbnail\">\n\t\t\t<a href=\"http:\/\/www.schattendesign.at\/wp-content\/gallery\/vorhang-und-vorhanggarnitur\/Vorhang_Store-und_oder-Dekor-schafft-wohnliches-Ambiente_LEHA.jpg\"\n\t\t\t\ttitle=\"Vorhang_Store- und Dekor-Vorh\u00e4nge schaffen wohnliches Ambiente_LEHA\"\n\t\t\t\tdata-src=\"http:\/\/www.schattendesign.at\/wp-content\/gallery\/vorhang-und-vorhanggarnitur\/Vorhang_Store-und_oder-Dekor-schafft-wohnliches-Ambiente_LEHA.jpg\"\n\t\t\t\tdata-thumbnail=\"http:\/\/www.schattendesign.at\/wp-content\/gallery\/vorhang-und-vorhanggarnitur\/thumbs\/thumbs_Vorhang_Store-und_oder-Dekor-schafft-wohnliches-Ambiente_LEHA.jpg\"\n\t\t\t\tdata-image-id=\"168\"\n\t\t\t\tdata-title=\"Vorhang_Store- und Dekor-Vorh\u00e4nge schaffen wohnliches Ambiente_LEHA\"\n\t\t\t\tdata-description=\"Vorhang_Store- und Dekor-Vorh\u00e4nge schaffen wohnliches Ambiente_LEHA\"\n\t\t\t\tdata-image-slug=\"vorhang_store-und_oder-dekor-schafft-wohnliches-ambiente_leha\"\n\t\t\t\tclass=\"ngg-simplelightbox\" rel=\"e0dbdd30234761f59152a2e3c012b3f3\">\n\t\t\t\t<img\n\t\t\t\t\ttitle=\"Vorhang_Store- und Dekor-Vorh\u00e4nge schaffen wohnliches Ambiente_LEHA\"\n\t\t\t\t\talt=\"Vorhang_Store- und Dekor-Vorh\u00e4nge schaffen wohnliches Ambiente_LEHA\"\n\t\t\t\t\tsrc=\"http:\/\/www.schattendesign.at\/wp-content\/gallery\/vorhang-und-vorhanggarnitur\/thumbs\/thumbs_Vorhang_Store-und_oder-Dekor-schafft-wohnliches-Ambiente_LEHA.jpg\"\n\t\t\t\t\twidth=\"240\"\n\t\t\t\t\theight=\"160\"\n\t\t\t\t\tstyle=\"max-width:100%;\"\n\t\t\t\t\/>\n\t\t\t<\/a>\n\t\t<\/div>\n\t\t\t\t\t\t\t<\/div> \n\t\t\t\n\t\t\t\t<div id=\"ngg-image-6\" class=\"ngg-gallery-thumbnail-box \n\t\t\t\t\t\t\t\t\t\t\t\" \n\t\t\t>\n\t\t\t\t\t\t<div class=\"ngg-gallery-thumbnail\">\n\t\t\t<a href=\"http:\/\/www.schattendesign.at\/wp-content\/gallery\/vorhang-und-vorhanggarnitur\/Vorhang_Store-Vorh%C3%A4nge-f%C3%BCr-einen-maximalen-Eintrag-an-Tageslicht_LEHA.jpg\"\n\t\t\t\ttitle=\"Vorhang_Store-Vorh\u00e4nge f\u00fcr einen maximalen Eintrag an Tageslicht_LEHA\"\n\t\t\t\tdata-src=\"http:\/\/www.schattendesign.at\/wp-content\/gallery\/vorhang-und-vorhanggarnitur\/Vorhang_Store-Vorh%C3%A4nge-f%C3%BCr-einen-maximalen-Eintrag-an-Tageslicht_LEHA.jpg\"\n\t\t\t\tdata-thumbnail=\"http:\/\/www.schattendesign.at\/wp-content\/gallery\/vorhang-und-vorhanggarnitur\/thumbs\/thumbs_Vorhang_Store-Vorh%C3%A4nge-f%C3%BCr-einen-maximalen-Eintrag-an-Tageslicht_LEHA.jpg\"\n\t\t\t\tdata-image-id=\"169\"\n\t\t\t\tdata-title=\"Vorhang_Store-Vorh\u00e4nge f\u00fcr einen maximalen Eintrag an Tageslicht_LEHA\"\n\t\t\t\tdata-description=\"Vorhang_Store-Vorh\u00e4nge f\u00fcr einen maximalen Eintrag an Tageslicht_LEHA\"\n\t\t\t\tdata-image-slug=\"vorhang_store-vorh%c3%a4nge-f%c3%bcr-einen-maximalen-eintrag-an-tageslicht_leha\"\n\t\t\t\tclass=\"ngg-simplelightbox\" rel=\"e0dbdd30234761f59152a2e3c012b3f3\">\n\t\t\t\t<img\n\t\t\t\t\ttitle=\"Vorhang_Store-Vorh\u00e4nge f\u00fcr einen maximalen Eintrag an Tageslicht_LEHA\"\n\t\t\t\t\talt=\"Vorhang_Store-Vorh\u00e4nge f\u00fcr einen maximalen Eintrag an Tageslicht_LEHA\"\n\t\t\t\t\tsrc=\"http:\/\/www.schattendesign.at\/wp-content\/gallery\/vorhang-und-vorhanggarnitur\/thumbs\/thumbs_Vorhang_Store-Vorh%C3%A4nge-f%C3%BCr-einen-maximalen-Eintrag-an-Tageslicht_LEHA.jpg\"\n\t\t\t\t\twidth=\"240\"\n\t\t\t\t\theight=\"160\"\n\t\t\t\t\tstyle=\"max-width:100%;\"\n\t\t\t\t\/>\n\t\t\t<\/a>\n\t\t<\/div>\n\t\t\t\t\t\t\t<\/div> \n\t\t\t\n\t\t\t\t<div id=\"ngg-image-7\" class=\"ngg-gallery-thumbnail-box \n\t\t\t\t\t\t\t\t\t\t\t\" \n\t\t\t>\n\t\t\t\t\t\t<div class=\"ngg-gallery-thumbnail\">\n\t\t\t<a href=\"http:\/\/www.schattendesign.at\/wp-content\/gallery\/vorhang-und-vorhanggarnitur\/Vorhang_verschiedene-Vorhangschienen-von-klassischem-bis-zu-mordernem-und-eckigem-bis-zu-rundem-Design_LEHA.jpg\"\n\t\t\t\ttitle=\"Vorhang_verschiedene Vorhangschienen von klassischem bis zu mordernem und eckigem bis zu rundem Design_LEHA\"\n\t\t\t\tdata-src=\"http:\/\/www.schattendesign.at\/wp-content\/gallery\/vorhang-und-vorhanggarnitur\/Vorhang_verschiedene-Vorhangschienen-von-klassischem-bis-zu-mordernem-und-eckigem-bis-zu-rundem-Design_LEHA.jpg\"\n\t\t\t\tdata-thumbnail=\"http:\/\/www.schattendesign.at\/wp-content\/gallery\/vorhang-und-vorhanggarnitur\/thumbs\/thumbs_Vorhang_verschiedene-Vorhangschienen-von-klassischem-bis-zu-mordernem-und-eckigem-bis-zu-rundem-Design_LEHA.jpg\"\n\t\t\t\tdata-image-id=\"170\"\n\t\t\t\tdata-title=\"VVorhang_verschiedene Vorhangschienen von klassischem bis zu mordernem und eckigem bis zu rundem Design_LEHA\"\n\t\t\t\tdata-description=\"Vorhang_verschiedene Vorhangschienen von klassischem bis zu mordernem und eckigem bis zu rundem Design_LEHA\"\n\t\t\t\tdata-image-slug=\"vorhang_verschiedene-vorhangschienen-von-klassischem-bis-zu-mordernem-und-eckigem-bis-zu-rundem-design_leha\"\n\t\t\t\tclass=\"ngg-simplelightbox\" rel=\"e0dbdd30234761f59152a2e3c012b3f3\">\n\t\t\t\t<img\n\t\t\t\t\ttitle=\"VVorhang_verschiedene Vorhangschienen von klassischem bis zu mordernem und eckigem bis zu rundem Design_LEHA\"\n\t\t\t\t\talt=\"VVorhang_verschiedene Vorhangschienen von klassischem bis zu mordernem und eckigem bis zu rundem Design_LEHA\"\n\t\t\t\t\tsrc=\"http:\/\/www.schattendesign.at\/wp-content\/gallery\/vorhang-und-vorhanggarnitur\/thumbs\/thumbs_Vorhang_verschiedene-Vorhangschienen-von-klassischem-bis-zu-mordernem-und-eckigem-bis-zu-rundem-Design_LEHA.jpg\"\n\t\t\t\t\twidth=\"240\"\n\t\t\t\t\theight=\"160\"\n\t\t\t\t\tstyle=\"max-width:100%;\"\n\t\t\t\t\/>\n\t\t\t<\/a>\n\t\t<\/div>\n\t\t\t\t\t\t\t<\/div> \n\t\t\t\n\t\t\t\t<div id=\"ngg-image-8\" class=\"ngg-gallery-thumbnail-box \n\t\t\t\t\t\t\t\t\t\t\t\" \n\t\t\t>\n\t\t\t\t\t\t<div class=\"ngg-gallery-thumbnail\">\n\t\t\t<a href=\"http:\/\/www.schattendesign.at\/wp-content\/gallery\/vorhang-und-vorhanggarnitur\/Vorhang_Vorhanggarnitur-mit-Wellenvorhang-f%C3%BCr-ein-wundersch%C3%B6nes-Ambiente_LEHA.jpg\"\n\t\t\t\ttitle=\"Vorhang_Vorhanggarnitur mit Wellenvorhang f\u00fcr ein wundersch\u00f6nes Ambiente_LEHA\"\n\t\t\t\tdata-src=\"http:\/\/www.schattendesign.at\/wp-content\/gallery\/vorhang-und-vorhanggarnitur\/Vorhang_Vorhanggarnitur-mit-Wellenvorhang-f%C3%BCr-ein-wundersch%C3%B6nes-Ambiente_LEHA.jpg\"\n\t\t\t\tdata-thumbnail=\"http:\/\/www.schattendesign.at\/wp-content\/gallery\/vorhang-und-vorhanggarnitur\/thumbs\/thumbs_Vorhang_Vorhanggarnitur-mit-Wellenvorhang-f%C3%BCr-ein-wundersch%C3%B6nes-Ambiente_LEHA.jpg\"\n\t\t\t\tdata-image-id=\"171\"\n\t\t\t\tdata-title=\"Vorhang_Vorhanggarnitur mit Wellenvorhang f\u00fcr ein wundersch\u00f6nes Ambiente_LEHA\"\n\t\t\t\tdata-description=\"Vorhang_Vorhanggarnitur mit Wellenvorhang f\u00fcr ein wundersch\u00f6nes Ambiente_LEHA\"\n\t\t\t\tdata-image-slug=\"vorhang_vorhanggarnitur-mit-wellenvorhang-f%c3%bcr-ein-wundersch%c3%b6nes-ambiente_leha\"\n\t\t\t\tclass=\"ngg-simplelightbox\" rel=\"e0dbdd30234761f59152a2e3c012b3f3\">\n\t\t\t\t<img\n\t\t\t\t\ttitle=\"Vorhang_Vorhanggarnitur mit Wellenvorhang f\u00fcr ein wundersch\u00f6nes Ambiente_LEHA\"\n\t\t\t\t\talt=\"Vorhang_Vorhanggarnitur mit Wellenvorhang f\u00fcr ein wundersch\u00f6nes Ambiente_LEHA\"\n\t\t\t\t\tsrc=\"http:\/\/www.schattendesign.at\/wp-content\/gallery\/vorhang-und-vorhanggarnitur\/thumbs\/thumbs_Vorhang_Vorhanggarnitur-mit-Wellenvorhang-f%C3%BCr-ein-wundersch%C3%B6nes-Ambiente_LEHA.jpg\"\n\t\t\t\t\twidth=\"240\"\n\t\t\t\t\theight=\"160\"\n\t\t\t\t\tstyle=\"max-width:100%;\"\n\t\t\t\t\/>\n\t\t\t<\/a>\n\t\t<\/div>\n\t\t\t\t\t\t\t<\/div> \n\t\t\t\n\t\t\t\t<div id=\"ngg-image-9\" class=\"ngg-gallery-thumbnail-box \n\t\t\t\t\t\t\t\t\t\t\t\" \n\t\t\t>\n\t\t\t\t\t\t<div class=\"ngg-gallery-thumbnail\">\n\t\t\t<a href=\"http:\/\/www.schattendesign.at\/wp-content\/gallery\/vorhang-und-vorhanggarnitur\/Vorhang_Wellenvorhang-mit-Vorhanggarnitur-in-modernem-Design_LEHA.jpg\"\n\t\t\t\ttitle=\"Vorhang_Vorhanggarnituren sind in unendlich vielen verschiedenen Designs f\u00fcr jeden Anspruch verf\u00fcgbar_LEHA\"\n\t\t\t\tdata-src=\"http:\/\/www.schattendesign.at\/wp-content\/gallery\/vorhang-und-vorhanggarnitur\/Vorhang_Wellenvorhang-mit-Vorhanggarnitur-in-modernem-Design_LEHA.jpg\"\n\t\t\t\tdata-thumbnail=\"http:\/\/www.schattendesign.at\/wp-content\/gallery\/vorhang-und-vorhanggarnitur\/thumbs\/thumbs_Vorhang_Wellenvorhang-mit-Vorhanggarnitur-in-modernem-Design_LEHA.jpg\"\n\t\t\t\tdata-image-id=\"172\"\n\t\t\t\tdata-title=\"Vorhang_Vorhanggarnituren sind in unendlich vielen verschiedenen Designs f\u00fcr jeden Anspruch verf\u00fcgbar_LEHA\"\n\t\t\t\tdata-description=\"Vorhang_Vorhanggarnituren sind in unendlich vielen verschiedenen Designs f\u00fcr jeden Anspruch verf\u00fcgbar_LEHA\"\n\t\t\t\tdata-image-slug=\"vorhang_wellenvorhang-mit-vorhanggarnitur-in-modernem-design_leha\"\n\t\t\t\tclass=\"ngg-simplelightbox\" rel=\"e0dbdd30234761f59152a2e3c012b3f3\">\n\t\t\t\t<img\n\t\t\t\t\ttitle=\"Vorhang_Vorhanggarnituren sind in unendlich vielen verschiedenen Designs f\u00fcr jeden Anspruch verf\u00fcgbar_LEHA\"\n\t\t\t\t\talt=\"Vorhang_Vorhanggarnituren sind in unendlich vielen verschiedenen Designs f\u00fcr jeden Anspruch verf\u00fcgbar_LEHA\"\n\t\t\t\t\tsrc=\"http:\/\/www.schattendesign.at\/wp-content\/gallery\/vorhang-und-vorhanggarnitur\/thumbs\/thumbs_Vorhang_Wellenvorhang-mit-Vorhanggarnitur-in-modernem-Design_LEHA.jpg\"\n\t\t\t\t\twidth=\"240\"\n\t\t\t\t\theight=\"160\"\n\t\t\t\t\tstyle=\"max-width:100%;\"\n\t\t\t\t\/>\n\t\t\t<\/a>\n\t\t<\/div>\n\t\t\t\t\t\t\t<\/div> \n\t\t\t\n\t\n\t<br style=\"clear: both\" \/>\n\n\t\n\t\t<!-- Pagination -->\n\t\t<div class='ngg-clear'><\/div>\t<\/div>\n\n","protected":false},"excerpt":{"rendered":"<p>Wellenvorh\u00e4nge und Vorhangstangen sind Klassiker, die immer Saison haben. Sie passen sich jeder Raumgr\u00f6\u00dfe und Raumsituation an und setzen den Vorhang perfekt in Szene.<\/p>\n","protected":false},"author":1,"featured_media":0,"parent":0,"menu_order":0,"comment_status":"closed","ping_status":"closed","template":"","meta":{"ngg_post_thumbnail":0,"footnotes":""},"_links":{"self":[{"href":"http:\/\/www.schattendesign.at\/index.php?rest_route=\/wp\/v2\/pages\/179"}],"collection":[{"href":"http:\/\/www.schattendesign.at\/index.php?rest_route=\/wp\/v2\/pages"}],"about":[{"href":"http:\/\/www.schattendesign.at\/index.php?rest_route=\/wp\/v2\/types\/page"}],"author":[{"embeddable":true,"href":"http:\/\/www.schattendesign.at\/index.php?rest_route=\/wp\/v2\/users\/1"}],"replies":[{"embeddable":true,"href":"http:\/\/www.schattendesign.at\/index.php?rest_route=%2Fwp%2Fv2%2Fcomments&post=179"}],"version-history":[{"count":3,"href":"http:\/\/www.schattendesign.at\/index.php?rest_route=\/wp\/v2\/pages\/179\/revisions"}],"predecessor-version":[{"id":634,"href":"http:\/\/www.schattendesign.at\/index.php?rest_route=\/wp\/v2\/pages\/179\/revisions\/634"}],"wp:attachment":[{"href":"http:\/\/www.schattendesign.at\/index.php?rest_route=%2Fwp%2Fv2%2Fmedia&parent=179"}],"curies":[{"name":"wp","href":"https:\/\/api.w.org\/{rel}","templated":true}]}}