{"id":177,"date":"2020-05-04T19:53:39","date_gmt":"2020-05-04T17:53:39","guid":{"rendered":"http:\/\/www.schattendesign.at\/wordpress\/?page_id=177"},"modified":"2020-06-03T19:05:08","modified_gmt":"2020-06-03T17:05:08","slug":"flaechenvorhang","status":"publish","type":"page","link":"http:\/\/www.schattendesign.at\/?page_id=177","title":{"rendered":"Fl\u00e4chenvorhang"},"content":{"rendered":"<p style=\"text-align: justify;\">Fl\u00e4chenvorh\u00e4nge sind eine moderne Interpretation des klassischen Vorhangs, ganz nach dem Motto: weniger ist mehr!<\/p>\n<!-- default-view.php -->\n<div\n\tclass=\"ngg-galleryoverview default-view \n\t\t\"\n\tid=\"ngg-gallery-ae4cc79555a134055cfcf69d00fb8bba-1\">\n\n\t\t<!-- Thumbnails -->\n\t\t\t\t<div id=\"ngg-image-0\" class=\"ngg-gallery-thumbnail-box \n\t\t\t\t\t\t\t\t\t\t\t\" \n\t\t\t>\n\t\t\t\t\t\t<div class=\"ngg-gallery-thumbnail\">\n\t\t\t<a href=\"http:\/\/www.schattendesign.at\/wp-content\/gallery\/flaechenvorhang\/Fl%C3%A4chenvorhang_bei-gro%C3%9Fen-Glasfl%C3%A4chen-empfiehlt-sich-die-Kombination-von-verschiedenen-Stoffen_LEHA.jpg\"\n\t\t\t\ttitle=\"Fl\u00e4chenvorhang_bei gro\u00dfen Glasfl\u00e4chen empfiehlt sich die Kombination von verschiedenen Stoffen_LEHA\"\n\t\t\t\tdata-src=\"http:\/\/www.schattendesign.at\/wp-content\/gallery\/flaechenvorhang\/Fl%C3%A4chenvorhang_bei-gro%C3%9Fen-Glasfl%C3%A4chen-empfiehlt-sich-die-Kombination-von-verschiedenen-Stoffen_LEHA.jpg\"\n\t\t\t\tdata-thumbnail=\"http:\/\/www.schattendesign.at\/wp-content\/gallery\/flaechenvorhang\/thumbs\/thumbs_Fl%C3%A4chenvorhang_bei-gro%C3%9Fen-Glasfl%C3%A4chen-empfiehlt-sich-die-Kombination-von-verschiedenen-Stoffen_LEHA.jpg\"\n\t\t\t\tdata-image-id=\"49\"\n\t\t\t\tdata-title=\"Fl\u00e4chenvorhang_bei gro\u00dfen Glasfl\u00e4chen empfiehlt sich die Kombination von verschiedenen Stoffen_LEHA\"\n\t\t\t\tdata-description=\"Fl\u00e4chenvorhang_bei gro\u00dfen Glasfl\u00e4chen empfiehlt sich die Kombination von verschiedenen Stoffen_LEHA\"\n\t\t\t\tdata-image-slug=\"fl%c3%a4chenvorhang_bei-gro%c3%9fen-glasfl%c3%a4chen-empfiehlt-sich-die-kombination-von-verschiedenen-stoffen_leha\"\n\t\t\t\tclass=\"ngg-simplelightbox\" rel=\"ae4cc79555a134055cfcf69d00fb8bba\">\n\t\t\t\t<img\n\t\t\t\t\ttitle=\"Fl\u00e4chenvorhang_bei gro\u00dfen Glasfl\u00e4chen empfiehlt sich die Kombination von verschiedenen Stoffen_LEHA\"\n\t\t\t\t\talt=\"Fl\u00e4chenvorhang_bei gro\u00dfen Glasfl\u00e4chen empfiehlt sich die Kombination von verschiedenen Stoffen_LEHA\"\n\t\t\t\t\tsrc=\"http:\/\/www.schattendesign.at\/wp-content\/gallery\/flaechenvorhang\/thumbs\/thumbs_Fl%C3%A4chenvorhang_bei-gro%C3%9Fen-Glasfl%C3%A4chen-empfiehlt-sich-die-Kombination-von-verschiedenen-Stoffen_LEHA.jpg\"\n\t\t\t\t\twidth=\"240\"\n\t\t\t\t\theight=\"160\"\n\t\t\t\t\tstyle=\"max-width:100%;\"\n\t\t\t\t\/>\n\t\t\t<\/a>\n\t\t<\/div>\n\t\t\t\t\t\t\t<\/div> \n\t\t\t\n\t\t\t\t<div id=\"ngg-image-1\" class=\"ngg-gallery-thumbnail-box \n\t\t\t\t\t\t\t\t\t\t\t\" \n\t\t\t>\n\t\t\t\t\t\t<div class=\"ngg-gallery-thumbnail\">\n\t\t\t<a href=\"http:\/\/www.schattendesign.at\/wp-content\/gallery\/flaechenvorhang\/Fl%C3%A4chenvorhang_Detail-der-Unterleiste-zur-Beschwerung-der-Stoffbahn_LEHA.jpg\"\n\t\t\t\ttitle=\"Fl\u00e4chenvorhang_Detail der Unterleiste zur Beschwerung der Stoffbahn_LEHA\"\n\t\t\t\tdata-src=\"http:\/\/www.schattendesign.at\/wp-content\/gallery\/flaechenvorhang\/Fl%C3%A4chenvorhang_Detail-der-Unterleiste-zur-Beschwerung-der-Stoffbahn_LEHA.jpg\"\n\t\t\t\tdata-thumbnail=\"http:\/\/www.schattendesign.at\/wp-content\/gallery\/flaechenvorhang\/thumbs\/thumbs_Fl%C3%A4chenvorhang_Detail-der-Unterleiste-zur-Beschwerung-der-Stoffbahn_LEHA.jpg\"\n\t\t\t\tdata-image-id=\"50\"\n\t\t\t\tdata-title=\"Fl\u00e4chenvorhang_Detail der Unterleiste zur Beschwerung der Stoffbahn_LEHA\"\n\t\t\t\tdata-description=\"Fl\u00e4chenvorhang_Detail der Unterleiste zur Beschwerung der Stoffbahn_LEHA\"\n\t\t\t\tdata-image-slug=\"fl%c3%a4chenvorhang_detail-der-unterleiste-zur-beschwerung-der-stoffbahn_leha\"\n\t\t\t\tclass=\"ngg-simplelightbox\" rel=\"ae4cc79555a134055cfcf69d00fb8bba\">\n\t\t\t\t<img\n\t\t\t\t\ttitle=\"Fl\u00e4chenvorhang_Detail der Unterleiste zur Beschwerung der Stoffbahn_LEHA\"\n\t\t\t\t\talt=\"Fl\u00e4chenvorhang_Detail der Unterleiste zur Beschwerung der Stoffbahn_LEHA\"\n\t\t\t\t\tsrc=\"http:\/\/www.schattendesign.at\/wp-content\/gallery\/flaechenvorhang\/thumbs\/thumbs_Fl%C3%A4chenvorhang_Detail-der-Unterleiste-zur-Beschwerung-der-Stoffbahn_LEHA.jpg\"\n\t\t\t\t\twidth=\"240\"\n\t\t\t\t\theight=\"160\"\n\t\t\t\t\tstyle=\"max-width:100%;\"\n\t\t\t\t\/>\n\t\t\t<\/a>\n\t\t<\/div>\n\t\t\t\t\t\t\t<\/div> \n\t\t\t\n\t\t\t\t<div id=\"ngg-image-2\" class=\"ngg-gallery-thumbnail-box \n\t\t\t\t\t\t\t\t\t\t\t\" \n\t\t\t>\n\t\t\t\t\t\t<div class=\"ngg-gallery-thumbnail\">\n\t\t\t<a href=\"http:\/\/www.schattendesign.at\/wp-content\/gallery\/flaechenvorhang\/Fl%C3%A4chenvorhang_die-Kombinationsm%C3%B6glichkeiten-sind-%C3%A4u%C3%9Ferst-vielf%C3%A4lltig_LEHA.jpg\"\n\t\t\t\ttitle=\"Fl\u00e4chenvorhang_die Kombinationsm\u00f6glichkeiten sind \u00e4u\u00dferst vielf\u00e4lltig_LEHA\"\n\t\t\t\tdata-src=\"http:\/\/www.schattendesign.at\/wp-content\/gallery\/flaechenvorhang\/Fl%C3%A4chenvorhang_die-Kombinationsm%C3%B6glichkeiten-sind-%C3%A4u%C3%9Ferst-vielf%C3%A4lltig_LEHA.jpg\"\n\t\t\t\tdata-thumbnail=\"http:\/\/www.schattendesign.at\/wp-content\/gallery\/flaechenvorhang\/thumbs\/thumbs_Fl%C3%A4chenvorhang_die-Kombinationsm%C3%B6glichkeiten-sind-%C3%A4u%C3%9Ferst-vielf%C3%A4lltig_LEHA.jpg\"\n\t\t\t\tdata-image-id=\"51\"\n\t\t\t\tdata-title=\"Fl\u00e4chenvorhang_die Kombinationsm\u00f6glichkeiten sind \u00e4u\u00dferst vielf\u00e4lltig_LEHA\"\n\t\t\t\tdata-description=\"Fl\u00e4chenvorhang_die Kombinationsm\u00f6glichkeiten sind \u00e4u\u00dferst vielf\u00e4lltig_LEHA\"\n\t\t\t\tdata-image-slug=\"fl%c3%a4chenvorhang_die-kombinationsm%c3%b6glichkeiten-sind-%c3%a4u%c3%9ferst-vielf%c3%a4lltig_leha\"\n\t\t\t\tclass=\"ngg-simplelightbox\" rel=\"ae4cc79555a134055cfcf69d00fb8bba\">\n\t\t\t\t<img\n\t\t\t\t\ttitle=\"Fl\u00e4chenvorhang_die Kombinationsm\u00f6glichkeiten sind \u00e4u\u00dferst vielf\u00e4lltig_LEHA\"\n\t\t\t\t\talt=\"Fl\u00e4chenvorhang_die Kombinationsm\u00f6glichkeiten sind \u00e4u\u00dferst vielf\u00e4lltig_LEHA\"\n\t\t\t\t\tsrc=\"http:\/\/www.schattendesign.at\/wp-content\/gallery\/flaechenvorhang\/thumbs\/thumbs_Fl%C3%A4chenvorhang_die-Kombinationsm%C3%B6glichkeiten-sind-%C3%A4u%C3%9Ferst-vielf%C3%A4lltig_LEHA.jpg\"\n\t\t\t\t\twidth=\"240\"\n\t\t\t\t\theight=\"160\"\n\t\t\t\t\tstyle=\"max-width:100%;\"\n\t\t\t\t\/>\n\t\t\t<\/a>\n\t\t<\/div>\n\t\t\t\t\t\t\t<\/div> \n\t\t\t\n\t\t\t\t<div id=\"ngg-image-3\" class=\"ngg-gallery-thumbnail-box \n\t\t\t\t\t\t\t\t\t\t\t\" \n\t\t\t>\n\t\t\t\t\t\t<div class=\"ngg-gallery-thumbnail\">\n\t\t\t<a href=\"http:\/\/www.schattendesign.at\/wp-content\/gallery\/flaechenvorhang\/Fl%C3%A4chenvorhang_die-richtige-Breite-des-Elements-je-Fensterfl%C3%A4che-ist-entscheidend_LEHA.jpg\"\n\t\t\t\ttitle=\"Fl\u00e4chenvorhang_die richtige Breite des Elements je Fensterfl\u00e4che ist entscheidend_LEHA\"\n\t\t\t\tdata-src=\"http:\/\/www.schattendesign.at\/wp-content\/gallery\/flaechenvorhang\/Fl%C3%A4chenvorhang_die-richtige-Breite-des-Elements-je-Fensterfl%C3%A4che-ist-entscheidend_LEHA.jpg\"\n\t\t\t\tdata-thumbnail=\"http:\/\/www.schattendesign.at\/wp-content\/gallery\/flaechenvorhang\/thumbs\/thumbs_Fl%C3%A4chenvorhang_die-richtige-Breite-des-Elements-je-Fensterfl%C3%A4che-ist-entscheidend_LEHA.jpg\"\n\t\t\t\tdata-image-id=\"52\"\n\t\t\t\tdata-title=\"Fl\u00e4chenvorhang_die richtige Breite des Elements je Fensterfl\u00e4che ist entscheidend_LEHA\"\n\t\t\t\tdata-description=\"Fl\u00e4chenvorhang_die richtige Breite des Elements je Fensterfl\u00e4che ist entscheidend_LEHA\"\n\t\t\t\tdata-image-slug=\"fl%c3%a4chenvorhang_die-richtige-breite-des-elements-je-fensterfl%c3%a4che-ist-entscheidend_leha\"\n\t\t\t\tclass=\"ngg-simplelightbox\" rel=\"ae4cc79555a134055cfcf69d00fb8bba\">\n\t\t\t\t<img\n\t\t\t\t\ttitle=\"Fl\u00e4chenvorhang_die richtige Breite des Elements je Fensterfl\u00e4che ist entscheidend_LEHA\"\n\t\t\t\t\talt=\"Fl\u00e4chenvorhang_die richtige Breite des Elements je Fensterfl\u00e4che ist entscheidend_LEHA\"\n\t\t\t\t\tsrc=\"http:\/\/www.schattendesign.at\/wp-content\/gallery\/flaechenvorhang\/thumbs\/thumbs_Fl%C3%A4chenvorhang_die-richtige-Breite-des-Elements-je-Fensterfl%C3%A4che-ist-entscheidend_LEHA.jpg\"\n\t\t\t\t\twidth=\"240\"\n\t\t\t\t\theight=\"160\"\n\t\t\t\t\tstyle=\"max-width:100%;\"\n\t\t\t\t\/>\n\t\t\t<\/a>\n\t\t<\/div>\n\t\t\t\t\t\t\t<\/div> \n\t\t\t\n\t\t\t\t<div id=\"ngg-image-4\" class=\"ngg-gallery-thumbnail-box \n\t\t\t\t\t\t\t\t\t\t\t\" \n\t\t\t>\n\t\t\t\t\t\t<div class=\"ngg-gallery-thumbnail\">\n\t\t\t<a href=\"http:\/\/www.schattendesign.at\/wp-content\/gallery\/flaechenvorhang\/Fl%C3%A4chenvorhang_die-Stoffpaneele-sind-je-nach-Wahl-der-Laufschiene-frei-verschiebbar_LEHA.jpg\"\n\t\t\t\ttitle=\"Fl\u00e4chenvorhang_die Stoffpaneele sind je nach Wahl der Laufschiene frei verschiebbar_LEHA\"\n\t\t\t\tdata-src=\"http:\/\/www.schattendesign.at\/wp-content\/gallery\/flaechenvorhang\/Fl%C3%A4chenvorhang_die-Stoffpaneele-sind-je-nach-Wahl-der-Laufschiene-frei-verschiebbar_LEHA.jpg\"\n\t\t\t\tdata-thumbnail=\"http:\/\/www.schattendesign.at\/wp-content\/gallery\/flaechenvorhang\/thumbs\/thumbs_Fl%C3%A4chenvorhang_die-Stoffpaneele-sind-je-nach-Wahl-der-Laufschiene-frei-verschiebbar_LEHA.jpg\"\n\t\t\t\tdata-image-id=\"53\"\n\t\t\t\tdata-title=\"Fl\u00e4chenvorhang_die Stoffpaneele sind je nach Wahl der Laufschiene frei verschiebbar_LEHA\"\n\t\t\t\tdata-description=\"Fl\u00e4chenvorhang_die Stoffpaneele sind je nach Wahl der Laufschiene frei verschiebbar_LEHA\"\n\t\t\t\tdata-image-slug=\"fl%c3%a4chenvorhang_die-stoffpaneele-sind-je-nach-wahl-der-laufschiene-frei-verschiebbar_leha\"\n\t\t\t\tclass=\"ngg-simplelightbox\" rel=\"ae4cc79555a134055cfcf69d00fb8bba\">\n\t\t\t\t<img\n\t\t\t\t\ttitle=\"Fl\u00e4chenvorhang_die Stoffpaneele sind je nach Wahl der Laufschiene frei verschiebbar_LEHA\"\n\t\t\t\t\talt=\"Fl\u00e4chenvorhang_die Stoffpaneele sind je nach Wahl der Laufschiene frei verschiebbar_LEHA\"\n\t\t\t\t\tsrc=\"http:\/\/www.schattendesign.at\/wp-content\/gallery\/flaechenvorhang\/thumbs\/thumbs_Fl%C3%A4chenvorhang_die-Stoffpaneele-sind-je-nach-Wahl-der-Laufschiene-frei-verschiebbar_LEHA.jpg\"\n\t\t\t\t\twidth=\"240\"\n\t\t\t\t\theight=\"160\"\n\t\t\t\t\tstyle=\"max-width:100%;\"\n\t\t\t\t\/>\n\t\t\t<\/a>\n\t\t<\/div>\n\t\t\t\t\t\t\t<\/div> \n\t\t\t\n\t\t\t\t<div id=\"ngg-image-5\" class=\"ngg-gallery-thumbnail-box \n\t\t\t\t\t\t\t\t\t\t\t\" \n\t\t\t>\n\t\t\t\t\t\t<div class=\"ngg-gallery-thumbnail\">\n\t\t\t<a href=\"http:\/\/www.schattendesign.at\/wp-content\/gallery\/flaechenvorhang\/Fl%C3%A4chenvorhang_eine-gelungene-Alternative-zum-Wellenvorhang_LEHA.jpg\"\n\t\t\t\ttitle=\"Fl\u00e4chenvorhang_eine gelungene Alternative zum Wellenvorhang_LEHA\"\n\t\t\t\tdata-src=\"http:\/\/www.schattendesign.at\/wp-content\/gallery\/flaechenvorhang\/Fl%C3%A4chenvorhang_eine-gelungene-Alternative-zum-Wellenvorhang_LEHA.jpg\"\n\t\t\t\tdata-thumbnail=\"http:\/\/www.schattendesign.at\/wp-content\/gallery\/flaechenvorhang\/thumbs\/thumbs_Fl%C3%A4chenvorhang_eine-gelungene-Alternative-zum-Wellenvorhang_LEHA.jpg\"\n\t\t\t\tdata-image-id=\"54\"\n\t\t\t\tdata-title=\"Fl\u00e4chenvorhang_eine gelungene Alternative zum Wellenvorhang_LEHA\"\n\t\t\t\tdata-description=\"Fl\u00e4chenvorhang_eine gelungene Alternative zum Wellenvorhang_LEHA\"\n\t\t\t\tdata-image-slug=\"fl%c3%a4chenvorhang_eine-gelungene-alternative-zum-wellenvorhang_leha\"\n\t\t\t\tclass=\"ngg-simplelightbox\" rel=\"ae4cc79555a134055cfcf69d00fb8bba\">\n\t\t\t\t<img\n\t\t\t\t\ttitle=\"Fl\u00e4chenvorhang_eine gelungene Alternative zum Wellenvorhang_LEHA\"\n\t\t\t\t\talt=\"Fl\u00e4chenvorhang_eine gelungene Alternative zum Wellenvorhang_LEHA\"\n\t\t\t\t\tsrc=\"http:\/\/www.schattendesign.at\/wp-content\/gallery\/flaechenvorhang\/thumbs\/thumbs_Fl%C3%A4chenvorhang_eine-gelungene-Alternative-zum-Wellenvorhang_LEHA.jpg\"\n\t\t\t\t\twidth=\"240\"\n\t\t\t\t\theight=\"160\"\n\t\t\t\t\tstyle=\"max-width:100%;\"\n\t\t\t\t\/>\n\t\t\t<\/a>\n\t\t<\/div>\n\t\t\t\t\t\t\t<\/div> \n\t\t\t\n\t\t\t\t<div id=\"ngg-image-6\" class=\"ngg-gallery-thumbnail-box \n\t\t\t\t\t\t\t\t\t\t\t\" \n\t\t\t>\n\t\t\t\t\t\t<div class=\"ngg-gallery-thumbnail\">\n\t\t\t<a href=\"http:\/\/www.schattendesign.at\/wp-content\/gallery\/flaechenvorhang\/Fl%C3%A4chenvorhang_je-nach-Kundenwunsch-gibt-es-transparente-halbtransparente-und-blickdichte-Stoffe_LEHA.jpg\"\n\t\t\t\ttitle=\"Fl\u00e4chenvorhang_je nach Kundenwunsch gibt es transparente, halbtransparente und blickdichte Stoffe_LEHA\"\n\t\t\t\tdata-src=\"http:\/\/www.schattendesign.at\/wp-content\/gallery\/flaechenvorhang\/Fl%C3%A4chenvorhang_je-nach-Kundenwunsch-gibt-es-transparente-halbtransparente-und-blickdichte-Stoffe_LEHA.jpg\"\n\t\t\t\tdata-thumbnail=\"http:\/\/www.schattendesign.at\/wp-content\/gallery\/flaechenvorhang\/thumbs\/thumbs_Fl%C3%A4chenvorhang_je-nach-Kundenwunsch-gibt-es-transparente-halbtransparente-und-blickdichte-Stoffe_LEHA.jpg\"\n\t\t\t\tdata-image-id=\"55\"\n\t\t\t\tdata-title=\"Fl\u00e4chenvorhang_je nach Kundenwunsch gibt es transparente, halbtransparente und blickdichte Stoffe_LEHA\"\n\t\t\t\tdata-description=\"Fl\u00e4chenvorhang_je nach Kundenwunsch gibt es transparente, halbtransparente und blickdichte Stoffe_LEHA\"\n\t\t\t\tdata-image-slug=\"fl%c3%a4chenvorhang_je-nach-kundenwunsch-gibt-es-transparente-halbtransparente-und-blickdichte-stoffe_leha\"\n\t\t\t\tclass=\"ngg-simplelightbox\" rel=\"ae4cc79555a134055cfcf69d00fb8bba\">\n\t\t\t\t<img\n\t\t\t\t\ttitle=\"Fl\u00e4chenvorhang_je nach Kundenwunsch gibt es transparente, halbtransparente und blickdichte Stoffe_LEHA\"\n\t\t\t\t\talt=\"Fl\u00e4chenvorhang_je nach Kundenwunsch gibt es transparente, halbtransparente und blickdichte Stoffe_LEHA\"\n\t\t\t\t\tsrc=\"http:\/\/www.schattendesign.at\/wp-content\/gallery\/flaechenvorhang\/thumbs\/thumbs_Fl%C3%A4chenvorhang_je-nach-Kundenwunsch-gibt-es-transparente-halbtransparente-und-blickdichte-Stoffe_LEHA.jpg\"\n\t\t\t\t\twidth=\"240\"\n\t\t\t\t\theight=\"160\"\n\t\t\t\t\tstyle=\"max-width:100%;\"\n\t\t\t\t\/>\n\t\t\t<\/a>\n\t\t<\/div>\n\t\t\t\t\t\t\t<\/div> \n\t\t\t\n\t\t\t\t<div id=\"ngg-image-7\" class=\"ngg-gallery-thumbnail-box \n\t\t\t\t\t\t\t\t\t\t\t\" \n\t\t\t>\n\t\t\t\t\t\t<div class=\"ngg-gallery-thumbnail\">\n\t\t\t<a href=\"http:\/\/www.schattendesign.at\/wp-content\/gallery\/flaechenvorhang\/Fl%C3%A4chenvorhang_mehrl%C3%A4ufige-Schienen-erm%C3%B6glichen-die-Kombination-von-verschiedenen-Stoffen_LEHA.jpg\"\n\t\t\t\ttitle=\"Fl\u00e4chenvorhang_mehrl\u00e4ufige Schienen erm\u00f6glichen die Kombination von verschiedenen Stoffdesigns_LEHA\"\n\t\t\t\tdata-src=\"http:\/\/www.schattendesign.at\/wp-content\/gallery\/flaechenvorhang\/Fl%C3%A4chenvorhang_mehrl%C3%A4ufige-Schienen-erm%C3%B6glichen-die-Kombination-von-verschiedenen-Stoffen_LEHA.jpg\"\n\t\t\t\tdata-thumbnail=\"http:\/\/www.schattendesign.at\/wp-content\/gallery\/flaechenvorhang\/thumbs\/thumbs_Fl%C3%A4chenvorhang_mehrl%C3%A4ufige-Schienen-erm%C3%B6glichen-die-Kombination-von-verschiedenen-Stoffen_LEHA.jpg\"\n\t\t\t\tdata-image-id=\"56\"\n\t\t\t\tdata-title=\"Fl\u00e4chenvorhang_mehrl\u00e4ufige Schienen erm\u00f6glichen die Kombination von verschiedenen Stoffdesigns_LEHA\"\n\t\t\t\tdata-description=\"Fl\u00e4chenvorhang_mehrl\u00e4ufige Schienen erm\u00f6glichen die Kombination von verschiedenen Stoffdesigns_LEHA\"\n\t\t\t\tdata-image-slug=\"fl%c3%a4chenvorhang_mehrl%c3%a4ufige-schienen-erm%c3%b6glichen-die-kombination-von-verschiedenen-stoffen_leha\"\n\t\t\t\tclass=\"ngg-simplelightbox\" rel=\"ae4cc79555a134055cfcf69d00fb8bba\">\n\t\t\t\t<img\n\t\t\t\t\ttitle=\"Fl\u00e4chenvorhang_mehrl\u00e4ufige Schienen erm\u00f6glichen die Kombination von verschiedenen Stoffdesigns_LEHA\"\n\t\t\t\t\talt=\"Fl\u00e4chenvorhang_mehrl\u00e4ufige Schienen erm\u00f6glichen die Kombination von verschiedenen Stoffdesigns_LEHA\"\n\t\t\t\t\tsrc=\"http:\/\/www.schattendesign.at\/wp-content\/gallery\/flaechenvorhang\/thumbs\/thumbs_Fl%C3%A4chenvorhang_mehrl%C3%A4ufige-Schienen-erm%C3%B6glichen-die-Kombination-von-verschiedenen-Stoffen_LEHA.jpg\"\n\t\t\t\t\twidth=\"240\"\n\t\t\t\t\theight=\"160\"\n\t\t\t\t\tstyle=\"max-width:100%;\"\n\t\t\t\t\/>\n\t\t\t<\/a>\n\t\t<\/div>\n\t\t\t\t\t\t\t<\/div> \n\t\t\t\n\t\t\t\t<div id=\"ngg-image-8\" class=\"ngg-gallery-thumbnail-box \n\t\t\t\t\t\t\t\t\t\t\t\" \n\t\t\t>\n\t\t\t\t\t\t<div class=\"ngg-gallery-thumbnail\">\n\t\t\t<a href=\"http:\/\/www.schattendesign.at\/wp-content\/gallery\/flaechenvorhang\/Fl%C3%A4chenvorhang_stilsicher-in-Privat-und-Gesch%C3%A4ftsbereichen_LEHA.jpg\"\n\t\t\t\ttitle=\"Fl\u00e4chenvorhang_stilsicher in Privat- und Gesch\u00e4ftsbereichen_LEHA\"\n\t\t\t\tdata-src=\"http:\/\/www.schattendesign.at\/wp-content\/gallery\/flaechenvorhang\/Fl%C3%A4chenvorhang_stilsicher-in-Privat-und-Gesch%C3%A4ftsbereichen_LEHA.jpg\"\n\t\t\t\tdata-thumbnail=\"http:\/\/www.schattendesign.at\/wp-content\/gallery\/flaechenvorhang\/thumbs\/thumbs_Fl%C3%A4chenvorhang_stilsicher-in-Privat-und-Gesch%C3%A4ftsbereichen_LEHA.jpg\"\n\t\t\t\tdata-image-id=\"57\"\n\t\t\t\tdata-title=\"Fl\u00e4chenvorhang_stilsicher in Privat- und Gesch\u00e4ftsbereichen_LEHA\"\n\t\t\t\tdata-description=\"Fl\u00e4chenvorhang_stilsicher in Privat- und Gesch\u00e4ftsbereichen_LEHA\"\n\t\t\t\tdata-image-slug=\"fl%c3%a4chenvorhang_stilsicher-in-privat-und-gesch%c3%a4ftsbereichen_leha\"\n\t\t\t\tclass=\"ngg-simplelightbox\" rel=\"ae4cc79555a134055cfcf69d00fb8bba\">\n\t\t\t\t<img\n\t\t\t\t\ttitle=\"Fl\u00e4chenvorhang_stilsicher in Privat- und Gesch\u00e4ftsbereichen_LEHA\"\n\t\t\t\t\talt=\"Fl\u00e4chenvorhang_stilsicher in Privat- und Gesch\u00e4ftsbereichen_LEHA\"\n\t\t\t\t\tsrc=\"http:\/\/www.schattendesign.at\/wp-content\/gallery\/flaechenvorhang\/thumbs\/thumbs_Fl%C3%A4chenvorhang_stilsicher-in-Privat-und-Gesch%C3%A4ftsbereichen_LEHA.jpg\"\n\t\t\t\t\twidth=\"240\"\n\t\t\t\t\theight=\"160\"\n\t\t\t\t\tstyle=\"max-width:100%;\"\n\t\t\t\t\/>\n\t\t\t<\/a>\n\t\t<\/div>\n\t\t\t\t\t\t\t<\/div> \n\t\t\t\n\t\n\t<br style=\"clear: both\" \/>\n\n\t\n\t\t<!-- Pagination -->\n\t\t<div class='ngg-clear'><\/div>\t<\/div>\n\n","protected":false},"excerpt":{"rendered":"<p>Fl\u00e4chenvorh\u00e4nge sind eine moderne Interpretation des klassischen Vorhangs, ganz nach dem Motto: weniger ist mehr!<\/p>\n","protected":false},"author":1,"featured_media":0,"parent":0,"menu_order":0,"comment_status":"closed","ping_status":"closed","template":"","meta":{"ngg_post_thumbnail":0,"footnotes":""},"_links":{"self":[{"href":"http:\/\/www.schattendesign.at\/index.php?rest_route=\/wp\/v2\/pages\/177"}],"collection":[{"href":"http:\/\/www.schattendesign.at\/index.php?rest_route=\/wp\/v2\/pages"}],"about":[{"href":"http:\/\/www.schattendesign.at\/index.php?rest_route=\/wp\/v2\/types\/page"}],"author":[{"embeddable":true,"href":"http:\/\/www.schattendesign.at\/index.php?rest_route=\/wp\/v2\/users\/1"}],"replies":[{"embeddable":true,"href":"http:\/\/www.schattendesign.at\/index.php?rest_route=%2Fwp%2Fv2%2Fcomments&post=177"}],"version-history":[{"count":3,"href":"http:\/\/www.schattendesign.at\/index.php?rest_route=\/wp\/v2\/pages\/177\/revisions"}],"predecessor-version":[{"id":616,"href":"http:\/\/www.schattendesign.at\/index.php?rest_route=\/wp\/v2\/pages\/177\/revisions\/616"}],"wp:attachment":[{"href":"http:\/\/www.schattendesign.at\/index.php?rest_route=%2Fwp%2Fv2%2Fmedia&parent=177"}],"curies":[{"name":"wp","href":"https:\/\/api.w.org\/{rel}","templated":true}]}}