{"id":175,"date":"2020-05-04T19:53:26","date_gmt":"2020-05-04T17:53:26","guid":{"rendered":"http:\/\/www.schattendesign.at\/wordpress\/?page_id=175"},"modified":"2020-06-03T19:04:53","modified_gmt":"2020-06-03T17:04:53","slug":"aluschiene-und-karniese","status":"publish","type":"page","link":"http:\/\/www.schattendesign.at\/?page_id=175","title":{"rendered":"Aluschiene und Karniese"},"content":{"rendered":"<p style=\"text-align: justify;\">Ob Aluschiene oder Karniese aus Holz, Ihre Vorh\u00e4nge haben nur das Beste verdient.<\/p>\n<!-- default-view.php -->\n<div\n\tclass=\"ngg-galleryoverview default-view \n\t\t\"\n\tid=\"ngg-gallery-b9e9b55c9319f330f19f8c8db2d549da-1\">\n\n\t\t<!-- Thumbnails -->\n\t\t\t\t<div id=\"ngg-image-0\" class=\"ngg-gallery-thumbnail-box \n\t\t\t\t\t\t\t\t\t\t\t\" \n\t\t\t>\n\t\t\t\t\t\t<div class=\"ngg-gallery-thumbnail\">\n\t\t\t<a href=\"http:\/\/www.schattendesign.at\/wp-content\/gallery\/aluschiene-und-karniese\/Aluschienen_auch-f%C3%BCr-Giebelanlagen-die-passende-Wahl_LEHA.jpg\"\n\t\t\t\ttitle=\"Aluschienen_auch f\u00fcr Giebelanlagen die passende Wahl_LEHA\"\n\t\t\t\tdata-src=\"http:\/\/www.schattendesign.at\/wp-content\/gallery\/aluschiene-und-karniese\/Aluschienen_auch-f%C3%BCr-Giebelanlagen-die-passende-Wahl_LEHA.jpg\"\n\t\t\t\tdata-thumbnail=\"http:\/\/www.schattendesign.at\/wp-content\/gallery\/aluschiene-und-karniese\/thumbs\/thumbs_Aluschienen_auch-f%C3%BCr-Giebelanlagen-die-passende-Wahl_LEHA.jpg\"\n\t\t\t\tdata-image-id=\"39\"\n\t\t\t\tdata-title=\"Aluschienen_auch f\u00fcr Giebelanlagen die passende Wahl_LEHA\"\n\t\t\t\tdata-description=\"Aluschienen_auch f\u00fcr Giebelanlagen die passende Wahl_LEHA\"\n\t\t\t\tdata-image-slug=\"aluschienen_auch-f%c3%bcr-giebelanlagen-die-passende-wahl_leha\"\n\t\t\t\tclass=\"ngg-simplelightbox\" rel=\"b9e9b55c9319f330f19f8c8db2d549da\">\n\t\t\t\t<img\n\t\t\t\t\ttitle=\"Aluschienen_auch f\u00fcr Giebelanlagen die passende Wahl_LEHA\"\n\t\t\t\t\talt=\"Aluschienen_auch f\u00fcr Giebelanlagen die passende Wahl_LEHA\"\n\t\t\t\t\tsrc=\"http:\/\/www.schattendesign.at\/wp-content\/gallery\/aluschiene-und-karniese\/thumbs\/thumbs_Aluschienen_auch-f%C3%BCr-Giebelanlagen-die-passende-Wahl_LEHA.jpg\"\n\t\t\t\t\twidth=\"240\"\n\t\t\t\t\theight=\"160\"\n\t\t\t\t\tstyle=\"max-width:100%;\"\n\t\t\t\t\/>\n\t\t\t<\/a>\n\t\t<\/div>\n\t\t\t\t\t\t\t<\/div> \n\t\t\t\n\t\t\t\t<div id=\"ngg-image-1\" class=\"ngg-gallery-thumbnail-box \n\t\t\t\t\t\t\t\t\t\t\t\" \n\t\t\t>\n\t\t\t\t\t\t<div class=\"ngg-gallery-thumbnail\">\n\t\t\t<a href=\"http:\/\/www.schattendesign.at\/wp-content\/gallery\/aluschiene-und-karniese\/Aluschienen_eine-Kombination-von-gebogener-und-gerader-Ausf%C3%BChrung-mit-Store-und-Dekor-Vorh%C3%A4ngen_LEHA.jpg\"\n\t\t\t\ttitle=\"Aluschienen_eine Kombination von gebogener und gerader Ausf\u00fchrung mit Store und Dekor-Vorh\u00e4ngen_LEHA\"\n\t\t\t\tdata-src=\"http:\/\/www.schattendesign.at\/wp-content\/gallery\/aluschiene-und-karniese\/Aluschienen_eine-Kombination-von-gebogener-und-gerader-Ausf%C3%BChrung-mit-Store-und-Dekor-Vorh%C3%A4ngen_LEHA.jpg\"\n\t\t\t\tdata-thumbnail=\"http:\/\/www.schattendesign.at\/wp-content\/gallery\/aluschiene-und-karniese\/thumbs\/thumbs_Aluschienen_eine-Kombination-von-gebogener-und-gerader-Ausf%C3%BChrung-mit-Store-und-Dekor-Vorh%C3%A4ngen_LEHA.jpg\"\n\t\t\t\tdata-image-id=\"40\"\n\t\t\t\tdata-title=\"Aluschienen_eine Kombination von gebogener und gerader Ausf\u00fchrung mit Store und Dekor-Vorh\u00e4ngen_LEHA\"\n\t\t\t\tdata-description=\"Aluschienen_eine Kombination von gebogener und gerader Ausf\u00fchrung mit Store und Dekor-Vorh\u00e4ngen_LEHA\"\n\t\t\t\tdata-image-slug=\"aluschienen_eine-kombination-von-gebogener-und-gerader-ausf%c3%bchrung-mit-store-und-dekor-vorh%c3%a4ngen_leha\"\n\t\t\t\tclass=\"ngg-simplelightbox\" rel=\"b9e9b55c9319f330f19f8c8db2d549da\">\n\t\t\t\t<img\n\t\t\t\t\ttitle=\"Aluschienen_eine Kombination von gebogener und gerader Ausf\u00fchrung mit Store und Dekor-Vorh\u00e4ngen_LEHA\"\n\t\t\t\t\talt=\"Aluschienen_eine Kombination von gebogener und gerader Ausf\u00fchrung mit Store und Dekor-Vorh\u00e4ngen_LEHA\"\n\t\t\t\t\tsrc=\"http:\/\/www.schattendesign.at\/wp-content\/gallery\/aluschiene-und-karniese\/thumbs\/thumbs_Aluschienen_eine-Kombination-von-gebogener-und-gerader-Ausf%C3%BChrung-mit-Store-und-Dekor-Vorh%C3%A4ngen_LEHA.jpg\"\n\t\t\t\t\twidth=\"240\"\n\t\t\t\t\theight=\"160\"\n\t\t\t\t\tstyle=\"max-width:100%;\"\n\t\t\t\t\/>\n\t\t\t<\/a>\n\t\t<\/div>\n\t\t\t\t\t\t\t<\/div> \n\t\t\t\n\t\t\t\t<div id=\"ngg-image-2\" class=\"ngg-gallery-thumbnail-box \n\t\t\t\t\t\t\t\t\t\t\t\" \n\t\t\t>\n\t\t\t\t\t\t<div class=\"ngg-gallery-thumbnail\">\n\t\t\t<a href=\"http:\/\/www.schattendesign.at\/wp-content\/gallery\/aluschiene-und-karniese\/Aluschienen_gebogene-und-gerade-Ausf%C3%BChrungen-einzeln-oder-kombiniert_LEHA.jpg\"\n\t\t\t\ttitle=\"Aluschienen_gebogene und gerade Ausf\u00fchrungen einzeln oder kombiniert_LEHA\"\n\t\t\t\tdata-src=\"http:\/\/www.schattendesign.at\/wp-content\/gallery\/aluschiene-und-karniese\/Aluschienen_gebogene-und-gerade-Ausf%C3%BChrungen-einzeln-oder-kombiniert_LEHA.jpg\"\n\t\t\t\tdata-thumbnail=\"http:\/\/www.schattendesign.at\/wp-content\/gallery\/aluschiene-und-karniese\/thumbs\/thumbs_Aluschienen_gebogene-und-gerade-Ausf%C3%BChrungen-einzeln-oder-kombiniert_LEHA.jpg\"\n\t\t\t\tdata-image-id=\"41\"\n\t\t\t\tdata-title=\"Aluschienen_gebogene und gerade Ausf\u00fchrungen einzeln oder kombiniert_LEHA\"\n\t\t\t\tdata-description=\"Aluschienen_gebogene und gerade Ausf\u00fchrungen einzeln oder kombiniert_LEHA\"\n\t\t\t\tdata-image-slug=\"aluschienen_gebogene-und-gerade-ausf%c3%bchrungen-einzeln-oder-kombiniert_leha\"\n\t\t\t\tclass=\"ngg-simplelightbox\" rel=\"b9e9b55c9319f330f19f8c8db2d549da\">\n\t\t\t\t<img\n\t\t\t\t\ttitle=\"Aluschienen_gebogene und gerade Ausf\u00fchrungen einzeln oder kombiniert_LEHA\"\n\t\t\t\t\talt=\"Aluschienen_gebogene und gerade Ausf\u00fchrungen einzeln oder kombiniert_LEHA\"\n\t\t\t\t\tsrc=\"http:\/\/www.schattendesign.at\/wp-content\/gallery\/aluschiene-und-karniese\/thumbs\/thumbs_Aluschienen_gebogene-und-gerade-Ausf%C3%BChrungen-einzeln-oder-kombiniert_LEHA.jpg\"\n\t\t\t\t\twidth=\"240\"\n\t\t\t\t\theight=\"160\"\n\t\t\t\t\tstyle=\"max-width:100%;\"\n\t\t\t\t\/>\n\t\t\t<\/a>\n\t\t<\/div>\n\t\t\t\t\t\t\t<\/div> \n\t\t\t\n\t\t\t\t<div id=\"ngg-image-3\" class=\"ngg-gallery-thumbnail-box \n\t\t\t\t\t\t\t\t\t\t\t\" \n\t\t\t>\n\t\t\t\t\t\t<div class=\"ngg-gallery-thumbnail\">\n\t\t\t<a href=\"http:\/\/www.schattendesign.at\/wp-content\/gallery\/aluschiene-und-karniese\/Aluschienen_Giebelanlage-mit-Store-Vorhang-f%C3%BCr-maximalen-Lichteintrag-und-gleichzeitigem-Sichtschutz_LEHA.jpg\"\n\t\t\t\ttitle=\"Aluschienen_Giebelanlage mit Store-Vorhang f\u00fcr maximalen Lichteintrag und gleichzeitigem Sichtschutz_LEHA\"\n\t\t\t\tdata-src=\"http:\/\/www.schattendesign.at\/wp-content\/gallery\/aluschiene-und-karniese\/Aluschienen_Giebelanlage-mit-Store-Vorhang-f%C3%BCr-maximalen-Lichteintrag-und-gleichzeitigem-Sichtschutz_LEHA.jpg\"\n\t\t\t\tdata-thumbnail=\"http:\/\/www.schattendesign.at\/wp-content\/gallery\/aluschiene-und-karniese\/thumbs\/thumbs_Aluschienen_Giebelanlage-mit-Store-Vorhang-f%C3%BCr-maximalen-Lichteintrag-und-gleichzeitigem-Sichtschutz_LEHA.jpg\"\n\t\t\t\tdata-image-id=\"42\"\n\t\t\t\tdata-title=\"Aluschienen_Giebelanlage mit Store-Vorhang f\u00fcr maximalen Lichteintrag und gleichzeitigem Sichtschutz_LEHA\"\n\t\t\t\tdata-description=\"Aluschienen_Giebelanlage mit Store-Vorhang f\u00fcr maximalen Lichteintrag und gleichzeitigem Sichtschutz_LEHA\"\n\t\t\t\tdata-image-slug=\"aluschienen_giebelanlage-mit-store-vorhang-f%c3%bcr-maximalen-lichteintrag-und-gleichzeitigem-sichtschutz_leha\"\n\t\t\t\tclass=\"ngg-simplelightbox\" rel=\"b9e9b55c9319f330f19f8c8db2d549da\">\n\t\t\t\t<img\n\t\t\t\t\ttitle=\"Aluschienen_Giebelanlage mit Store-Vorhang f\u00fcr maximalen Lichteintrag und gleichzeitigem Sichtschutz_LEHA\"\n\t\t\t\t\talt=\"Aluschienen_Giebelanlage mit Store-Vorhang f\u00fcr maximalen Lichteintrag und gleichzeitigem Sichtschutz_LEHA\"\n\t\t\t\t\tsrc=\"http:\/\/www.schattendesign.at\/wp-content\/gallery\/aluschiene-und-karniese\/thumbs\/thumbs_Aluschienen_Giebelanlage-mit-Store-Vorhang-f%C3%BCr-maximalen-Lichteintrag-und-gleichzeitigem-Sichtschutz_LEHA.jpg\"\n\t\t\t\t\twidth=\"240\"\n\t\t\t\t\theight=\"160\"\n\t\t\t\t\tstyle=\"max-width:100%;\"\n\t\t\t\t\/>\n\t\t\t<\/a>\n\t\t<\/div>\n\t\t\t\t\t\t\t<\/div> \n\t\t\t\n\t\t\t\t<div id=\"ngg-image-4\" class=\"ngg-gallery-thumbnail-box \n\t\t\t\t\t\t\t\t\t\t\t\" \n\t\t\t>\n\t\t\t\t\t\t<div class=\"ngg-gallery-thumbnail\">\n\t\t\t<a href=\"http:\/\/www.schattendesign.at\/wp-content\/gallery\/aluschiene-und-karniese\/Karniese_die-unendlichen-M%C3%B6glichkeiten-Designs-zu-kombinieren-bereiten-viel-Freude_LEHA.jpg\"\n\t\t\t\ttitle=\"Karniese_die unendlichen M\u00f6glichkeiten Designs zu kombinieren bereiten viel Freude_LEHA\"\n\t\t\t\tdata-src=\"http:\/\/www.schattendesign.at\/wp-content\/gallery\/aluschiene-und-karniese\/Karniese_die-unendlichen-M%C3%B6glichkeiten-Designs-zu-kombinieren-bereiten-viel-Freude_LEHA.jpg\"\n\t\t\t\tdata-thumbnail=\"http:\/\/www.schattendesign.at\/wp-content\/gallery\/aluschiene-und-karniese\/thumbs\/thumbs_Karniese_die-unendlichen-M%C3%B6glichkeiten-Designs-zu-kombinieren-bereiten-viel-Freude_LEHA.jpg\"\n\t\t\t\tdata-image-id=\"43\"\n\t\t\t\tdata-title=\"Karniese_die unendlichen M\u00f6glichkeiten Designs zu kombinieren bereiten viel Freude_LEHA\"\n\t\t\t\tdata-description=\"Karniese_die unendlichen M\u00f6glichkeiten Designs zu kombinieren bereiten viel Freude_LEHA\"\n\t\t\t\tdata-image-slug=\"karniese_die-unendlichen-m%c3%b6glichkeiten-designs-zu-kombinieren-bereiten-viel-freude_leha\"\n\t\t\t\tclass=\"ngg-simplelightbox\" rel=\"b9e9b55c9319f330f19f8c8db2d549da\">\n\t\t\t\t<img\n\t\t\t\t\ttitle=\"Karniese_die unendlichen M\u00f6glichkeiten Designs zu kombinieren bereiten viel Freude_LEHA\"\n\t\t\t\t\talt=\"Karniese_die unendlichen M\u00f6glichkeiten Designs zu kombinieren bereiten viel Freude_LEHA\"\n\t\t\t\t\tsrc=\"http:\/\/www.schattendesign.at\/wp-content\/gallery\/aluschiene-und-karniese\/thumbs\/thumbs_Karniese_die-unendlichen-M%C3%B6glichkeiten-Designs-zu-kombinieren-bereiten-viel-Freude_LEHA.jpg\"\n\t\t\t\t\twidth=\"240\"\n\t\t\t\t\theight=\"160\"\n\t\t\t\t\tstyle=\"max-width:100%;\"\n\t\t\t\t\/>\n\t\t\t<\/a>\n\t\t<\/div>\n\t\t\t\t\t\t\t<\/div> \n\t\t\t\n\t\t\t\t<div id=\"ngg-image-5\" class=\"ngg-gallery-thumbnail-box \n\t\t\t\t\t\t\t\t\t\t\t\" \n\t\t\t>\n\t\t\t\t\t\t<div class=\"ngg-gallery-thumbnail\">\n\t\t\t<a href=\"http:\/\/www.schattendesign.at\/wp-content\/gallery\/aluschiene-und-karniese\/Karniese_eine-von-der-Bauh%C3%B6he-her-flache-Ausf%C3%BChrung-zur-Deckenmontage_LEHA.jpg\"\n\t\t\t\ttitle=\"Karniese_eine von der Bauh\u00f6he her flache Ausf\u00fchrung zur Deckenmontage_LEHA\"\n\t\t\t\tdata-src=\"http:\/\/www.schattendesign.at\/wp-content\/gallery\/aluschiene-und-karniese\/Karniese_eine-von-der-Bauh%C3%B6he-her-flache-Ausf%C3%BChrung-zur-Deckenmontage_LEHA.jpg\"\n\t\t\t\tdata-thumbnail=\"http:\/\/www.schattendesign.at\/wp-content\/gallery\/aluschiene-und-karniese\/thumbs\/thumbs_Karniese_eine-von-der-Bauh%C3%B6he-her-flache-Ausf%C3%BChrung-zur-Deckenmontage_LEHA.jpg\"\n\t\t\t\tdata-image-id=\"44\"\n\t\t\t\tdata-title=\"Karniese_eine von der Bauh\u00f6he her flache Ausf\u00fchrung zur Deckenmontage_LEHA\"\n\t\t\t\tdata-description=\"Karniese_eine von der Bauh\u00f6he her flache Ausf\u00fchrung zur Deckenmontage_LEHA\"\n\t\t\t\tdata-image-slug=\"karniese_eine-von-der-bauh%c3%b6he-her-flache-ausf%c3%bchrung-zur-deckenmontage_leha\"\n\t\t\t\tclass=\"ngg-simplelightbox\" rel=\"b9e9b55c9319f330f19f8c8db2d549da\">\n\t\t\t\t<img\n\t\t\t\t\ttitle=\"Karniese_eine von der Bauh\u00f6he her flache Ausf\u00fchrung zur Deckenmontage_LEHA\"\n\t\t\t\t\talt=\"Karniese_eine von der Bauh\u00f6he her flache Ausf\u00fchrung zur Deckenmontage_LEHA\"\n\t\t\t\t\tsrc=\"http:\/\/www.schattendesign.at\/wp-content\/gallery\/aluschiene-und-karniese\/thumbs\/thumbs_Karniese_eine-von-der-Bauh%C3%B6he-her-flache-Ausf%C3%BChrung-zur-Deckenmontage_LEHA.jpg\"\n\t\t\t\t\twidth=\"240\"\n\t\t\t\t\theight=\"160\"\n\t\t\t\t\tstyle=\"max-width:100%;\"\n\t\t\t\t\/>\n\t\t\t<\/a>\n\t\t<\/div>\n\t\t\t\t\t\t\t<\/div> \n\t\t\t\n\t\t\t\t<div id=\"ngg-image-6\" class=\"ngg-gallery-thumbnail-box \n\t\t\t\t\t\t\t\t\t\t\t\" \n\t\t\t>\n\t\t\t\t\t\t<div class=\"ngg-gallery-thumbnail\">\n\t\t\t<a href=\"http:\/\/www.schattendesign.at\/wp-content\/gallery\/aluschiene-und-karniese\/Karniese_Farben-und-Formen-sind-kaum-Grenzen-gesetzt_LEHA.jpg\"\n\t\t\t\ttitle=\"Karniese_Farben und Formen sind kaum Grenzen gesetzt_LEHA\"\n\t\t\t\tdata-src=\"http:\/\/www.schattendesign.at\/wp-content\/gallery\/aluschiene-und-karniese\/Karniese_Farben-und-Formen-sind-kaum-Grenzen-gesetzt_LEHA.jpg\"\n\t\t\t\tdata-thumbnail=\"http:\/\/www.schattendesign.at\/wp-content\/gallery\/aluschiene-und-karniese\/thumbs\/thumbs_Karniese_Farben-und-Formen-sind-kaum-Grenzen-gesetzt_LEHA.jpg\"\n\t\t\t\tdata-image-id=\"45\"\n\t\t\t\tdata-title=\"Karniese_Farben und Formen sind kaum Grenzen gesetzt_LEHA\"\n\t\t\t\tdata-description=\"Karniese_Farben und Formen sind kaum Grenzen gesetzt_LEHA\"\n\t\t\t\tdata-image-slug=\"karniese_farben-und-formen-sind-kaum-grenzen-gesetzt_leha\"\n\t\t\t\tclass=\"ngg-simplelightbox\" rel=\"b9e9b55c9319f330f19f8c8db2d549da\">\n\t\t\t\t<img\n\t\t\t\t\ttitle=\"Karniese_Farben und Formen sind kaum Grenzen gesetzt_LEHA\"\n\t\t\t\t\talt=\"Karniese_Farben und Formen sind kaum Grenzen gesetzt_LEHA\"\n\t\t\t\t\tsrc=\"http:\/\/www.schattendesign.at\/wp-content\/gallery\/aluschiene-und-karniese\/thumbs\/thumbs_Karniese_Farben-und-Formen-sind-kaum-Grenzen-gesetzt_LEHA.jpg\"\n\t\t\t\t\twidth=\"240\"\n\t\t\t\t\theight=\"160\"\n\t\t\t\t\tstyle=\"max-width:100%;\"\n\t\t\t\t\/>\n\t\t\t<\/a>\n\t\t<\/div>\n\t\t\t\t\t\t\t<\/div> \n\t\t\t\n\t\t\t\t<div id=\"ngg-image-7\" class=\"ngg-gallery-thumbnail-box \n\t\t\t\t\t\t\t\t\t\t\t\" \n\t\t\t>\n\t\t\t\t\t\t<div class=\"ngg-gallery-thumbnail\">\n\t\t\t<a href=\"http:\/\/www.schattendesign.at\/wp-content\/gallery\/aluschiene-und-karniese\/Karniese_gefertigt-aus-den-sch%C3%B6nsten-und-edelsten-H%C3%B6lzern-f%C3%BCr-ein-nachhaltig-gutes-Gef%C3%BChl_LEHA.jpg\"\n\t\t\t\ttitle=\"Karniese_gefertigt aus den sch\u00f6nsten und edelsten H\u00f6lzern f\u00fcr ein nachhaltig gutes Gef\u00fchl_LEHA\"\n\t\t\t\tdata-src=\"http:\/\/www.schattendesign.at\/wp-content\/gallery\/aluschiene-und-karniese\/Karniese_gefertigt-aus-den-sch%C3%B6nsten-und-edelsten-H%C3%B6lzern-f%C3%BCr-ein-nachhaltig-gutes-Gef%C3%BChl_LEHA.jpg\"\n\t\t\t\tdata-thumbnail=\"http:\/\/www.schattendesign.at\/wp-content\/gallery\/aluschiene-und-karniese\/thumbs\/thumbs_Karniese_gefertigt-aus-den-sch%C3%B6nsten-und-edelsten-H%C3%B6lzern-f%C3%BCr-ein-nachhaltig-gutes-Gef%C3%BChl_LEHA.jpg\"\n\t\t\t\tdata-image-id=\"46\"\n\t\t\t\tdata-title=\"Karniese_gefertigt aus den sch\u00f6nsten und edelsten H\u00f6lzern f\u00fcr ein nachhaltig gutes Gef\u00fchl_LEHA\"\n\t\t\t\tdata-description=\"Karniese_gefertigt aus den sch\u00f6nsten und edelsten H\u00f6lzern f\u00fcr ein nachhaltig gutes Gef\u00fchl_LEHA\"\n\t\t\t\tdata-image-slug=\"karniese_gefertigt-aus-den-sch%c3%b6nsten-und-edelsten-h%c3%b6lzern-f%c3%bcr-ein-nachhaltig-gutes-gef%c3%bchl_leha\"\n\t\t\t\tclass=\"ngg-simplelightbox\" rel=\"b9e9b55c9319f330f19f8c8db2d549da\">\n\t\t\t\t<img\n\t\t\t\t\ttitle=\"Karniese_gefertigt aus den sch\u00f6nsten und edelsten H\u00f6lzern f\u00fcr ein nachhaltig gutes Gef\u00fchl_LEHA\"\n\t\t\t\t\talt=\"Karniese_gefertigt aus den sch\u00f6nsten und edelsten H\u00f6lzern f\u00fcr ein nachhaltig gutes Gef\u00fchl_LEHA\"\n\t\t\t\t\tsrc=\"http:\/\/www.schattendesign.at\/wp-content\/gallery\/aluschiene-und-karniese\/thumbs\/thumbs_Karniese_gefertigt-aus-den-sch%C3%B6nsten-und-edelsten-H%C3%B6lzern-f%C3%BCr-ein-nachhaltig-gutes-Gef%C3%BChl_LEHA.jpg\"\n\t\t\t\t\twidth=\"240\"\n\t\t\t\t\theight=\"160\"\n\t\t\t\t\tstyle=\"max-width:100%;\"\n\t\t\t\t\/>\n\t\t\t<\/a>\n\t\t<\/div>\n\t\t\t\t\t\t\t<\/div> \n\t\t\t\n\t\t\t\t<div id=\"ngg-image-8\" class=\"ngg-gallery-thumbnail-box \n\t\t\t\t\t\t\t\t\t\t\t\" \n\t\t\t>\n\t\t\t\t\t\t<div class=\"ngg-gallery-thumbnail\">\n\t\t\t<a href=\"http:\/\/www.schattendesign.at\/wp-content\/gallery\/aluschiene-und-karniese\/Karniese_in-silberner-Optik-und-doch-aus-Holz-f%C3%BCr-ein-modernes-Design_LEHA.jpg\"\n\t\t\t\ttitle=\"Karniese_in silberner Optik und doch aus Holz f\u00fcr ein modernes Design_LEHA\"\n\t\t\t\tdata-src=\"http:\/\/www.schattendesign.at\/wp-content\/gallery\/aluschiene-und-karniese\/Karniese_in-silberner-Optik-und-doch-aus-Holz-f%C3%BCr-ein-modernes-Design_LEHA.jpg\"\n\t\t\t\tdata-thumbnail=\"http:\/\/www.schattendesign.at\/wp-content\/gallery\/aluschiene-und-karniese\/thumbs\/thumbs_Karniese_in-silberner-Optik-und-doch-aus-Holz-f%C3%BCr-ein-modernes-Design_LEHA.jpg\"\n\t\t\t\tdata-image-id=\"47\"\n\t\t\t\tdata-title=\"Karniese_in silberner Optik und doch aus Holz f\u00fcr ein modernes Design_LEHA\"\n\t\t\t\tdata-description=\"Karniese_in silberner Optik und doch aus Holz f\u00fcr ein modernes Design_LEHA\"\n\t\t\t\tdata-image-slug=\"karniese_in-silberner-optik-und-doch-aus-holz-f%c3%bcr-ein-modernes-design_leha\"\n\t\t\t\tclass=\"ngg-simplelightbox\" rel=\"b9e9b55c9319f330f19f8c8db2d549da\">\n\t\t\t\t<img\n\t\t\t\t\ttitle=\"Karniese_in silberner Optik und doch aus Holz f\u00fcr ein modernes Design_LEHA\"\n\t\t\t\t\talt=\"Karniese_in silberner Optik und doch aus Holz f\u00fcr ein modernes Design_LEHA\"\n\t\t\t\t\tsrc=\"http:\/\/www.schattendesign.at\/wp-content\/gallery\/aluschiene-und-karniese\/thumbs\/thumbs_Karniese_in-silberner-Optik-und-doch-aus-Holz-f%C3%BCr-ein-modernes-Design_LEHA.jpg\"\n\t\t\t\t\twidth=\"240\"\n\t\t\t\t\theight=\"160\"\n\t\t\t\t\tstyle=\"max-width:100%;\"\n\t\t\t\t\/>\n\t\t\t<\/a>\n\t\t<\/div>\n\t\t\t\t\t\t\t<\/div> \n\t\t\t\n\t\t\t\t<div id=\"ngg-image-9\" class=\"ngg-gallery-thumbnail-box \n\t\t\t\t\t\t\t\t\t\t\t\" \n\t\t\t>\n\t\t\t\t\t\t<div class=\"ngg-gallery-thumbnail\">\n\t\t\t<a href=\"http:\/\/www.schattendesign.at\/wp-content\/gallery\/aluschiene-und-karniese\/Karniese_verschiedenste-Designs-f%C3%BCr-jeden-Geschmack_LEHA.jpg\"\n\t\t\t\ttitle=\"Karniese_verschiedenste Designs f\u00fcr jeden Geschmack_LEHA\"\n\t\t\t\tdata-src=\"http:\/\/www.schattendesign.at\/wp-content\/gallery\/aluschiene-und-karniese\/Karniese_verschiedenste-Designs-f%C3%BCr-jeden-Geschmack_LEHA.jpg\"\n\t\t\t\tdata-thumbnail=\"http:\/\/www.schattendesign.at\/wp-content\/gallery\/aluschiene-und-karniese\/thumbs\/thumbs_Karniese_verschiedenste-Designs-f%C3%BCr-jeden-Geschmack_LEHA.jpg\"\n\t\t\t\tdata-image-id=\"48\"\n\t\t\t\tdata-title=\"Karniese_verschiedenste Designs f\u00fcr jeden Geschmack_LEHA\"\n\t\t\t\tdata-description=\"Karniese_verschiedenste Designs f\u00fcr jeden Geschmack_LEHA\"\n\t\t\t\tdata-image-slug=\"karniese_verschiedenste-designs-f%c3%bcr-jeden-geschmack_leha\"\n\t\t\t\tclass=\"ngg-simplelightbox\" rel=\"b9e9b55c9319f330f19f8c8db2d549da\">\n\t\t\t\t<img\n\t\t\t\t\ttitle=\"Karniese_verschiedenste Designs f\u00fcr jeden Geschmack_LEHA\"\n\t\t\t\t\talt=\"Karniese_verschiedenste Designs f\u00fcr jeden Geschmack_LEHA\"\n\t\t\t\t\tsrc=\"http:\/\/www.schattendesign.at\/wp-content\/gallery\/aluschiene-und-karniese\/thumbs\/thumbs_Karniese_verschiedenste-Designs-f%C3%BCr-jeden-Geschmack_LEHA.jpg\"\n\t\t\t\t\twidth=\"240\"\n\t\t\t\t\theight=\"160\"\n\t\t\t\t\tstyle=\"max-width:100%;\"\n\t\t\t\t\/>\n\t\t\t<\/a>\n\t\t<\/div>\n\t\t\t\t\t\t\t<\/div> \n\t\t\t\n\t\n\t<br style=\"clear: both\" \/>\n\n\t\n\t\t<!-- Pagination -->\n\t\t<div class='ngg-clear'><\/div>\t<\/div>\n\n","protected":false},"excerpt":{"rendered":"<p>Ob Aluschiene oder Karniese aus Holz, Ihre Vorh\u00e4nge haben nur das Beste verdient.<\/p>\n","protected":false},"author":1,"featured_media":0,"parent":0,"menu_order":0,"comment_status":"closed","ping_status":"closed","template":"","meta":{"ngg_post_thumbnail":0,"footnotes":""},"_links":{"self":[{"href":"http:\/\/www.schattendesign.at\/index.php?rest_route=\/wp\/v2\/pages\/175"}],"collection":[{"href":"http:\/\/www.schattendesign.at\/index.php?rest_route=\/wp\/v2\/pages"}],"about":[{"href":"http:\/\/www.schattendesign.at\/index.php?rest_route=\/wp\/v2\/types\/page"}],"author":[{"embeddable":true,"href":"http:\/\/www.schattendesign.at\/index.php?rest_route=\/wp\/v2\/users\/1"}],"replies":[{"embeddable":true,"href":"http:\/\/www.schattendesign.at\/index.php?rest_route=%2Fwp%2Fv2%2Fcomments&post=175"}],"version-history":[{"count":3,"href":"http:\/\/www.schattendesign.at\/index.php?rest_route=\/wp\/v2\/pages\/175\/revisions"}],"predecessor-version":[{"id":615,"href":"http:\/\/www.schattendesign.at\/index.php?rest_route=\/wp\/v2\/pages\/175\/revisions\/615"}],"wp:attachment":[{"href":"http:\/\/www.schattendesign.at\/index.php?rest_route=%2Fwp%2Fv2%2Fmedia&parent=175"}],"curies":[{"name":"wp","href":"https:\/\/api.w.org\/{rel}","templated":true}]}}