{"id":173,"date":"2020-05-04T19:53:07","date_gmt":"2020-05-04T17:53:07","guid":{"rendered":"http:\/\/www.schattendesign.at\/wordpress\/?page_id=173"},"modified":"2020-06-03T19:19:43","modified_gmt":"2020-06-03T17:19:43","slug":"vertikaljalousie","status":"publish","type":"page","link":"http:\/\/www.schattendesign.at\/?page_id=173","title":{"rendered":"Vertikaljalousie"},"content":{"rendered":"<p style=\"text-align: justify;\">Vertikaljalousien sind wahre Schmuckst\u00fccke und sorgen f\u00fcr effektvollen Licht- und Sonnenschutz. Lenken Sie Licht durch vertikal ausgerichtete und einstellbare Lamellen in einer Vielzahl an verschiedenen Designs.<\/p>\n<!-- default-view.php -->\n<div\n\tclass=\"ngg-galleryoverview default-view \n\t\t\"\n\tid=\"ngg-gallery-3bfab649224fbb06086e8a44ac7b785c-1\">\n\n\t\t<!-- Thumbnails -->\n\t\t\t\t<div id=\"ngg-image-0\" class=\"ngg-gallery-thumbnail-box \n\t\t\t\t\t\t\t\t\t\t\t\" \n\t\t\t>\n\t\t\t\t\t\t<div class=\"ngg-gallery-thumbnail\">\n\t\t\t<a href=\"http:\/\/www.schattendesign.at\/wp-content\/gallery\/vertikaljalousie\/Vertikaljalousie_-gerade-bei-Aufg%C3%A4ngen-oder-in-Stiegenh%C3%A4usern-erfreuen-sich-Vertikaljalousien-gro%C3%9Fer-Beliebtheit_LEHA.jpg\"\n\t\t\t\ttitle=\"Vertikaljalousie_ gerade bei Aufg\u00e4ngen oder in Stiegenh\u00e4usern erfreuen sich Vertikaljalousien gro\u00dfer Beliebtheit_LEHA\"\n\t\t\t\tdata-src=\"http:\/\/www.schattendesign.at\/wp-content\/gallery\/vertikaljalousie\/Vertikaljalousie_-gerade-bei-Aufg%C3%A4ngen-oder-in-Stiegenh%C3%A4usern-erfreuen-sich-Vertikaljalousien-gro%C3%9Fer-Beliebtheit_LEHA.jpg\"\n\t\t\t\tdata-thumbnail=\"http:\/\/www.schattendesign.at\/wp-content\/gallery\/vertikaljalousie\/thumbs\/thumbs_Vertikaljalousie_-gerade-bei-Aufg%C3%A4ngen-oder-in-Stiegenh%C3%A4usern-erfreuen-sich-Vertikaljalousien-gro%C3%9Fer-Beliebtheit_LEHA.jpg\"\n\t\t\t\tdata-image-id=\"31\"\n\t\t\t\tdata-title=\"Vertikaljalousie_ gerade bei Aufg\u00e4ngen oder in Stiegenh\u00e4usern erfreuen sich Vertikaljalousien gro\u00dfer Beliebtheit_LEHA\"\n\t\t\t\tdata-description=\"Vertikaljalousie_ gerade bei Aufg\u00e4ngen oder in Stiegenh\u00e4usern erfreuen sich Vertikaljalousien gro\u00dfer Beliebtheit_LEHA\"\n\t\t\t\tdata-image-slug=\"vertikaljalousie_-gerade-bei-aufg%c3%a4ngen-oder-in-stiegenh%c3%a4usern-erfreuen-sich-vertikaljalousien-gro%c3%9fer-beliebtheit_leha\"\n\t\t\t\tclass=\"ngg-simplelightbox\" rel=\"3bfab649224fbb06086e8a44ac7b785c\">\n\t\t\t\t<img\n\t\t\t\t\ttitle=\"Vertikaljalousie_ gerade bei Aufg\u00e4ngen oder in Stiegenh\u00e4usern erfreuen sich Vertikaljalousien gro\u00dfer Beliebtheit_LEHA\"\n\t\t\t\t\talt=\"Vertikaljalousie_ gerade bei Aufg\u00e4ngen oder in Stiegenh\u00e4usern erfreuen sich Vertikaljalousien gro\u00dfer Beliebtheit_LEHA\"\n\t\t\t\t\tsrc=\"http:\/\/www.schattendesign.at\/wp-content\/gallery\/vertikaljalousie\/thumbs\/thumbs_Vertikaljalousie_-gerade-bei-Aufg%C3%A4ngen-oder-in-Stiegenh%C3%A4usern-erfreuen-sich-Vertikaljalousien-gro%C3%9Fer-Beliebtheit_LEHA.jpg\"\n\t\t\t\t\twidth=\"240\"\n\t\t\t\t\theight=\"160\"\n\t\t\t\t\tstyle=\"max-width:100%;\"\n\t\t\t\t\/>\n\t\t\t<\/a>\n\t\t<\/div>\n\t\t\t\t\t\t\t<\/div> \n\t\t\t\n\t\t\t\t<div id=\"ngg-image-1\" class=\"ngg-gallery-thumbnail-box \n\t\t\t\t\t\t\t\t\t\t\t\" \n\t\t\t>\n\t\t\t\t\t\t<div class=\"ngg-gallery-thumbnail\">\n\t\t\t<a href=\"http:\/\/www.schattendesign.at\/wp-content\/gallery\/vertikaljalousie\/Vertikaljalousie_eine-Kombination-von-verschiedenen-Lamellenfarben-bietet-eine-Vielzahl-an-M%C3%B6glichkeiten_LEHA.jpg\"\n\t\t\t\ttitle=\"Vertikaljalousie_eine Kombination von verschiedenen Lamellenfarben bietet eine Vielzahl an M\u00f6glichkeiten_LEHA\"\n\t\t\t\tdata-src=\"http:\/\/www.schattendesign.at\/wp-content\/gallery\/vertikaljalousie\/Vertikaljalousie_eine-Kombination-von-verschiedenen-Lamellenfarben-bietet-eine-Vielzahl-an-M%C3%B6glichkeiten_LEHA.jpg\"\n\t\t\t\tdata-thumbnail=\"http:\/\/www.schattendesign.at\/wp-content\/gallery\/vertikaljalousie\/thumbs\/thumbs_Vertikaljalousie_eine-Kombination-von-verschiedenen-Lamellenfarben-bietet-eine-Vielzahl-an-M%C3%B6glichkeiten_LEHA.jpg\"\n\t\t\t\tdata-image-id=\"32\"\n\t\t\t\tdata-title=\"Vertikaljalousie_eine Kombination von verschiedenen Lamellenfarben bietet eine Vielzahl an M\u00f6glichkeiten_LEHA\"\n\t\t\t\tdata-description=\"Vertikaljalousie_eine Kombination von verschiedenen Lamellenfarben bietet eine Vielzahl an M\u00f6glichkeiten_LEHA\"\n\t\t\t\tdata-image-slug=\"vertikaljalousie_eine-kombination-von-verschiedenen-lamellenfarben-bietet-eine-vielzahl-an-m%c3%b6glichkeiten_leha\"\n\t\t\t\tclass=\"ngg-simplelightbox\" rel=\"3bfab649224fbb06086e8a44ac7b785c\">\n\t\t\t\t<img\n\t\t\t\t\ttitle=\"Vertikaljalousie_eine Kombination von verschiedenen Lamellenfarben bietet eine Vielzahl an M\u00f6glichkeiten_LEHA\"\n\t\t\t\t\talt=\"Vertikaljalousie_eine Kombination von verschiedenen Lamellenfarben bietet eine Vielzahl an M\u00f6glichkeiten_LEHA\"\n\t\t\t\t\tsrc=\"http:\/\/www.schattendesign.at\/wp-content\/gallery\/vertikaljalousie\/thumbs\/thumbs_Vertikaljalousie_eine-Kombination-von-verschiedenen-Lamellenfarben-bietet-eine-Vielzahl-an-M%C3%B6glichkeiten_LEHA.jpg\"\n\t\t\t\t\twidth=\"240\"\n\t\t\t\t\theight=\"160\"\n\t\t\t\t\tstyle=\"max-width:100%;\"\n\t\t\t\t\/>\n\t\t\t<\/a>\n\t\t<\/div>\n\t\t\t\t\t\t\t<\/div> \n\t\t\t\n\t\t\t\t<div id=\"ngg-image-2\" class=\"ngg-gallery-thumbnail-box \n\t\t\t\t\t\t\t\t\t\t\t\" \n\t\t\t>\n\t\t\t\t\t\t<div class=\"ngg-gallery-thumbnail\">\n\t\t\t<a href=\"http:\/\/www.schattendesign.at\/wp-content\/gallery\/vertikaljalousie\/Vertikaljalousie_f%C3%BCr-jedes-Raumdesign-das-richtige-Lamellendesign_LEHA.jpg\"\n\t\t\t\ttitle=\"Vertikaljalousie_f\u00fcr jedes Raumdesign das richtige Lamellendesign_LEHA\"\n\t\t\t\tdata-src=\"http:\/\/www.schattendesign.at\/wp-content\/gallery\/vertikaljalousie\/Vertikaljalousie_f%C3%BCr-jedes-Raumdesign-das-richtige-Lamellendesign_LEHA.jpg\"\n\t\t\t\tdata-thumbnail=\"http:\/\/www.schattendesign.at\/wp-content\/gallery\/vertikaljalousie\/thumbs\/thumbs_Vertikaljalousie_f%C3%BCr-jedes-Raumdesign-das-richtige-Lamellendesign_LEHA.jpg\"\n\t\t\t\tdata-image-id=\"33\"\n\t\t\t\tdata-title=\"Vertikaljalousie_f\u00fcr jedes Raumdesign das richtige Lamellendesign_LEHA\"\n\t\t\t\tdata-description=\"Vertikaljalousie_f\u00fcr jedes Raumdesign das richtige Lamellendesign_LEHA\"\n\t\t\t\tdata-image-slug=\"vertikaljalousie_f%c3%bcr-jedes-raumdesign-das-richtige-lamellendesign_leha\"\n\t\t\t\tclass=\"ngg-simplelightbox\" rel=\"3bfab649224fbb06086e8a44ac7b785c\">\n\t\t\t\t<img\n\t\t\t\t\ttitle=\"Vertikaljalousie_f\u00fcr jedes Raumdesign das richtige Lamellendesign_LEHA\"\n\t\t\t\t\talt=\"Vertikaljalousie_f\u00fcr jedes Raumdesign das richtige Lamellendesign_LEHA\"\n\t\t\t\t\tsrc=\"http:\/\/www.schattendesign.at\/wp-content\/gallery\/vertikaljalousie\/thumbs\/thumbs_Vertikaljalousie_f%C3%BCr-jedes-Raumdesign-das-richtige-Lamellendesign_LEHA.jpg\"\n\t\t\t\t\twidth=\"240\"\n\t\t\t\t\theight=\"160\"\n\t\t\t\t\tstyle=\"max-width:100%;\"\n\t\t\t\t\/>\n\t\t\t<\/a>\n\t\t<\/div>\n\t\t\t\t\t\t\t<\/div> \n\t\t\t\n\t\t\t\t<div id=\"ngg-image-3\" class=\"ngg-gallery-thumbnail-box \n\t\t\t\t\t\t\t\t\t\t\t\" \n\t\t\t>\n\t\t\t\t\t\t<div class=\"ngg-gallery-thumbnail\">\n\t\t\t<a href=\"http:\/\/www.schattendesign.at\/wp-content\/gallery\/vertikaljalousie\/Vertikaljalousie_im-B%C3%BCro-oder-zuhause-der-perfekte-Blickfang_LEHA.jpg\"\n\t\t\t\ttitle=\"Vertikaljalousie_im B\u00fcro oder zuhause der perfekte Blickfang_LEHA\"\n\t\t\t\tdata-src=\"http:\/\/www.schattendesign.at\/wp-content\/gallery\/vertikaljalousie\/Vertikaljalousie_im-B%C3%BCro-oder-zuhause-der-perfekte-Blickfang_LEHA.jpg\"\n\t\t\t\tdata-thumbnail=\"http:\/\/www.schattendesign.at\/wp-content\/gallery\/vertikaljalousie\/thumbs\/thumbs_Vertikaljalousie_im-B%C3%BCro-oder-zuhause-der-perfekte-Blickfang_LEHA.jpg\"\n\t\t\t\tdata-image-id=\"34\"\n\t\t\t\tdata-title=\"Vertikaljalousie_im B\u00fcro oder zuhause der perfekte Blickfang_LEHA\"\n\t\t\t\tdata-description=\"Vertikaljalousie_im B\u00fcro oder zuhause der perfekte Blickfang_LEHA\"\n\t\t\t\tdata-image-slug=\"vertikaljalousie_im-b%c3%bcro-oder-zuhause-der-perfekte-blickfang_leha\"\n\t\t\t\tclass=\"ngg-simplelightbox\" rel=\"3bfab649224fbb06086e8a44ac7b785c\">\n\t\t\t\t<img\n\t\t\t\t\ttitle=\"Vertikaljalousie_im B\u00fcro oder zuhause der perfekte Blickfang_LEHA\"\n\t\t\t\t\talt=\"Vertikaljalousie_im B\u00fcro oder zuhause der perfekte Blickfang_LEHA\"\n\t\t\t\t\tsrc=\"http:\/\/www.schattendesign.at\/wp-content\/gallery\/vertikaljalousie\/thumbs\/thumbs_Vertikaljalousie_im-B%C3%BCro-oder-zuhause-der-perfekte-Blickfang_LEHA.jpg\"\n\t\t\t\t\twidth=\"240\"\n\t\t\t\t\theight=\"160\"\n\t\t\t\t\tstyle=\"max-width:100%;\"\n\t\t\t\t\/>\n\t\t\t<\/a>\n\t\t<\/div>\n\t\t\t\t\t\t\t<\/div> \n\t\t\t\n\t\t\t\t<div id=\"ngg-image-4\" class=\"ngg-gallery-thumbnail-box \n\t\t\t\t\t\t\t\t\t\t\t\" \n\t\t\t>\n\t\t\t\t\t\t<div class=\"ngg-gallery-thumbnail\">\n\t\t\t<a href=\"http:\/\/www.schattendesign.at\/wp-content\/gallery\/vertikaljalousie\/Vertikaljalousie_Lichtregulierung-in-perfekter-Art-und-Weise_LEHA.jpg\"\n\t\t\t\ttitle=\"Vertikaljalousie_Lichtregulierung in perfekter Art und Weise_LEHA\"\n\t\t\t\tdata-src=\"http:\/\/www.schattendesign.at\/wp-content\/gallery\/vertikaljalousie\/Vertikaljalousie_Lichtregulierung-in-perfekter-Art-und-Weise_LEHA.jpg\"\n\t\t\t\tdata-thumbnail=\"http:\/\/www.schattendesign.at\/wp-content\/gallery\/vertikaljalousie\/thumbs\/thumbs_Vertikaljalousie_Lichtregulierung-in-perfekter-Art-und-Weise_LEHA.jpg\"\n\t\t\t\tdata-image-id=\"35\"\n\t\t\t\tdata-title=\"Vertikaljalousie_Lichtregulierung-in-perfekter-Art-und-Weise_LEHA\"\n\t\t\t\tdata-description=\"Vertikaljalousie_Lichtregulierung in perfekter Art und Weise_LEHA\"\n\t\t\t\tdata-image-slug=\"vertikaljalousie_lichtregulierung-in-perfekter-art-und-weise_leha\"\n\t\t\t\tclass=\"ngg-simplelightbox\" rel=\"3bfab649224fbb06086e8a44ac7b785c\">\n\t\t\t\t<img\n\t\t\t\t\ttitle=\"Vertikaljalousie_Lichtregulierung-in-perfekter-Art-und-Weise_LEHA\"\n\t\t\t\t\talt=\"Vertikaljalousie_Lichtregulierung-in-perfekter-Art-und-Weise_LEHA\"\n\t\t\t\t\tsrc=\"http:\/\/www.schattendesign.at\/wp-content\/gallery\/vertikaljalousie\/thumbs\/thumbs_Vertikaljalousie_Lichtregulierung-in-perfekter-Art-und-Weise_LEHA.jpg\"\n\t\t\t\t\twidth=\"240\"\n\t\t\t\t\theight=\"160\"\n\t\t\t\t\tstyle=\"max-width:100%;\"\n\t\t\t\t\/>\n\t\t\t<\/a>\n\t\t<\/div>\n\t\t\t\t\t\t\t<\/div> \n\t\t\t\n\t\t\t\t<div id=\"ngg-image-5\" class=\"ngg-gallery-thumbnail-box \n\t\t\t\t\t\t\t\t\t\t\t\" \n\t\t\t>\n\t\t\t\t\t\t<div class=\"ngg-gallery-thumbnail\">\n\t\t\t<a href=\"http:\/\/www.schattendesign.at\/wp-content\/gallery\/vertikaljalousie\/Vertikaljalousie_Privatsph%C3%A4re-und-Lichtlenkung-durch-ein-Produkt-vereint_LEHA.jpg\"\n\t\t\t\ttitle=\"Vertikaljalousie_Lichtregulierung in perfekter Art und Weise_LEHA\"\n\t\t\t\tdata-src=\"http:\/\/www.schattendesign.at\/wp-content\/gallery\/vertikaljalousie\/Vertikaljalousie_Privatsph%C3%A4re-und-Lichtlenkung-durch-ein-Produkt-vereint_LEHA.jpg\"\n\t\t\t\tdata-thumbnail=\"http:\/\/www.schattendesign.at\/wp-content\/gallery\/vertikaljalousie\/thumbs\/thumbs_Vertikaljalousie_Privatsph%C3%A4re-und-Lichtlenkung-durch-ein-Produkt-vereint_LEHA.jpg\"\n\t\t\t\tdata-image-id=\"36\"\n\t\t\t\tdata-title=\"Vertikaljalousie_Lichtregulierung in perfekter Art und Weise_LEHA\"\n\t\t\t\tdata-description=\"Vertikaljalousie_Lichtregulierung in perfekter Art und Weise_LEHA\"\n\t\t\t\tdata-image-slug=\"vertikaljalousie_privatsph%c3%a4re-und-lichtlenkung-durch-ein-produkt-vereint_leha\"\n\t\t\t\tclass=\"ngg-simplelightbox\" rel=\"3bfab649224fbb06086e8a44ac7b785c\">\n\t\t\t\t<img\n\t\t\t\t\ttitle=\"Vertikaljalousie_Lichtregulierung in perfekter Art und Weise_LEHA\"\n\t\t\t\t\talt=\"Vertikaljalousie_Lichtregulierung in perfekter Art und Weise_LEHA\"\n\t\t\t\t\tsrc=\"http:\/\/www.schattendesign.at\/wp-content\/gallery\/vertikaljalousie\/thumbs\/thumbs_Vertikaljalousie_Privatsph%C3%A4re-und-Lichtlenkung-durch-ein-Produkt-vereint_LEHA.jpg\"\n\t\t\t\t\twidth=\"240\"\n\t\t\t\t\theight=\"160\"\n\t\t\t\t\tstyle=\"max-width:100%;\"\n\t\t\t\t\/>\n\t\t\t<\/a>\n\t\t<\/div>\n\t\t\t\t\t\t\t<\/div> \n\t\t\t\n\t\t\t\t<div id=\"ngg-image-6\" class=\"ngg-gallery-thumbnail-box \n\t\t\t\t\t\t\t\t\t\t\t\" \n\t\t\t>\n\t\t\t\t\t\t<div class=\"ngg-gallery-thumbnail\">\n\t\t\t<a href=\"http:\/\/www.schattendesign.at\/wp-content\/gallery\/vertikaljalousie\/Vertikaljalousie_Sonderformen-wie-Giebelanlagen-vertikal-oder-horizontal-gebogene-Anlagen-sind-m%C3%B6glich_LEHA.jpg\"\n\t\t\t\ttitle=\"Vertikaljalousie_Sonderformen wie Giebelanlagen, vertikal oder horizontal gebogene Anlagen sind m\u00f6glich_LEHA\"\n\t\t\t\tdata-src=\"http:\/\/www.schattendesign.at\/wp-content\/gallery\/vertikaljalousie\/Vertikaljalousie_Sonderformen-wie-Giebelanlagen-vertikal-oder-horizontal-gebogene-Anlagen-sind-m%C3%B6glich_LEHA.jpg\"\n\t\t\t\tdata-thumbnail=\"http:\/\/www.schattendesign.at\/wp-content\/gallery\/vertikaljalousie\/thumbs\/thumbs_Vertikaljalousie_Sonderformen-wie-Giebelanlagen-vertikal-oder-horizontal-gebogene-Anlagen-sind-m%C3%B6glich_LEHA.jpg\"\n\t\t\t\tdata-image-id=\"37\"\n\t\t\t\tdata-title=\"Vertikaljalousie_Sonderformen wie Giebelanlagen, vertikal oder horizontal gebogene Anlagen sind m\u00f6glich_LEHA\"\n\t\t\t\tdata-description=\"Vertikaljalousie_Sonderformen wie Giebelanlagen, vertikal oder horizontal gebogene Anlagen sind m\u00f6glich_LEHA\"\n\t\t\t\tdata-image-slug=\"vertikaljalousie_sonderformen-wie-giebelanlagen-vertikal-oder-horizontal-gebogene-anlagen-sind-m%c3%b6glich_leha\"\n\t\t\t\tclass=\"ngg-simplelightbox\" rel=\"3bfab649224fbb06086e8a44ac7b785c\">\n\t\t\t\t<img\n\t\t\t\t\ttitle=\"Vertikaljalousie_Sonderformen wie Giebelanlagen, vertikal oder horizontal gebogene Anlagen sind m\u00f6glich_LEHA\"\n\t\t\t\t\talt=\"Vertikaljalousie_Sonderformen wie Giebelanlagen, vertikal oder horizontal gebogene Anlagen sind m\u00f6glich_LEHA\"\n\t\t\t\t\tsrc=\"http:\/\/www.schattendesign.at\/wp-content\/gallery\/vertikaljalousie\/thumbs\/thumbs_Vertikaljalousie_Sonderformen-wie-Giebelanlagen-vertikal-oder-horizontal-gebogene-Anlagen-sind-m%C3%B6glich_LEHA.jpg\"\n\t\t\t\t\twidth=\"240\"\n\t\t\t\t\theight=\"160\"\n\t\t\t\t\tstyle=\"max-width:100%;\"\n\t\t\t\t\/>\n\t\t\t<\/a>\n\t\t<\/div>\n\t\t\t\t\t\t\t<\/div> \n\t\t\t\n\t\t\t\t<div id=\"ngg-image-7\" class=\"ngg-gallery-thumbnail-box \n\t\t\t\t\t\t\t\t\t\t\t\" \n\t\t\t>\n\t\t\t\t\t\t<div class=\"ngg-gallery-thumbnail\">\n\t\t\t<a href=\"http:\/\/www.schattendesign.at\/wp-content\/gallery\/vertikaljalousie\/Vertikaljalousie_verschiedene-Lamellenbreiten-ab-63mm-je-nach-Kundenwunsch-und-baulicher-Situation_LEHA.jpg\"\n\t\t\t\ttitle=\"Vertikaljalousie_verschiedene Lamellenbreiten ab 63mm (89mm, 127mm, 250mm) je nach Kundenwunsch und baulicher Situation_LEHA\"\n\t\t\t\tdata-src=\"http:\/\/www.schattendesign.at\/wp-content\/gallery\/vertikaljalousie\/Vertikaljalousie_verschiedene-Lamellenbreiten-ab-63mm-je-nach-Kundenwunsch-und-baulicher-Situation_LEHA.jpg\"\n\t\t\t\tdata-thumbnail=\"http:\/\/www.schattendesign.at\/wp-content\/gallery\/vertikaljalousie\/thumbs\/thumbs_Vertikaljalousie_verschiedene-Lamellenbreiten-ab-63mm-je-nach-Kundenwunsch-und-baulicher-Situation_LEHA.jpg\"\n\t\t\t\tdata-image-id=\"38\"\n\t\t\t\tdata-title=\"Vertikaljalousie_verschiedene Lamellenbreiten ab 63mm (89mm, 127mm, 250mm) je nach Kundenwunsch und baulicher Situation_LEHA\"\n\t\t\t\tdata-description=\"Vertikaljalousie_verschiedene Lamellenbreiten ab 63mm (89mm, 127mm, 250mm) je nach Kundenwunsch und baulicher Situation_LEHA\"\n\t\t\t\tdata-image-slug=\"vertikaljalousie_verschiedene-lamellenbreiten-ab-63mm-je-nach-kundenwunsch-und-baulicher-situation_leha\"\n\t\t\t\tclass=\"ngg-simplelightbox\" rel=\"3bfab649224fbb06086e8a44ac7b785c\">\n\t\t\t\t<img\n\t\t\t\t\ttitle=\"Vertikaljalousie_verschiedene Lamellenbreiten ab 63mm (89mm, 127mm, 250mm) je nach Kundenwunsch und baulicher Situation_LEHA\"\n\t\t\t\t\talt=\"Vertikaljalousie_verschiedene Lamellenbreiten ab 63mm (89mm, 127mm, 250mm) je nach Kundenwunsch und baulicher Situation_LEHA\"\n\t\t\t\t\tsrc=\"http:\/\/www.schattendesign.at\/wp-content\/gallery\/vertikaljalousie\/thumbs\/thumbs_Vertikaljalousie_verschiedene-Lamellenbreiten-ab-63mm-je-nach-Kundenwunsch-und-baulicher-Situation_LEHA.jpg\"\n\t\t\t\t\twidth=\"240\"\n\t\t\t\t\theight=\"160\"\n\t\t\t\t\tstyle=\"max-width:100%;\"\n\t\t\t\t\/>\n\t\t\t<\/a>\n\t\t<\/div>\n\t\t\t\t\t\t\t<\/div> \n\t\t\t\n\t\n\t<br style=\"clear: both\" \/>\n\n\t\n\t\t<!-- Pagination -->\n\t\t<div class='ngg-clear'><\/div>\t<\/div>\n\n<p>&nbsp;<\/p>\n","protected":false},"excerpt":{"rendered":"<p>Vertikaljalousien sind wahre Schmuckst\u00fccke und sorgen f\u00fcr effektvollen Licht- und Sonnenschutz. Lenken Sie Licht durch vertikal ausgerichtete und einstellbare Lamellen in einer Vielzahl an verschiedenen Designs. &nbsp;<\/p>\n","protected":false},"author":1,"featured_media":0,"parent":0,"menu_order":0,"comment_status":"closed","ping_status":"closed","template":"","meta":{"ngg_post_thumbnail":0,"footnotes":""},"_links":{"self":[{"href":"http:\/\/www.schattendesign.at\/index.php?rest_route=\/wp\/v2\/pages\/173"}],"collection":[{"href":"http:\/\/www.schattendesign.at\/index.php?rest_route=\/wp\/v2\/pages"}],"about":[{"href":"http:\/\/www.schattendesign.at\/index.php?rest_route=\/wp\/v2\/types\/page"}],"author":[{"embeddable":true,"href":"http:\/\/www.schattendesign.at\/index.php?rest_route=\/wp\/v2\/users\/1"}],"replies":[{"embeddable":true,"href":"http:\/\/www.schattendesign.at\/index.php?rest_route=%2Fwp%2Fv2%2Fcomments&post=173"}],"version-history":[{"count":3,"href":"http:\/\/www.schattendesign.at\/index.php?rest_route=\/wp\/v2\/pages\/173\/revisions"}],"predecessor-version":[{"id":633,"href":"http:\/\/www.schattendesign.at\/index.php?rest_route=\/wp\/v2\/pages\/173\/revisions\/633"}],"wp:attachment":[{"href":"http:\/\/www.schattendesign.at\/index.php?rest_route=%2Fwp%2Fv2%2Fmedia&parent=173"}],"curies":[{"name":"wp","href":"https:\/\/api.w.org\/{rel}","templated":true}]}}