{"id":122,"date":"2020-04-29T13:28:03","date_gmt":"2020-04-29T11:28:03","guid":{"rendered":"http:\/\/www.schattendesign.at\/wordpress\/?page_id=122"},"modified":"2020-06-03T19:15:25","modified_gmt":"2020-06-03T17:15:25","slug":"gallerie_plissee-faltstore","status":"publish","type":"page","link":"http:\/\/www.schattendesign.at\/?page_id=122","title":{"rendered":"Plissee\/ Faltstore"},"content":{"rendered":"<p style=\"text-align: justify;\">Plissierte Stoffe millimetergenau in Form gebracht spenden Schatten, sch\u00fctzen Sie vor ungewollten Einblicken und sind wahre Schmuckst\u00fccke an Ihren Fenstern.<\/p>\n<!-- default-view.php -->\n<div\n\tclass=\"ngg-galleryoverview default-view \n\t\t\"\n\tid=\"ngg-gallery-2826e02799c73e783f82fcf0c198125c-1\">\n\n\t\t<!-- Thumbnails -->\n\t\t\t\t<div id=\"ngg-image-0\" class=\"ngg-gallery-thumbnail-box \n\t\t\t\t\t\t\t\t\t\t\t\" \n\t\t\t>\n\t\t\t\t\t\t<div class=\"ngg-gallery-thumbnail\">\n\t\t\t<a href=\"http:\/\/www.schattendesign.at\/wp-content\/gallery\/plissee-faltstore\/Plissee-Duette_plissierte-Stoffe-in-Wabenoptik-haben-spezielle-Vorteile_LEHA.jpg\"\n\t\t\t\ttitle=\"Plissee Duette_plissierte Stoffe in Wabenoptik haben spezielle Vorteile_LEHA\"\n\t\t\t\tdata-src=\"http:\/\/www.schattendesign.at\/wp-content\/gallery\/plissee-faltstore\/Plissee-Duette_plissierte-Stoffe-in-Wabenoptik-haben-spezielle-Vorteile_LEHA.jpg\"\n\t\t\t\tdata-thumbnail=\"http:\/\/www.schattendesign.at\/wp-content\/gallery\/plissee-faltstore\/thumbs\/thumbs_Plissee-Duette_plissierte-Stoffe-in-Wabenoptik-haben-spezielle-Vorteile_LEHA.jpg\"\n\t\t\t\tdata-image-id=\"10\"\n\t\t\t\tdata-title=\"Plissee Duette_plissierte Stoffe in Wabenoptik haben spezielle Vorteile_LEHA\"\n\t\t\t\tdata-description=\"Plissee Duette_plissierte Stoffe in Wabenoptik haben spezielle Vorteile_LEHA\"\n\t\t\t\tdata-image-slug=\"plissee-duette_plissierte-stoffe-in-wabenoptik-haben-spezielle-vorteile_leha\"\n\t\t\t\tclass=\"ngg-simplelightbox\" rel=\"2826e02799c73e783f82fcf0c198125c\">\n\t\t\t\t<img\n\t\t\t\t\ttitle=\"Plissee Duette_plissierte Stoffe in Wabenoptik haben spezielle Vorteile_LEHA\"\n\t\t\t\t\talt=\"Plissee Duette_plissierte Stoffe in Wabenoptik haben spezielle Vorteile_LEHA\"\n\t\t\t\t\tsrc=\"http:\/\/www.schattendesign.at\/wp-content\/gallery\/plissee-faltstore\/thumbs\/thumbs_Plissee-Duette_plissierte-Stoffe-in-Wabenoptik-haben-spezielle-Vorteile_LEHA.jpg\"\n\t\t\t\t\twidth=\"240\"\n\t\t\t\t\theight=\"160\"\n\t\t\t\t\tstyle=\"max-width:100%;\"\n\t\t\t\t\/>\n\t\t\t<\/a>\n\t\t<\/div>\n\t\t\t\t\t\t\t<\/div> \n\t\t\t\n\t\t\t\t<div id=\"ngg-image-1\" class=\"ngg-gallery-thumbnail-box \n\t\t\t\t\t\t\t\t\t\t\t\" \n\t\t\t>\n\t\t\t\t\t\t<div class=\"ngg-gallery-thumbnail\">\n\t\t\t<a href=\"http:\/\/www.schattendesign.at\/wp-content\/gallery\/plissee-faltstore\/Plissee-Duette_wahlweise-auch-in-Tag-Nachtausf%C3%BChrung-mit-zwei-miteinander-kombinierten-plissierten-Stoffen_LEHA.jpg\"\n\t\t\t\ttitle=\"Plissee Duette_wahlweise auch in Tag-Nachtausf\u00fchrung mit zwei miteinander kombinierten plissierten Stoffen_LEHA\"\n\t\t\t\tdata-src=\"http:\/\/www.schattendesign.at\/wp-content\/gallery\/plissee-faltstore\/Plissee-Duette_wahlweise-auch-in-Tag-Nachtausf%C3%BChrung-mit-zwei-miteinander-kombinierten-plissierten-Stoffen_LEHA.jpg\"\n\t\t\t\tdata-thumbnail=\"http:\/\/www.schattendesign.at\/wp-content\/gallery\/plissee-faltstore\/thumbs\/thumbs_Plissee-Duette_wahlweise-auch-in-Tag-Nachtausf%C3%BChrung-mit-zwei-miteinander-kombinierten-plissierten-Stoffen_LEHA.jpg\"\n\t\t\t\tdata-image-id=\"11\"\n\t\t\t\tdata-title=\"Plissee Duette_wahlweise auch in Tag-Nachtausf\u00fchrung mit zwei miteinander kombinierten plissierten Stoffen_LEHA\"\n\t\t\t\tdata-description=\"Plissee Duette_wahlweise auch in Tag-Nachtausf\u00fchrung mit zwei miteinander kombinierten plissierten Stoffen_LEHA\"\n\t\t\t\tdata-image-slug=\"plissee-duette_wahlweise-auch-in-tag-nachtausf%c3%bchrung-mit-zwei-miteinander-kombinierten-plissierten-stoffen_leha\"\n\t\t\t\tclass=\"ngg-simplelightbox\" rel=\"2826e02799c73e783f82fcf0c198125c\">\n\t\t\t\t<img\n\t\t\t\t\ttitle=\"Plissee Duette_wahlweise auch in Tag-Nachtausf\u00fchrung mit zwei miteinander kombinierten plissierten Stoffen_LEHA\"\n\t\t\t\t\talt=\"Plissee Duette_wahlweise auch in Tag-Nachtausf\u00fchrung mit zwei miteinander kombinierten plissierten Stoffen_LEHA\"\n\t\t\t\t\tsrc=\"http:\/\/www.schattendesign.at\/wp-content\/gallery\/plissee-faltstore\/thumbs\/thumbs_Plissee-Duette_wahlweise-auch-in-Tag-Nachtausf%C3%BChrung-mit-zwei-miteinander-kombinierten-plissierten-Stoffen_LEHA.jpg\"\n\t\t\t\t\twidth=\"240\"\n\t\t\t\t\theight=\"160\"\n\t\t\t\t\tstyle=\"max-width:100%;\"\n\t\t\t\t\/>\n\t\t\t<\/a>\n\t\t<\/div>\n\t\t\t\t\t\t\t<\/div> \n\t\t\t\n\t\t\t\t<div id=\"ngg-image-2\" class=\"ngg-gallery-thumbnail-box \n\t\t\t\t\t\t\t\t\t\t\t\" \n\t\t\t>\n\t\t\t\t\t\t<div class=\"ngg-gallery-thumbnail\">\n\t\t\t<a href=\"http:\/\/www.schattendesign.at\/wp-content\/gallery\/plissee-faltstore\/Plissee_7-verschiedene-Schienenfarben-im-Standard-aber-auch-RAL-nach-Wahl-auf-Wunsch-m%C3%B6glich_LEHA.jpg\"\n\t\t\t\ttitle=\"Plissee_7 verschiedene Schienenfarben im Standard, aber auch RAL nach Wahl auf Wunsch m\u00f6glich_LEHA\"\n\t\t\t\tdata-src=\"http:\/\/www.schattendesign.at\/wp-content\/gallery\/plissee-faltstore\/Plissee_7-verschiedene-Schienenfarben-im-Standard-aber-auch-RAL-nach-Wahl-auf-Wunsch-m%C3%B6glich_LEHA.jpg\"\n\t\t\t\tdata-thumbnail=\"http:\/\/www.schattendesign.at\/wp-content\/gallery\/plissee-faltstore\/thumbs\/thumbs_Plissee_7-verschiedene-Schienenfarben-im-Standard-aber-auch-RAL-nach-Wahl-auf-Wunsch-m%C3%B6glich_LEHA.jpg\"\n\t\t\t\tdata-image-id=\"12\"\n\t\t\t\tdata-title=\"Plissee_7 verschiedene Schienenfarben im Standard, aber auch RAL nach Wahl auf Wunsch m\u00f6glich_LEHA\"\n\t\t\t\tdata-description=\"Plissee_7 verschiedene Schienenfarben im Standard, aber auch RAL nach Wahl auf Wunsch m\u00f6glich_LEHA\"\n\t\t\t\tdata-image-slug=\"plissee_7-verschiedene-schienenfarben-im-standard-aber-auch-ral-nach-wahl-auf-wunsch-m%c3%b6glich_leha\"\n\t\t\t\tclass=\"ngg-simplelightbox\" rel=\"2826e02799c73e783f82fcf0c198125c\">\n\t\t\t\t<img\n\t\t\t\t\ttitle=\"Plissee_7 verschiedene Schienenfarben im Standard, aber auch RAL nach Wahl auf Wunsch m\u00f6glich_LEHA\"\n\t\t\t\t\talt=\"Plissee_7 verschiedene Schienenfarben im Standard, aber auch RAL nach Wahl auf Wunsch m\u00f6glich_LEHA\"\n\t\t\t\t\tsrc=\"http:\/\/www.schattendesign.at\/wp-content\/gallery\/plissee-faltstore\/thumbs\/thumbs_Plissee_7-verschiedene-Schienenfarben-im-Standard-aber-auch-RAL-nach-Wahl-auf-Wunsch-m%C3%B6glich_LEHA.jpg\"\n\t\t\t\t\twidth=\"240\"\n\t\t\t\t\theight=\"160\"\n\t\t\t\t\tstyle=\"max-width:100%;\"\n\t\t\t\t\/>\n\t\t\t<\/a>\n\t\t<\/div>\n\t\t\t\t\t\t\t<\/div> \n\t\t\t\n\t\t\t\t<div id=\"ngg-image-3\" class=\"ngg-gallery-thumbnail-box \n\t\t\t\t\t\t\t\t\t\t\t\" \n\t\t\t>\n\t\t\t\t\t\t<div class=\"ngg-gallery-thumbnail\">\n\t\t\t<a href=\"http:\/\/www.schattendesign.at\/wp-content\/gallery\/plissee-faltstore\/Plissee_bis-zu-einer-Breite-von-170cm-bis-H%C3%B6he-200cm-und-einer-H%C3%B6he-von-250cm-bis-Breite-128cm-lieferbar_LEHA.jpg\"\n\t\t\t\ttitle=\"Plissee_bis zu einer Breite von 170cm (bis H\u00f6he 200cm) und einer H\u00f6he von 250cm (bis Breite 128cm) lieferbar_LEHA\"\n\t\t\t\tdata-src=\"http:\/\/www.schattendesign.at\/wp-content\/gallery\/plissee-faltstore\/Plissee_bis-zu-einer-Breite-von-170cm-bis-H%C3%B6he-200cm-und-einer-H%C3%B6he-von-250cm-bis-Breite-128cm-lieferbar_LEHA.jpg\"\n\t\t\t\tdata-thumbnail=\"http:\/\/www.schattendesign.at\/wp-content\/gallery\/plissee-faltstore\/thumbs\/thumbs_Plissee_bis-zu-einer-Breite-von-170cm-bis-H%C3%B6he-200cm-und-einer-H%C3%B6he-von-250cm-bis-Breite-128cm-lieferbar_LEHA.jpg\"\n\t\t\t\tdata-image-id=\"13\"\n\t\t\t\tdata-title=\"Plissee_bis zu einer Breite von 170cm (bis H\u00f6he 200cm) und einer H\u00f6he von 250cm (bis Breite 128cm) lieferbar_LEHA\"\n\t\t\t\tdata-description=\"Plissee_bis zu einer Breite von 170cm (bis H\u00f6he 200cm) und einer H\u00f6he von 250cm (bis Breite 128cm) lieferbar_LEHA\"\n\t\t\t\tdata-image-slug=\"plissee_bis-zu-einer-breite-von-170cm-bis-h%c3%b6he-200cm-und-einer-h%c3%b6he-von-250cm-bis-breite-128cm-lieferbar_leha\"\n\t\t\t\tclass=\"ngg-simplelightbox\" rel=\"2826e02799c73e783f82fcf0c198125c\">\n\t\t\t\t<img\n\t\t\t\t\ttitle=\"Plissee_bis zu einer Breite von 170cm (bis H\u00f6he 200cm) und einer H\u00f6he von 250cm (bis Breite 128cm) lieferbar_LEHA\"\n\t\t\t\t\talt=\"Plissee_bis zu einer Breite von 170cm (bis H\u00f6he 200cm) und einer H\u00f6he von 250cm (bis Breite 128cm) lieferbar_LEHA\"\n\t\t\t\t\tsrc=\"http:\/\/www.schattendesign.at\/wp-content\/gallery\/plissee-faltstore\/thumbs\/thumbs_Plissee_bis-zu-einer-Breite-von-170cm-bis-H%C3%B6he-200cm-und-einer-H%C3%B6he-von-250cm-bis-Breite-128cm-lieferbar_LEHA.jpg\"\n\t\t\t\t\twidth=\"240\"\n\t\t\t\t\theight=\"160\"\n\t\t\t\t\tstyle=\"max-width:100%;\"\n\t\t\t\t\/>\n\t\t\t<\/a>\n\t\t<\/div>\n\t\t\t\t\t\t\t<\/div> \n\t\t\t\n\t\t\t\t<div id=\"ngg-image-4\" class=\"ngg-gallery-thumbnail-box \n\t\t\t\t\t\t\t\t\t\t\t\" \n\t\t\t>\n\t\t\t\t\t\t<div class=\"ngg-gallery-thumbnail\">\n\t\t\t<a href=\"http:\/\/www.schattendesign.at\/wp-content\/gallery\/plissee-faltstore\/Plissee_die-Ausf%C3%BChrung-VOU-l%C3%A4sst-sich-mittels-Bediengriff-von-oben-nach-unten-und-unten-nach-oben-bedienen_LEHA.jpg\"\n\t\t\t\ttitle=\"Plissee_die Ausf\u00fchrung VOU l\u00e4sst sich mittels Bediengriff von oben nach unten und unten nach oben bedienen_LEHA\"\n\t\t\t\tdata-src=\"http:\/\/www.schattendesign.at\/wp-content\/gallery\/plissee-faltstore\/Plissee_die-Ausf%C3%BChrung-VOU-l%C3%A4sst-sich-mittels-Bediengriff-von-oben-nach-unten-und-unten-nach-oben-bedienen_LEHA.jpg\"\n\t\t\t\tdata-thumbnail=\"http:\/\/www.schattendesign.at\/wp-content\/gallery\/plissee-faltstore\/thumbs\/thumbs_Plissee_die-Ausf%C3%BChrung-VOU-l%C3%A4sst-sich-mittels-Bediengriff-von-oben-nach-unten-und-unten-nach-oben-bedienen_LEHA.jpg\"\n\t\t\t\tdata-image-id=\"14\"\n\t\t\t\tdata-title=\"Plissee_die Ausf\u00fchrung VOU l\u00e4sst sich mittels Bediengriff von oben nach unten und unten nach oben bedienen_LEHA\"\n\t\t\t\tdata-description=\"Plissee_die Ausf\u00fchrung VOU l\u00e4sst sich mittels Bediengriff von oben nach unten und unten nach oben bedienen_LEHA\"\n\t\t\t\tdata-image-slug=\"plissee_die-ausf%c3%bchrung-vou-l%c3%a4sst-sich-mittels-bediengriff-von-oben-nach-unten-und-unten-nach-oben-bedienen_leha\"\n\t\t\t\tclass=\"ngg-simplelightbox\" rel=\"2826e02799c73e783f82fcf0c198125c\">\n\t\t\t\t<img\n\t\t\t\t\ttitle=\"Plissee_die Ausf\u00fchrung VOU l\u00e4sst sich mittels Bediengriff von oben nach unten und unten nach oben bedienen_LEHA\"\n\t\t\t\t\talt=\"Plissee_die Ausf\u00fchrung VOU l\u00e4sst sich mittels Bediengriff von oben nach unten und unten nach oben bedienen_LEHA\"\n\t\t\t\t\tsrc=\"http:\/\/www.schattendesign.at\/wp-content\/gallery\/plissee-faltstore\/thumbs\/thumbs_Plissee_die-Ausf%C3%BChrung-VOU-l%C3%A4sst-sich-mittels-Bediengriff-von-oben-nach-unten-und-unten-nach-oben-bedienen_LEHA.jpg\"\n\t\t\t\t\twidth=\"240\"\n\t\t\t\t\theight=\"160\"\n\t\t\t\t\tstyle=\"max-width:100%;\"\n\t\t\t\t\/>\n\t\t\t<\/a>\n\t\t<\/div>\n\t\t\t\t\t\t\t<\/div> \n\t\t\t\n\t\t\t\t<div id=\"ngg-image-5\" class=\"ngg-gallery-thumbnail-box \n\t\t\t\t\t\t\t\t\t\t\t\" \n\t\t\t>\n\t\t\t\t\t\t<div class=\"ngg-gallery-thumbnail\">\n\t\t\t<a href=\"http:\/\/www.schattendesign.at\/wp-content\/gallery\/plissee-faltstore\/Plissee_florales-Design-f%C3%BCr-Ihr-Zuhause_LEHA.jpg\"\n\t\t\t\ttitle=\"Plissee_florales Design f\u00fcr Ihr Zuhause_LEHA\"\n\t\t\t\tdata-src=\"http:\/\/www.schattendesign.at\/wp-content\/gallery\/plissee-faltstore\/Plissee_florales-Design-f%C3%BCr-Ihr-Zuhause_LEHA.jpg\"\n\t\t\t\tdata-thumbnail=\"http:\/\/www.schattendesign.at\/wp-content\/gallery\/plissee-faltstore\/thumbs\/thumbs_Plissee_florales-Design-f%C3%BCr-Ihr-Zuhause_LEHA.jpg\"\n\t\t\t\tdata-image-id=\"15\"\n\t\t\t\tdata-title=\"Plissee_florales Design f\u00fcr Ihr Zuhause_LEHA\"\n\t\t\t\tdata-description=\"Plissee_florales Design f\u00fcr Ihr Zuhause_LEHA\"\n\t\t\t\tdata-image-slug=\"plissee_florales-design-f%c3%bcr-ihr-zuhause_leha\"\n\t\t\t\tclass=\"ngg-simplelightbox\" rel=\"2826e02799c73e783f82fcf0c198125c\">\n\t\t\t\t<img\n\t\t\t\t\ttitle=\"Plissee_florales Design f\u00fcr Ihr Zuhause_LEHA\"\n\t\t\t\t\talt=\"Plissee_florales Design f\u00fcr Ihr Zuhause_LEHA\"\n\t\t\t\t\tsrc=\"http:\/\/www.schattendesign.at\/wp-content\/gallery\/plissee-faltstore\/thumbs\/thumbs_Plissee_florales-Design-f%C3%BCr-Ihr-Zuhause_LEHA.jpg\"\n\t\t\t\t\twidth=\"240\"\n\t\t\t\t\theight=\"160\"\n\t\t\t\t\tstyle=\"max-width:100%;\"\n\t\t\t\t\/>\n\t\t\t<\/a>\n\t\t<\/div>\n\t\t\t\t\t\t\t<\/div> \n\t\t\t\n\t\t\t\t<div id=\"ngg-image-6\" class=\"ngg-gallery-thumbnail-box \n\t\t\t\t\t\t\t\t\t\t\t\" \n\t\t\t>\n\t\t\t\t\t\t<div class=\"ngg-gallery-thumbnail\">\n\t\t\t<a href=\"http:\/\/www.schattendesign.at\/wp-content\/gallery\/plissee-faltstore\/Plissee_f%C3%BCr-jede-wohnliche-Situation-das-richtige-Design_LEHA.jpg\"\n\t\t\t\ttitle=\"Plissee_f\u00fcr jede wohnliche Situation das richtige Design_LEHA\"\n\t\t\t\tdata-src=\"http:\/\/www.schattendesign.at\/wp-content\/gallery\/plissee-faltstore\/Plissee_f%C3%BCr-jede-wohnliche-Situation-das-richtige-Design_LEHA.jpg\"\n\t\t\t\tdata-thumbnail=\"http:\/\/www.schattendesign.at\/wp-content\/gallery\/plissee-faltstore\/thumbs\/thumbs_Plissee_f%C3%BCr-jede-wohnliche-Situation-das-richtige-Design_LEHA.jpg\"\n\t\t\t\tdata-image-id=\"16\"\n\t\t\t\tdata-title=\"Plissee_f\u00fcr jede wohnliche Situation das richtige Design_LEHA\"\n\t\t\t\tdata-description=\"Plissee_f\u00fcr jede wohnliche Situation das richtige Design_LEHA\"\n\t\t\t\tdata-image-slug=\"plissee_f%c3%bcr-jede-wohnliche-situation-das-richtige-design_leha\"\n\t\t\t\tclass=\"ngg-simplelightbox\" rel=\"2826e02799c73e783f82fcf0c198125c\">\n\t\t\t\t<img\n\t\t\t\t\ttitle=\"Plissee_f\u00fcr jede wohnliche Situation das richtige Design_LEHA\"\n\t\t\t\t\talt=\"Plissee_f\u00fcr jede wohnliche Situation das richtige Design_LEHA\"\n\t\t\t\t\tsrc=\"http:\/\/www.schattendesign.at\/wp-content\/gallery\/plissee-faltstore\/thumbs\/thumbs_Plissee_f%C3%BCr-jede-wohnliche-Situation-das-richtige-Design_LEHA.jpg\"\n\t\t\t\t\twidth=\"240\"\n\t\t\t\t\theight=\"160\"\n\t\t\t\t\tstyle=\"max-width:100%;\"\n\t\t\t\t\/>\n\t\t\t<\/a>\n\t\t<\/div>\n\t\t\t\t\t\t\t<\/div> \n\t\t\t\n\t\t\t\t<div id=\"ngg-image-7\" class=\"ngg-gallery-thumbnail-box \n\t\t\t\t\t\t\t\t\t\t\t\" \n\t\t\t>\n\t\t\t\t\t\t<div class=\"ngg-gallery-thumbnail\">\n\t\t\t<a href=\"http:\/\/www.schattendesign.at\/wp-content\/gallery\/plissee-faltstore\/Plissee_identische-Farbverl%C3%A4ufe-auf-mehreren-nebeneinander-liegenden-Glasfl%C3%A4chen_LEHA.jpg\"\n\t\t\t\ttitle=\"Plissee_identische Farbverl\u00e4ufe auf mehreren nebeneinander liegenden Glasfl\u00e4chen_LEHA\"\n\t\t\t\tdata-src=\"http:\/\/www.schattendesign.at\/wp-content\/gallery\/plissee-faltstore\/Plissee_identische-Farbverl%C3%A4ufe-auf-mehreren-nebeneinander-liegenden-Glasfl%C3%A4chen_LEHA.jpg\"\n\t\t\t\tdata-thumbnail=\"http:\/\/www.schattendesign.at\/wp-content\/gallery\/plissee-faltstore\/thumbs\/thumbs_Plissee_identische-Farbverl%C3%A4ufe-auf-mehreren-nebeneinander-liegenden-Glasfl%C3%A4chen_LEHA.jpg\"\n\t\t\t\tdata-image-id=\"17\"\n\t\t\t\tdata-title=\"Plissee_identische Farbverl\u00e4ufe auf mehreren nebeneinander liegenden Glasfl\u00e4chen_LEHA\"\n\t\t\t\tdata-description=\"Plissee_identische Farbverl\u00e4ufe auf mehreren nebeneinander liegenden Glasfl\u00e4chen_LEHA\"\n\t\t\t\tdata-image-slug=\"plissee_identische-farbverl%c3%a4ufe-auf-mehreren-nebeneinander-liegenden-glasfl%c3%a4chen_leha\"\n\t\t\t\tclass=\"ngg-simplelightbox\" rel=\"2826e02799c73e783f82fcf0c198125c\">\n\t\t\t\t<img\n\t\t\t\t\ttitle=\"Plissee_identische Farbverl\u00e4ufe auf mehreren nebeneinander liegenden Glasfl\u00e4chen_LEHA\"\n\t\t\t\t\talt=\"Plissee_identische Farbverl\u00e4ufe auf mehreren nebeneinander liegenden Glasfl\u00e4chen_LEHA\"\n\t\t\t\t\tsrc=\"http:\/\/www.schattendesign.at\/wp-content\/gallery\/plissee-faltstore\/thumbs\/thumbs_Plissee_identische-Farbverl%C3%A4ufe-auf-mehreren-nebeneinander-liegenden-Glasfl%C3%A4chen_LEHA.jpg\"\n\t\t\t\t\twidth=\"240\"\n\t\t\t\t\theight=\"160\"\n\t\t\t\t\tstyle=\"max-width:100%;\"\n\t\t\t\t\/>\n\t\t\t<\/a>\n\t\t<\/div>\n\t\t\t\t\t\t\t<\/div> \n\t\t\t\n\t\t\t\t<div id=\"ngg-image-8\" class=\"ngg-gallery-thumbnail-box \n\t\t\t\t\t\t\t\t\t\t\t\" \n\t\t\t>\n\t\t\t\t\t\t<div class=\"ngg-gallery-thumbnail\">\n\t\t\t<a href=\"http:\/\/www.schattendesign.at\/wp-content\/gallery\/plissee-faltstore\/Plissee_identische-Farbverl%C3%A4ufe-trotz-unterschiedlicher-Farben-je-Glasfl%C3%A4che_LEHA.jpg\"\n\t\t\t\ttitle=\"Plissee_identische Farbverl\u00e4ufe trotz unterschiedlicher Farben je Glasfl\u00e4che_LEHA\"\n\t\t\t\tdata-src=\"http:\/\/www.schattendesign.at\/wp-content\/gallery\/plissee-faltstore\/Plissee_identische-Farbverl%C3%A4ufe-trotz-unterschiedlicher-Farben-je-Glasfl%C3%A4che_LEHA.jpg\"\n\t\t\t\tdata-thumbnail=\"http:\/\/www.schattendesign.at\/wp-content\/gallery\/plissee-faltstore\/thumbs\/thumbs_Plissee_identische-Farbverl%C3%A4ufe-trotz-unterschiedlicher-Farben-je-Glasfl%C3%A4che_LEHA.jpg\"\n\t\t\t\tdata-image-id=\"18\"\n\t\t\t\tdata-title=\"Plissee_identische Farbverl\u00e4ufe trotz unterschiedlicher Farben je Glasfl\u00e4che_LEHA\"\n\t\t\t\tdata-description=\"Plissee_identische Farbverl\u00e4ufe trotz unterschiedlicher Farben je Glasfl\u00e4che_LEHA\"\n\t\t\t\tdata-image-slug=\"plissee_identische-farbverl%c3%a4ufe-trotz-unterschiedlicher-farben-je-glasfl%c3%a4che_leha\"\n\t\t\t\tclass=\"ngg-simplelightbox\" rel=\"2826e02799c73e783f82fcf0c198125c\">\n\t\t\t\t<img\n\t\t\t\t\ttitle=\"Plissee_identische Farbverl\u00e4ufe trotz unterschiedlicher Farben je Glasfl\u00e4che_LEHA\"\n\t\t\t\t\talt=\"Plissee_identische Farbverl\u00e4ufe trotz unterschiedlicher Farben je Glasfl\u00e4che_LEHA\"\n\t\t\t\t\tsrc=\"http:\/\/www.schattendesign.at\/wp-content\/gallery\/plissee-faltstore\/thumbs\/thumbs_Plissee_identische-Farbverl%C3%A4ufe-trotz-unterschiedlicher-Farben-je-Glasfl%C3%A4che_LEHA.jpg\"\n\t\t\t\t\twidth=\"240\"\n\t\t\t\t\theight=\"160\"\n\t\t\t\t\tstyle=\"max-width:100%;\"\n\t\t\t\t\/>\n\t\t\t<\/a>\n\t\t<\/div>\n\t\t\t\t\t\t\t<\/div> \n\t\t\t\n\t\t\t\t<div id=\"ngg-image-9\" class=\"ngg-gallery-thumbnail-box \n\t\t\t\t\t\t\t\t\t\t\t\" \n\t\t\t>\n\t\t\t\t\t\t<div class=\"ngg-gallery-thumbnail\">\n\t\t\t<a href=\"http:\/\/www.schattendesign.at\/wp-content\/gallery\/plissee-faltstore\/Plissee_Kirschbl%C3%BCten-gibt-es-nicht-nur-in-Japan_LEHA.jpg\"\n\t\t\t\ttitle=\"Plissee_Kirschbl\u00fcten gibt es nicht nur in Japan_LEHA\"\n\t\t\t\tdata-src=\"http:\/\/www.schattendesign.at\/wp-content\/gallery\/plissee-faltstore\/Plissee_Kirschbl%C3%BCten-gibt-es-nicht-nur-in-Japan_LEHA.jpg\"\n\t\t\t\tdata-thumbnail=\"http:\/\/www.schattendesign.at\/wp-content\/gallery\/plissee-faltstore\/thumbs\/thumbs_Plissee_Kirschbl%C3%BCten-gibt-es-nicht-nur-in-Japan_LEHA.jpg\"\n\t\t\t\tdata-image-id=\"19\"\n\t\t\t\tdata-title=\"Plissee_Kirschbl\u00fcten gibt es nicht nur in Japan_LEHA\"\n\t\t\t\tdata-description=\"Plissee_Kirschbl\u00fcten gibt es nicht nur in Japan_LEHA\"\n\t\t\t\tdata-image-slug=\"plissee_kirschbl%c3%bcten-gibt-es-nicht-nur-in-japan_leha\"\n\t\t\t\tclass=\"ngg-simplelightbox\" rel=\"2826e02799c73e783f82fcf0c198125c\">\n\t\t\t\t<img\n\t\t\t\t\ttitle=\"Plissee_Kirschbl\u00fcten gibt es nicht nur in Japan_LEHA\"\n\t\t\t\t\talt=\"Plissee_Kirschbl\u00fcten gibt es nicht nur in Japan_LEHA\"\n\t\t\t\t\tsrc=\"http:\/\/www.schattendesign.at\/wp-content\/gallery\/plissee-faltstore\/thumbs\/thumbs_Plissee_Kirschbl%C3%BCten-gibt-es-nicht-nur-in-Japan_LEHA.jpg\"\n\t\t\t\t\twidth=\"240\"\n\t\t\t\t\theight=\"160\"\n\t\t\t\t\tstyle=\"max-width:100%;\"\n\t\t\t\t\/>\n\t\t\t<\/a>\n\t\t<\/div>\n\t\t\t\t\t\t\t<\/div> \n\t\t\t\n\t\t\t\t<div id=\"ngg-image-10\" class=\"ngg-gallery-thumbnail-box \n\t\t\t\t\t\t\t\t\t\t\t\" \n\t\t\t>\n\t\t\t\t\t\t<div class=\"ngg-gallery-thumbnail\">\n\t\t\t<a href=\"http:\/\/www.schattendesign.at\/wp-content\/gallery\/plissee-faltstore\/Plissee_Kirschbl%C3%BCtendesign-f%C3%BCr-ein-asiatisches-Flair_LEHA.jpg\"\n\t\t\t\ttitle=\"Plissee_Kirschbl\u00fctendesign f\u00fcr ein asiatisches Flair_LEHA\"\n\t\t\t\tdata-src=\"http:\/\/www.schattendesign.at\/wp-content\/gallery\/plissee-faltstore\/Plissee_Kirschbl%C3%BCtendesign-f%C3%BCr-ein-asiatisches-Flair_LEHA.jpg\"\n\t\t\t\tdata-thumbnail=\"http:\/\/www.schattendesign.at\/wp-content\/gallery\/plissee-faltstore\/thumbs\/thumbs_Plissee_Kirschbl%C3%BCtendesign-f%C3%BCr-ein-asiatisches-Flair_LEHA.jpg\"\n\t\t\t\tdata-image-id=\"20\"\n\t\t\t\tdata-title=\"Plissee_Kirschbl\u00fctendesign f\u00fcr ein asiatisches Flair_LEHA\"\n\t\t\t\tdata-description=\"Plissee_Kirschbl\u00fctendesign f\u00fcr ein asiatisches Flair_LEHA\"\n\t\t\t\tdata-image-slug=\"plissee_kirschbl%c3%bctendesign-f%c3%bcr-ein-asiatisches-flair_leha\"\n\t\t\t\tclass=\"ngg-simplelightbox\" rel=\"2826e02799c73e783f82fcf0c198125c\">\n\t\t\t\t<img\n\t\t\t\t\ttitle=\"Plissee_Kirschbl\u00fctendesign f\u00fcr ein asiatisches Flair_LEHA\"\n\t\t\t\t\talt=\"Plissee_Kirschbl\u00fctendesign f\u00fcr ein asiatisches Flair_LEHA\"\n\t\t\t\t\tsrc=\"http:\/\/www.schattendesign.at\/wp-content\/gallery\/plissee-faltstore\/thumbs\/thumbs_Plissee_Kirschbl%C3%BCtendesign-f%C3%BCr-ein-asiatisches-Flair_LEHA.jpg\"\n\t\t\t\t\twidth=\"240\"\n\t\t\t\t\theight=\"160\"\n\t\t\t\t\tstyle=\"max-width:100%;\"\n\t\t\t\t\/>\n\t\t\t<\/a>\n\t\t<\/div>\n\t\t\t\t\t\t\t<\/div> \n\t\t\t\n\t\t\t\t<div id=\"ngg-image-11\" class=\"ngg-gallery-thumbnail-box \n\t\t\t\t\t\t\t\t\t\t\t\" \n\t\t\t>\n\t\t\t\t\t\t<div class=\"ngg-gallery-thumbnail\">\n\t\t\t<a href=\"http:\/\/www.schattendesign.at\/wp-content\/gallery\/plissee-faltstore\/Plissee_Winterg%C3%A4rten-k%C3%B6nnen-so-stilsicher-vor-fremden-Einblicken-gesch%C3%BCtzt-werden_LEHA.jpg\"\n\t\t\t\ttitle=\"Plissee_Winterg\u00e4rten k\u00f6nnen so stilsicher vor fremden Einblicken gesch\u00fctzt werden_LEHA\"\n\t\t\t\tdata-src=\"http:\/\/www.schattendesign.at\/wp-content\/gallery\/plissee-faltstore\/Plissee_Winterg%C3%A4rten-k%C3%B6nnen-so-stilsicher-vor-fremden-Einblicken-gesch%C3%BCtzt-werden_LEHA.jpg\"\n\t\t\t\tdata-thumbnail=\"http:\/\/www.schattendesign.at\/wp-content\/gallery\/plissee-faltstore\/thumbs\/thumbs_Plissee_Winterg%C3%A4rten-k%C3%B6nnen-so-stilsicher-vor-fremden-Einblicken-gesch%C3%BCtzt-werden_LEHA.jpg\"\n\t\t\t\tdata-image-id=\"21\"\n\t\t\t\tdata-title=\"Plissee_Winterg\u00e4rten k\u00f6nnen so stilsicher vor fremden Einblicken gesch\u00fctzt werden_LEHA\"\n\t\t\t\tdata-description=\"Plissee_Winterg\u00e4rten k\u00f6nnen so stilsicher vor fremden Einblicken gesch\u00fctzt werden_LEHA\"\n\t\t\t\tdata-image-slug=\"plissee_winterg%c3%a4rten-k%c3%b6nnen-so-stilsicher-vor-fremden-einblicken-gesch%c3%bctzt-werden_leha\"\n\t\t\t\tclass=\"ngg-simplelightbox\" rel=\"2826e02799c73e783f82fcf0c198125c\">\n\t\t\t\t<img\n\t\t\t\t\ttitle=\"Plissee_Winterg\u00e4rten k\u00f6nnen so stilsicher vor fremden Einblicken gesch\u00fctzt werden_LEHA\"\n\t\t\t\t\talt=\"Plissee_Winterg\u00e4rten k\u00f6nnen so stilsicher vor fremden Einblicken gesch\u00fctzt werden_LEHA\"\n\t\t\t\t\tsrc=\"http:\/\/www.schattendesign.at\/wp-content\/gallery\/plissee-faltstore\/thumbs\/thumbs_Plissee_Winterg%C3%A4rten-k%C3%B6nnen-so-stilsicher-vor-fremden-Einblicken-gesch%C3%BCtzt-werden_LEHA.jpg\"\n\t\t\t\t\twidth=\"240\"\n\t\t\t\t\theight=\"160\"\n\t\t\t\t\tstyle=\"max-width:100%;\"\n\t\t\t\t\/>\n\t\t\t<\/a>\n\t\t<\/div>\n\t\t\t\t\t\t\t<\/div> \n\t\t\t\n\t\n\t<br style=\"clear: both\" \/>\n\n\t\n\t\t<!-- Pagination -->\n\t\t<div class='ngg-clear'><\/div>\t<\/div>\n\n","protected":false},"excerpt":{"rendered":"<p>Plissierte Stoffe millimetergenau in Form gebracht spenden Schatten, sch\u00fctzen Sie vor ungewollten Einblicken und sind wahre Schmuckst\u00fccke an Ihren Fenstern.<\/p>\n","protected":false},"author":1,"featured_media":0,"parent":0,"menu_order":0,"comment_status":"closed","ping_status":"closed","template":"","meta":{"ngg_post_thumbnail":0,"footnotes":""},"_links":{"self":[{"href":"http:\/\/www.schattendesign.at\/index.php?rest_route=\/wp\/v2\/pages\/122"}],"collection":[{"href":"http:\/\/www.schattendesign.at\/index.php?rest_route=\/wp\/v2\/pages"}],"about":[{"href":"http:\/\/www.schattendesign.at\/index.php?rest_route=\/wp\/v2\/types\/page"}],"author":[{"embeddable":true,"href":"http:\/\/www.schattendesign.at\/index.php?rest_route=\/wp\/v2\/users\/1"}],"replies":[{"embeddable":true,"href":"http:\/\/www.schattendesign.at\/index.php?rest_route=%2Fwp%2Fv2%2Fcomments&post=122"}],"version-history":[{"count":4,"href":"http:\/\/www.schattendesign.at\/index.php?rest_route=\/wp\/v2\/pages\/122\/revisions"}],"predecessor-version":[{"id":625,"href":"http:\/\/www.schattendesign.at\/index.php?rest_route=\/wp\/v2\/pages\/122\/revisions\/625"}],"wp:attachment":[{"href":"http:\/\/www.schattendesign.at\/index.php?rest_route=%2Fwp%2Fv2%2Fmedia&parent=122"}],"curies":[{"name":"wp","href":"https:\/\/api.w.org\/{rel}","templated":true}]}}