{"id":10,"date":"2020-02-26T18:58:43","date_gmt":"2020-02-26T17:58:43","guid":{"rendered":"http:\/\/www.schattendesign.at\/wordpress\/?page_id=10"},"modified":"2023-01-13T10:19:46","modified_gmt":"2023-01-13T09:19:46","slug":"kontakt","status":"publish","type":"page","link":"http:\/\/www.schattendesign.at\/?page_id=10","title":{"rendered":"Kontakt"},"content":{"rendered":"<p style=\"text-align: justify;\">Genie\u00dfen Sie die Zeit auf unserer Homepage und kontaktieren Sie uns telefonisch, per Email oder \u00fcber unser <a href=\"http:\/\/www.schattendesign.at\/?page_id=164\"><strong>Kontaktformular<\/strong><\/a>. Sie erhalten ehestm\u00f6glich eine entsprechende R\u00fcckmeldung.<\/p>\n<p>Fa. Schattendesign GmbH<br \/>\nForster Strasse 33<br \/>\n8142 Wundschuh<\/p>\n<p>Tel.: 0677\/ 637 166 80<br \/>\n<a href=\"mailto:office@schattendesign.at\">office@schattendesign.at<\/a><\/p>\n<p><strong>\u00d6ffnungszeiten:<\/strong><br \/>\nMontag bis Donnerstag: 08:00 bis 17:00 Uhr<\/p>\n<p><img loading=\"lazy\" decoding=\"async\" class=\"alignnone wp-image-800\" src=\"http:\/\/www.schattendesign.at\/wp-content\/uploads\/2021\/07\/QR-Code-Kontakt-300x300.png\" alt=\"\" width=\"89\" height=\"89\" srcset=\"http:\/\/www.schattendesign.at\/wp-content\/uploads\/2021\/07\/QR-Code-Kontakt-300x300.png 300w, http:\/\/www.schattendesign.at\/wp-content\/uploads\/2021\/07\/QR-Code-Kontakt-1024x1024.png 1024w, http:\/\/www.schattendesign.at\/wp-content\/uploads\/2021\/07\/QR-Code-Kontakt-150x150.png 150w, http:\/\/www.schattendesign.at\/wp-content\/uploads\/2021\/07\/QR-Code-Kontakt-768x768.png 768w, http:\/\/www.schattendesign.at\/wp-content\/uploads\/2021\/07\/QR-Code-Kontakt-100x100.png 100w, http:\/\/www.schattendesign.at\/wp-content\/uploads\/2021\/07\/QR-Code-Kontakt.png 1160w\" sizes=\"(max-width: 89px) 100vw, 89px\" \/><\/p>\n<p><a href=\"http:\/\/www.schattendesign.at\/?page_id=164\">hier zum Kontaktformular<\/a><\/p>\n<p>&nbsp;<\/p>\n","protected":false},"excerpt":{"rendered":"<p>Genie\u00dfen Sie die Zeit auf unserer Homepage und kontaktieren Sie uns telefonisch, per Email oder \u00fcber unser Kontaktformular. Sie erhalten ehestm\u00f6glich eine entsprechende R\u00fcckmeldung. Fa. Schattendesign GmbH Forster Strasse 33 8142 Wundschuh Tel.: 0677\/ 637 166 80 office@schattendesign.at \u00d6ffnungszeiten: Montag bis Donnerstag: 08:00 bis 17:00 Uhr hier zum Kontaktformular &nbsp;<\/p>\n","protected":false},"author":1,"featured_media":0,"parent":0,"menu_order":0,"comment_status":"closed","ping_status":"closed","template":"","meta":{"ngg_post_thumbnail":0,"footnotes":""},"_links":{"self":[{"href":"http:\/\/www.schattendesign.at\/index.php?rest_route=\/wp\/v2\/pages\/10"}],"collection":[{"href":"http:\/\/www.schattendesign.at\/index.php?rest_route=\/wp\/v2\/pages"}],"about":[{"href":"http:\/\/www.schattendesign.at\/index.php?rest_route=\/wp\/v2\/types\/page"}],"author":[{"embeddable":true,"href":"http:\/\/www.schattendesign.at\/index.php?rest_route=\/wp\/v2\/users\/1"}],"replies":[{"embeddable":true,"href":"http:\/\/www.schattendesign.at\/index.php?rest_route=%2Fwp%2Fv2%2Fcomments&post=10"}],"version-history":[{"count":18,"href":"http:\/\/www.schattendesign.at\/index.php?rest_route=\/wp\/v2\/pages\/10\/revisions"}],"predecessor-version":[{"id":834,"href":"http:\/\/www.schattendesign.at\/index.php?rest_route=\/wp\/v2\/pages\/10\/revisions\/834"}],"wp:attachment":[{"href":"http:\/\/www.schattendesign.at\/index.php?rest_route=%2Fwp%2Fv2%2Fmedia&parent=10"}],"curies":[{"name":"wp","href":"https:\/\/api.w.org\/{rel}","templated":true}]}}